{"id":1878,"date":"2017-10-10T09:45:37","date_gmt":"2017-10-10T07:45:37","guid":{"rendered":"https:\/\/webs.uab.cat\/gepe\/estudiants-de-doctorat\/"},"modified":"2024-03-08T11:51:50","modified_gmt":"2024-03-08T09:51:50","slug":"estudiants-de-doctorat","status":"publish","type":"page","link":"https:\/\/webs.uab.cat\/gepe\/estudiants-de-doctorat\/","title":{"rendered":"Estudiants de doctorat"},"content":{"rendered":"\n<figure class=\"wp-block-table\"><table><tbody><tr><td><\/td><td class=\"has-text-align-left\" data-align=\"left\"><strong>Estudiants<\/strong><\/td><\/tr><tr><td><img loading=\"lazy\" decoding=\"async\" width=\"2048\" height=\"1831\" class=\"wp-image-2507\" style=\"width: 150px\" src=\"https:\/\/webs.uab.cat\/gepe\/wp-content\/uploads\/sites\/239\/2024\/03\/FotoVictorMerino2.jpeg\" alt=\"\" srcset=\"https:\/\/webs.uab.cat\/gepe\/wp-content\/uploads\/sites\/239\/2024\/03\/FotoVictorMerino2.jpeg 2048w, https:\/\/webs.uab.cat\/gepe\/wp-content\/uploads\/sites\/239\/2024\/03\/FotoVictorMerino2-300x268.jpeg 300w, https:\/\/webs.uab.cat\/gepe\/wp-content\/uploads\/sites\/239\/2024\/03\/FotoVictorMerino2-1024x916.jpeg 1024w, https:\/\/webs.uab.cat\/gepe\/wp-content\/uploads\/sites\/239\/2024\/03\/FotoVictorMerino2-768x687.jpeg 768w, https:\/\/webs.uab.cat\/gepe\/wp-content\/uploads\/sites\/239\/2024\/03\/FotoVictorMerino2-1536x1373.jpeg 1536w, https:\/\/webs.uab.cat\/gepe\/wp-content\/uploads\/sites\/239\/2024\/03\/FotoVictorMerino2-1200x1073.jpeg 1200w, https:\/\/webs.uab.cat\/gepe\/wp-content\/uploads\/sites\/239\/2024\/03\/FotoVictorMerino2-1980x1770.jpeg 1980w\" sizes=\"auto, (max-width: 2048px) 100vw, 2048px\" \/><\/td><td class=\"has-text-align-left\" data-align=\"left\"><strong>V\u00edctor Merino<\/strong><br>Entornos saludables a lo largo de la carrera deportiva del colectivo LGTBIQ+\u00a0<\/td><\/tr><tr><td><img loading=\"lazy\" decoding=\"async\" width=\"199\" height=\"200\" class=\"wp-image-2495\" style=\"width: 150px\" src=\"https:\/\/webs.uab.cat\/gepe\/wp-content\/uploads\/sites\/239\/2023\/11\/laia.jpeg\" alt=\"\" srcset=\"https:\/\/webs.uab.cat\/gepe\/wp-content\/uploads\/sites\/239\/2023\/11\/laia.jpeg 199w, https:\/\/webs.uab.cat\/gepe\/wp-content\/uploads\/sites\/239\/2023\/11\/laia-150x150.jpeg 150w\" sizes=\"auto, (max-width: 199px) 100vw, 199px\" \/><\/td><td class=\"has-text-align-left\" data-align=\"left\"><strong>Laia Bertran<\/strong><br>L&#8217;acompanyament de carrera en esports art\u00edstics: fam\u00edlies i entrenadors\/es<\/td><\/tr><tr><td><img loading=\"lazy\" decoding=\"async\" width=\"512\" height=\"512\" class=\"wp-image-2464\" style=\"width: 150px\" src=\"https:\/\/webs.uab.cat\/gepe\/wp-content\/uploads\/sites\/239\/2023\/03\/Jahel-Molina.jpg\" alt=\"\" srcset=\"https:\/\/webs.uab.cat\/gepe\/wp-content\/uploads\/sites\/239\/2023\/03\/Jahel-Molina.jpg 512w, https:\/\/webs.uab.cat\/gepe\/wp-content\/uploads\/sites\/239\/2023\/03\/Jahel-Molina-300x300.jpg 300w, https:\/\/webs.uab.cat\/gepe\/wp-content\/uploads\/sites\/239\/2023\/03\/Jahel-Molina-150x150.jpg 150w\" sizes=\"auto, (max-width: 512px) 100vw, 512px\" \/><\/td><td class=\"has-text-align-left\" data-align=\"left\"><strong>Jahel Molina<\/strong><br><\/td><\/tr><tr><td><img loading=\"lazy\" decoding=\"async\" width=\"1440\" height=\"960\" class=\"wp-image-2295\" style=\"width: 150px\" src=\"https:\/\/webs.uab.cat\/gepe\/wp-content\/uploads\/sites\/239\/2023\/03\/250522CAR-40.jpg\" alt=\"\" srcset=\"https:\/\/webs.uab.cat\/gepe\/wp-content\/uploads\/sites\/239\/2023\/03\/250522CAR-40.jpg 1440w, https:\/\/webs.uab.cat\/gepe\/wp-content\/uploads\/sites\/239\/2023\/03\/250522CAR-40-300x200.jpg 300w, https:\/\/webs.uab.cat\/gepe\/wp-content\/uploads\/sites\/239\/2023\/03\/250522CAR-40-1024x683.jpg 1024w, https:\/\/webs.uab.cat\/gepe\/wp-content\/uploads\/sites\/239\/2023\/03\/250522CAR-40-768x512.jpg 768w, https:\/\/webs.uab.cat\/gepe\/wp-content\/uploads\/sites\/239\/2023\/03\/250522CAR-40-1200x800.jpg 1200w\" sizes=\"auto, (max-width: 1440px) 100vw, 1440px\" \/><\/td><td class=\"has-text-align-left\" data-align=\"left\"><strong>Jos\u00e9 T. Mej\u00edas<\/strong><br>La realidad de los entornos de desarrollo de carrera dual para los deportistas con discapacidad en Espa\u00f1a<\/td><\/tr><tr><td><img loading=\"lazy\" decoding=\"async\" width=\"663\" height=\"663\" class=\"wp-image-2467\" style=\"width: 150px\" src=\"https:\/\/webs.uab.cat\/gepe\/wp-content\/uploads\/sites\/239\/2023\/03\/1673908820501.jpeg\" alt=\"\" srcset=\"https:\/\/webs.uab.cat\/gepe\/wp-content\/uploads\/sites\/239\/2023\/03\/1673908820501.jpeg 663w, https:\/\/webs.uab.cat\/gepe\/wp-content\/uploads\/sites\/239\/2023\/03\/1673908820501-300x300.jpeg 300w, https:\/\/webs.uab.cat\/gepe\/wp-content\/uploads\/sites\/239\/2023\/03\/1673908820501-150x150.jpeg 150w\" sizes=\"auto, (max-width: 663px) 100vw, 663px\" \/><\/td><td class=\"has-text-align-left\" data-align=\"left\"><strong>Mar\u00eda Cos\u00edn<\/strong><br>El papel de los entrenadores como facilitadores de una Carrera Dual Saludable en f\u00fatbol en la transici\u00f3n de Junior a Senior<\/td><\/tr><tr><td><img loading=\"lazy\" decoding=\"async\" width=\"1440\" height=\"960\" class=\"wp-image-2262\" style=\"width: 150px\" src=\"https:\/\/webs.uab.cat\/gepe\/wp-content\/uploads\/sites\/239\/2023\/03\/250522CAR-20.jpg\" alt=\"\" srcset=\"https:\/\/webs.uab.cat\/gepe\/wp-content\/uploads\/sites\/239\/2023\/03\/250522CAR-20.jpg 1440w, https:\/\/webs.uab.cat\/gepe\/wp-content\/uploads\/sites\/239\/2023\/03\/250522CAR-20-300x200.jpg 300w, https:\/\/webs.uab.cat\/gepe\/wp-content\/uploads\/sites\/239\/2023\/03\/250522CAR-20-1024x683.jpg 1024w, https:\/\/webs.uab.cat\/gepe\/wp-content\/uploads\/sites\/239\/2023\/03\/250522CAR-20-768x512.jpg 768w, https:\/\/webs.uab.cat\/gepe\/wp-content\/uploads\/sites\/239\/2023\/03\/250522CAR-20-1200x800.jpg 1200w\" sizes=\"auto, (max-width: 1440px) 100vw, 1440px\" \/><\/td><td class=\"has-text-align-left\" data-align=\"left\"><strong>Roc\u00edo Zamora<\/strong><\/td><\/tr><tr><td><img loading=\"lazy\" decoding=\"async\" width=\"1440\" height=\"960\" class=\"wp-image-2298\" style=\"width: 150px\" src=\"https:\/\/webs.uab.cat\/gepe\/wp-content\/uploads\/sites\/239\/2023\/03\/250522CAR-16.jpg\" alt=\"\" srcset=\"https:\/\/webs.uab.cat\/gepe\/wp-content\/uploads\/sites\/239\/2023\/03\/250522CAR-16.jpg 1440w, https:\/\/webs.uab.cat\/gepe\/wp-content\/uploads\/sites\/239\/2023\/03\/250522CAR-16-300x200.jpg 300w, https:\/\/webs.uab.cat\/gepe\/wp-content\/uploads\/sites\/239\/2023\/03\/250522CAR-16-1024x683.jpg 1024w, https:\/\/webs.uab.cat\/gepe\/wp-content\/uploads\/sites\/239\/2023\/03\/250522CAR-16-768x512.jpg 768w, https:\/\/webs.uab.cat\/gepe\/wp-content\/uploads\/sites\/239\/2023\/03\/250522CAR-16-1200x800.jpg 1200w\" sizes=\"auto, (max-width: 1440px) 100vw, 1440px\" \/><\/td><td class=\"has-text-align-left\" data-align=\"left\"><strong>Marina Garcia<\/strong><br>La Carrera Dual en l&#8217;Esport Femen\u00ed. Una perspectiva Feminista<\/td><\/tr><tr><td><img loading=\"lazy\" decoding=\"async\" width=\"1440\" height=\"960\" class=\"wp-image-2304\" style=\"width: 150px\" src=\"https:\/\/webs.uab.cat\/gepe\/wp-content\/uploads\/sites\/239\/2023\/03\/250522CAR-32.jpg\" alt=\"\" srcset=\"https:\/\/webs.uab.cat\/gepe\/wp-content\/uploads\/sites\/239\/2023\/03\/250522CAR-32.jpg 1440w, https:\/\/webs.uab.cat\/gepe\/wp-content\/uploads\/sites\/239\/2023\/03\/250522CAR-32-300x200.jpg 300w, https:\/\/webs.uab.cat\/gepe\/wp-content\/uploads\/sites\/239\/2023\/03\/250522CAR-32-1024x683.jpg 1024w, https:\/\/webs.uab.cat\/gepe\/wp-content\/uploads\/sites\/239\/2023\/03\/250522CAR-32-768x512.jpg 768w, https:\/\/webs.uab.cat\/gepe\/wp-content\/uploads\/sites\/239\/2023\/03\/250522CAR-32-1200x800.jpg 1200w\" sizes=\"auto, (max-width: 1440px) 100vw, 1440px\" \/><\/td><td class=\"has-text-align-left\" data-align=\"left\"><strong>Maximiliano Devoto<\/strong><\/td><\/tr><tr><td><img loading=\"lazy\" decoding=\"async\" width=\"532\" height=\"800\" class=\"wp-image-2473\" style=\"width: 150px\" src=\"https:\/\/webs.uab.cat\/gepe\/wp-content\/uploads\/sites\/239\/2023\/03\/Ines_Ferrer_Suarez_Cagnes_2013.jpeg\" alt=\"\" srcset=\"https:\/\/webs.uab.cat\/gepe\/wp-content\/uploads\/sites\/239\/2023\/03\/Ines_Ferrer_Suarez_Cagnes_2013.jpeg 532w, https:\/\/webs.uab.cat\/gepe\/wp-content\/uploads\/sites\/239\/2023\/03\/Ines_Ferrer_Suarez_Cagnes_2013-200x300.jpeg 200w\" sizes=\"auto, (max-width: 532px) 100vw, 532px\" \/><\/td><td class=\"has-text-align-left\" data-align=\"left\"><strong>In\u00e9s Ferrer<\/strong><\/td><\/tr><tr><td><img loading=\"lazy\" decoding=\"async\" width=\"800\" height=\"800\" class=\"wp-image-2476\" style=\"width: 150px\" src=\"https:\/\/webs.uab.cat\/gepe\/wp-content\/uploads\/sites\/239\/2023\/03\/1584041936226.jpeg\" alt=\"\" srcset=\"https:\/\/webs.uab.cat\/gepe\/wp-content\/uploads\/sites\/239\/2023\/03\/1584041936226.jpeg 800w, https:\/\/webs.uab.cat\/gepe\/wp-content\/uploads\/sites\/239\/2023\/03\/1584041936226-300x300.jpeg 300w, https:\/\/webs.uab.cat\/gepe\/wp-content\/uploads\/sites\/239\/2023\/03\/1584041936226-150x150.jpeg 150w, https:\/\/webs.uab.cat\/gepe\/wp-content\/uploads\/sites\/239\/2023\/03\/1584041936226-768x768.jpeg 768w\" sizes=\"auto, (max-width: 800px) 100vw, 800px\" \/><\/td><td class=\"has-text-align-left\" data-align=\"left\"><strong>Kristina Stankova<\/strong><br>Physical activity and mental health: the experiences of forced immigrants<\/td><\/tr><tr><td><img loading=\"lazy\" decoding=\"async\" width=\"1251\" height=\"1250\" class=\"wp-image-2479\" style=\"width: 150px\" src=\"https:\/\/webs.uab.cat\/gepe\/wp-content\/uploads\/sites\/239\/2023\/03\/Neus-Ramos-2.jpg\" alt=\"\" srcset=\"https:\/\/webs.uab.cat\/gepe\/wp-content\/uploads\/sites\/239\/2023\/03\/Neus-Ramos-2.jpg 1251w, https:\/\/webs.uab.cat\/gepe\/wp-content\/uploads\/sites\/239\/2023\/03\/Neus-Ramos-2-300x300.jpg 300w, https:\/\/webs.uab.cat\/gepe\/wp-content\/uploads\/sites\/239\/2023\/03\/Neus-Ramos-2-1024x1024.jpg 1024w, https:\/\/webs.uab.cat\/gepe\/wp-content\/uploads\/sites\/239\/2023\/03\/Neus-Ramos-2-150x150.jpg 150w, https:\/\/webs.uab.cat\/gepe\/wp-content\/uploads\/sites\/239\/2023\/03\/Neus-Ramos-2-768x767.jpg 768w, https:\/\/webs.uab.cat\/gepe\/wp-content\/uploads\/sites\/239\/2023\/03\/Neus-Ramos-2-1200x1199.jpg 1200w\" sizes=\"auto, (max-width: 1251px) 100vw, 1251px\" \/><\/td><td class=\"has-text-align-left\" data-align=\"left\"><strong>Neus Ramos<\/strong><br><\/td><\/tr><tr><td><img loading=\"lazy\" decoding=\"async\" width=\"512\" height=\"512\" class=\"wp-image-2482\" style=\"width: 150px\" src=\"https:\/\/webs.uab.cat\/gepe\/wp-content\/uploads\/sites\/239\/2023\/03\/Daniela-Miranda-Rochin-2.jpg\" alt=\"\" srcset=\"https:\/\/webs.uab.cat\/gepe\/wp-content\/uploads\/sites\/239\/2023\/03\/Daniela-Miranda-Rochin-2.jpg 512w, https:\/\/webs.uab.cat\/gepe\/wp-content\/uploads\/sites\/239\/2023\/03\/Daniela-Miranda-Rochin-2-300x300.jpg 300w, https:\/\/webs.uab.cat\/gepe\/wp-content\/uploads\/sites\/239\/2023\/03\/Daniela-Miranda-Rochin-2-150x150.jpg 150w\" sizes=\"auto, (max-width: 512px) 100vw, 512px\" \/><\/td><td class=\"has-text-align-left\" data-align=\"left\"><strong>Daniela Miranda-Roch\u00edn<\/strong><br>Inteligencia Emocional, Necesidad de Relaci\u00f3n y Valores en el Contexto Deportivo<\/td><\/tr><tr><td><img loading=\"lazy\" decoding=\"async\" width=\"494\" height=\"482\" class=\"wp-image-2485\" style=\"width: 150px\" src=\"https:\/\/webs.uab.cat\/gepe\/wp-content\/uploads\/sites\/239\/2023\/03\/fotofranalfatehfc.webp\" alt=\"\" srcset=\"https:\/\/webs.uab.cat\/gepe\/wp-content\/uploads\/sites\/239\/2023\/03\/fotofranalfatehfc.webp 494w, https:\/\/webs.uab.cat\/gepe\/wp-content\/uploads\/sites\/239\/2023\/03\/fotofranalfatehfc-300x293.webp 300w\" sizes=\"auto, (max-width: 494px) 100vw, 494px\" \/><\/td><td class=\"has-text-align-left\" data-align=\"left\"><strong>Fran Herruzo<\/strong><\/td><\/tr><\/tbody><\/table><\/figure>\n","protected":false},"excerpt":{"rendered":"<p>Estudiants V\u00edctor MerinoEntornos saludables a lo largo de la carrera deportiva del colectivo LGTBIQ+\u00a0 Laia BertranL&#8217;acompanyament de carrera en esports art\u00edstics: fam\u00edlies i entrenadors\/es Jahel Molina Jos\u00e9 T. Mej\u00edasLa realidad de los entornos de desarrollo de carrera dual para los deportistas con discapacidad en Espa\u00f1a Mar\u00eda Cos\u00ednEl papel de los entrenadores como facilitadores de una [&hellip;]<\/p>\n","protected":false},"author":44,"featured_media":0,"parent":0,"menu_order":0,"comment_status":"closed","ping_status":"closed","template":"","meta":{"footnotes":""},"class_list":["post-1878","page","type-page","status-publish","hentry"],"_links":{"self":[{"href":"https:\/\/webs.uab.cat\/gepe\/wp-json\/wp\/v2\/pages\/1878","targetHints":{"allow":["GET"]}}],"collection":[{"href":"https:\/\/webs.uab.cat\/gepe\/wp-json\/wp\/v2\/pages"}],"about":[{"href":"https:\/\/webs.uab.cat\/gepe\/wp-json\/wp\/v2\/types\/page"}],"author":[{"embeddable":true,"href":"https:\/\/webs.uab.cat\/gepe\/wp-json\/wp\/v2\/users\/44"}],"replies":[{"embeddable":true,"href":"https:\/\/webs.uab.cat\/gepe\/wp-json\/wp\/v2\/comments?post=1878"}],"version-history":[{"count":5,"href":"https:\/\/webs.uab.cat\/gepe\/wp-json\/wp\/v2\/pages\/1878\/revisions"}],"predecessor-version":[{"id":2510,"href":"https:\/\/webs.uab.cat\/gepe\/wp-json\/wp\/v2\/pages\/1878\/revisions\/2510"}],"wp:attachment":[{"href":"https:\/\/webs.uab.cat\/gepe\/wp-json\/wp\/v2\/media?parent=1878"}],"curies":[{"name":"wp","href":"https:\/\/api.w.org\/{rel}","templated":true}]}}