{"id":1879,"date":"2017-10-13T16:43:32","date_gmt":"2017-10-13T14:43:32","guid":{"rendered":"https:\/\/webs.uab.cat\/gepe\/tw\/"},"modified":"2023-03-03T11:25:55","modified_gmt":"2023-03-03T09:25:55","slug":"gepe-grecse","status":"publish","type":"page","link":"https:\/\/webs.uab.cat\/gepe\/gepe-grecse\/","title":{"rendered":"Qu\u00e8 \u00e9s el GEPE-GRECSE?"},"content":{"rendered":"\n<figure class=\"wp-block-table\"><table><tbody><tr><td><p>El Grup d\u2019estudis de Psicologia de l\u2019Activitat F\u00edsica i l&#8217;Esport (GEPE)  est\u00e0 reconegut com a nom espec\u00edfic per part de la UAB&nbsp; des de 1996 i t\u00e9 els seus or\u00edgens en els projectes de recerca sobre assessorament a entrenadors que el professor Jaume Cruz va comen\u00e7ar durant els anys 80.<\/p>Actualment el GEPE i els seus membres, arran de la creaci\u00f3 de l&#8217;Institut de Recerca de l&#8217;Esport (IRE-UAB), s&#8217;integra en el Grup de Recerca en Ci\u00e8ncies Socials de l&#8217;Esport (GRECSE; 2021-SGR-00204) juntament amb els grups de  Comunicaci\u00f3 Integral en l&#8217;Esport, Educaci\u00f3 i Transformaci\u00f3 Social en l&#8217;Esport i Estudis Ol\u00edmpics.<\/td><\/tr><\/tbody><\/table><\/figure>\n\n\n\n<figure class=\"wp-block-gallery has-nested-images columns-default is-cropped wp-block-gallery-1 is-layout-flex wp-block-gallery-is-layout-flex\">\n<figure class=\"wp-block-image size-large\"><img loading=\"lazy\" decoding=\"async\" width=\"1024\" height=\"576\" data-id=\"2239\" src=\"https:\/\/webs.uab.cat\/gepe\/wp-content\/uploads\/sites\/239\/2023\/03\/Organigrama-GRECSE-GEPE-1024x576.jpg\" alt=\"\" class=\"wp-image-2239\" srcset=\"https:\/\/webs.uab.cat\/gepe\/wp-content\/uploads\/sites\/239\/2023\/03\/Organigrama-GRECSE-GEPE-1024x576.jpg 1024w, https:\/\/webs.uab.cat\/gepe\/wp-content\/uploads\/sites\/239\/2023\/03\/Organigrama-GRECSE-GEPE-300x169.jpg 300w, https:\/\/webs.uab.cat\/gepe\/wp-content\/uploads\/sites\/239\/2023\/03\/Organigrama-GRECSE-GEPE-768x432.jpg 768w, https:\/\/webs.uab.cat\/gepe\/wp-content\/uploads\/sites\/239\/2023\/03\/Organigrama-GRECSE-GEPE-1200x675.jpg 1200w, https:\/\/webs.uab.cat\/gepe\/wp-content\/uploads\/sites\/239\/2023\/03\/Organigrama-GRECSE-GEPE.jpg 1280w\" sizes=\"auto, (max-width: 1024px) 100vw, 1024px\" \/><\/figure>\n<\/figure>\n","protected":false},"excerpt":{"rendered":"<p>El Grup d\u2019estudis de Psicologia de l\u2019Activitat F\u00edsica i l&#8217;Esport (GEPE) est\u00e0 reconegut com a nom espec\u00edfic per part de la UAB&nbsp; des de 1996 i t\u00e9 els seus or\u00edgens en els projectes de recerca sobre assessorament a entrenadors que el professor Jaume Cruz va comen\u00e7ar durant els anys 80. Actualment el GEPE i els [&hellip;]<\/p>\n","protected":false},"author":44,"featured_media":0,"parent":0,"menu_order":0,"comment_status":"closed","ping_status":"closed","template":"","meta":{"footnotes":""},"class_list":["post-1879","page","type-page","status-publish","hentry"],"_links":{"self":[{"href":"https:\/\/webs.uab.cat\/gepe\/wp-json\/wp\/v2\/pages\/1879","targetHints":{"allow":["GET"]}}],"collection":[{"href":"https:\/\/webs.uab.cat\/gepe\/wp-json\/wp\/v2\/pages"}],"about":[{"href":"https:\/\/webs.uab.cat\/gepe\/wp-json\/wp\/v2\/types\/page"}],"author":[{"embeddable":true,"href":"https:\/\/webs.uab.cat\/gepe\/wp-json\/wp\/v2\/users\/44"}],"replies":[{"embeddable":true,"href":"https:\/\/webs.uab.cat\/gepe\/wp-json\/wp\/v2\/comments?post=1879"}],"version-history":[{"count":2,"href":"https:\/\/webs.uab.cat\/gepe\/wp-json\/wp\/v2\/pages\/1879\/revisions"}],"predecessor-version":[{"id":2242,"href":"https:\/\/webs.uab.cat\/gepe\/wp-json\/wp\/v2\/pages\/1879\/revisions\/2242"}],"wp:attachment":[{"href":"https:\/\/webs.uab.cat\/gepe\/wp-json\/wp\/v2\/media?parent=1879"}],"curies":[{"name":"wp","href":"https:\/\/api.w.org\/{rel}","templated":true}]}}