{"id":106,"date":"2011-04-05T11:14:43","date_gmt":"2011-04-05T11:14:43","guid":{"rendered":"https:\/\/webs.uab.cat\/getcc\/translation-and-exile\/"},"modified":"2011-04-05T11:14:43","modified_gmt":"2011-04-05T11:14:43","slug":"translation-and-exile","status":"publish","type":"page","link":"https:\/\/webs.uab.cat\/getcc\/en\/translation-and-exile\/","title":{"rendered":"Translation and exile"},"content":{"rendered":"<p>&nbsp;<\/p>\n<p class=\"rtejustify\">Thanks in particular to the documentation provided by the Arbon\u00e8s collection, the group has been studying the possibility of research in a field which, until now, seemed rather neglected. Montserrat Bacard\u00ed has written the first general analysis in \u201cLa traducci\u00f3 catalana a l\u2019exili\u201d (Catalan translation in exile), as well as studying the translations of Agust\u00ed Bartra, Francesc Arn\u00f3, Anna Muri\u00e0 and Ramon Xuriguera; Ramon Farr\u00e9s has written about the translations of Jordi Arbon\u00e8s and Antoni Pous; Judit Fontcuberta, the translations of Joan Oliver; Francesc Parcerisas, the translations of Carles Riba; and Dolors Udina has studied the translations of Anna Muri\u00e0 and Josep Palau i Fabre.<\/p>\n<p class=\"rtejustify\">&nbsp;<\/p>\n","protected":false},"excerpt":{"rendered":"<p>&nbsp; Thanks in particular to the documentation provided by the Arbon\u00e8s collection, the group has been studying the possibility of research in a field which, until now, seemed rather neglected. Montserrat Bacard\u00ed has written the first general analysis in \u201cLa traducci\u00f3 catalana a l\u2019exili\u201d (Catalan translation in exile), as well as studying the translations of [&hellip;]<\/p>\n","protected":false},"author":20,"featured_media":0,"parent":0,"menu_order":0,"comment_status":"closed","ping_status":"closed","template":"","meta":{"footnotes":""},"class_list":["post-106","page","type-page","status-publish","hentry"],"_links":{"self":[{"href":"https:\/\/webs.uab.cat\/getcc\/en\/wp-json\/wp\/v2\/pages\/106","targetHints":{"allow":["GET"]}}],"collection":[{"href":"https:\/\/webs.uab.cat\/getcc\/en\/wp-json\/wp\/v2\/pages"}],"about":[{"href":"https:\/\/webs.uab.cat\/getcc\/en\/wp-json\/wp\/v2\/types\/page"}],"author":[{"embeddable":true,"href":"https:\/\/webs.uab.cat\/getcc\/en\/wp-json\/wp\/v2\/users\/20"}],"replies":[{"embeddable":true,"href":"https:\/\/webs.uab.cat\/getcc\/en\/wp-json\/wp\/v2\/comments?post=106"}],"version-history":[{"count":0,"href":"https:\/\/webs.uab.cat\/getcc\/en\/wp-json\/wp\/v2\/pages\/106\/revisions"}],"wp:attachment":[{"href":"https:\/\/webs.uab.cat\/getcc\/en\/wp-json\/wp\/v2\/media?parent=106"}],"curies":[{"name":"wp","href":"https:\/\/api.w.org\/{rel}","templated":true}]}}