{"id":164,"date":"2012-09-13T12:03:25","date_gmt":"2012-09-13T12:03:25","guid":{"rendered":"https:\/\/webs.uab.cat\/getcc\/jornades-2004-2006-2008\/"},"modified":"2012-09-13T12:03:25","modified_gmt":"2012-09-13T12:03:25","slug":"jornades-2004-2006-2008","status":"publish","type":"page","link":"https:\/\/webs.uab.cat\/getcc\/en\/jornades-2004-2006-2008\/","title":{"rendered":"Jornades 2004, 2006 &#038; 2008"},"content":{"rendered":"<p><strong>22nd &amp; 23rd October 2008<\/strong><br \/><span style=\"line-height: 20px;\">III Jornades sobre Traducci\u00f3 i Literatura. <\/span><strong>&#8220;La traducci\u00f3 a l\u2019exili&#8221;<\/strong><\/p>\n<p>&nbsp;<br \/><strong>18th &amp; 19th&nbsp;<strong>October 2006<\/strong><\/strong><br \/><span style=\"line-height: 20px;\">II Jornades de Traducci\u00f3 i Literatura. <\/span><strong>&#8220;Traduir contra el franquisme: Maria Aur\u00e8lia Capmany i Manuel de Pedrolo&#8221;<\/strong><\/p>\n<p>&nbsp;<br \/><strong>20th &amp; 21st&nbsp;<strong>October 2004<\/strong><\/strong><br \/><span style=\"line-height: 20px;\">I Jornades sobre Traducci\u00f3 i Literatura. <\/span><strong>&#8220;Traduir de lluny: el llegat de Jordi Arbon\u00e8s&#8221;<\/strong><\/p>\n<p><strong> &nbsp; <br \/><\/strong><\/p>\n<p><strong>&nbsp;&nbsp; <br \/><\/strong><\/p>\n","protected":false},"excerpt":{"rendered":"<p>22nd &amp; 23rd October 2008III Jornades sobre Traducci\u00f3 i Literatura. &#8220;La traducci\u00f3 a l\u2019exili&#8221; &nbsp;18th &amp; 19th&nbsp;October 2006II Jornades de Traducci\u00f3 i Literatura. &#8220;Traduir contra el franquisme: Maria Aur\u00e8lia Capmany i Manuel de Pedrolo&#8221; &nbsp;20th &amp; 21st&nbsp;October 2004I Jornades sobre Traducci\u00f3 i Literatura. &#8220;Traduir de lluny: el llegat de Jordi Arbon\u00e8s&#8221; &nbsp; &nbsp;&nbsp;<\/p>\n","protected":false},"author":20,"featured_media":0,"parent":0,"menu_order":0,"comment_status":"closed","ping_status":"closed","template":"","meta":{"footnotes":""},"class_list":["post-164","page","type-page","status-publish","hentry"],"_links":{"self":[{"href":"https:\/\/webs.uab.cat\/getcc\/en\/wp-json\/wp\/v2\/pages\/164","targetHints":{"allow":["GET"]}}],"collection":[{"href":"https:\/\/webs.uab.cat\/getcc\/en\/wp-json\/wp\/v2\/pages"}],"about":[{"href":"https:\/\/webs.uab.cat\/getcc\/en\/wp-json\/wp\/v2\/types\/page"}],"author":[{"embeddable":true,"href":"https:\/\/webs.uab.cat\/getcc\/en\/wp-json\/wp\/v2\/users\/20"}],"replies":[{"embeddable":true,"href":"https:\/\/webs.uab.cat\/getcc\/en\/wp-json\/wp\/v2\/comments?post=164"}],"version-history":[{"count":0,"href":"https:\/\/webs.uab.cat\/getcc\/en\/wp-json\/wp\/v2\/pages\/164\/revisions"}],"wp:attachment":[{"href":"https:\/\/webs.uab.cat\/getcc\/en\/wp-json\/wp\/v2\/media?parent=164"}],"curies":[{"name":"wp","href":"https:\/\/api.w.org\/{rel}","templated":true}]}}