{"id":1926,"date":"2021-07-17T11:10:44","date_gmt":"2021-07-17T11:10:44","guid":{"rendered":"https:\/\/webs.uab.cat\/getcc\/alexis-llobet\/"},"modified":"2024-09-11T06:49:43","modified_gmt":"2024-09-11T06:49:43","slug":"alexis-llobet","status":"publish","type":"page","link":"https:\/\/webs.uab.cat\/getcc\/en\/alexis-llobet\/","title":{"rendered":"Alexis Llobet"},"content":{"rendered":"<p>Universitat Aut\u00f2noma de Barcelona<\/p>\n<p><a href=\"mailto:Alexis.Llobet@uab.cat\">Alexis.Llobet@uab.cat<\/a><\/p>\n<p>ORCID iD: 0000-0003-1476-8267<\/p>\n<p>Graduated in Translation and Interpreting (2007) and PhD in Catalan Philology (2014) at Universitat Aut\u00f2noma de Barcelona with the thesis <em>Albert Manent, corrector de Josep Carner. La tercera edici\u00f3 d\u2019Al\u00edcia en terra de meravelles<\/em>, Alexis Llobet is an associate lecturer in the Department of Catalan Philology (UAB), and also teaches in the Faculty of Translation and Interpreting. He combines this job with the revision and correction of academic materials.<\/p>\n<p>His research focuses on literary language models since the twentieth century and, specifically, the use of language in translations and retranslations.<\/p>\n<p>&nbsp;<\/p>\n<p>PUBLICATIONS<\/p>\n<p>&nbsp;<\/p>\n<p>2021 \u00abL\u2019Al\u00edcia de Carner (1919-2020). Hist\u00f2ria i recepci\u00f3\u00bb. <em>Quaderns. Revista de Traducci\u00f3<\/em>.<\/p>\n<p>2017 \u00abRamon Solsona i la llengua liter\u00e0ria\u00bb. <em>Quaderns. Revista de Traducci\u00f3<\/em>, 24, p. 219-226.<\/p>\n<p>2017 \u00abSobre models de llengua i registres\u00bb. <em>Visat<\/em>, 24, p. 17.<\/p>\n<p>2016 \u00abM\u00e0rius Serra: creaci\u00f3, traducci\u00f3, joc\u00bb. <em>Quaderns. Revista de Traducci\u00f3<\/em>, 23, p. 157-169.<\/p>\n<p>2015 \u00abEntrevista a Marta Rojals\u00bb. <em>Visat<\/em>, 20.<\/p>\n<p>2015 \u00abEntrevista a Andreu Rossinyol\u00bb. <em>L\u2019Espill<\/em>, 49, p. 155-170.&nbsp;&nbsp;&nbsp;<\/p>\n<p>2015 \u00abCatalan Bibliography\u00bb. In: <em>Alice in a World of Wonderlands: the Translations of Lewis Carroll\u2019s Masterpiece<\/em>, v. 3. Delaware: Oak Knoll Press. (in collaboration with Francesc Parcerisas)<\/p>\n<p>2013 \u00abAlbert Manent, corrector de Josep Carner\u00bb. <em>Quaderns. Revista de Traducci\u00f3<\/em>, 20, p. 269-276.<\/p>\n<p>2012 \u00abEntrevista a Francesc Vallverd\u00fa\u00bb. <em>Quaderns. Revista de Traducci\u00f3<\/em>, 19, p. 397-410.<\/p>\n","protected":false},"excerpt":{"rendered":"<p>Universitat Aut\u00f2noma de Barcelona Alexis.Llobet@uab.cat ORCID iD: 0000-0003-1476-8267 Graduated in Translation and Interpreting (2007) and PhD in Catalan Philology (2014) at Universitat Aut\u00f2noma de Barcelona with the thesis Albert Manent, corrector de Josep Carner. La tercera edici\u00f3 d\u2019Al\u00edcia en terra de meravelles, Alexis Llobet is an associate lecturer in the Department of Catalan Philology (UAB), [&hellip;]<\/p>\n","protected":false},"author":20,"featured_media":0,"parent":0,"menu_order":0,"comment_status":"closed","ping_status":"closed","template":"","meta":{"footnotes":""},"class_list":["post-1926","page","type-page","status-publish","hentry"],"_links":{"self":[{"href":"https:\/\/webs.uab.cat\/getcc\/en\/wp-json\/wp\/v2\/pages\/1926","targetHints":{"allow":["GET"]}}],"collection":[{"href":"https:\/\/webs.uab.cat\/getcc\/en\/wp-json\/wp\/v2\/pages"}],"about":[{"href":"https:\/\/webs.uab.cat\/getcc\/en\/wp-json\/wp\/v2\/types\/page"}],"author":[{"embeddable":true,"href":"https:\/\/webs.uab.cat\/getcc\/en\/wp-json\/wp\/v2\/users\/20"}],"replies":[{"embeddable":true,"href":"https:\/\/webs.uab.cat\/getcc\/en\/wp-json\/wp\/v2\/comments?post=1926"}],"version-history":[{"count":1,"href":"https:\/\/webs.uab.cat\/getcc\/en\/wp-json\/wp\/v2\/pages\/1926\/revisions"}],"predecessor-version":[{"id":2045,"href":"https:\/\/webs.uab.cat\/getcc\/en\/wp-json\/wp\/v2\/pages\/1926\/revisions\/2045"}],"wp:attachment":[{"href":"https:\/\/webs.uab.cat\/getcc\/en\/wp-json\/wp\/v2\/media?parent=1926"}],"curies":[{"name":"wp","href":"https:\/\/api.w.org\/{rel}","templated":true}]}}