{"id":349,"date":"2012-10-27T21:08:50","date_gmt":"2012-10-27T21:08:50","guid":{"rendered":"https:\/\/webs.uab.cat\/getcc\/former-members\/"},"modified":"2025-12-09T15:36:47","modified_gmt":"2025-12-09T15:36:47","slug":"former-members","status":"publish","type":"page","link":"https:\/\/webs.uab.cat\/getcc\/en\/former-members\/","title":{"rendered":"Former members"},"content":{"rendered":"\n<p><a href=\"https:\/\/webs.uab.cat\/getcc\/en\/lidia-arumi-cardoner-2\/\" data-type=\"page\" data-id=\"343\">L\u00eddia Arum\u00ed<\/a><\/p>\n\n\n\n<p><a href=\"https:\/\/webs.uab.cat\/getcc\/en\/eduard-bartoll\/\" data-type=\"link\" data-id=\"https:\/\/webs.uab.cat\/getcc\/en\/eduard-bartoll\/\" target=\"_blank\" rel=\"noreferrer noopener\">Eduard Bartoll<\/a><\/p>\n\n\n\n<p><a href=\"https:\/\/webs.uab.cat\/getcc\/en\/caterina-briguglia-2\/\" data-type=\"page\" data-id=\"95\">Caterina Briguglia<\/a><\/p>\n\n\n\n<p><a href=\"https:\/\/webs.uab.cat\/getcc\/en\/m-elena-carne\/\" data-type=\"page\" data-id=\"45\">M. Elena Carn\u00e9<\/a><\/p>\n\n\n\n<p><a href=\"https:\/\/webs.uab.cat\/getcc\/en\/montserrat-franquesa-godia-2\/\" data-type=\"page\" data-id=\"342\">Montserrat Franquesa<\/a><\/p>\n\n\n\n<p><a href=\"https:\/\/webs.uab.cat\/getcc\/en\/teresa-iribarren-2\/\" data-type=\"page\" data-id=\"486\">Teresa Iribarren<\/a><\/p>\n","protected":false},"excerpt":{"rendered":"<p>L\u00eddia Arum\u00ed Eduard Bartoll Caterina Briguglia M. Elena Carn\u00e9 Montserrat Franquesa Teresa Iribarren<\/p>\n","protected":false},"author":20,"featured_media":0,"parent":0,"menu_order":0,"comment_status":"closed","ping_status":"closed","template":"","meta":{"footnotes":""},"class_list":["post-349","page","type-page","status-publish","hentry"],"_links":{"self":[{"href":"https:\/\/webs.uab.cat\/getcc\/en\/wp-json\/wp\/v2\/pages\/349","targetHints":{"allow":["GET"]}}],"collection":[{"href":"https:\/\/webs.uab.cat\/getcc\/en\/wp-json\/wp\/v2\/pages"}],"about":[{"href":"https:\/\/webs.uab.cat\/getcc\/en\/wp-json\/wp\/v2\/types\/page"}],"author":[{"embeddable":true,"href":"https:\/\/webs.uab.cat\/getcc\/en\/wp-json\/wp\/v2\/users\/20"}],"replies":[{"embeddable":true,"href":"https:\/\/webs.uab.cat\/getcc\/en\/wp-json\/wp\/v2\/comments?post=349"}],"version-history":[{"count":5,"href":"https:\/\/webs.uab.cat\/getcc\/en\/wp-json\/wp\/v2\/pages\/349\/revisions"}],"predecessor-version":[{"id":2829,"href":"https:\/\/webs.uab.cat\/getcc\/en\/wp-json\/wp\/v2\/pages\/349\/revisions\/2829"}],"wp:attachment":[{"href":"https:\/\/webs.uab.cat\/getcc\/en\/wp-json\/wp\/v2\/media?parent=349"}],"curies":[{"name":"wp","href":"https:\/\/api.w.org\/{rel}","templated":true}]}}