{"id":470,"date":"2013-01-10T17:17:15","date_gmt":"2013-01-10T17:17:15","guid":{"rendered":"https:\/\/webs.uab.cat\/getcc\/submitted-theses\/"},"modified":"2023-06-05T10:05:49","modified_gmt":"2023-06-05T10:05:49","slug":"submitted-theses","status":"publish","type":"page","link":"https:\/\/webs.uab.cat\/getcc\/en\/submitted-theses\/","title":{"rendered":"Submitted theses"},"content":{"rendered":"<div class=\"content clearfix\">\n<p>2021 Reyes Navarro, Javiera. <em>Creating Chilean Identities to the Rhythm of Japanese Rock: A Study of Santiago de Chile\u2019s Visual Kei Fandom as Subculture<\/em>. Director: Dr. Jordi Mas L\u00f3pez &amp; Dr. Artur Lozano M\u00e9ndez.<\/p>\n<p>2021 Sopena, Mireia. <em>La Selecta (1943-1962).\u00a0<\/em>Director: Dr. Ol\u00edvia Gassol.<\/p>\n<p>2020 Hern\u00e1ndez de Fuenmayor, Pau Joan. <em>La recepci\u00f3 a Catalunya de la novel\u00b7la de fullet\u00f3 francesa i la repercussi\u00f3 en la cultura popular<\/em>. Director: Dr. Montserrat Bacard\u00ed.<\/p>\n<p>2020 Kimura, Yukiko. <em>Las ideas de Tanizaki Jun\u2019ichir\u014d sobre la lengua literaria en el \u00abmomento japon\u00e9s\u00bb de su trayectoria<\/em>. Director: Dr. Jordi Mas L\u00f3pez.<\/p>\n<p>2019 Nie, Lingzhi. <em>Las unidades fraseol\u00f3gicas en espa\u00f1ol y chino: estudio comparativo de las ideolog\u00edas transmitidas a trav\u00e9s de los t\u00e9rminos b\u00e1sicos de color<\/em>. Director: Dr. Jordi Mas L\u00f3pez &amp; Dr. Juan Jos\u00e9 Ciruela Alf\u00e9rez.<\/p>\n<p>2019 Estany Freire, Lara.\u00a0<em>La censura franquista i la traducci\u00f3 de narrativa al catal\u00e0 als anys seixanta del segle XX<\/em>. Director: Dr. Montserrat Bacard\u00ed.<\/p>\n<p>2017 Sanz Datzira, Josep.\u00a0<em>Les traduccions d&#8217;Andr\u00e9 Gide al catal\u00e0<\/em>. Director: Dr. Montserrat Bacard\u00ed.<\/p>\n<p>2017 Kaiser, Ann. <em>The First Translations opf Walt Witman\u2019s <\/em><em>\u00abLeaves of Grass\u00bb into Catalan, French and Spanish: The Special Case of Cebri\u00e0 Montoliu. <\/em>Director: Dr. Francesc Parcerisas.<\/p>\n<p>2016 Mi, Tian. <em>Traducci\u00f3n y humor en <\/em><em>\u00abCuentos humor\u00edsticos orientales\u00bb de Marcela de Juan. <\/em>Director: Dr. Francesc Parcerisas.<\/p>\n<p>2016 Pijuan Vallverd\u00fa, Alba.\u00a0<em>Manuel de Pedrolo, traductor de poesia<\/em>. Director: Dr. Montserrat Bacard\u00ed.<\/p>\n<p>2016 Mora Figuera, Anna Cris.\u00a0<em>Helena Valent\u00ed, escriptora i traductora<\/em>. Director: Dr. Montserrat Bacard\u00ed &amp; Dr. Pilar Godayol.<\/p>\n<p>2016 Ma\u00f1es, Mar.<em>\u00a0Joan Oliver, traductor. Estudi de l\u2019adaptaci\u00f3 lliure de <\/em>Pigmali\u00f3<em> de G.B. Shaw<\/em>. Director: Dr. Montserrat Bacard\u00ed.<\/p>\n<p>2016 Figuerola Per\u00f3, Judit.\u00a0<em>&#8220;El catal\u00e0 de l&#8217;URSS&#8221;. Andreu Nin, revolucionari i traductor<\/em>. Director: Dr. Montserrat Bacard\u00ed.<\/p>\n<p>2016 Gest\u00ed Bautista, Joaquim.\u00a0<em>Traduccions catalanes de literatura neogrega<\/em>. Director: Dr. Montserrat Bacard\u00ed.<\/p>\n<p>2016 Galera Porta, Francesc<em>. Avel\u00b7l\u00ed Art\u00eds-Gener, traductor<\/em>. Director: Dr. Montserrat Bacard\u00ed.<\/p>\n<p>2015 G\u00fcell Devesa, Mia.\u00a0<em>La mem\u00f2ria fragmentada a les\u00a0<\/em>Reflexions de la vellesa<em>\u00a0d&#8217;Anna Muri\u00e0<\/em>. Director: Dr. Montserrat Bacard\u00ed &amp; Dr. Lloren\u00e7 Soldevila.<\/p>\n<p>2015 Llobera Serra, Laia.\u00a0<em>Anna Muri\u00e0<\/em>: <em>l&#8217;obra narrativa per a adults<\/em>. Director: Dr. Jaume Aulet &amp; Dr. Montserrat Bacard\u00ed<\/p>\n<p>2014 Llobet, Alexis.\u00a0<em>Albert Manent, corrector de Josep Carner. La tercera edici\u00f3 d&#8217;<\/em>Al\u00edcia en el pa\u00eds de les meravelles. Director: Dr. Montserrat Bacard\u00ed &amp; Dr. Mila Segarra.<\/p>\n<p>2013 Akioud, Hassan.\u00a0<em>Estudis dels criteris d\u2019estandarditzaci\u00f3 dels top\u00f2nims i antrop\u00f2nims internacionals i dels top\u00f2nims i antrop\u00f2nims majors nord-africans en la llengua amaziga.\u00a0<\/em>Director: Dr. Carles Castellanos.<\/p>\n<p>2012 El Hassane, Herrag.\u00a0<em>El factor ideol\u00f3gico en la traducci\u00f3n de textos sagrados: la traducci\u00f3n de azoras y aleyas cor\u00e1nicas al ingl\u00e9s, al castellano y al catal\u00e1n<\/em>. Director: Dr. Patrick Zabalbeascoa. Tutor: Dr. Carles Castellanos.<\/p>\n<p>2011 Girons i Masot, Alba.<em>\u00a0Albert Jan\u00e9 i la traducci\u00f3 de c\u00f2mics per a <\/em>Cavall Fort<em>.\u00a0<\/em>Director: Dr. Montserrat Bacard\u00ed.<\/p>\n<p>2010 Forteza i Pic\u00f3, Assumpta.\u00a0<em>El nord-est de Jorge Amado en catal\u00e0. La traducci\u00f3 dels referents culturals de Tocaia Grande i de Gabriela, cravo e canela.<\/em>\u00a0Director: Dr. Montserrat Bacard\u00ed &amp; Dr. Joaquim Sala.<\/p>\n<p>2010 Altimir Losada, Merc\u00e8.\u00a0<em>Lacan y el mundo japon\u00e9s. Cuestiones de acci\u00f3n traslativa, transmisi\u00f3n y edici\u00f3n.<\/em>\u00a0Director: Dr. Montserrat Bacard\u00ed.<\/p>\n<p>2010 Biosca Trias, Carles.\u00a0<em>Estudi de la traducci\u00f3 en llengua sarda i de la incid\u00e8ncia en el proc\u00e9s d\u2019estandarditzaci\u00f3.<\/em>\u00a0Director: Dr. Carles Castellanos.<\/p>\n<p>2009 Franquesa G\u00f2dia, Montserrat.\u00a0<em>Cl\u00e0ssics grecs i llatins en catal\u00e0: Les traduccions de la Fundaci\u00f3 Bernat Metge (1923-1938).<\/em>\u00a0Director: Dr. Montserrat Bacard\u00ed.<\/p>\n<p>2008 L\u00f3pez L\u00f3pez-Gay, Patricia.\u00a0<em>La autotraducci\u00f3 literaria: intraducibilidad, infidelidad, invisibilidad. An\u00e1lisis de las autotraducciones de Agust\u00edn G\u00f3mez-Arcos y Jorge Sempr\u00fan.<\/em>\u00a0Director: Dr. Francesc Parcerisas &amp; Dr. Claude Murcia.<\/p>\n<p>2008 Corrius i Gimbert, Montserrat.\u00a0<em>Translating Multilingual Audiovisual Texts. Priorities and Restrictions. Implications and Applications.<\/em>\u00a0Director: Dr. Patrick Zabalbeascoa. Tutor: Dr. Montserrat Bacard\u00ed.<\/p>\n<p>2008 Camps Perarnau, Susanna.\u00a0<em>Diego de Gumiel, impressor de <\/em>Tirant lo Blanch<em> (1497) i del <\/em>Tirante el Blanco<em> (1511).\u00a0<\/em>Director: Dr. Montserrat Bacard\u00ed.<\/p>\n<p>2007 Moustaoui Srhir, Adil.\u00a0<em>Lenguas, identidades y discursos en Marruecos: la pugna por la legitimidad.\u00a0<\/em>Director: Dr. Carles Castellanos.<\/p>\n<p>2003 Fontcuberta Famadas, Judit.\u00a0<em>La recepci\u00f3 de Moli\u00e8re a Catalunya al primer ter\u00e7 del segle XX.<\/em>\u00a0Director: Dr. Montserrat Bacard\u00ed.<\/p>\n<p>2002 Mas L\u00f3pez, Jordi.\u00a0<em>Els haik\u00fas de Josep Maria Junoy i Joan Salvat-Papasseit.<\/em>\u00a0Director: Dr. Montserrat Bacard\u00ed.<\/p>\n<\/div>\n","protected":false},"excerpt":{"rendered":"<p>2021 Reyes Navarro, Javiera. Creating Chilean Identities to the Rhythm of Japanese Rock: A Study of Santiago de Chile\u2019s Visual Kei Fandom as Subculture. Director: Dr. Jordi Mas L\u00f3pez &amp; Dr. Artur Lozano M\u00e9ndez. 2021 Sopena, Mireia. La Selecta (1943-1962).\u00a0Director: Dr. Ol\u00edvia Gassol. 2020 Hern\u00e1ndez de Fuenmayor, Pau Joan. La recepci\u00f3 a Catalunya de la [&hellip;]<\/p>\n","protected":false},"author":20,"featured_media":0,"parent":0,"menu_order":0,"comment_status":"closed","ping_status":"closed","template":"","meta":{"footnotes":""},"class_list":["post-470","page","type-page","status-publish","hentry"],"_links":{"self":[{"href":"https:\/\/webs.uab.cat\/getcc\/en\/wp-json\/wp\/v2\/pages\/470","targetHints":{"allow":["GET"]}}],"collection":[{"href":"https:\/\/webs.uab.cat\/getcc\/en\/wp-json\/wp\/v2\/pages"}],"about":[{"href":"https:\/\/webs.uab.cat\/getcc\/en\/wp-json\/wp\/v2\/types\/page"}],"author":[{"embeddable":true,"href":"https:\/\/webs.uab.cat\/getcc\/en\/wp-json\/wp\/v2\/users\/20"}],"replies":[{"embeddable":true,"href":"https:\/\/webs.uab.cat\/getcc\/en\/wp-json\/wp\/v2\/comments?post=470"}],"version-history":[{"count":3,"href":"https:\/\/webs.uab.cat\/getcc\/en\/wp-json\/wp\/v2\/pages\/470\/revisions"}],"predecessor-version":[{"id":1607,"href":"https:\/\/webs.uab.cat\/getcc\/en\/wp-json\/wp\/v2\/pages\/470\/revisions\/1607"}],"wp:attachment":[{"href":"https:\/\/webs.uab.cat\/getcc\/en\/wp-json\/wp\/v2\/media?parent=470"}],"curies":[{"name":"wp","href":"https:\/\/api.w.org\/{rel}","templated":true}]}}