{"id":534,"date":"2013-12-06T15:30:19","date_gmt":"2013-12-06T15:30:19","guid":{"rendered":"https:\/\/webs.uab.cat\/getcc\/collection-translated-catalan-literature\/"},"modified":"2025-03-27T09:47:16","modified_gmt":"2025-03-27T09:47:16","slug":"collection-translated-catalan-literature","status":"publish","type":"page","link":"https:\/\/webs.uab.cat\/getcc\/en\/collection-translated-catalan-literature\/","title":{"rendered":"Collection of Translated Catalan Literature"},"content":{"rendered":"\n<div class=\"wp-block-group is-nowrap is-layout-flex wp-container-core-group-is-layout-ad2f72ca wp-block-group-is-layout-flex\">\n<div class=\"wp-block-media-text is-stacked-on-mobile\" style=\"grid-template-columns:37% auto\"><figure class=\"wp-block-media-text__media\"><img loading=\"lazy\" decoding=\"async\" width=\"1024\" height=\"1024\" src=\"https:\/\/webs.uab.cat\/getcc\/wp-content\/uploads\/sites\/65\/2016\/10\/IMG_15002-1024x1024.jpg\" alt=\"IMG_15002\" class=\"wp-image-493 size-full\" srcset=\"https:\/\/webs.uab.cat\/getcc\/wp-content\/uploads\/sites\/65\/2016\/10\/IMG_15002-1024x1024.jpg 1024w, https:\/\/webs.uab.cat\/getcc\/wp-content\/uploads\/sites\/65\/2016\/10\/IMG_15002-300x300.jpg 300w, https:\/\/webs.uab.cat\/getcc\/wp-content\/uploads\/sites\/65\/2016\/10\/IMG_15002-150x150.jpg 150w, https:\/\/webs.uab.cat\/getcc\/wp-content\/uploads\/sites\/65\/2016\/10\/IMG_15002-768x768.jpg 768w, https:\/\/webs.uab.cat\/getcc\/wp-content\/uploads\/sites\/65\/2016\/10\/IMG_15002-1536x1536.jpg 1536w, https:\/\/webs.uab.cat\/getcc\/wp-content\/uploads\/sites\/65\/2016\/10\/IMG_15002-2048x2048.jpg 2048w, https:\/\/webs.uab.cat\/getcc\/wp-content\/uploads\/sites\/65\/2016\/10\/IMG_15002-1200x1200.jpg 1200w, https:\/\/webs.uab.cat\/getcc\/wp-content\/uploads\/sites\/65\/2016\/10\/IMG_15002-1980x1980.jpg 1980w\" sizes=\"auto, (max-width: 1024px) 100vw, 1024px\" \/><\/figure><div class=\"wp-block-media-text__content\">\n<p>Institut Ramon Llull donated in 2013 more than seven hundred volumes written by Catalan authors which have been translated into foreign languages. <\/p>\n\n\n\n<p>These volumes make up the collection of translated Catalan literature, which is one of the most complete collections in the world dedicated to this matter. <\/p>\n<\/div><\/div>\n<\/div>\n\n\n\n<p>There are volumes from medieval times as well as works by recent authors such as Maria Barbal, Jaume Cabr\u00e9 or Quim Monz\u00f3.<\/p>\n\n\n\n<p>There is also a great variety of languages into which these volumes have been translated, among them latin languages such as Spanish, French, Italian or Portuguese, but also distant ones like Japanese, Turkish or Vietnamese; widely spoken languages such as German, English, Russian or Chinese and languages with less reach such as Basque, Danish, Slovenian or Occitan. For instance, among the most translated authors we can find Merc\u00e8 Rodoreda, 66 works of whom have been translated into 18 different languages, Ramon Llull (41 volumes translated into 11 languages) and Salvador Espriu, who has had 40 volumes translated into 10 different languages. Another relevant case is the classic work <em>Tirant lo Blanc<\/em>, which has been translated into 9 languages. Even though the majority of the volumes are novels and, to a less extent, poetry, there are also other genres such as drama, essays, epistolary works or children\u2019s literature. Just to mention some of them: stage plays from Josep Maria Benet i Jornet translated into French, English and Bulgarian; a religious essay by Miquel Estrad\u00e9 translated into Italian; a diary by Salvador Dal\u00ed translated into Dutch or a short story by Pere Calders and illustrated by Carme Sol\u00e9 Vendrell translated into French and Japanese.<\/p>\n\n\n\n<p>This collection, very important as a prove of the international reception of Catalan authors, can be found in the C\u00e0tedra Jordi Arbon\u00e8s and it aims at promoting research in the fields of translation and literature studies. There are plans of progressively extending the collection through further donations.<\/p>\n\n\n\n<figure class=\"wp-block-gallery has-nested-images columns-default is-cropped wp-block-gallery-1 is-layout-flex wp-block-gallery-is-layout-flex\">\n<figure class=\"wp-block-image size-large\"><img loading=\"lazy\" decoding=\"async\" width=\"953\" height=\"1513\" data-id=\"508\" src=\"https:\/\/webs.uab.cat\/getcc\/wp-content\/uploads\/sites\/65\/2016\/10\/sol.jpg\" alt=\"sol\" class=\"wp-image-508\" srcset=\"https:\/\/webs.uab.cat\/getcc\/wp-content\/uploads\/sites\/65\/2016\/10\/sol.jpg 953w, https:\/\/webs.uab.cat\/getcc\/wp-content\/uploads\/sites\/65\/2016\/10\/sol-189x300.jpg 189w, https:\/\/webs.uab.cat\/getcc\/wp-content\/uploads\/sites\/65\/2016\/10\/sol-645x1024.jpg 645w, https:\/\/webs.uab.cat\/getcc\/wp-content\/uploads\/sites\/65\/2016\/10\/sol-768x1219.jpg 768w\" sizes=\"auto, (max-width: 953px) 100vw, 953px\" \/><\/figure>\n\n\n\n<figure class=\"wp-block-image size-large\"><img loading=\"lazy\" decoding=\"async\" width=\"991\" height=\"1382\" data-id=\"499\" src=\"https:\/\/webs.uab.cat\/getcc\/wp-content\/uploads\/sites\/65\/2016\/10\/jap.jpg\" alt=\"jap\" class=\"wp-image-499\" srcset=\"https:\/\/webs.uab.cat\/getcc\/wp-content\/uploads\/sites\/65\/2016\/10\/jap.jpg 991w, https:\/\/webs.uab.cat\/getcc\/wp-content\/uploads\/sites\/65\/2016\/10\/jap-215x300.jpg 215w, https:\/\/webs.uab.cat\/getcc\/wp-content\/uploads\/sites\/65\/2016\/10\/jap-734x1024.jpg 734w, https:\/\/webs.uab.cat\/getcc\/wp-content\/uploads\/sites\/65\/2016\/10\/jap-768x1071.jpg 768w\" sizes=\"auto, (max-width: 991px) 100vw, 991px\" \/><\/figure>\n\n\n\n<figure class=\"wp-block-image size-large\"><img loading=\"lazy\" decoding=\"async\" width=\"1151\" height=\"1672\" data-id=\"505\" src=\"https:\/\/webs.uab.cat\/getcc\/wp-content\/uploads\/sites\/65\/2016\/10\/sal.jpg\" alt=\"sal\" class=\"wp-image-505\" srcset=\"https:\/\/webs.uab.cat\/getcc\/wp-content\/uploads\/sites\/65\/2016\/10\/sal.jpg 1151w, https:\/\/webs.uab.cat\/getcc\/wp-content\/uploads\/sites\/65\/2016\/10\/sal-207x300.jpg 207w, https:\/\/webs.uab.cat\/getcc\/wp-content\/uploads\/sites\/65\/2016\/10\/sal-705x1024.jpg 705w, https:\/\/webs.uab.cat\/getcc\/wp-content\/uploads\/sites\/65\/2016\/10\/sal-768x1116.jpg 768w, https:\/\/webs.uab.cat\/getcc\/wp-content\/uploads\/sites\/65\/2016\/10\/sal-1057x1536.jpg 1057w\" sizes=\"auto, (max-width: 1151px) 100vw, 1151px\" \/><\/figure>\n\n\n\n<figure class=\"wp-block-image size-large\"><img loading=\"lazy\" decoding=\"async\" width=\"981\" height=\"1677\" data-id=\"502\" src=\"https:\/\/webs.uab.cat\/getcc\/wp-content\/uploads\/sites\/65\/2016\/10\/oliv.jpg\" alt=\"oliv\" class=\"wp-image-502\" srcset=\"https:\/\/webs.uab.cat\/getcc\/wp-content\/uploads\/sites\/65\/2016\/10\/oliv.jpg 981w, https:\/\/webs.uab.cat\/getcc\/wp-content\/uploads\/sites\/65\/2016\/10\/oliv-175x300.jpg 175w, https:\/\/webs.uab.cat\/getcc\/wp-content\/uploads\/sites\/65\/2016\/10\/oliv-599x1024.jpg 599w, https:\/\/webs.uab.cat\/getcc\/wp-content\/uploads\/sites\/65\/2016\/10\/oliv-768x1313.jpg 768w, https:\/\/webs.uab.cat\/getcc\/wp-content\/uploads\/sites\/65\/2016\/10\/oliv-899x1536.jpg 899w\" sizes=\"auto, (max-width: 981px) 100vw, 981px\" \/><\/figure>\n\n\n\n<figure class=\"wp-block-image size-large\"><img loading=\"lazy\" decoding=\"async\" width=\"931\" height=\"1453\" data-id=\"496\" src=\"https:\/\/webs.uab.cat\/getcc\/wp-content\/uploads\/sites\/65\/2016\/10\/eusk_0.jpg\" alt=\"eusk\" class=\"wp-image-496\" srcset=\"https:\/\/webs.uab.cat\/getcc\/wp-content\/uploads\/sites\/65\/2016\/10\/eusk_0.jpg 931w, https:\/\/webs.uab.cat\/getcc\/wp-content\/uploads\/sites\/65\/2016\/10\/eusk_0-192x300.jpg 192w, https:\/\/webs.uab.cat\/getcc\/wp-content\/uploads\/sites\/65\/2016\/10\/eusk_0-656x1024.jpg 656w, https:\/\/webs.uab.cat\/getcc\/wp-content\/uploads\/sites\/65\/2016\/10\/eusk_0-768x1199.jpg 768w\" sizes=\"auto, (max-width: 931px) 100vw, 931px\" \/><\/figure>\n\n\n\n<figure class=\"wp-block-image size-large\"><img loading=\"lazy\" decoding=\"async\" width=\"185\" height=\"272\" data-id=\"511\" src=\"https:\/\/webs.uab.cat\/getcc\/wp-content\/uploads\/sites\/65\/2016\/10\/ndex.jpg\" alt=\"ndex\" class=\"wp-image-511\" \/><\/figure>\n<\/figure>\n","protected":false},"excerpt":{"rendered":"<p>Institut Ramon Llull donated in 2013 more than seven hundred volumes written by Catalan authors which have been translated into foreign languages. These volumes make up the collection of translated Catalan literature, which is one of the most complete collections in the world dedicated to this matter. There are volumes from medieval times as well [&hellip;]<\/p>\n","protected":false},"author":20,"featured_media":0,"parent":0,"menu_order":0,"comment_status":"closed","ping_status":"closed","template":"","meta":{"footnotes":""},"class_list":["post-534","page","type-page","status-publish","hentry"],"_links":{"self":[{"href":"https:\/\/webs.uab.cat\/getcc\/en\/wp-json\/wp\/v2\/pages\/534","targetHints":{"allow":["GET"]}}],"collection":[{"href":"https:\/\/webs.uab.cat\/getcc\/en\/wp-json\/wp\/v2\/pages"}],"about":[{"href":"https:\/\/webs.uab.cat\/getcc\/en\/wp-json\/wp\/v2\/types\/page"}],"author":[{"embeddable":true,"href":"https:\/\/webs.uab.cat\/getcc\/en\/wp-json\/wp\/v2\/users\/20"}],"replies":[{"embeddable":true,"href":"https:\/\/webs.uab.cat\/getcc\/en\/wp-json\/wp\/v2\/comments?post=534"}],"version-history":[{"count":11,"href":"https:\/\/webs.uab.cat\/getcc\/en\/wp-json\/wp\/v2\/pages\/534\/revisions"}],"predecessor-version":[{"id":2608,"href":"https:\/\/webs.uab.cat\/getcc\/en\/wp-json\/wp\/v2\/pages\/534\/revisions\/2608"}],"wp:attachment":[{"href":"https:\/\/webs.uab.cat\/getcc\/en\/wp-json\/wp\/v2\/media?parent=534"}],"curies":[{"name":"wp","href":"https:\/\/api.w.org\/{rel}","templated":true}]}}