{"id":627,"date":"2010-12-13T12:33:41","date_gmt":"2010-12-13T12:33:41","guid":{"rendered":"https:\/\/webs.uab.cat\/getcc\/josefina-caball-2\/"},"modified":"2024-11-24T17:36:28","modified_gmt":"2024-11-24T17:36:28","slug":"josefina-caball-2","status":"publish","type":"page","link":"https:\/\/webs.uab.cat\/getcc\/en\/josefina-caball-2\/","title":{"rendered":"Josefina Caball"},"content":{"rendered":"\n<blockquote class=\"wp-block-quote is-layout-flow wp-block-quote-is-layout-flow\">\n<p>Universitat Aut\u00f2noma de Barcelona<\/p>\n\n\n\n<p><a href=\"mailto:Josefa.Caball@uab.cat\">Josefa.Caball@uab.cat<\/a><\/p>\n\n\n\n<p>ORCID iD:&nbsp;0000-0002-2498-2964<\/p>\n<\/blockquote>\n\n\n\n<p>Josefina Caball holds a University Diploma (1986) and a BA (1995) in Translation and Interpreting from Universitat Aut\u00f2noma de Barcelona (UAB). She was a foreign language assistant in Spanish at the University of South Carolina, USA (1986-1987). In May 2003, she took part in English-Catalan translation workshops in collaboration with the original authors within the framework of the Conference on Literary Translation held in Tarazona and organized by the Faculty of Translation and Interpreting at UAB; in 2004, she participated in literary translation workshops during the summer course organized by the British Centre for Literary Translation at the University of East Anglia, Norwich, UK. She participated in a postgraduate course in Literary Translation organized by the Faculty of Translation and Interpreting at&nbsp;UAB from 2002 to 2005, \u200b\u200bteaching in workshops on young readers&#8217; literature (English-Catalan). She has been a member of the editorial board of the journal <em>Quaderns: revista de traducci\u00f3 <\/em>since 2007, and an associate lecturer at the Faculty of Translation and Interpretation of the UAB since 1998. She has been a professional translator since 1987.<\/p>\n\n\n\n<p>She is a member of the C\u00e0tedra Jordi Arbon\u00e8s since 2003 and a member of the research group GETCC (Grup d\u2019Estudi de Traducci\u00f3 Catalana Contempor\u00e0nia). Her research interest lies in the study of contemporary translation into Catalan. She has taken part in the organization of four seminars on Catalan translation under the auspices of this C\u00e0tedra.<\/p>\n\n\n\n<h2 class=\"wp-block-heading\">Publications (Selection)<\/h2>\n\n\n\n<p>2023 La traducci\u00f3 <a rel=\"noreferrer noopener\" href=\"https:\/\/visat.cat\/newsletter\/article_2016.php?id=36&amp;idArt=245\" target=\"_blank\">d&#8217;<em>El Color Porpra<\/em><\/a>, d&#8217;Alice Walker. <em>Visat<\/em>, 36 (tardor).<\/p>\n\n\n\n<p>2017 <a rel=\"noreferrer noopener\" href=\"http:\/\/www.visat.cat\/newsletter\/article_2016.php?id=23&amp;idArt=29\" target=\"_blank\">\u00abTraduir Ngugi waThiong&#8217;o\u00bb<\/a>.&nbsp;<em>Visat<\/em>, 23.<\/p>\n\n\n\n<p>2012 <em><a href=\"http:\/\/www.editorialpunctum.com\/coeditors\/getcc\/epistolari-jordi-arbones-matthew-tree\/\" target=\"_blank\" rel=\"noreferrer noopener\">Epistolari Jordi Arbon\u00e8s &amp; Matthew Tree<\/a><\/em>&nbsp;(ed.). Lleida: Punctum.<\/p>\n\n\n\n<p>2008 Les Segones Jornades sobre Traducci\u00f3 i Literatura: <a rel=\"noreferrer noopener\" href=\"http:\/\/www.raco.cat\/index.php\/Estudis\/article\/view\/249423\/333768\" target=\"_blank\">\u00abTraduir contra el franquisme: Maria Aur\u00e8lia Capmany i Manuel de Pedrolo\u00bb<\/a>. <em>Estudis Rom\u00e0nics<\/em>, vol. XXX, p. 588-593.<\/p>\n\n\n\n<h2 class=\"wp-block-heading\">Translations (Selection)<\/h2>\n\n\n\n<p>2024 Magee, Audrey.&nbsp;<em>La col\u00f2nia.&nbsp;<\/em>Barcelona: Edicions del Periscopi.<\/p>\n\n\n\n<p>2024 Fuller, Claire.&nbsp;<em>La mem\u00f2ria dels animals<\/em>. Sant Cugat del Vall\u00e8s: Editorial Les Hores.<\/p>\n\n\n\n<p>2024 Ward, Jesmyn.&nbsp;<em>Aquest m\u00f3n sense llum<\/em>. Barcelona: Edicions del Periscopi.<\/p>\n\n\n\n<p>2023 D\u00edaz, Hern\u00e1n.&nbsp;<em>Fortuna<\/em>. Barcelona: Edicions del Periscopi.<\/p>\n\n\n\n<p>2023 Fuller, Claire.&nbsp;<em>Terra inestable<\/em>. Barcelona: Editorial Les Hores.<\/p>\n\n\n\n<p>2023 Olufemi, Lola.&nbsp;<em>Feminisme Interromput.&nbsp;<\/em>Barcelona: Raig Verd.<\/p>\n\n\n\n<p>2022 Hooks, Bell.\u00a0<em>Ensenyar pensament cr\u00edtic.\u00a0<\/em>Barcelona: Raig Verd.<\/p>\n\n\n\n<p>2022 Walker, Alice.&nbsp;<em>El color porpra<\/em>. Barcelona: Proa.<\/p>\n\n\n\n<p>2021 Ng\u0169g\u0129, wa Thiong\u2019o.&nbsp;<em>El diable a la creu.<\/em>&nbsp;Barcelona: Raig Verd.<\/p>\n\n\n\n<p>2021 Washburn, Kawai Strong.&nbsp;<em>Taurons en temps de salvadors.<\/em>&nbsp;Barcelona: Edicions del Periscopi.<\/p>\n\n\n\n<p>2021&nbsp;Penelople Lively.&nbsp;<em>Moon Tiger.&nbsp;<\/em>Barcelona:&nbsp;L&#8217;Altra Editorial.<\/p>\n\n\n\n<p>2020Ng\u0169g\u0129&nbsp;wa Thiong&#8217;o.&nbsp;<em>Neix un teixidor de somnis.&nbsp;<\/em>Barcelona: Raig Verd.<\/p>\n\n\n\n<p>2020&nbsp;D\u00edaz, Hern\u00e1n.&nbsp;<em>A l&#8217;horitz\u00f3<\/em>. Barcelona: Edicions del Periscopi.<\/p>\n\n\n\n<p>2020&nbsp;Bouchani, Behrouz. <em>Cap altre amic que les muntanyes<\/em>. Barcelona: Raig Verd.<\/p>\n\n\n\n<p>2020 Ibram X.&nbsp;<em>Com ser antiracista<\/em>. Kendi (cotraducci\u00f3 amb Blanca Busquets). Barcelona: Raig Verd.<\/p>\n\n\n\n<p>2019 Burns, Anna.&nbsp;<em>Milkman<\/em>. Barcelona: Edicions de 1984.<\/p>\n\n\n\n<p>2019 Ng\u0169g\u0129&nbsp;wa Thiong&#8217;o.&nbsp;<em>La revoluci\u00f3 vertical<\/em>. Barcelona: Raig Verd.<\/p>\n\n\n\n<p>2019 Several authors&nbsp;(Vanda Shiva, Maria Mies, Yayo Herrero&#8230;).&nbsp;<em>Per qu\u00e8 les dones salvaran el planeta<\/em>. Barcelona: Raig Verd.<\/p>\n\n\n\n<p>2019 Egan, Jennifer.&nbsp;<em>Manhattan Beach<\/em>. Barcelona: Edicions de 1984.<\/p>\n\n\n\n<p>2018 Ford, Richard.&nbsp;<em>Entre ells dos<\/em>. Barcelona: Editorial Emp\u00faries.<\/p>\n\n\n\n<p>2018&nbsp;Thiong&#8217;o,&nbsp;Ngugi wa.&nbsp;<em>Lluitar amb el diable<\/em>. Barcelona: Raig Verd.<\/p>\n\n\n\n<p>2018 Ward, Jesmyn. <em>Canteu, esperits, canteu<\/em>. Barcelona: Edicions del Periscopi.&nbsp;<\/p>\n\n\n\n<p>2018 Berlin,Lucia.&nbsp;<em>Un vespre al parad\u00eds<\/em>. Barcelona: L&#8217;Altra Editorial.<\/p>\n\n\n\n<p>2017 Flanagan, Richard. <em>Desig<\/em>. Barcelona: Raig Verd.<\/p>\n\n\n\n<p>2017 Gornkick, Vivian.&nbsp;<em>Vincles ferotges\/La dona singular i la ciutat.<\/em>&nbsp;Barcelona: L\u2019Altra Editorial.<\/p>\n\n\n\n<p>2016&nbsp;Flanagan,&nbsp;Richard.&nbsp;<em>L\u2019estret cam\u00ed cap al nord profund.<\/em>&nbsp;Barcelona: Raig Verd.<\/p>\n\n\n\n<p>2016&nbsp;Thiongo,&nbsp;Ng\u0169g\u0129 Wa.&nbsp;<em>Somnis en temps de guerra<\/em>. Barcelona: Raig Verd.<\/p>\n\n\n\n<p>2016 Bauman,&nbsp;Zygmunt.&nbsp;<em>Desconeguts a la porta de casa<\/em>. Barcelona: Arc\u00e0dia.<\/p>\n\n\n\n<p>2016 Coates,&nbsp;Ta-Nehisi.&nbsp;<em>Entre el m\u00f3n i jo.<\/em>&nbsp;Barcelona: Emp\u00faries.<\/p>\n\n\n\n<p>2015&nbsp;Flanagan,&nbsp;Richard.&nbsp;<em>Mort d\u2019un guia de riu<\/em>. Barcelona: Raig Verd.<\/p>\n\n\n\n<p>2015 Barber, Benjamin.&nbsp;<em>Si els alcaldes governessin el m\u00f3n<\/em>. Barcelona: Arc\u00e0dia.<\/p>\n\n\n\n<p>2015 Burton, Jessie.&nbsp;<em>La casa de les miniatures.<\/em>Barcelona: Amsterdam\/Ara Llibres.<\/p>\n\n\n\n<p>2014 Bauman, Zygmunt.&nbsp;<em>La riquesa d&#8217;uns quants beneficia a tothom?<\/em>&nbsp;Barcelona: Arc\u00e0dia.<\/p>\n\n\n\n<p>2013 Gray, Alasdair. <em>Hist\u00f2ries inversemblants, en general<\/em>. Barcelona: Raig Verd.<\/p>\n\n\n\n<p>2013 Harbach, Chad. <em>L\u2019art de la defensa<\/em>. Barcelona: Columna.<\/p>\n\n\n\n<p>2013 Ford, Richard. <em>Canad\u00e0<\/em>. Barcelona: Emp\u00faries.<\/p>\n\n\n\n<p>2013 Steiner, George. <em>Fragments (d&#8217;un pergam\u00ed malm\u00e8s pel foc)<\/em>. Barcelona: Arc\u00e0dia.<\/p>\n\n\n\n<p>2012 Canty, Kevin. <em>Tot<\/em>. Barcelona: Emp\u00faries.<\/p>\n\n\n\n<p>2012 Savage, Sam. <em>Vidre<\/em>. Barcelona: Columna.<\/p>\n\n\n\n<p>2012 Davies, Katie. <em>Alerta m\u00e0xima. Operaci\u00f3 conill<\/em>. Barcelona: Cru\u00eflla.<\/p>\n\n\n\n<p>2012 Diffenbaugh, Vanessa. <em>El llenguatge secret de les flors<\/em>. Barcelona: Edicions 62.<\/p>\n\n\n\n<p>2012 Jahanbegloo, Ramin. <em>L&#8217;hora de Gandhi.<\/em> Barcelona: Gal\u00e0xia Gutenberg\/Cercle de Lectors.<\/p>\n\n\n\n<p>2012 Steiner, George. <em>La poesia del pensament<\/em>. Barcelona: Arc\u00e0dia.<\/p>\n\n\n\n<p>2011 Davies, Katie. <em>La gran matan\u00e7a dels h\u00e0msters<\/em>. Barcelona: Cru\u00eflla.<\/p>\n\n\n\n<p>2011 Franzen, Jonathan. <em>Llibertat<\/em>. Barcelona: Columna.<\/p>\n\n\n\n<p>2011 Savage, Sam.<em> El crit del peres\u00f3s<\/em>. Barcelona: La Butxaca.<\/p>\n\n\n\n<p>2011 Sharpe, Tom. <em>L&#8217;her\u00e8ncia de Wilt<\/em>. Barcelona: Columna.<\/p>\n\n\n\n<p>2011 Wroblewski, David. <em>La hist\u00f2ria d&#8217;Edgar Sawtelle<\/em>. Barcelona: La Butxaca.<\/p>\n\n\n\n<p>2010 Bauman, Zygmunt<strong>. <\/strong><em>El temps no espera.<\/em> Barcelona: Arc\u00e0dia.<\/p>\n\n\n\n<p>2009 DeLillo, Don. <em>L\u2019home del salt<\/em>. Barcelona: Edicions 62.<\/p>\n\n\n\n<p>2009 Gaiman, Neil. <em>El llibre del cementiri.<\/em> Barcelona: Estrella Polar.<\/p>\n\n\n\n<p>2009 Pullman, Philip<strong><em>. <\/em><\/strong><em>El pont trencat<\/em>. Barcelona: Estrella Polar.<\/p>\n\n\n\n<p>2009 Welty, Eudora. <em>La filla de l\u2019optimista<\/em>. Barcelona: Edicions 62.<\/p>\n\n\n\n<p>2009 Sharpe, Tom.<em> Els Grope<\/em>. Barcelona: Columna.<\/p>\n\n\n\n<p>2008 Rieff, David<strong>.<\/strong> <em>En un mar de mort.<\/em> Barcelona: La Magrana.<\/p>\n\n\n\n<p>2007 Yates, Richard. <em>Revolutionary Road<\/em> . Barcelona: Proa.<\/p>\n\n\n\n<p>2005 McCaughrean, Geraldine. <em>No \u00e9s la fi del m\u00f3n<\/em>. Barcelona: Cru\u00eflla.<\/p>\n\n\n\n<p>2005 Rees, Laurence. <em>Auschwitz, la Soluci\u00f3 Final<\/em>. Barcelona: Columna.<\/p>\n\n\n\n<p>1999 Beyer, Landon E.;&nbsp;Liston, Daniel P. <em>El curr\u00edculo en conflicto<\/em>. Madrid: Akal Ediciones.<\/p>\n\n\n\n<p>1993 Lamb, Charles i Mary<strong>.<\/strong><em> Contes de Shakespeare<\/em>. Barcelona: Barcanova.<\/p>\n\n\n\n<p>1991 Dickens, Charles. <em>Can\u00e7\u00f3 de Nadal<\/em>. Barcelona: Barcanova.<\/p>\n\n\n\n<p>1988-1989 Blyton, Enid. Col.lecci\u00f3 \u00abLes bessones O\u2019Sullivan\u00bb. Barcelona: Molino (five volumes).<\/p>\n\n\n\n<p>1988 Sharpe, Tom<strong>. <\/strong><em>El bastard<\/em>. Barcelona: Columna.<\/p>\n","protected":false},"excerpt":{"rendered":"<p>Universitat Aut\u00f2noma de Barcelona Josefa.Caball@uab.cat ORCID iD:&nbsp;0000-0002-2498-2964 Josefina Caball holds a University Diploma (1986) and a BA (1995) in Translation and Interpreting from Universitat Aut\u00f2noma de Barcelona (UAB). She was a foreign language assistant in Spanish at the University of South Carolina, USA (1986-1987). In May 2003, she took part in English-Catalan translation workshops in [&hellip;]<\/p>\n","protected":false},"author":20,"featured_media":0,"parent":0,"menu_order":0,"comment_status":"closed","ping_status":"closed","template":"","meta":{"footnotes":""},"class_list":["post-627","page","type-page","status-publish","hentry"],"_links":{"self":[{"href":"https:\/\/webs.uab.cat\/getcc\/en\/wp-json\/wp\/v2\/pages\/627","targetHints":{"allow":["GET"]}}],"collection":[{"href":"https:\/\/webs.uab.cat\/getcc\/en\/wp-json\/wp\/v2\/pages"}],"about":[{"href":"https:\/\/webs.uab.cat\/getcc\/en\/wp-json\/wp\/v2\/types\/page"}],"author":[{"embeddable":true,"href":"https:\/\/webs.uab.cat\/getcc\/en\/wp-json\/wp\/v2\/users\/20"}],"replies":[{"embeddable":true,"href":"https:\/\/webs.uab.cat\/getcc\/en\/wp-json\/wp\/v2\/comments?post=627"}],"version-history":[{"count":5,"href":"https:\/\/webs.uab.cat\/getcc\/en\/wp-json\/wp\/v2\/pages\/627\/revisions"}],"predecessor-version":[{"id":2182,"href":"https:\/\/webs.uab.cat\/getcc\/en\/wp-json\/wp\/v2\/pages\/627\/revisions\/2182"}],"wp:attachment":[{"href":"https:\/\/webs.uab.cat\/getcc\/en\/wp-json\/wp\/v2\/media?parent=627"}],"curies":[{"name":"wp","href":"https:\/\/api.w.org\/{rel}","templated":true}]}}