{"id":641,"date":"2014-01-28T12:14:32","date_gmt":"2014-01-28T12:14:32","guid":{"rendered":"https:\/\/webs.uab.cat\/getcc\/jordi-cornella-detrell-2\/"},"modified":"2026-01-10T13:14:43","modified_gmt":"2026-01-10T13:14:43","slug":"jordi-cornella-detrell-2","status":"publish","type":"page","link":"https:\/\/webs.uab.cat\/getcc\/en\/jordi-cornella-detrell-2\/","title":{"rendered":"Jordi Cornell\u00e0-Detrell"},"content":{"rendered":"\n<blockquote class=\"wp-block-quote is-layout-flow wp-block-quote-is-layout-flow\">\n<p>University of Glasgow (Scotland)<\/p>\n\n\n\n<p><a href=\"mailto:Jordi.cornella@glasgow.ac.uk\">Jordi.cornella@glasgow.ac.uk<\/a><\/p>\n\n\n\n<p>ORCID iD:&nbsp;0000-0003-1048-9834<\/p>\n<\/blockquote>\n\n\n\n<p>Jordi Cornell\u00e0-Detrell studied at Universitat de Girona (1994-1998) and then he went on to complete his PhD at Lancaster University (2002-2006). He is currently a lecturer in Hispanic Studies at the University of Glasgow. Previously he had been lecturer in Spanish Studies at Bangor University (2006-2013). His research interests focus mostly on the post-war publishing industry, censorship and translation during Franco\u2019s regime, 20th-century Catalan and Spanish literature and multilingual literature. He has published the monographs <em>Literature as a Response to Cultural and Political Repression in Franco\u2019s Catalonia<\/em> (Tamesis, 2011) and <em>El pluriling\u00fcisme en la literatura catalana<\/em> (Vitel\u00b7la, 2014, with Albert Rossich). His current project sets out to examine the effects of censorship on translation during and after Franco\u2019s regime in order to shed light on the dictatorship\u2019s cultural policies and post-war publishing and translation practices. He has been awarded with the Premi Fundaci\u00f3 Merc\u00e8 Rodoreda (2009) and his research has been funded by the British Academy and the Arts and Humanities Research Council (AHRC).<\/p>\n\n\n\n<p>More information&nbsp;<a href=\"http:\/\/www.gla.ac.uk\/schools\/mlc\/staff\/jordicornella\/#tabs=0\" target=\"_blank\" rel=\"noreferrer noopener\">here<\/a><\/p>\n\n\n\n<p>You can check an interview&nbsp;<a rel=\"noreferrer noopener\" href=\"http:\/\/www.vilaweb.cat\/noticies\/la-censura-franquista-que-no-marxa\/\" target=\"_blank\">here<\/a>&nbsp;(<em>Vilaweb<\/em>, 2nd October 2016)<\/p>\n\n\n\n<h2 class=\"wp-block-heading\">Publications<\/h2>\n\n\n\n<p>2025 \u00ab<a href=\"https:\/\/www.manchesterhive.com\/view\/journals\/jbr\/11\/1\/article-p104.xml\" data-type=\"link\" data-id=\"https:\/\/www.manchesterhive.com\/view\/journals\/jbr\/11\/1\/article-p104.xml\">James Baldwin in Spain: Reception, Censorship and Political (Mis)appropriations<\/a>\u00bb. James Baldwin Review, 11(1), p. 104-130.<\/p>\n\n\n\n<p>2023 \u00abNovel\u00b7la i pluriling\u00fcisme en la literatura catalana contempor\u00e0nia. Comp\u00e0s d&#8217;amalgama\u00bb, 8, p. 2-7.<\/p>\n\n\n\n<p>2023 Transgressi\u00f3 i erotisme en la literatura catalana del segle xx. In: Miralles, E., Sogues, M. i Valsalobre, P. (ed.). <em>Sou lo que podeu mostrar que haveu begut d\u2019aquesta font<\/em>. Homenatge al professor Albert Rossich. Afers: Catarroja \/ Barcelona, p. 79-94.<\/p>\n\n\n\n<p>2022 La memoria asediada: novela hist\u00f3rica, Guerra Civil y 1714 en la novela catalana contempor\u00e1nea = Memory under siege: historical novels, the civil war and 1714 in the contemporary Catalan novel. In: Oleza, J. (ed.). <em>Claves ib\u00e9ricas de la Guerra Civil: memorias y narrativas = Iberian Keys to the Civil War: Memories and Narratives<\/em>. Editorial Renacimiento: Sevilla, p. 463-506.<\/p>\n\n\n\n<p>2022 El Llamp (Barcelona, 1983-1995). [<a href=\"https:\/\/www.cervantesvirtual.com\/obra\/el-llamp-barcelona-1983-1995-semblanza-1140618\/\" target=\"_blank\" rel=\"noreferrer noopener\">Website<\/a>]&nbsp;<\/p>\n\n\n\n<p>2021&nbsp;\u00ab<a rel=\"noreferrer noopener\" href=\"https:\/\/eprints.gla.ac.uk\/273739\/\" target=\"_blank\">La censura franquista y el patrimonio bibliogr\u00e1fico\u00bb.<\/a>&nbsp;<em><a rel=\"noreferrer noopener\" href=\"https:\/\/eprints.gla.ac.uk\/view\/journal_volume\/Boletin_ANABAD.html\" target=\"_blank\">Boletin ANABAD<\/a><\/em>, 2021(4), p. 10-40.<\/p>\n\n\n\n<p>2021 \u00abLectores, libreros y distribuidores ante la represi\u00f3n cultural: la circulaci\u00f3n de libros clandestinos durante el franquismo\u00bb. In: Agust\u00ed, L., Bar\u00f3, M. and Rueda Ram\u00edrez, P. (eds.).&nbsp;<em>Redes del libro en Espa\u00f1a. Agentes y circulaci\u00f3n del impreso (siglos XVII-XX)<\/em>. Series: In Culpa Est. Prensas de la Universidad de Zaragoza: Zaragoza, p. 341-364.<\/p>\n\n\n\n<p>2020 \u00abMultilingualism in contemporary Catalan literatura\u00bb. A: Larios, J. and Lunati, M. (eds.).&nbsp;<em>Catalan Narrative 1875-2015<\/em>. Legenda: Cambridge, p. 49-68.<\/p>\n\n\n\n<p>2020 \u00abImportaci\u00f3n, venta y consumo de libros ilegales durante el franquismo\u00bb. In: Larraz, Fernando; Mengual, Josep; Sopena, Mireia (ed.).&nbsp;<em>Pliegos alzados. La historia de la edici\u00f3n, a debate<\/em>. Gij\u00f3n: Trea, p. 237-250.<\/p>\n\n\n\n<p>2019 \u00abMultilingualism in contemporary Catalan literature\u00bb. In:&nbsp;Larios, J.&nbsp;(ed.)&nbsp;<em>Catalan Narrative 1870-2015<\/em>.&nbsp;Cambridge:&nbsp;Legenda.<\/p>\n\n\n\n<p>2019 \u00abProvocaci\u00f3 i esc\u00e0ndol a l&#8217;obra de Prudenci Bertrana\u00bb. In: Department de Cultura (ed.). <em>Actes del Simposi Internacional Prudenci i Aurora Bertrana<\/em>. <em>Entre dos silencis<\/em>. Barcelona: Instituci\u00f3 de les Lletres Catalanes, p. 181-200.<\/p>\n\n\n\n<p>2018 \u00ab&#8221;&#8230; And the great bird of war flew past with its wings outstretched&#8221;: the aesthetic recreation of trauma in Jordi Coca&#8217;s <em>Sota la pols<\/em> (2001)\u00bb. In:&nbsp;Davies, L. H.; Walters, D. G.; Hall, J. B.&nbsp;(eds.). <em>Catalan Culture: Experimentation, Creative Imagination and the Relationship with Spain<\/em>.&nbsp;Cardiff: University of Wales Press, p. 117-137.<\/p>\n\n\n\n<p>2018 \u00abLa circulaci\u00f3 de llibres clandestins durant el franquisme\u00bb. <em>Querol<\/em>, 22, p. 44-50.<\/p>\n\n\n\n<p>2018 <em>Translation and Global Spaces of Power<\/em> (ed.). Clevedon: Multilingual Matters [in collaboration&nbsp;with S. Baumgarten].<\/p>\n\n\n\n<p>2018 \u00abTranslation and the Economies of Power\u00bb. Dins: Cornell\u00e0, J.; Baumgarten, S.&nbsp;(eds.). <em>Translation and Global Spaces of Power<\/em>.&nbsp;Clevedon: Multilingual Matters, p. 11-26 [in collaboration&nbsp;with S. Baumgarten].<\/p>\n\n\n\n<p>2018 \u00abIntroduction: Translation, Hegemony and Domination in a Globalized World\u00bb. Dins:&nbsp;Cornell\u00e0, J.; Baumgarten, S.&nbsp;(eds.). <em>Translation and Global Spaces of Power<\/em>.&nbsp;Clevedon: Multilingual Matters, p. 1-8 [in collaboration&nbsp;with S. Baumgarten].<\/p>\n\n\n\n<p>2018 \u00abConclusion: Translation, Power and Social Justice\u00bb. Dins:&nbsp;Baumgarten, S.; Cornell\u00e0, J.&nbsp;(eds.). <em>Translation and Global Spaces of Power<\/em>.&nbsp;Clevedon: Multilingual Matters, p. 224-232 [in collaboration&nbsp;with S. Baumgarten].<\/p>\n\n\n\n<p>2017 \u00abTranslation in Times of Technocapitalism (ed.)\u00bb.&nbsp;<em>Target.&nbsp;International Journal of Translation Studies<\/em>, 29 (2) [in collaboration&nbsp;with S. Baumgarten].<\/p>\n\n\n\n<p>2017&nbsp;\u00abIntroduction: Translation in Times of Technocapitalism\u00bb.&nbsp;<em>Target.&nbsp;International Journal of Translation Studies<\/em>, 29 (2), p. 195-202 [in collaboration&nbsp;with S. Baumgarten].<\/p>\n\n\n\n<p>2017&nbsp;\u00abEstrat\u00e8gies contra la censura durant el per\u00edode democr\u00e0tic: reedici\u00f3, reescriptura i pol\u00edtiques editorials\u00bb. In: Bacard\u00ed, Montserrat; Godayol, Pilar (eds.). <em><a href=\"http:\/\/www.editorialpunctum.com\/coeditors\/getcc\/traduccio-i-franquisme\/\" target=\"_blank\" rel=\"noreferrer noopener\">Traducci\u00f3 i franquisme<\/a><\/em>. Lleida: Punctum, p. 121-137.<\/p>\n\n\n\n<p>2016&nbsp;\u00ab&#8221;El terratr\u00e8mol de les Lletres catalanes&#8221;: traducci\u00f3, censura i mercat del llibre en catal\u00e0 als anys 60\u00bb. In: Vilardell, Laura&nbsp;(ed.).&nbsp;<em>Traducci\u00f3 i censura en el franquisme<\/em>. Barcelona: Publicacions de l&#8217;Abadia de Montserrat, p. 97-126.<\/p>\n\n\n\n<p>2016&nbsp;<a href=\"http:\/\/www.raco.cat\/index.php\/AnuariTrilcat\/article\/view\/316097\" target=\"_blank\" rel=\"noreferrer noopener\">\u00abJordi Amat, <em>El llarg proc\u00e9s: Cultura i pol\u00edtica a la Catalunya contempor\u00e0nia (1937-2014)<\/em>\u00bb<\/a>. <em>Anuari Trilcat<\/em>, 6, p. 138-141.<\/p>\n\n\n\n<p>2016&nbsp;\u00abEspriu o la diab\u00f2lica mania de reescriure\u00bb.<em> Indesinenter.&nbsp;Anuari Espriu<\/em>, 10, p. 305-309.<\/p>\n\n\n\n<p>2016 \u00abBarcelona, la ciutat dels llibres prohibits. Importaci\u00f3, venda i consum del libres il\u00b7legals durant el franquisme\u00bb.&nbsp;<em>L\u2019Aven\u00e7<\/em>, 419 (January), p. 40-48.<\/p>\n\n\n\n<p>2015&nbsp;<a href=\"http:\/\/revistas.ucm.es\/index.php\/RFRM\/article\/view\/54693\" target=\"_blank\" rel=\"noreferrer noopener\">\u00ab&#8221;Una novel\u00b7la pornogr\u00e1fica, per favor!&#8221;: Esc\u00e1ndalo y provocaci\u00f3n en la literatura catalana (primera mitad del siglo XX)\u00bb<\/a>. <em>Revista de Filolog\u00eda Rom\u00e1nica<\/em>, vol. 32 (1).<\/p>\n\n\n\n<p>2015 \u00abLa persistencia de la censura franquista durante el periodo democr\u00e1tico\u00bb.<em>&nbsp;Quimera.&nbsp;Revista de Literatura<\/em>, 374 (January), p. 47-49.<\/p>\n\n\n\n<p>2015 \u00abLa obra de James Baldwin ante la censura franquista: el contrabando de libros, la conexi\u00f3n latinoamericana y la evoluci\u00f3n del sector editorial peninsular\u00bb.&nbsp;<em>Represura. Revista de Historia Contempor\u00e1nea espa\u00f1ola en torno a la represi\u00f3n y la censura aplicadas al libro<\/em>, 1 (1), p. 32-60.<\/p>\n\n\n\n<p>2014&nbsp;<em>El pluriling\u00fcisme en la literatura catalana<\/em>. Bellcaire d&#8217;Empord\u00e0: Edicions Vitel.la [in collaboration&nbsp;with&nbsp;Albert Rossich].<\/p>\n\n\n\n<p>2013&nbsp;<a href=\"http:\/\/ddd.uab.cat\/pub\/quaderns\/quaderns_a2013n20\/quaderns_a2013n20p47.pdf\">\u00abL\u2019auge de la traducci\u00f3 en llengua catalana als anys 60: el desgla\u00e7 de la censura, el XVI Congreso Internacional de Editores i el problema dels drets d\u2019autor\u00bb<\/a>.&nbsp;<em>Quaderns.&nbsp;Revista de Traducci\u00f3<\/em>, 20, p. 47-67.<\/p>\n\n\n\n<p>2013 \u00abThe Afterlife of Francoist Cultural Policies: Censorship and Translation in the Catalan and Spanish Literary Market\u00bb.&nbsp;<em>Hispanic Research Journal<\/em>. 14 (2), p. 129-143.<\/p>\n\n\n\n<p>2012 \u00abQuan el metge \u00e9s la malaltia: higiene, neurast\u00e8nia i s\u00edfilis a la &#8220;trilogia femenina&#8221; de Carles Soldevila\u00bb.&nbsp;<em>Journal of Iberian and Latin American Studies<\/em>, 18 (2-3), p. 129-143.<\/p>\n\n\n\n<p>2012&nbsp;<a href=\"http:\/\/trilcat.upf.edu\/wp-content\/uploads\/2013\/01\/cornella-AT2.pdf\">\u00abLa censura despr\u00e9s dels censors: algunes reflexions sobre aspectes no resolts de l&#8217;her\u00e8ncia cultural del franquisme\u00bb<\/a>.&nbsp;<em>Anuari Trilcat<\/em>, 2, p. 27-47.<\/p>\n\n\n\n<p>2011&nbsp;<em>Literature as a Response to Cultural and Political Repression in Franco\u2019s Catalonia.&nbsp;<\/em>Tamesis: Woodbridge,&nbsp;Serie A, Monograf\u00edas, 295.<\/p>\n\n\n\n<p>2011 \u00abSocial, National and Sexual Dissent in Blai Bonet\u2019s&nbsp;<em>M\u00edster Evasi\u00f3<\/em>&nbsp;(1969)\u00bb.&nbsp;<em>Journal of Catalan Studies<\/em>, 14, p. 60-88.<\/p>\n\n\n\n<p>2010 \u00abTraducci\u00f3 i censura en la represa cultural dels anys 1960\u00bb.&nbsp;<em>L\u2019Aven\u00e7,<\/em>&nbsp;359, p. 44-51.<\/p>\n\n\n\n<p>2010 \u00abCatalan Literature, 2005-2007\u00bb.&nbsp;<em>The Year\u2019s Work in Modern Language Studies<\/em>, 70, p. 386-401.<\/p>\n\n\n\n<p>2009 \u00abThe Undercurrents of History: Spies, Traumas, Homicidal Somnambulism and Conspiracy Theories in Joan Sales\u2019&nbsp;<em>Incerta gl\u00f2ria<\/em>\u00bb.&nbsp;<em>Journal of Iberian and Latin American Studies<\/em>, 15 (2-3), p. 107-124.<\/p>\n\n\n\n<p>2008&nbsp;<em>Diccionari de la literatura catalana<\/em>&nbsp;[45 entries]. Enciclop\u00e8dia Catalana.<\/p>\n\n\n\n<p>2008 \u00abFelip Palma\/Palmira Vent\u00f3s: la escritura como doble rendici\u00f3n\u00bb.&nbsp;In: Nieva-de la Paz, P.;&nbsp;Wright, S.;&nbsp;Davies, C.;&nbsp;Vilches-de Frutos, F. (eds.).&nbsp;<em>Mujer, Literatura y Esfera P\u00fablica: Espa\u00f1a 1900-1940<\/em>. Philadelphia:&nbsp;Society of Spanish and Spanish-American Studies.<\/p>\n\n\n\n<p>2008&nbsp;\u00abModern Catalan literature\u00bb.&nbsp;<em>Year&#8217;s Work in Modern Language Studies<\/em>, 70, p. 386-401.<\/p>\n\n\n\n<p>2007 \u00abOralitat i escriptura en la literatura catalana de postguerra\u00bb.&nbsp;In: Mart\u00ed, S.;&nbsp;Cabr\u00e9, M.;&nbsp;Narc\u00eds, I.; Feliu, F. (eds.).&nbsp;<a href=\"http:\/\/books.google.es\/books?id=bSUHa0GPsvYC&amp;lpg=PP1&amp;hl=ca&amp;pg=PP1#v=onepage&amp;q&amp;f=false\"><em>Actes del Tretz\u00e8 Col\u00b7loqui Internacional de Llengua i Literatura Catalanes<\/em><\/a>. Barcelona: Publicacions de l&#8217;Abadia de Montserrat, vol.&nbsp;II, p. 117-129.<\/p>\n\n\n\n<p>2007&nbsp;<a href=\"http:\/\/www.tandfonline.com\/doi\/pdf\/10.1080\/14753820701237464\">\u00abThe Endless Night of Xavier Benguerel: a New Critical Approach to&nbsp;<em>El testament<\/em>\u00bb<\/a>.&nbsp;<em>Bulletin of Spanish Studies<\/em>, 84 (2), p. 22-238.<\/p>\n\n\n\n<p>2006&nbsp;<a href=\"http:\/\/www.raco.cat\/index.php\/RevistaGirona\/article\/view\/96199\/130166\">\u00abPalmira Vent\u00f3s, escriptora sense biografia\u00bb<\/a>.&nbsp;<em>Revista de Girona<\/em>, 235, p. 61-66.<\/p>\n\n\n\n<p>2006&nbsp;<a href=\"http:\/\/www.raco.cat\/index.php\/RevistaGirona\/article\/view\/96198\/130165\">\u00abDel tombant de segle a la postguerra\u00bb<\/a>.&nbsp;<em>Revista de Girona<\/em>, 235, p. 58-60.<\/p>\n\n\n\n<p>2005 \u00abIntroducci\u00f3 a l\u2019obra de Jaume Ministral\u00bb.&nbsp;<em>Ciutat Petita i Delicada<\/em>. p. 7-21. CCG.<\/p>\n\n\n\n<p>2005 \u00abEstereotips, pluriling\u00fcisme i identitat en el teatre popular\u00bb. In: Armangu\u00e9 i Herrero, J. (ed.).&nbsp;<em>Oralit\u00e0 e memoria:&nbsp;Identit\u00e0 e Immaginario Collettivo nel Mediterraneo Occidentale<\/em>. Cagliari: Arxiu de Tradicions.<\/p>\n\n\n\n<p>2005&nbsp;\u00abTom\u00e1s Roig i Llop, la recuperaci\u00f3 de la infantesa a trav\u00e9s de l&#8217;escriptura\u00bb.&nbsp;<em>Revista de Girona<\/em>, 179, p. 63-69.<\/p>\n\n\n\n<p>2003&nbsp;\u00abPluriling\u00fcisme i com\u00e8dia al teatre de Barcelona\u00bb. In: Armangu\u00e9 i Herrero, J. (ed.).&nbsp;<em>Le Lingue del Popolo: Contatto Linguistico Nella Letterature Popolare del Mediterraneo Occidentale<\/em>. Grafica della Parteolla: Algero, p. 59-68.&nbsp;<\/p>\n\n\n\n<p>2002&nbsp;<em>Els models ling\u00fc\u00edstics d\u2019Europa<\/em>. Girona: Universitat de Girona i Institut de Llengua i Cultura Catalanes [in collaboration&nbsp;with Cristina Juher].<\/p>\n\n\n\n<p>2000&nbsp;<em>Hist\u00f2ria de la llengua. Report de la recerca a Catalunya (1990-1995)<\/em>. Institut d&#8217;Estudis Catalans [in collaboration&nbsp;with Joan Mart\u00ed Castell and others].<\/p>\n\n\n\n<p>1999&nbsp;\u00abEl m\u00f3n novel\u00b7lesc de Jaume Ministral\u00bb.&nbsp;<em>Revista de Girona<\/em>, 194, p. 84-88.<\/p>\n\n\n\n<h2 class=\"wp-block-heading\">Lectures &amp; Papers<\/h2>\n\n\n\n<p>2025 British Comparative Literature Association. Online Research Seminar \u2018Literature, History, and Translation\u2019. <em>Rethinking Translation, Censorship and the Literary Marketplace under Franco&#8217;s Dictatorship<\/em>.<\/p>\n\n\n\n<p>2025 Biblioteca de Catalunya, Barcelona. Jornada \u2018Les veus de la cultura catalana durant el franquisme\u2019. <em>Escriptors, lectors i censura durant la dictadura franquista<\/em>.<\/p>\n\n\n\n<p>2024 Jornades Catalunya Coneixement 2024 de la Societat Catalana d&#8217;Hist\u00f2ria Cultural, Barcelona. <em>De&nbsp;Felip Palma&nbsp;a Palmira Vent\u00f3s: \u00e8xit i marginaci\u00f3 d&#8217;una escriptora en tr\u00e0nsit<\/em>.<\/p>\n\n\n\n<p>2024 LXIX Anglo-Catalan Society Annual Conference, University of Strathclyde. <em>Consum ling\u00fc\u00edstic preferent: normalitzaci\u00f3 i multiling\u00fcisme en la nova literatura catalana<\/em>.<\/p>\n\n\n\n<p>2023 University of New York. <em>Censorship After the Censors: the Long-Lasting Impact of Cultural Repression<\/em>.<\/p>\n\n\n\n<p>2023 Association of Hispanists of Great Britain and Ireland (AHGBI) 68th Annual Conference, Trinity College, Dublin. <em>Esta lamentabil\u00edsima traducci\u00f3n Argentina\u2019: Cultural Hegemony, Linguistic Prejudices and Intralingual Translation during Franco\u2019s Dictatorship.<\/em><\/p>\n\n\n\n<p>2022 Conference \u2018Voix reduites au silence dans l\u2019histoire: traduction, genre et (auto)censure\u2019, Universit\u00e9 de Tours. <em>Recepci\u00f3n y censura de la obra de James Baldwin en el mundo hispano: de la Argentina peronista a la Espa\u00f1a de Franco<\/em>.<\/p>\n\n\n\n<p>2022 M\u00e1ster en Traducci\u00f3n y Mediaci\u00f3n Intercultural, Universidad de Salamanca. <em>Las traducciones invisibles del franquismo: de la venta clandestina de libros durante la dictadura a la presencia de textos censurados en el siglo XXI<\/em>.<\/p>\n\n\n\n<p>2019 Conversa. <em>Franco&#8217;s invisible legacy: books acroos the Hispanic world are still scarred by his censorship<\/em> (15 d&#8217;abril).<\/p>\n\n\n\n<p>2019 Conversa. <em>El legado invisible de la represi\u00f3n cultural franquista: la censura en el siglo XXI<\/em> (22 d&#8217;abril).<\/p>\n\n\n\n<p>2018 Conference \u2018Multilingualism: Empowering Individuals, Transforming Societies\u2019, University of Cambridge. <em>The Politics of Multilingualism in Ramon Solsona\u2019s work<\/em>.<\/p>\n\n\n\n<p>2017 Simposi Internacional Prudenci i Aurora Bertrana, Institut d\u2019Estudis Catalans, Barcelona. <em>Provocaci\u00f3 i esc\u00e0ndol a l\u2019obra novel\u00b7l\u00edstica de Prudenci Bertrana<\/em>\u2019 (por invitaci\u00f3n).<\/p>\n\n\n\n<p>2017 Congr\u00e9s &#8220;Multilingual (Con)figurations: Catalan and Ukranian in Dialogue, University of Cambridge&#8221;. <em>Multilingualism in Contemporary Catalan Literature<\/em>.<\/p>\n\n\n\n<p>2016 Conference \u2018Traducci\u00f3, m\u00f3n editorial i literatura catalana (1975-2000)\u2019, Universitat Pompeu Fabra, Barcelona. <em>Traducci\u00f3, erotisme i (auto)censura epigonal durant la transici\u00f3 i el per\u00edode democr\u00e0tic<\/em>.<\/p>\n\n\n\n<p>2016 Conference Hacia un marco metodol\u00f3gico y te\u00f3rico para la historia de la edici\u00f3n, Universidad de Alcal\u00e1 de Henares. <em>La funci\u00f3n del libro ilegal en el sistema editorial de posguerra<\/em>.<\/p>\n\n\n\n<p>2016 II Jornada d&#8217;Hist\u00f2ria de l&#8217;Edici\u00f3: Exilis, Censures i Resist\u00e8ncies, Universitat de Barcelona.<em> Importaci\u00f3 i distribuci\u00f3 de llibres illegals durant el franquisme<\/em>.<\/p>\n\n\n\n<p>2016 Confer\u00e8ncia &#8220;Blai Bonet i la censura&#8221;, Universitat de les Illes Balears.<em>&nbsp;<\/em>Oh, Calvary!<em> i <\/em>M\u00edster Evasi\u00f3<em>: editar la censura al segle XXI<\/em>.<\/p>\n\n\n\n<p>2016 Association of Hispanists of Great Britain and Ireland, Northumbria University.&nbsp;<em>Multilingualism in Contemporary Catalan Literature<\/em>.<\/p>\n\n\n\n<p>2015&nbsp;International conference \u2018Catalan Narrative 1870-2015\u2019, University of St Andrews.&nbsp;<em>&#8220;El llenguatge \u00e9s una festa&#8221;: Multilingualism in Contemporary Catalan Literature<\/em>.<\/p>\n\n\n\n<p>2015&nbsp;International conference Creativity, Political Repression and Censorship in the Iberian and Ibero-American Context, Funda\u00e7\u00e3o Saramago and Centre for Comparative Studies (Universidade de Lisboa).&nbsp;<em>Censorship and the Illegal Book Trade during Franco&#8217;s Regime<\/em>.&nbsp;<\/p>\n\n\n\n<p>2015&nbsp;North American Catalan Society, Institut d\u2019Estudis Catalans.&nbsp;<em>Lectors, distribuci\u00f3 i promoci\u00f3 de llibres durant el segon franquisme<\/em>.<\/p>\n\n\n\n<p>2014&nbsp;Anglo-Catalan Society annual conference, University of Cork.&nbsp;<em>Del catanyol a la llengua de L&#8217;altra: pluriling\u00fcisme en la literatura catana contempor\u00e0nia<\/em>.&nbsp;<\/p>\n\n\n\n<p>2014&nbsp;Association of Hispanists of Great Britain and Ireland annual conference, University of Galway.&nbsp;<em>Censorship and the Illegal Book Trade during Franco\u2019s Regime<\/em>.<\/p>\n\n\n\n<p>2014&nbsp;International conference \u2018History and Poetics of Memory: Political Violence and the Representation of Franco\u2019s Dictatorship\u2019, Universitat d&#8217;Alacant.&nbsp;<em>\u2026I passava el gran ocell de la guerra amb les ales esteses\u201d: la representaci\u00f3 est\u00e8tica del trauma a&nbsp;<\/em>Sota la pols<em>&nbsp;(Jordi Coca, 2001)<\/em>.&nbsp;<\/p>\n\n\n\n<p>2013&nbsp;International Symposium Salvador Espriu, Queen Mary University of London.&nbsp;<em>The Cycle of Writing, Erasing and Rewriting in Salvador Espriu&#8217;s Early Work<\/em>.<\/p>\n\n\n\n<p>2013&nbsp;Confer\u00e8ncia &#8220;Traducci\u00f3 i censura durant la dictadura franquista&#8221;, Universitat de Vic.&nbsp;<em>Comercialitzaci\u00f3 i censura del llibre en catal\u00e0 als anys 60<\/em>.<\/p>\n\n\n\n<p>2013&nbsp;II Simposi Internacional Salvador Espriu, Centre de Documentaci\u00f3 i Estudi Salvador Espriu (Universitat Aut\u00f2noma de Barcelona).<em>&nbsp;Les revisions de l\u2019obra de Salvador Espriu<\/em>.<\/p>\n\n\n\n<p>2013&nbsp;V Jornades sobre Traducci\u00f3 i Literatura. Traducci\u00f3 i censura, Universitat Aut\u00f2noma de Barcelona.&nbsp;<em>La persist\u00e8ncia de la censura: traducci\u00f3 i pol\u00edtiques editorials dels anys 60 en\u00e7\u00e0<\/em>.<\/p>\n\n\n\n<p>2012&nbsp;Ateneu Barcelon\u00e8s, (Barcelona).&nbsp;Incerta gl\u00f2ria&nbsp;<em>de Joan Sales, novel\u00b7la en clau: alguns secrets d\u2019un text inacabable<\/em>.<\/p>\n\n\n\n<p>2012&nbsp;Association of Hispanists of Great Britain and Ireland annual conference, University of Stirling.&nbsp;<em>The Persistence of Censorship: the Effects of Francoist Cultural Repression on the Contemporary Spanish Literary Market<\/em>.&nbsp;<\/p>\n\n\n\n<p>2011 &#8220;Modernism and minority languages&#8221;, Bangor University.&nbsp;<em>Catalan Modernism, a Contradiction in Terms?<\/em><\/p>\n\n\n\n<p>2011&nbsp;Literatura i Silenci, Casa-Museu Lloren\u00e7 Vilallonga (Mallorca).&nbsp;<em>L\u2019impacte de la censura en les pol\u00edtiques bibliotec\u00e0ries i editorials durant el per\u00edode democr\u00e0tic<\/em>.<\/p>\n\n\n\n<p>2011&nbsp;Anglo Catalan Society annual conference, Queen Mary University of London.&nbsp;<em>Cultura de contraban: importaci\u00f3, distribuci\u00f3 i venda de llibres il\u00b7legals durant el franquisme<\/em>.<\/p>\n\n\n\n<p>2011&nbsp;Universitat Oberta de Catalunya.&nbsp;<em>El franquisme entre nosaltres: traducci\u00f3 i censura del franquisme al per\u00edode democr\u00e0tic<\/em>.<\/p>\n\n\n\n<p>2010&nbsp;Anglo Catalan Society annual conference, Universitat Oberta de Catalunya.&nbsp;<em>La censura sense els censors<\/em>.<\/p>\n\n\n\n<p>2010&nbsp;University of Girona.&nbsp;<em>Traducci\u00f3 i censura als anys 60: passat i present d\u2019un llegat invisible<\/em>.<\/p>\n\n\n\n<p>2010&nbsp;Narratives of Illness in Catalan Culture, Queen Mary University of London.<em>&nbsp;Quan el metge \u00e9s la malaltia: higiene, neurast\u00e8nia i s\u00edfilis a la trilogia femenina de Carles Soldevila<\/em>.<\/p>\n\n\n\n<p>2009&nbsp;Research Forum, Bangor University.&nbsp;<em>The Uncertain Glory of Francoist Censorship: Censorial Intervention in Mailer\u2019s&nbsp;<\/em>The Naked and the Dead<em>&nbsp;and Joan Sales\u2019&nbsp;<\/em>Incerta gl\u00f2ria<em>.<\/em><\/p>\n\n\n\n<p>2009&nbsp;Anglo-Catalan Society Conference annual conference, University of Edinburgh.&nbsp;M\u00edster Evasi\u00f3&nbsp;<em>de Blai Bonet i<\/em>&nbsp;Se\u00f1as de identidad&nbsp;<em>de Juan Goytisolo. Exili i canvi en la societat catalana dels anys 60: dues visions complement\u00e0ries<\/em>.<\/p>\n\n\n\n<p>2007&nbsp;Research Forum, Bangor University.&nbsp;<em>The Macaronic Muse: Investigating the Aesthetic Forms of Multilingualism<\/em>.<\/p>\n\n\n\n<p>2007&nbsp;Anglo Catalan Society annual conference, University of Swansea.&nbsp;<em>Desproblemitzar la naci\u00f3: La reescriptura de<\/em>&nbsp;Laia&nbsp;<em>(1932-1968) de Salvador Espriu<\/em>.<\/p>\n\n\n\n<p>2007&nbsp;International conference &#8220;Mujer, Literatura y Esfera P\u00fablica: Espa\u00f1a 1900-1940&#8221;, Royal Holloway.&nbsp;<em>Felip Palma\/Palmira Vent\u00f3s: La escritura como doble rendici\u00f3n<\/em>.<\/p>\n\n\n\n<p>2006 &nbsp;Association of Hispanists of Great Britain and Ireland annual conference, University of Liverpool.&nbsp;<em>Neither Finished nor Unfinished: an Analysis of the Rewriting Process of Sebasti\u00e0 Joan Arb\u00f3&#8217;s&nbsp;<\/em>Tino Costa<em>&nbsp;(1947\/1967)<\/em>.<\/p>\n\n\n\n<p>2004&nbsp;International Association of Language and Intercultural Communication annual conference, University College Dublin.&nbsp;<em>The macaronic muse: investigating the aesthetic forms of multilingualism<\/em>.<\/p>\n\n\n\n<p>2003&nbsp;13\u00e8 Col\u00b7loqui Internacional de Llengua i Literatura Catalanes, Universitat de Girona.&nbsp;<em>Oralitat i escriptura en la literatura catalana de postguerra<\/em>.<\/p>\n","protected":false},"excerpt":{"rendered":"<p>University of Glasgow (Scotland) Jordi.cornella@glasgow.ac.uk ORCID iD:&nbsp;0000-0003-1048-9834 Jordi Cornell\u00e0-Detrell studied at Universitat de Girona (1994-1998) and then he went on to complete his PhD at Lancaster University (2002-2006). He is currently a lecturer in Hispanic Studies at the University of Glasgow. Previously he had been lecturer in Spanish Studies at Bangor University (2006-2013). His research [&hellip;]<\/p>\n","protected":false},"author":20,"featured_media":0,"parent":0,"menu_order":0,"comment_status":"closed","ping_status":"closed","template":"","meta":{"footnotes":""},"class_list":["post-641","page","type-page","status-publish","hentry"],"_links":{"self":[{"href":"https:\/\/webs.uab.cat\/getcc\/en\/wp-json\/wp\/v2\/pages\/641","targetHints":{"allow":["GET"]}}],"collection":[{"href":"https:\/\/webs.uab.cat\/getcc\/en\/wp-json\/wp\/v2\/pages"}],"about":[{"href":"https:\/\/webs.uab.cat\/getcc\/en\/wp-json\/wp\/v2\/types\/page"}],"author":[{"embeddable":true,"href":"https:\/\/webs.uab.cat\/getcc\/en\/wp-json\/wp\/v2\/users\/20"}],"replies":[{"embeddable":true,"href":"https:\/\/webs.uab.cat\/getcc\/en\/wp-json\/wp\/v2\/comments?post=641"}],"version-history":[{"count":5,"href":"https:\/\/webs.uab.cat\/getcc\/en\/wp-json\/wp\/v2\/pages\/641\/revisions"}],"predecessor-version":[{"id":2872,"href":"https:\/\/webs.uab.cat\/getcc\/en\/wp-json\/wp\/v2\/pages\/641\/revisions\/2872"}],"wp:attachment":[{"href":"https:\/\/webs.uab.cat\/getcc\/en\/wp-json\/wp\/v2\/media?parent=641"}],"curies":[{"name":"wp","href":"https:\/\/api.w.org\/{rel}","templated":true}]}}