{"id":667,"date":"2011-02-10T17:13:53","date_gmt":"2011-02-10T17:13:53","guid":{"rendered":"https:\/\/webs.uab.cat\/getcc\/projects\/"},"modified":"2026-01-26T09:49:21","modified_gmt":"2026-01-26T09:49:21","slug":"projects","status":"publish","type":"page","link":"https:\/\/webs.uab.cat\/getcc\/en\/projects\/","title":{"rendered":"Projects"},"content":{"rendered":"\n<h2 class=\"wp-block-heading\"><strong>Research projects supervised by <strong>GETCC&#8217;s&nbsp;<\/strong>members:<\/strong><\/h2>\n\n\n\n<p><em><em>La traducci\u00f3n catalana en el siglo XXI: la construcci\u00f3n de un nuevo canon literario y cultural<\/em><\/em><br>Main researcher: Montserrat Bacard\u00ed<br>Reference:\u00a0PID2024-156306NB-C21\u00a0<br>Duration: September 2025 &#8211; September 2029<\/p>\n\n\n\n<p><em>La traducci\u00f3n catalana contempor\u00e1nea: censura y pol\u00edticas editoriales, g\u00e9nero e ideolog\u00eda (1939-2000)<\/em><br>Main researcher: Montserrat Bacard\u00ed<br>Reference:&nbsp;FFI2014-52989-C2-1-P<br>Duration: January 2015 &#8211; December 2017<\/p>\n\n\n\n<p><em>La traducci\u00f3n en el sistema literario catal\u00e1n: exilio, g\u00e9nero e ideolog\u00eda (1939-2000)<\/em><br>Main researcher:&nbsp;Montserrat Bacard\u00ed<br>Reference:&nbsp;FFI2010-19851-C2-1-P<br>Duration: January&nbsp;2011 &#8211; December&nbsp;2013<\/p>\n\n\n\n<h2 class=\"wp-block-heading\"><strong>Research projects in which GETCC&#8217;s members collaborate:<\/strong><\/h2>\n\n\n\n<p><em>Red de estudios y datos sobre la edici\u00f3n iberoamericana y transnacional (RED-EDIT)\u200b<\/em><br>Main researcher: Pura Fern\u00e1ndez Rodr\u00edguez (CSIC)<br>Group researcher:&nbsp;Montserrat Bacard\u00ed<br>Reference:&nbsp;RED2018-102343-T<br>Duration: January 2020 &#8211; December 2021<\/p>\n\n\n\n<h2 class=\"wp-block-heading\"><strong><strong>Funds by&nbsp;<\/strong>Ag\u00e8ncia de Gesti\u00f3 d\u2019Ajuts Universitaris i de Recerca (AGAUR):<\/strong><\/h2>\n\n\n\n<p>Grup d\u2019Estudi de la Traducci\u00f3 Catalana Contempor\u00e0nia<br>Main researcher: Montserrat Bacard\u00ed<br>Reference: 2021 SGR 00016<br>Duration: January 2022 \u2013 December 2024<\/p>\n\n\n\n<p>Grup d&#8217;Estudi de la Traducci\u00f3 Catalana Contempor\u00e0nia<br>Main researcher:&nbsp;Montserrat Bacard\u00ed<br>Reference:&nbsp;2017 SGR 1155<br>Duration: January&nbsp;2017 &#8211; December&nbsp;2021<\/p>\n\n\n\n<p>Grup d&#8217;Estudi de la Traducci\u00f3 Catalana Contempor\u00e0nia<br>Main researcher:&nbsp;Montserrat Bacard\u00ed<br>Reference:&nbsp;2014 SGR 285<br>Duration: January&nbsp;2014 &#8211; December&nbsp;2016<\/p>\n\n\n\n<p>Grup d&#8217;Estudi de la Traducci\u00f3 Catalana Contempor\u00e0nia<br>Main researcher:&nbsp;Montserrat Bacard\u00ed<br>Reference:&nbsp;2009 SGR 1294<br>Duration: January&nbsp;2009 &#8211; December&nbsp;2013<\/p>\n","protected":false},"excerpt":{"rendered":"<p>Research projects supervised by GETCC&#8217;s&nbsp;members: La traducci\u00f3n catalana en el siglo XXI: la construcci\u00f3n de un nuevo canon literario y culturalMain researcher: Montserrat Bacard\u00edReference:\u00a0PID2024-156306NB-C21\u00a0Duration: September 2025 &#8211; September 2029 La traducci\u00f3n catalana contempor\u00e1nea: censura y pol\u00edticas editoriales, g\u00e9nero e ideolog\u00eda (1939-2000)Main researcher: Montserrat Bacard\u00edReference:&nbsp;FFI2014-52989-C2-1-PDuration: January 2015 &#8211; December 2017 La traducci\u00f3n en el sistema literario [&hellip;]<\/p>\n","protected":false},"author":20,"featured_media":0,"parent":0,"menu_order":0,"comment_status":"closed","ping_status":"closed","template":"","meta":{"footnotes":""},"class_list":["post-667","page","type-page","status-publish","hentry"],"_links":{"self":[{"href":"https:\/\/webs.uab.cat\/getcc\/en\/wp-json\/wp\/v2\/pages\/667","targetHints":{"allow":["GET"]}}],"collection":[{"href":"https:\/\/webs.uab.cat\/getcc\/en\/wp-json\/wp\/v2\/pages"}],"about":[{"href":"https:\/\/webs.uab.cat\/getcc\/en\/wp-json\/wp\/v2\/types\/page"}],"author":[{"embeddable":true,"href":"https:\/\/webs.uab.cat\/getcc\/en\/wp-json\/wp\/v2\/users\/20"}],"replies":[{"embeddable":true,"href":"https:\/\/webs.uab.cat\/getcc\/en\/wp-json\/wp\/v2\/comments?post=667"}],"version-history":[{"count":7,"href":"https:\/\/webs.uab.cat\/getcc\/en\/wp-json\/wp\/v2\/pages\/667\/revisions"}],"predecessor-version":[{"id":2955,"href":"https:\/\/webs.uab.cat\/getcc\/en\/wp-json\/wp\/v2\/pages\/667\/revisions\/2955"}],"wp:attachment":[{"href":"https:\/\/webs.uab.cat\/getcc\/en\/wp-json\/wp\/v2\/media?parent=667"}],"curies":[{"name":"wp","href":"https:\/\/api.w.org\/{rel}","templated":true}]}}