{"id":671,"date":"2016-11-17T19:17:11","date_gmt":"2016-11-17T19:17:11","guid":{"rendered":"https:\/\/webs.uab.cat\/getcc\/lidia-arumi-cardoner-2\/"},"modified":"2016-11-17T19:17:11","modified_gmt":"2016-11-17T19:17:11","slug":"lidia-arumi-cardoner-2","status":"publish","type":"page","link":"https:\/\/webs.uab.cat\/getcc\/en\/lidia-arumi-cardoner-2\/","title":{"rendered":"L\u00eddia Arum\u00ed Cardoner"},"content":{"rendered":"<p>&nbsp;<\/p>\n<p class=\"rtejustify\">Universitat Aut\u00f2noma de Barcelona<\/p>\n<p class=\"rtejustify\"><a href=\"mailto:Lidia.Arumi@uab.cat\">Lidia.Arumi@uab.cat<\/a><\/p>\n<p class=\"rtejustify\">L\u00eddia Arum\u00ed graduated with honors in&nbsp;Translation and Interpreting (Catalan-English-French) at Universitat Aut\u00f2noma de Barcelona (2011). She holds an MA&nbsp;in Translation, Interpreting and Intercultural Studies&nbsp;(speciality: Translation and Intercultural Studies) by the same university (2012).<\/p>\n<p class=\"rtejustify\">She was scholarship assistant at&nbsp;C\u00e0tedra Jordi Arbon\u00e8s (2010-2011) and scholarship researcher in the Department of Translation and Interpreting at&nbsp;Universitat Aut\u00f2noma de Barcelona. She was also lecturer in Introduction to Technologies of Translation and Interpreting (2011-2012), for exchange students, and in Translation A-A (Catalan-Spanish\/Spanish-Catalan) (2012-2013) at the Faculty&nbsp;of Translation and Interpreting at UAB.<\/p>\n<p class=\"rtejustify\">Her research interest focuses on the history of translation and the translation of literary texts. She studies the post-war theatrical translation and its language models, based on the work of the translator from Reus&nbsp;Bonaventura Vallespinosa i Salvat. Member of GETCC since April&nbsp;2012 to August 2013.<\/p>\n<p class=\"rtejustify\">&nbsp;<\/p>\n","protected":false},"excerpt":{"rendered":"<p>&nbsp; Universitat Aut\u00f2noma de Barcelona Lidia.Arumi@uab.cat L\u00eddia Arum\u00ed graduated with honors in&nbsp;Translation and Interpreting (Catalan-English-French) at Universitat Aut\u00f2noma de Barcelona (2011). She holds an MA&nbsp;in Translation, Interpreting and Intercultural Studies&nbsp;(speciality: Translation and Intercultural Studies) by the same university (2012). She was scholarship assistant at&nbsp;C\u00e0tedra Jordi Arbon\u00e8s (2010-2011) and scholarship researcher in the Department of Translation [&hellip;]<\/p>\n","protected":false},"author":20,"featured_media":0,"parent":0,"menu_order":0,"comment_status":"closed","ping_status":"closed","template":"","meta":{"footnotes":""},"class_list":["post-671","page","type-page","status-publish","hentry"],"_links":{"self":[{"href":"https:\/\/webs.uab.cat\/getcc\/en\/wp-json\/wp\/v2\/pages\/671","targetHints":{"allow":["GET"]}}],"collection":[{"href":"https:\/\/webs.uab.cat\/getcc\/en\/wp-json\/wp\/v2\/pages"}],"about":[{"href":"https:\/\/webs.uab.cat\/getcc\/en\/wp-json\/wp\/v2\/types\/page"}],"author":[{"embeddable":true,"href":"https:\/\/webs.uab.cat\/getcc\/en\/wp-json\/wp\/v2\/users\/20"}],"replies":[{"embeddable":true,"href":"https:\/\/webs.uab.cat\/getcc\/en\/wp-json\/wp\/v2\/comments?post=671"}],"version-history":[{"count":0,"href":"https:\/\/webs.uab.cat\/getcc\/en\/wp-json\/wp\/v2\/pages\/671\/revisions"}],"wp:attachment":[{"href":"https:\/\/webs.uab.cat\/getcc\/en\/wp-json\/wp\/v2\/media?parent=671"}],"curies":[{"name":"wp","href":"https:\/\/api.w.org\/{rel}","templated":true}]}}