{"id":675,"date":"2016-11-17T21:08:05","date_gmt":"2016-11-17T21:08:05","guid":{"rendered":"https:\/\/webs.uab.cat\/getcc\/m-elena-carne\/"},"modified":"2016-11-17T21:08:05","modified_gmt":"2016-11-17T21:08:05","slug":"m-elena-carne","status":"publish","type":"page","link":"https:\/\/webs.uab.cat\/getcc\/en\/m-elena-carne\/","title":{"rendered":"M. Elena Carn\u00e9"},"content":{"rendered":"<div>&nbsp;<\/div>\n<div class=\"rtejustify\">Universitat Aut\u00f2noma de Barcelona<\/div>\n<div>\n<p class=\"rtejustify\"><a href=\"mailto:MariaElena.Carne@uab.cat\">MariaElena.Carne@uab.cat<\/a><\/p>\n<div class=\"rtejustify\">Maria Elena Carn\u00e9 (1952-2014) graduated in Translation and&nbsp;Interpreting&nbsp;at Universitat Aut\u00f2noma de Barcelona (2006) and was a PhD student in&nbsp;Translation and Intercultural Studies by the same university. Since October 2007 she was a translation lecturer&nbsp;at the&nbsp;Faculty of Translation and Interpreting at Universitat Aut\u00f2noma de Barcelona. She also worked as a translator and a proofreader.<\/div>\n<div class=\"rtejustify\">&nbsp;<\/div>\n<div>\n<p class=\"rtejustify\">Her research interests focused on&nbsp;studies of contemporary Catalan translation, specially those based on the translators Jordi Arbon\u00e8s and Montserrat Abell\u00f3. Carn\u00e9 was a member of&nbsp;the C\u00e0tedra Jordi Arbon\u00e8s, and edited the collected letters&nbsp;<em>Jordi Arbon\u00e8s \u2013 Manuel de Pedrolo<\/em>, published in January 2011 by both Punctum and the research group GETCC.<\/p>\n<p class=\"rtejustify\"><a href=\"http:\/\/www.nuvol.com\/noticies\/lentusiasme-es-deia-elena\/\">Ha mort la nostra companya Elena Carn\u00e9<\/a> (05\/03\/2014)<\/p>\n<p class=\"rtejustify\"><a href=\"http:\/\/actualitat.traces.uab.cat\/butlletins\/06_2014-03.html#toc_item_5\">Elena Carn\u00e9 al butllet\u00ed d&#8217;actualitat de <em>Traces<\/em><\/a> (12\/03\/2014)<\/p>\n<p class=\"rtejustify\">&nbsp;<\/p>\n<\/div>\n<\/div>\n","protected":false},"excerpt":{"rendered":"<p>&nbsp; Universitat Aut\u00f2noma de Barcelona MariaElena.Carne@uab.cat Maria Elena Carn\u00e9 (1952-2014) graduated in Translation and&nbsp;Interpreting&nbsp;at Universitat Aut\u00f2noma de Barcelona (2006) and was a PhD student in&nbsp;Translation and Intercultural Studies by the same university. Since October 2007 she was a translation lecturer&nbsp;at the&nbsp;Faculty of Translation and Interpreting at Universitat Aut\u00f2noma de Barcelona. She also worked as a [&hellip;]<\/p>\n","protected":false},"author":20,"featured_media":0,"parent":0,"menu_order":0,"comment_status":"closed","ping_status":"closed","template":"","meta":{"footnotes":""},"class_list":["post-675","page","type-page","status-publish","hentry"],"_links":{"self":[{"href":"https:\/\/webs.uab.cat\/getcc\/en\/wp-json\/wp\/v2\/pages\/675","targetHints":{"allow":["GET"]}}],"collection":[{"href":"https:\/\/webs.uab.cat\/getcc\/en\/wp-json\/wp\/v2\/pages"}],"about":[{"href":"https:\/\/webs.uab.cat\/getcc\/en\/wp-json\/wp\/v2\/types\/page"}],"author":[{"embeddable":true,"href":"https:\/\/webs.uab.cat\/getcc\/en\/wp-json\/wp\/v2\/users\/20"}],"replies":[{"embeddable":true,"href":"https:\/\/webs.uab.cat\/getcc\/en\/wp-json\/wp\/v2\/comments?post=675"}],"version-history":[{"count":0,"href":"https:\/\/webs.uab.cat\/getcc\/en\/wp-json\/wp\/v2\/pages\/675\/revisions"}],"wp:attachment":[{"href":"https:\/\/webs.uab.cat\/getcc\/en\/wp-json\/wp\/v2\/media?parent=675"}],"curies":[{"name":"wp","href":"https:\/\/api.w.org\/{rel}","templated":true}]}}