{"id":752,"date":"2020-11-08T13:57:50","date_gmt":"2020-11-08T13:57:50","guid":{"rendered":"https:\/\/webs.uab.cat\/getcc\/ix-jornades-sobre-traduccio-i-literatura-la-retraduccio-entre-linconformisme-i-la-canonitzacio-14th-15th-october-2020\/"},"modified":"2020-11-08T14:00:28","modified_gmt":"2020-11-08T14:00:28","slug":"ix-jornades-sobre-traduccio-i-literatura-la-retraduccio-entre-linconformisme-i-la-canonitzacio-14th-15th-october-2020","status":"publish","type":"page","link":"https:\/\/webs.uab.cat\/getcc\/en\/ix-jornades-sobre-traduccio-i-literatura-la-retraduccio-entre-linconformisme-i-la-canonitzacio-14th-15th-october-2020\/","title":{"rendered":"IX Jornades sobre Traducci\u00f3 i Literatura. La retraducci\u00f3, entre l&#8217;inconformisme i la canonitzaci\u00f3. 14th &#038; 15th October 2020"},"content":{"rendered":"<p><img loading=\"lazy\" decoding=\"async\" class=\" size-full wp-image-743\" alt=\"\" height=\"465\" src=\"https:\/\/webs.uab.cat\/getcc\/wp-content\/uploads\/sites\/65\/2020\/11\/22.png\" style=\"float:right\" width=\"465\" \/><\/p>\n<h3><strong>14th October<\/strong><\/h3>\n<p><strong>Opening<\/strong><\/p>\n<p>9.30 h Inauguraci\u00f3 i presentaci\u00f3<\/p>\n<p>10.00 h Retraducci\u00f3 i c\u00e0non \u00abrebel\u00bb. Simona&nbsp;\u0160krabec&nbsp;<\/p>\n<p>10.45 h Col\u00b7loqui. Modera: Bel Olid&nbsp;&nbsp;<strong> &nbsp;<\/strong><\/p>\n<p>11.00 h Pausa caf\u00e8<\/p>\n<p><strong>First Session<\/strong><\/p>\n<p>11.30 h Retraduir Baudelaire: el&nbsp;\u00abmeu Baudelaire\u00bb i el Baudelaire dels altres. Joaquim Sala-Sanahuja<\/p>\n<p>12.00 h Per a qui retradu\u00efm Ibsen avui? Carolina Moreno<\/p>\n<p>12.30 h Col\u00b7loqui. Modera: Pep Sanz Datzira<\/p>\n<p><strong>Second Session<\/strong><\/p>\n<p>12.45 h Cavatis en los cincuenta y sesenta: el rompecabezas de las primeras traducciones. Vicente Fern\u00e1ndez<\/p>\n<p>13.15 h Col\u00b7loqui. Modera: Quim Gest\u00ed<\/p>\n<p><strong>Reading<\/strong><\/p>\n<p>Poemes de Kavatis. Recita: Carme Callol<\/p>\n<p>&nbsp;<\/p>\n<h3><strong>15th October<\/strong><\/h3>\n<p><strong>Third Session<\/strong><\/p>\n<p>10.00 h <em>Ulysses<\/em> de Joyce en catal\u00e0: les traduccions de Francesc Vidal Jov\u00e9, Joaquim Mallafr\u00e8 i Carles Llorach-Freixes. Teresa Iribarren<\/p>\n<p>10.30 h&nbsp;Manipularan Walter Benjamin. Arnau Pons<\/p>\n<p>11.00 h&nbsp;Col\u00b7loqui. Modera: Jordi Jan\u00e9-Llig\u00e9<\/p>\n<p>11.30 h Pausa caf\u00e8&nbsp;<\/p>\n<p><strong>Fourth Session<\/strong><\/p>\n<p>\n12.00 h <em>L&#8217;illa del tresor<\/em>? Per\u00f2 que no estava tradu\u00eft, ja? Joan Sellent<\/p>\n<p>12.30 h Taula rodona amb Joan Casas, Val\u00e8ria Gaillard i Dolors Udina. Modera: Xavier Aliaga<\/p>\n<p>13.30 h Conclusions. Modera: Francesc Galera<\/p>\n<p>&nbsp;<\/p>\n<p>Broadcast&nbsp;<strong><a href=\"https:\/\/www.youtube.com\/watch?v=e9ulff_rjuA\" target=\"_blank\" rel=\"noopener\">here<\/a><\/strong>.<\/p>\n<p>Ressenya sobre les IX Jornades a&nbsp;<strong><a href=\"https:\/\/www.nuvol.com\/llibres\/la-retraduccio-entre-inconformisme-i-la-canonitzacio-129338\" target=\"_blank\" rel=\"noopener\">N\u00favol<\/a><\/strong>.&nbsp;<\/p>\n<p>Ressenya sobre les IX Jornades a&nbsp;<strong><a href=\"https:\/\/www.eltemps.cat\/opinio\/11647\/una-jornada-particular-o-elogi-de-la-traduccio#.X4vsiQxMqNI.twitter\" target=\"_blank\" rel=\"noopener\">El Temps<\/a><\/strong>.<\/p>\n<p>&nbsp;<\/p>\n","protected":false},"excerpt":{"rendered":"<p>14th October Opening 9.30 h Inauguraci\u00f3 i presentaci\u00f3 10.00 h Retraducci\u00f3 i c\u00e0non \u00abrebel\u00bb. Simona&nbsp;\u0160krabec&nbsp; 10.45 h Col\u00b7loqui. Modera: Bel Olid&nbsp;&nbsp; &nbsp; 11.00 h Pausa caf\u00e8 First Session 11.30 h Retraduir Baudelaire: el&nbsp;\u00abmeu Baudelaire\u00bb i el Baudelaire dels altres. Joaquim Sala-Sanahuja 12.00 h Per a qui retradu\u00efm Ibsen avui? Carolina Moreno 12.30 h Col\u00b7loqui. Modera: [&hellip;]<\/p>\n","protected":false},"author":20,"featured_media":0,"parent":0,"menu_order":0,"comment_status":"closed","ping_status":"closed","template":"","meta":{"footnotes":""},"class_list":["post-752","page","type-page","status-publish","hentry"],"_links":{"self":[{"href":"https:\/\/webs.uab.cat\/getcc\/en\/wp-json\/wp\/v2\/pages\/752","targetHints":{"allow":["GET"]}}],"collection":[{"href":"https:\/\/webs.uab.cat\/getcc\/en\/wp-json\/wp\/v2\/pages"}],"about":[{"href":"https:\/\/webs.uab.cat\/getcc\/en\/wp-json\/wp\/v2\/types\/page"}],"author":[{"embeddable":true,"href":"https:\/\/webs.uab.cat\/getcc\/en\/wp-json\/wp\/v2\/users\/20"}],"replies":[{"embeddable":true,"href":"https:\/\/webs.uab.cat\/getcc\/en\/wp-json\/wp\/v2\/comments?post=752"}],"version-history":[{"count":0,"href":"https:\/\/webs.uab.cat\/getcc\/en\/wp-json\/wp\/v2\/pages\/752\/revisions"}],"wp:attachment":[{"href":"https:\/\/webs.uab.cat\/getcc\/en\/wp-json\/wp\/v2\/media?parent=752"}],"curies":[{"name":"wp","href":"https:\/\/api.w.org\/{rel}","templated":true}]}}