{"id":107,"date":"2011-04-06T15:39:12","date_gmt":"2011-04-06T15:39:12","guid":{"rendered":"https:\/\/webs.uab.cat\/getcc\/traduccion-y-exilio\/"},"modified":"2011-04-06T15:39:12","modified_gmt":"2011-04-06T15:39:12","slug":"traduccion-y-exilio","status":"publish","type":"page","link":"https:\/\/webs.uab.cat\/getcc\/es\/traduccion-y-exilio\/","title":{"rendered":"Traducci\u00f3n y exilio"},"content":{"rendered":"<div>\n<p>&nbsp;<\/p>\n<p class=\"rtejustify\">Gracias sobre todo a la documentaci\u00f3n aportada por el fondo Arbon\u00e8s, el grupo investiga desde hace tiempo las posibilidades de investigaci\u00f3n de un campo que, hasta ahora, parec\u00eda m\u00e1s bien desierto. De esta manera, Montserrat Bacard\u00ed ha ofrecido la primera aproximaci\u00f3n de conjunto con \u201cLa traducci\u00f3 catalana a l\u2019exili\u201d, adem\u00e1s de aproximarse a la labor de Agust\u00ed Bartra, Francesc Arn\u00f3, Anna Muri\u00e0 o Ramon Xuriguera; Ramon Farr\u00e9s, a la de Jordi Arbon\u00e8s o Antoni Pous; Judit Fontcuberta, a la de Joan Oliver; Francesc Parcerisas, a la de Carles Riba, y Dolors Udina, a la de Anna Muri\u00e0 o Josep Palau i Fabre.<\/p>\n<p>&nbsp;<\/p>\n<\/div>\n","protected":false},"excerpt":{"rendered":"<p>&nbsp; Gracias sobre todo a la documentaci\u00f3n aportada por el fondo Arbon\u00e8s, el grupo investiga desde hace tiempo las posibilidades de investigaci\u00f3n de un campo que, hasta ahora, parec\u00eda m\u00e1s bien desierto. De esta manera, Montserrat Bacard\u00ed ha ofrecido la primera aproximaci\u00f3n de conjunto con \u201cLa traducci\u00f3 catalana a l\u2019exili\u201d, adem\u00e1s de aproximarse a la [&hellip;]<\/p>\n","protected":false},"author":20,"featured_media":0,"parent":0,"menu_order":0,"comment_status":"closed","ping_status":"closed","template":"","meta":{"footnotes":""},"class_list":["post-107","page","type-page","status-publish","hentry"],"_links":{"self":[{"href":"https:\/\/webs.uab.cat\/getcc\/es\/wp-json\/wp\/v2\/pages\/107","targetHints":{"allow":["GET"]}}],"collection":[{"href":"https:\/\/webs.uab.cat\/getcc\/es\/wp-json\/wp\/v2\/pages"}],"about":[{"href":"https:\/\/webs.uab.cat\/getcc\/es\/wp-json\/wp\/v2\/types\/page"}],"author":[{"embeddable":true,"href":"https:\/\/webs.uab.cat\/getcc\/es\/wp-json\/wp\/v2\/users\/20"}],"replies":[{"embeddable":true,"href":"https:\/\/webs.uab.cat\/getcc\/es\/wp-json\/wp\/v2\/comments?post=107"}],"version-history":[{"count":0,"href":"https:\/\/webs.uab.cat\/getcc\/es\/wp-json\/wp\/v2\/pages\/107\/revisions"}],"wp:attachment":[{"href":"https:\/\/webs.uab.cat\/getcc\/es\/wp-json\/wp\/v2\/media?parent=107"}],"curies":[{"name":"wp","href":"https:\/\/api.w.org\/{rel}","templated":true}]}}