{"id":1482,"date":"2022-09-27T10:03:59","date_gmt":"2022-09-27T10:03:59","guid":{"rendered":"https:\/\/webs.uab.cat\/getcc\/?page_id=1482"},"modified":"2023-06-03T12:15:13","modified_gmt":"2023-06-03T12:15:13","slug":"jornadas-2022","status":"publish","type":"page","link":"https:\/\/webs.uab.cat\/getcc\/es\/jornadas-2022\/","title":{"rendered":"Jornadas 2022"},"content":{"rendered":"\n<p class=\"has-larger-font-size\"><strong>X Jornades sobre Traducci\u00f3 i Literatura<\/strong><\/p>\n\n\n\n<p class=\"has-larger-font-size\"><strong>Afectes mutus i camins diversos: <\/strong><br><strong>La traducci\u00f3 liter\u00e0ria entre el catal\u00e0 i el castell\u00e0.<br>19 i 20 d\u2019octubre de 2022<\/strong><\/p>\n\n\n\n<figure class=\"wp-block-image size-full is-resized\"><img decoding=\"async\" src=\"https:\/\/webs.uab.cat\/getcc\/wp-content\/uploads\/sites\/65\/2022\/09\/jornades-2022-IMG.png\" alt=\"X Jornades \" class=\"wp-image-1458\" width=\"700\" srcset=\"https:\/\/webs.uab.cat\/getcc\/wp-content\/uploads\/sites\/65\/2022\/09\/jornades-2022-IMG.png 800w, https:\/\/webs.uab.cat\/getcc\/wp-content\/uploads\/sites\/65\/2022\/09\/jornades-2022-IMG-300x211.png 300w, https:\/\/webs.uab.cat\/getcc\/wp-content\/uploads\/sites\/65\/2022\/09\/jornades-2022-IMG-768x540.png 768w\" sizes=\"(max-width: 800px) 100vw, 800px\" \/><\/figure>\n\n\n<div class=\"wp-block-file\"><a id=\"wp-block-file--media-7ca2a2db-f709-4074-8b51-28bbe9f7add6\" href=\"https:\/\/webs.uab.cat\/getcc\/wp-content\/uploads\/sites\/65\/2022\/09\/Programa-X-Jornades-2022-catala-castella-1.pdf\">Programa-X-Jornades-2022-catala-castella-1<\/a><a class=\"wp-block-file__button\" href=\"https:\/\/webs.uab.cat\/getcc\/wp-content\/uploads\/sites\/65\/2022\/09\/Programa-X-Jornades-2022-catala-castella-1.pdf\" aria-describedby=\"wp-block-file--media-7ca2a2db-f709-4074-8b51-28bbe9f7add6\">Baixa<\/a><\/div>\n\n\n<p>El v\u00eddeo de les jornades <a rel=\"noreferrer noopener\" href=\"https:\/\/www.youtube.com\/playlist?list=PL8-Z3P3HDVn4wHf1MPhw1c70d3crwkImM\" target=\"_blank\">aqu\u00ed<\/a>.<\/p>\n","protected":false},"excerpt":{"rendered":"<p>X Jornades sobre Traducci\u00f3 i Literatura Afectes mutus i camins diversos: La traducci\u00f3 liter\u00e0ria entre el catal\u00e0 i el castell\u00e0.19 i 20 d\u2019octubre de 2022 Programa-X-Jornades-2022-catala-castella-1Baixa El v\u00eddeo de les jornades aqu\u00ed.<\/p>\n","protected":false},"author":103,"featured_media":0,"parent":0,"menu_order":0,"comment_status":"closed","ping_status":"closed","template":"","meta":{"footnotes":""},"class_list":["post-1482","page","type-page","status-publish","hentry"],"_links":{"self":[{"href":"https:\/\/webs.uab.cat\/getcc\/es\/wp-json\/wp\/v2\/pages\/1482","targetHints":{"allow":["GET"]}}],"collection":[{"href":"https:\/\/webs.uab.cat\/getcc\/es\/wp-json\/wp\/v2\/pages"}],"about":[{"href":"https:\/\/webs.uab.cat\/getcc\/es\/wp-json\/wp\/v2\/types\/page"}],"author":[{"embeddable":true,"href":"https:\/\/webs.uab.cat\/getcc\/es\/wp-json\/wp\/v2\/users\/103"}],"replies":[{"embeddable":true,"href":"https:\/\/webs.uab.cat\/getcc\/es\/wp-json\/wp\/v2\/comments?post=1482"}],"version-history":[{"count":2,"href":"https:\/\/webs.uab.cat\/getcc\/es\/wp-json\/wp\/v2\/pages\/1482\/revisions"}],"predecessor-version":[{"id":1531,"href":"https:\/\/webs.uab.cat\/getcc\/es\/wp-json\/wp\/v2\/pages\/1482\/revisions\/1531"}],"wp:attachment":[{"href":"https:\/\/webs.uab.cat\/getcc\/es\/wp-json\/wp\/v2\/media?parent=1482"}],"curies":[{"name":"wp","href":"https:\/\/api.w.org\/{rel}","templated":true}]}}