{"id":347,"date":"2012-10-27T19:40:05","date_gmt":"2012-10-27T19:40:05","guid":{"rendered":"https:\/\/webs.uab.cat\/getcc\/miembros-del-grupo\/"},"modified":"2026-03-16T07:46:10","modified_gmt":"2026-03-16T07:46:10","slug":"miembros-del-grupo","status":"publish","type":"page","link":"https:\/\/webs.uab.cat\/getcc\/es\/miembros-del-grupo\/","title":{"rendered":"Miembros del grupo"},"content":{"rendered":"\n<p><a href=\"https:\/\/webs.uab.cat\/getcc\/es\/merce-altimir-2\/\" data-type=\"page\" data-id=\"532\">Merc\u00e8 Altimir<\/a><\/p>\n\n\n\n<p><a href=\"https:\/\/webs.uab.cat\/getcc\/es\/montserrat-bacardi-2\/\" data-type=\"page\" data-id=\"610\">Montserrat Bacard\u00ed<\/a><\/p>\n\n\n\n<p><a href=\"http:\/\/webs.uab.cat\/getcc\/es\/carles-biosca\">Carles Biosca<\/a><\/p>\n\n\n\n<p><a href=\"https:\/\/webs.uab.cat\/getcc\/es\/helena-borrell\/\" target=\"_blank\" rel=\"noreferrer noopener\">Helena Borrell<\/a><\/p>\n\n\n\n<p><a href=\"https:\/\/webs.uab.cat\/getcc\/es\/josefina-caball-2\/\" data-type=\"page\" data-id=\"628\">Josefina Caball<\/a><\/p>\n\n\n\n<p><a href=\"https:\/\/webs.uab.cat\/getcc\/es\/caterina-calafat-2\/\" data-type=\"page\" data-id=\"694\">Caterina Calafat<\/a><\/p>\n\n\n\n<p><a href=\"https:\/\/webs.uab.cat\/getcc\/es\/carles-castellanos-2\/\" data-type=\"page\" data-id=\"647\">Carles Castellanos<\/a><\/p>\n\n\n\n<p><a href=\"https:\/\/webs.uab.cat\/getcc\/es\/jordi-cornella-detrell-2\/\" data-type=\"page\" data-id=\"642\">Jordi Cornell\u00e0-Detrell<\/a><\/p>\n\n\n\n<p><a href=\"https:\/\/webs.uab.cat\/getcc\/es\/lara-estany-freire-2\/\" data-type=\"page\" data-id=\"654\">Lara Estany Freire<\/a><\/p>\n\n\n\n<p><a href=\"https:\/\/webs.uab.cat\/getcc\/es\/ramon-farres-2\/\" data-type=\"page\" data-id=\"611\">Ramon Farr\u00e9s<\/a><\/p>\n\n\n\n<p><a href=\"https:\/\/webs.uab.cat\/getcc\/es\/joan-ferrarons\/\">Joan Ferrarons<\/a><\/p>\n\n\n\n<p><a href=\"https:\/\/webs.uab.cat\/getcc\/es\/judit-fontcuberta-2\/\" data-type=\"page\" data-id=\"630\">Judit Fontcuberta<\/a><\/p>\n\n\n\n<p><a href=\"https:\/\/webs.uab.cat\/getcc\/es\/miembros-del-grupo\/valeria-gaillard-2\/\" data-type=\"page\" data-id=\"760\">Val\u00e8ria Gaillard<\/a><\/p>\n\n\n\n<p><a href=\"https:\/\/webs.uab.cat\/getcc\/es\/francesc-galera-2\/\" data-type=\"page\" data-id=\"703\">Francesc Galera<\/a><\/p>\n\n\n\n<p><a href=\"https:\/\/webs.uab.cat\/getcc\/es\/joaquim-gesti-2\/\" data-type=\"page\" data-id=\"706\">Joaquim Gest\u00ed<\/a><\/p>\n\n\n\n<p><a href=\"https:\/\/webs.uab.cat\/getcc\/es\/pau-joan-hernandez-2\/\" data-type=\"page\" data-id=\"709\">Pau Joan Hern\u00e0ndez<\/a><\/p>\n\n\n\n<p><a href=\"https:\/\/webs.uab.cat\/getcc\/es\/jordi-jane-llige-0\/\" data-type=\"page\" data-id=\"632\">Jordi Jan\u00e9-Llig\u00e9<\/a><\/p>\n\n\n\n<p><a href=\"https:\/\/webs.uab.cat\/getcc\/es\/adria-martin\/\" data-type=\"link\" data-id=\"https:\/\/webs.uab.cat\/getcc\/es\/adria-martin\/\" target=\"_blank\" rel=\"noreferrer noopener\">Adri\u00e0 Mart\u00edn<\/a><\/p>\n\n\n\n<p><a href=\"https:\/\/webs.uab.cat\/getcc\/es\/jordi-mas\/\" data-type=\"page\" data-id=\"514\">Jordi Mas L\u00f3pez<\/a><\/p>\n\n\n\n<p><a href=\"https:\/\/webs.uab.cat\/getcc\/es\/francesc-parcerisas-2\/\" data-type=\"page\" data-id=\"58\">Francesc Parcerisas<\/a><\/p>\n\n\n\n<p><a href=\"https:\/\/webs.uab.cat\/getcc\/es\/josep-miquel-ramis\/\" target=\"_blank\" rel=\"noreferrer noopener\">Josep Miquel Ramis<\/a><\/p>\n\n\n\n<p><a href=\"https:\/\/webs.uab.cat\/getcc\/es\/joaquim-sala-sanahuja-2\/\" data-type=\"page\" data-id=\"636\">Joaquim Sala-Sanahuja<\/a><\/p>\n\n\n\n<p><a href=\"https:\/\/webs.uab.cat\/getcc\/es\/pep-sanz-datzira-2\/\" data-type=\"page\" data-id=\"618\">Pep Sanz Datzira<\/a><\/p>\n\n\n\n<p><a href=\"https:\/\/webs.uab.cat\/getcc\/es\/alla-shyrokova-manno\/\">Alla Shyrokova Manno<\/a><\/p>\n\n\n\n<p><a href=\"https:\/\/webs.uab.cat\/getcc\/es\/simona-skrabec-2\/\" data-type=\"page\" data-id=\"712\">Simona \u0160krabec<\/a><\/p>\n\n\n\n<p><a href=\"https:\/\/webs.uab.cat\/getcc\/es\/mireia-sopena-2\/\" data-type=\"page\" data-id=\"638\">Mireia Sopena<\/a><\/p>\n\n\n\n<p><a href=\"https:\/\/webs.uab.cat\/getcc\/es\/dolors-udina-2\/\" data-type=\"page\" data-id=\"634\">Dolors Udina<\/a><\/p>\n\n\n\n<p><a href=\"https:\/\/webs.uab.cat\/getcc\/es\/bai-zhimeng\/\" data-type=\"link\" data-id=\"https:\/\/webs.uab.cat\/getcc\/es\/bai-zhimeng\/\" target=\"_blank\" rel=\"noreferrer noopener\">Bai Zhimeng<\/a><\/p>\n\n\n\n<p><\/p>\n","protected":false},"excerpt":{"rendered":"<p>Merc\u00e8 Altimir Montserrat Bacard\u00ed Carles Biosca Helena Borrell Josefina Caball Caterina Calafat Carles Castellanos Jordi Cornell\u00e0-Detrell Lara Estany Freire Ramon Farr\u00e9s Joan Ferrarons Judit Fontcuberta Val\u00e8ria Gaillard Francesc Galera Joaquim Gest\u00ed Pau Joan Hern\u00e0ndez Jordi Jan\u00e9-Llig\u00e9 Adri\u00e0 Mart\u00edn Jordi Mas L\u00f3pez Francesc Parcerisas Josep Miquel Ramis Joaquim Sala-Sanahuja Pep Sanz Datzira Alla Shyrokova Manno Simona [&hellip;]<\/p>\n","protected":false},"author":20,"featured_media":0,"parent":0,"menu_order":0,"comment_status":"closed","ping_status":"closed","template":"","meta":{"footnotes":""},"class_list":["post-347","page","type-page","status-publish","hentry"],"_links":{"self":[{"href":"https:\/\/webs.uab.cat\/getcc\/es\/wp-json\/wp\/v2\/pages\/347","targetHints":{"allow":["GET"]}}],"collection":[{"href":"https:\/\/webs.uab.cat\/getcc\/es\/wp-json\/wp\/v2\/pages"}],"about":[{"href":"https:\/\/webs.uab.cat\/getcc\/es\/wp-json\/wp\/v2\/types\/page"}],"author":[{"embeddable":true,"href":"https:\/\/webs.uab.cat\/getcc\/es\/wp-json\/wp\/v2\/users\/20"}],"replies":[{"embeddable":true,"href":"https:\/\/webs.uab.cat\/getcc\/es\/wp-json\/wp\/v2\/comments?post=347"}],"version-history":[{"count":11,"href":"https:\/\/webs.uab.cat\/getcc\/es\/wp-json\/wp\/v2\/pages\/347\/revisions"}],"predecessor-version":[{"id":3049,"href":"https:\/\/webs.uab.cat\/getcc\/es\/wp-json\/wp\/v2\/pages\/347\/revisions\/3049"}],"wp:attachment":[{"href":"https:\/\/webs.uab.cat\/getcc\/es\/wp-json\/wp\/v2\/media?parent=347"}],"curies":[{"name":"wp","href":"https:\/\/api.w.org\/{rel}","templated":true}]}}