{"id":348,"date":"2012-10-27T21:08:50","date_gmt":"2012-10-27T21:08:50","guid":{"rendered":"https:\/\/webs.uab.cat\/getcc\/antiguos-miembros\/"},"modified":"2025-12-09T15:37:44","modified_gmt":"2025-12-09T15:37:44","slug":"antiguos-miembros","status":"publish","type":"page","link":"https:\/\/webs.uab.cat\/getcc\/es\/antiguos-miembros\/","title":{"rendered":"Antiguos miembros"},"content":{"rendered":"\n<p><a href=\"https:\/\/webs.uab.cat\/getcc\/es\/lidia-arumi-cardoner-2\/\" data-type=\"page\" data-id=\"343\">L\u00eddia Arum\u00ed<\/a><\/p>\n\n\n\n<p><a href=\"https:\/\/webs.uab.cat\/getcc\/es\/eduard-bartoll\/\" data-type=\"link\" data-id=\"https:\/\/webs.uab.cat\/getcc\/es\/eduard-bartoll\/\" target=\"_blank\" rel=\"noreferrer noopener\">Eduard Bartoll<\/a><\/p>\n\n\n\n<p><a href=\"https:\/\/webs.uab.cat\/getcc\/es\/caterina-briguglia-2\/\" data-type=\"page\" data-id=\"95\">Caterina Briguglia<\/a><\/p>\n\n\n\n<p><a href=\"https:\/\/webs.uab.cat\/getcc\/es\/m-elena-carne\/\" data-type=\"page\" data-id=\"45\">M. Elena Carn\u00e9<\/a><\/p>\n\n\n\n<p><a href=\"https:\/\/webs.uab.cat\/getcc\/es\/montserrat-franquesa-godia-2\/\" data-type=\"page\" data-id=\"342\">Montserrat Franquesa<\/a><\/p>\n\n\n\n<p><a href=\"https:\/\/webs.uab.cat\/getcc\/es\/teresa-iribarren-2\/\" data-type=\"page\" data-id=\"486\">Teresa Iribarren<\/a><\/p>\n","protected":false},"excerpt":{"rendered":"<p>L\u00eddia Arum\u00ed Eduard Bartoll Caterina Briguglia M. Elena Carn\u00e9 Montserrat Franquesa Teresa Iribarren<\/p>\n","protected":false},"author":20,"featured_media":0,"parent":0,"menu_order":0,"comment_status":"closed","ping_status":"closed","template":"","meta":{"footnotes":""},"class_list":["post-348","page","type-page","status-publish","hentry"],"_links":{"self":[{"href":"https:\/\/webs.uab.cat\/getcc\/es\/wp-json\/wp\/v2\/pages\/348","targetHints":{"allow":["GET"]}}],"collection":[{"href":"https:\/\/webs.uab.cat\/getcc\/es\/wp-json\/wp\/v2\/pages"}],"about":[{"href":"https:\/\/webs.uab.cat\/getcc\/es\/wp-json\/wp\/v2\/types\/page"}],"author":[{"embeddable":true,"href":"https:\/\/webs.uab.cat\/getcc\/es\/wp-json\/wp\/v2\/users\/20"}],"replies":[{"embeddable":true,"href":"https:\/\/webs.uab.cat\/getcc\/es\/wp-json\/wp\/v2\/comments?post=348"}],"version-history":[{"count":5,"href":"https:\/\/webs.uab.cat\/getcc\/es\/wp-json\/wp\/v2\/pages\/348\/revisions"}],"predecessor-version":[{"id":2831,"href":"https:\/\/webs.uab.cat\/getcc\/es\/wp-json\/wp\/v2\/pages\/348\/revisions\/2831"}],"wp:attachment":[{"href":"https:\/\/webs.uab.cat\/getcc\/es\/wp-json\/wp\/v2\/media?parent=348"}],"curies":[{"name":"wp","href":"https:\/\/api.w.org\/{rel}","templated":true}]}}