{"id":476,"date":"2012-12-20T20:38:17","date_gmt":"2012-12-20T20:38:17","guid":{"rendered":"https:\/\/webs.uab.cat\/getcc\/visions-2\/"},"modified":"2025-03-27T07:38:09","modified_gmt":"2025-03-27T07:38:09","slug":"visions-2","status":"publish","type":"page","link":"https:\/\/webs.uab.cat\/getcc\/es\/visions-2\/","title":{"rendered":"Visions"},"content":{"rendered":"\n<p>&nbsp;<\/p>\n\n\n\n<p>La colecci\u00f3n \u00abVisions\u00bb presenta principalmente la correspondencia que el traductor Jordi Arbon\u00e8s mantuvo con distintas personalidades de la literatura catalana entre los a\u00f1os 1960 y 2000, a partir de los manuscritos conservados en la C\u00e0tedra Jordi Arbon\u00e8s.<\/p>\n\n\n\n<div class=\"wp-block-media-text is-stacked-on-mobile\" style=\"grid-template-columns:29% auto\"><figure class=\"wp-block-media-text__media\"><img loading=\"lazy\" decoding=\"async\" width=\"700\" height=\"1017\" src=\"https:\/\/webs.uab.cat\/getcc\/wp-content\/uploads\/sites\/65\/2020\/05\/feminismes-i-traduccio-pilar.jpg\" alt=\"\" class=\"wp-image-385 size-full\" srcset=\"https:\/\/webs.uab.cat\/getcc\/wp-content\/uploads\/sites\/65\/2020\/05\/feminismes-i-traduccio-pilar.jpg 700w, https:\/\/webs.uab.cat\/getcc\/wp-content\/uploads\/sites\/65\/2020\/05\/feminismes-i-traduccio-pilar-206x300.jpg 206w\" sizes=\"auto, (max-width: 700px) 100vw, 700px\" \/><\/figure><div class=\"wp-block-media-text__content\">\n<p><strong>Pilar Godayol<\/strong><\/p>\n\n\n\n<p><a href=\"https:\/\/www.editorialpunctum.com\/coeditors\/getcc\/feminismes-i-traduccio-1965-1990\/\" target=\"_blank\" rel=\"noopener\"><em>Feminismes i traducci\u00f3 (1965-1990)<\/em><\/a>&nbsp;(<a href=\"https:\/\/raco.cat\/index.php\/Caplletra\/article\/view\/386355\/479659\" target=\"_blank\" rel=\"noopener\">Rese\u00f1a&nbsp;<em>Caplletra<\/em><\/a>,&nbsp;<a href=\"https:\/\/publicacions.iec.cat\/repository\/pdf\/00000301\/00000085.pdf\" target=\"_blank\" rel=\"noopener\">Rese\u00f1a&nbsp;<em>Llengua i Literatura<\/em><\/a>)<\/p>\n\n\n\n<p>Editorial Punctum<\/p>\n\n\n\n<p>Colecci\u00f3n \u00abVisions\u00bb, 10, 2020<\/p>\n\n\n\n<p>ISBN:&nbsp;978-84-120749-2-5<\/p>\n\n\n\n<p>240 p., 15 x 23 cm<\/p>\n<\/div><\/div>\n\n\n\n<div class=\"wp-block-media-text is-stacked-on-mobile\" style=\"grid-template-columns:29% auto\"><figure class=\"wp-block-media-text__media\"><img loading=\"lazy\" decoding=\"async\" width=\"682\" height=\"1024\" src=\"https:\/\/webs.uab.cat\/getcc\/wp-content\/uploads\/sites\/65\/2017\/10\/epistolari_arbones_clapes-682x1024.jpg\" alt=\"\" class=\"wp-image-379 size-full\" srcset=\"https:\/\/webs.uab.cat\/getcc\/wp-content\/uploads\/sites\/65\/2017\/10\/epistolari_arbones_clapes-682x1024.jpg 682w, https:\/\/webs.uab.cat\/getcc\/wp-content\/uploads\/sites\/65\/2017\/10\/epistolari_arbones_clapes-200x300.jpg 200w, https:\/\/webs.uab.cat\/getcc\/wp-content\/uploads\/sites\/65\/2017\/10\/epistolari_arbones_clapes-768x1154.jpg 768w, https:\/\/webs.uab.cat\/getcc\/wp-content\/uploads\/sites\/65\/2017\/10\/epistolari_arbones_clapes-1022x1536.jpg 1022w, https:\/\/webs.uab.cat\/getcc\/wp-content\/uploads\/sites\/65\/2017\/10\/epistolari_arbones_clapes-1363x2048.jpg 1363w, https:\/\/webs.uab.cat\/getcc\/wp-content\/uploads\/sites\/65\/2017\/10\/epistolari_arbones_clapes-1200x1803.jpg 1200w, https:\/\/webs.uab.cat\/getcc\/wp-content\/uploads\/sites\/65\/2017\/10\/epistolari_arbones_clapes-1980x2975.jpg 1980w, https:\/\/webs.uab.cat\/getcc\/wp-content\/uploads\/sites\/65\/2017\/10\/epistolari_arbones_clapes-scaled.jpg 1704w\" sizes=\"auto, (max-width: 682px) 100vw, 682px\" \/><\/figure><div class=\"wp-block-media-text__content\">\n<p><strong>Edici\u00f3n a cargo de Pep Sanz Datzira<\/strong><\/p>\n\n\n\n<p><em><a href=\"http:\/\/www.editorialpunctum.com\/coeditors\/getcc\/epistolari-jordi-arbones-antoni-clapes\/\" target=\"_blank\" rel=\"noopener\">Epistolari Jordi Arbon\u00e8s &amp; Antoni Clap\u00e9s<\/a>&nbsp;<\/em>(<a href=\"https:\/\/www.raco.cat\/index.php\/AnuariTrilcat\/article\/view\/347564\/438738\" target=\"_blank\" rel=\"noopener\">Rese\u00f1a en <em>Anuari Trilcat<\/em><\/a>)<\/p>\n\n\n\n<p>Editorial Punctum<\/p>\n\n\n\n<p>Colecci\u00f3n&nbsp;\u00abVisions\u00bb, 9, 2017<\/p>\n\n\n\n<p>ISBN:&nbsp;978-84-945790-8-0<\/p>\n\n\n\n<p>231 p., 15 x 23 cm<\/p>\n<\/div><\/div>\n\n\n\n<div class=\"wp-block-media-text is-stacked-on-mobile\" style=\"grid-template-columns:29% auto\"><figure class=\"wp-block-media-text__media\"><img loading=\"lazy\" decoding=\"async\" width=\"671\" height=\"1024\" src=\"https:\/\/webs.uab.cat\/getcc\/wp-content\/uploads\/sites\/65\/2017\/02\/visions_8-671x1024.jpg\" alt=\"Visions\" class=\"wp-image-376 size-full\" srcset=\"https:\/\/webs.uab.cat\/getcc\/wp-content\/uploads\/sites\/65\/2017\/02\/visions_8-671x1024.jpg 671w, https:\/\/webs.uab.cat\/getcc\/wp-content\/uploads\/sites\/65\/2017\/02\/visions_8-196x300.jpg 196w, https:\/\/webs.uab.cat\/getcc\/wp-content\/uploads\/sites\/65\/2017\/02\/visions_8.jpg 700w\" sizes=\"auto, (max-width: 671px) 100vw, 671px\" \/><\/figure><div class=\"wp-block-media-text__content\">\n<p><strong>Edici\u00f3n a cargo de Montserrat Bacard\u00ed y Pilar Godayol<\/strong><\/p>\n\n\n\n<p><em><a href=\"http:\/\/www.editorialpunctum.com\/coeditors\/getcc\/traduccio-i-franquisme\/\" target=\"_blank\" rel=\"noopener\">T<\/a><\/em><a href=\"http:\/\/www.editorialpunctum.com\/coeditors\/getcc\/traduccio-i-franquisme\/\" target=\"_blank\" rel=\"noopener\"><em>raducci\u00f3 i franquisme<\/em><\/a><\/p>\n\n\n\n<p>Editorial Punctum<\/p>\n\n\n\n<p>Colecci\u00f3n \u00abVisions\u00bb, 8, 2017<\/p>\n\n\n\n<p>ISBN:&nbsp;978-84-945790-5-9<\/p>\n\n\n\n<p>159 p., 15 x 23 cm<\/p>\n<\/div><\/div>\n\n\n\n<div class=\"wp-block-media-text is-stacked-on-mobile\" style=\"grid-template-columns:29% auto\"><figure class=\"wp-block-media-text__media\"><img loading=\"lazy\" decoding=\"async\" width=\"567\" height=\"840\" src=\"https:\/\/webs.uab.cat\/getcc\/wp-content\/uploads\/sites\/65\/2016\/10\/tresescriptores.jpg\" alt=\"\" class=\"wp-image-373 size-full\" srcset=\"https:\/\/webs.uab.cat\/getcc\/wp-content\/uploads\/sites\/65\/2016\/10\/tresescriptores.jpg 567w, https:\/\/webs.uab.cat\/getcc\/wp-content\/uploads\/sites\/65\/2016\/10\/tresescriptores-203x300.jpg 203w\" sizes=\"auto, (max-width: 567px) 100vw, 567px\" \/><\/figure><div class=\"wp-block-media-text__content\">\n<p><strong>Pilar Godayol<\/strong><\/p>\n\n\n\n<p><a href=\"http:\/\/www.editorialpunctum.com\/coeditors\/getcc\/tres-escriptores-censurades-simone-de-beauvoir-betty-friedan-mary-mccarthy\/\" target=\"_blank\" rel=\"noopener\"><em>Tres escriptores censurades. Simone de Beauvoir, Betty Friedan &amp; Mary McCarthy<\/em><\/a><\/p>\n\n\n\n<p>Editorial Punctum<\/p>\n\n\n\n<p>Colecci\u00f3n \u00abVisions\u00bb, 7, 2016<\/p>\n\n\n\n<p>ISBN:&nbsp;978-84-943779-9-0<\/p>\n\n\n\n<p>205 p., 15 x 23 cm<\/p>\n<\/div><\/div>\n\n\n\n<div class=\"wp-block-media-text is-stacked-on-mobile\" style=\"grid-template-columns:29% auto\"><figure class=\"wp-block-media-text__media\"><img loading=\"lazy\" decoding=\"async\" width=\"667\" height=\"1024\" src=\"https:\/\/webs.uab.cat\/getcc\/wp-content\/uploads\/sites\/65\/2019\/12\/coberta-epistolari-arbones-parcerisas-667x1024.png\" alt=\"Coberta Epistolari Arbones Parcerisas\" class=\"wp-image-382 size-full\" srcset=\"https:\/\/webs.uab.cat\/getcc\/wp-content\/uploads\/sites\/65\/2019\/12\/coberta-epistolari-arbones-parcerisas-667x1024.png 667w, https:\/\/webs.uab.cat\/getcc\/wp-content\/uploads\/sites\/65\/2019\/12\/coberta-epistolari-arbones-parcerisas-196x300.png 196w, https:\/\/webs.uab.cat\/getcc\/wp-content\/uploads\/sites\/65\/2019\/12\/coberta-epistolari-arbones-parcerisas-768x1178.png 768w, https:\/\/webs.uab.cat\/getcc\/wp-content\/uploads\/sites\/65\/2019\/12\/coberta-epistolari-arbones-parcerisas-1001x1536.png 1001w, https:\/\/webs.uab.cat\/getcc\/wp-content\/uploads\/sites\/65\/2019\/12\/coberta-epistolari-arbones-parcerisas-1335x2048.png 1335w, https:\/\/webs.uab.cat\/getcc\/wp-content\/uploads\/sites\/65\/2019\/12\/coberta-epistolari-arbones-parcerisas-1200x1841.png 1200w, https:\/\/webs.uab.cat\/getcc\/wp-content\/uploads\/sites\/65\/2019\/12\/coberta-epistolari-arbones-parcerisas.png 1770w\" sizes=\"auto, (max-width: 667px) 100vw, 667px\" \/><\/figure><div class=\"wp-block-media-text__content\">\n<p><strong>Edici\u00f3n a cargo de Jordi Mas L\u00f3pez<\/strong><\/p>\n\n\n\n<p><em><a href=\"http:\/\/www.editorialpunctum.com\/coeditors\/getcc\/epistolari-jordi-arbones-jordi-parcerisas\/\" target=\"_blank\" rel=\"noopener\">Epistolari Jordi Arbon\u00e8s &amp; Francesc Parcerisas<\/a><\/em><\/p>\n\n\n\n<p>Editorial Punctum<\/p>\n\n\n\n<p>Colecci\u00f3n \u00abVisions\u00bb, 6, 2016<\/p>\n\n\n\n<p>ISBN:&nbsp;978-84-943779-8-3<\/p>\n\n\n\n<p>292 p., 15 x 23 cm<\/p>\n<\/div><\/div>\n\n\n\n<div class=\"wp-block-media-text is-stacked-on-mobile\" style=\"grid-template-columns:28% auto\"><figure class=\"wp-block-media-text__media\"><img loading=\"lazy\" decoding=\"async\" width=\"668\" height=\"1024\" src=\"https:\/\/webs.uab.cat\/getcc\/wp-content\/uploads\/sites\/65\/2016\/10\/carbo-668x1024.png\" alt=\"Carbo\" class=\"wp-image-370 size-full\" srcset=\"https:\/\/webs.uab.cat\/getcc\/wp-content\/uploads\/sites\/65\/2016\/10\/carbo-668x1024.png 668w, https:\/\/webs.uab.cat\/getcc\/wp-content\/uploads\/sites\/65\/2016\/10\/carbo-196x300.png 196w, https:\/\/webs.uab.cat\/getcc\/wp-content\/uploads\/sites\/65\/2016\/10\/carbo-768x1178.png 768w, https:\/\/webs.uab.cat\/getcc\/wp-content\/uploads\/sites\/65\/2016\/10\/carbo.png 800w\" sizes=\"auto, (max-width: 668px) 100vw, 668px\" \/><\/figure><div class=\"wp-block-media-text__content\">\n<p><strong>Edici\u00f3n a cargo de Montserrat Bacard\u00ed<\/strong><\/p>\n\n\n\n<p><a href=\"https:\/\/docs.google.com\/file\/d\/0B4DRuHILv264VVhybGxOajhpcms\/edit\" target=\"_blank\" rel=\"noopener\"><em>Epistolari Jordi Arbon\u00e8s &amp; Joaquim Carb\u00f3<\/em><\/a><\/p>\n\n\n\n<p>Editorial Punctum<\/p>\n\n\n\n<p>Colecci\u00f3n \u00abVisions\u00bb, 5, 2014<\/p>\n\n\n\n<p>ISBN: 978-84-941987-3-1<\/p>\n\n\n\n<p>889 p., 15 x 23 cm<\/p>\n<\/div><\/div>\n\n\n\n<div class=\"wp-block-media-text is-stacked-on-mobile\" style=\"grid-template-columns:28% auto\"><figure class=\"wp-block-media-text__media\"><img loading=\"lazy\" decoding=\"async\" width=\"180\" height=\"276\" src=\"https:\/\/webs.uab.cat\/getcc\/wp-content\/uploads\/sites\/65\/2016\/10\/traductores.png\" alt=\"Traductores\" class=\"wp-image-1000 size-full\" \/><\/figure><div class=\"wp-block-media-text__content\">\n<p><strong>Montserrat Bacard\u00ed y Pilar Godayol<\/strong><\/p>\n\n\n\n<p><a href=\"http:\/\/www.editorialpunctum.com\/coeditors\/getcc\/les-traductores-i-la-transicio-20-prolegs-del-segle-xx\/\" target=\"_blank\" rel=\"noopener\"><em>Les traductores i la tradici\u00f3. 20 pr\u00f2legs del segle XX<\/em><\/a><\/p>\n\n\n\n<p>Editorial Punctum<\/p>\n\n\n\n<p>Colecci\u00f3n \u00abVisions\u00bb, 4, 2013<\/p>\n\n\n\n<p>ISBN: 978-84-940694-7-5<\/p>\n\n\n\n<p>243 p., 15 x 23 cm<\/p>\n<\/div><\/div>\n\n\n\n<div class=\"wp-block-media-text is-stacked-on-mobile\" style=\"grid-template-columns:28% auto\"><figure class=\"wp-block-media-text__media\"><img loading=\"lazy\" decoding=\"async\" width=\"235\" height=\"338\" src=\"https:\/\/webs.uab.cat\/getcc\/wp-content\/uploads\/sites\/65\/2016\/10\/3_tree_josefina.jpg\" alt=\"Jordi Arbon\u00e8s Matthew Tree\" class=\"wp-image-972 size-full\" srcset=\"https:\/\/webs.uab.cat\/getcc\/wp-content\/uploads\/sites\/65\/2016\/10\/3_tree_josefina.jpg 235w, https:\/\/webs.uab.cat\/getcc\/wp-content\/uploads\/sites\/65\/2016\/10\/3_tree_josefina-209x300.jpg 209w\" sizes=\"auto, (max-width: 235px) 100vw, 235px\" \/><\/figure><div class=\"wp-block-media-text__content\">\n<p><strong>Edici\u00f3n a cargo de Josefina Caball<\/strong><\/p>\n\n\n\n<p><a href=\"http:\/\/www.editorialpunctum.com\/coeditors\/getcc\/epistolari-jordi-arbones-matthew-tree\/\" target=\"_blank\" rel=\"noopener\"><em>Epistolari Jordi Arbon\u00e8s &amp;&nbsp;Matthew Tree<\/em><\/a><\/p>\n\n\n\n<p>Editorial Punctum<\/p>\n\n\n\n<p>Colecci\u00f3n \u00abVisions\u00bb, 3, 2013<\/p>\n\n\n\n<p>ISBN: 978-84-940694-2-0<\/p>\n\n\n\n<p>177 p., 15 x 23 cm<\/p>\n<\/div><\/div>\n\n\n\n<div class=\"wp-block-media-text is-stacked-on-mobile\" style=\"grid-template-columns:28% auto\"><figure class=\"wp-block-media-text__media\"><img loading=\"lazy\" decoding=\"async\" width=\"235\" height=\"338\" src=\"https:\/\/webs.uab.cat\/getcc\/wp-content\/uploads\/sites\/65\/2016\/10\/001-libro-manent.jpg\" alt=\"Jordi Arbon\u00e8s - Albert Manent\" class=\"wp-image-956 size-full\" srcset=\"https:\/\/webs.uab.cat\/getcc\/wp-content\/uploads\/sites\/65\/2016\/10\/001-libro-manent.jpg 235w, https:\/\/webs.uab.cat\/getcc\/wp-content\/uploads\/sites\/65\/2016\/10\/001-libro-manent-209x300.jpg 209w\" sizes=\"auto, (max-width: 235px) 100vw, 235px\" \/><\/figure><div class=\"wp-block-media-text__content\">\n<p><strong>Edici\u00f3n a cargo de Ramon Farr\u00e9s<\/strong><\/p>\n\n\n\n<p><a href=\"http:\/\/www.editorialpunctum.com\/coeditors\/getcc\/epistolari-jordi-arbones-albert-manent\/\" target=\"_blank\" rel=\"noopener\"><em>Epistolari Jordi Arbon\u00e8s &amp; Albert Manent<\/em><\/a><\/p>\n\n\n\n<p>Editorial Punctum<\/p>\n\n\n\n<p>Colecci\u00f3n \u00abVisions\u00bb, 2, 2011<\/p>\n\n\n\n<p>ISBN: 978-84-939252-3-9<\/p>\n\n\n\n<p>182 p., 15 x 23 cm<\/p>\n<\/div><\/div>\n\n\n\n<p>\u00a0\u00a0<\/p>\n\n\n\n<div class=\"wp-block-media-text is-stacked-on-mobile\" style=\"grid-template-columns:28% auto\"><figure class=\"wp-block-media-text__media\"><img loading=\"lazy\" decoding=\"async\" width=\"235\" height=\"338\" src=\"https:\/\/webs.uab.cat\/getcc\/wp-content\/uploads\/sites\/65\/2016\/10\/001-libro-pedrolo.jpg\" alt=\"Jordi Arbon\u00e8s - Manuel de Pedrolo\" class=\"wp-image-952 size-full\" srcset=\"https:\/\/webs.uab.cat\/getcc\/wp-content\/uploads\/sites\/65\/2016\/10\/001-libro-pedrolo.jpg 235w, https:\/\/webs.uab.cat\/getcc\/wp-content\/uploads\/sites\/65\/2016\/10\/001-libro-pedrolo-209x300.jpg 209w\" sizes=\"auto, (max-width: 235px) 100vw, 235px\" \/><\/figure><div class=\"wp-block-media-text__content\">\n<p><strong>Edici\u00f3n a cargo de M. Elena Carn\u00e9<\/strong><\/p>\n\n\n\n<p><a href=\"http:\/\/www.editorialpunctum.com\/coeditors\/getcc\/epistolari-jordi-arbones-manuel-de-pedrolo\/\" target=\"_blank\" rel=\"noopener\"><em>Epistolari Jordi Arbon\u00e8s &amp; Manuel de Pedrolo&nbsp;<\/em><\/a>&nbsp;&nbsp;&nbsp;&nbsp;&nbsp;&nbsp;&nbsp;&nbsp;&nbsp;&nbsp;&nbsp;&nbsp;&nbsp;&nbsp;&nbsp;&nbsp;&nbsp;&nbsp;&nbsp;&nbsp;&nbsp;&nbsp;&nbsp;&nbsp;&nbsp;&nbsp;&nbsp;&nbsp;&nbsp;&nbsp;&nbsp;&nbsp;&nbsp;&nbsp;&nbsp;&nbsp;&nbsp;&nbsp;&nbsp;&nbsp;&nbsp;&nbsp;&nbsp;&nbsp;&nbsp;<\/p>\n\n\n\n<p>Editorial Punctum<\/p>\n\n\n\n<p>Colecci\u00f3n \u00abVisions\u00bb, 1, 2011<\/p>\n\n\n\n<p>ISBN: 978-84-937371-7-7<\/p>\n\n\n\n<p>231 p., 15 x 23 cm<\/p>\n<\/div><\/div>\n","protected":false},"excerpt":{"rendered":"<p>&nbsp; La colecci\u00f3n \u00abVisions\u00bb presenta principalmente la correspondencia que el traductor Jordi Arbon\u00e8s mantuvo con distintas personalidades de la literatura catalana entre los a\u00f1os 1960 y 2000, a partir de los manuscritos conservados en la C\u00e0tedra Jordi Arbon\u00e8s. Pilar Godayol Feminismes i traducci\u00f3 (1965-1990)&nbsp;(Rese\u00f1a&nbsp;Caplletra,&nbsp;Rese\u00f1a&nbsp;Llengua i Literatura) Editorial Punctum Colecci\u00f3n \u00abVisions\u00bb, 10, 2020 ISBN:&nbsp;978-84-120749-2-5 240 p., [&hellip;]<\/p>\n","protected":false},"author":20,"featured_media":0,"parent":0,"menu_order":0,"comment_status":"closed","ping_status":"closed","template":"","meta":{"footnotes":""},"class_list":["post-476","page","type-page","status-publish","hentry"],"_links":{"self":[{"href":"https:\/\/webs.uab.cat\/getcc\/es\/wp-json\/wp\/v2\/pages\/476","targetHints":{"allow":["GET"]}}],"collection":[{"href":"https:\/\/webs.uab.cat\/getcc\/es\/wp-json\/wp\/v2\/pages"}],"about":[{"href":"https:\/\/webs.uab.cat\/getcc\/es\/wp-json\/wp\/v2\/types\/page"}],"author":[{"embeddable":true,"href":"https:\/\/webs.uab.cat\/getcc\/es\/wp-json\/wp\/v2\/users\/20"}],"replies":[{"embeddable":true,"href":"https:\/\/webs.uab.cat\/getcc\/es\/wp-json\/wp\/v2\/comments?post=476"}],"version-history":[{"count":7,"href":"https:\/\/webs.uab.cat\/getcc\/es\/wp-json\/wp\/v2\/pages\/476\/revisions"}],"predecessor-version":[{"id":2496,"href":"https:\/\/webs.uab.cat\/getcc\/es\/wp-json\/wp\/v2\/pages\/476\/revisions\/2496"}],"wp:attachment":[{"href":"https:\/\/webs.uab.cat\/getcc\/es\/wp-json\/wp\/v2\/media?parent=476"}],"curies":[{"name":"wp","href":"https:\/\/api.w.org\/{rel}","templated":true}]}}