{"id":593,"date":"2014-03-31T11:55:03","date_gmt":"2014-03-31T11:55:03","guid":{"rendered":"https:\/\/webs.uab.cat\/getcc\/fondo-rafael-tasis\/"},"modified":"2025-03-27T09:34:13","modified_gmt":"2025-03-27T09:34:13","slug":"fondo-rafael-tasis","status":"publish","type":"page","link":"https:\/\/webs.uab.cat\/getcc\/es\/fondo-rafael-tasis\/","title":{"rendered":"Fondo Rafael Tasis"},"content":{"rendered":"\n<div class=\"wp-block-media-text is-stacked-on-mobile\" style=\"grid-template-columns:36% auto\"><figure class=\"wp-block-media-text__media\"><img loading=\"lazy\" decoding=\"async\" width=\"699\" height=\"1024\" src=\"https:\/\/webs.uab.cat\/getcc\/wp-content\/uploads\/sites\/65\/2016\/10\/foto1-699x1024.jpg\" alt=\"foto1\" class=\"wp-image-562 size-full\" srcset=\"https:\/\/webs.uab.cat\/getcc\/wp-content\/uploads\/sites\/65\/2016\/10\/foto1-699x1024.jpg 699w, https:\/\/webs.uab.cat\/getcc\/wp-content\/uploads\/sites\/65\/2016\/10\/foto1-205x300.jpg 205w, https:\/\/webs.uab.cat\/getcc\/wp-content\/uploads\/sites\/65\/2016\/10\/foto1-768x1125.jpg 768w, https:\/\/webs.uab.cat\/getcc\/wp-content\/uploads\/sites\/65\/2016\/10\/foto1-1048x1536.jpg 1048w, https:\/\/webs.uab.cat\/getcc\/wp-content\/uploads\/sites\/65\/2016\/10\/foto1-1398x2048.jpg 1398w, https:\/\/webs.uab.cat\/getcc\/wp-content\/uploads\/sites\/65\/2016\/10\/foto1-1200x1759.jpg 1200w, https:\/\/webs.uab.cat\/getcc\/wp-content\/uploads\/sites\/65\/2016\/10\/foto1.jpg 1403w\" sizes=\"auto, (max-width: 699px) 100vw, 699px\" \/><\/figure><div class=\"wp-block-media-text__content\">\n<p>Rafael Tasis Marca (Barcelona, 1906 \u2013 Par\u00eds, 1966) desempe\u00f1\u00f3 una prol\u00edfica actividad literaria como periodista, cr\u00edtico, novelista, dramaturgo, historiador y traductor. Dirigente de Acci\u00f3 Catalana Republicana, se implic\u00f3 en la administraci\u00f3n de la Generalitat de Catalunya durante la guerra y, en calidad de secretario general de este partido, en la pol\u00edtica oficial del primer exilio. De formaci\u00f3n autodidacta, empez\u00f3 a escribir en la revista infantil <em>La Mainada<\/em> y, como articulista y cr\u00edtico literario, en las publicaciones de preguerra de m\u00e1s prestigio (<em>La Publicitat<\/em>, <em>Mirador<\/em> o <em>Revista de Catalunya<\/em>). <\/p>\n<\/div><\/div>\n\n\n\n<p>Se dio a conocer como novelista con <em>Vint anys<\/em> (1931). Cuando retorn\u00f3 del exilio parisino en 1948, colabor\u00f3 asiduamente en las revistas de la di\u00e1spora y particip\u00f3 activamente en la resistencia antifranquista. Tambi\u00e9n trabaj\u00f3 en varios frentes literarios. Como novelista, public\u00f3 <em>Sol ponent<\/em> (1953), <em>Abans d\u2019ahir<\/em> (1956) y <em>Tres<\/em> (1962), y fue pionero en el g\u00e9nero polic\u00edaco con <em>La B\u00edblia valenciana<\/em> (1955), <em>\u00c9s hora de plegar<\/em> (1956) y <em>Un crim al Paral\u00b7lel<\/em> (1960). Como dramaturgo, estren\u00f3 <em>Un home entre herois<\/em> (1956), <em>Gulliver i els gegants<\/em> (1952) y <em>La maleta<\/em> (1960). Interesado por la divulgaci\u00f3n hist\u00f3rica, se adentr\u00f3 en el estudio de <em>La vida del rei en Pere III<\/em> (1954) o de <em>Joan I, rei, ca\u00e7ador i m\u00fasic<\/em> (1958). Es autor de varios ensayos literarios, como <em>Una visi\u00f3 de conjunt de la novel\u00b7la catalana<\/em> (1935) o <em>La novel\u00b7la catalana<\/em> (1954), y tambi\u00e9n de una <em>Hist\u00f2ria de la premsa catalana<\/em> (1966), en colaboraci\u00f3n con Joan Torrent.<\/p>\n\n\n\n<p>En los a\u00f1os treinta tradujo <em>El retrat de Dorian Gray<\/em>, la \u00fanica novela de Oscar Wilde, <em>La nimfa constant<\/em>, un \u00e9xito de alcance europeo de Margaret Kennedy, y la <em>nouvelle El somriure de la Gioconda<\/em>, de Aldous Huxley, escritor que conoc\u00eda y apreciaba especialmente, y del cual dej\u00f3 en prensa un a\u00f1o antes de morir la versi\u00f3n de <em>After Many a Summer<\/em>. \u00c1vido lector de novela polic\u00edaca, en los a\u00f1os sesenta traslad\u00f3 algunos cl\u00e1sicos para la colecci\u00f3n \u00abLa Cua de Palla\u00bb, como por ejemplo <em>La clau de vidre<\/em> (1963), de Dahiell Hammett. Tambi\u00e9n conre\u00f3 la traducci\u00f3n teatral, con una celebrada adaptaci\u00f3n libre de <em>Volpone<\/em> (1957) de Ben Jonson y una comedia de Graham Greene, <em>La sala d\u2019estar<\/em> (1962). Dej\u00f3 in\u00e9ditas las traducciones de <em>El joglar del m\u00f3n occidental<\/em>, de J. M. Synge (editada en 2014 por Dolors Udina), <em>L\u2019Apol\u00b7lo de Bellac<\/em>, de Jean Giraudoux (representada por la Agrupaci\u00f3 Dram\u00e0tica de Barcelona), <em>Les maletes del senyor Vernet<\/em>, una comedia de Claude Megnier, y <em>Assaigs d\u2019un bi\u00f2leg<\/em>, de Julian Huxley.<\/p>\n\n\n\n<p>El fondo Rafael Tasis, donado por la familia, se conserva en la <a href=\"http:\/\/www.bib.uab.cat\/human\/fonspersonals\/tasis\/\" target=\"_blank\" rel=\"noopener\">Biblioteca d\u2019Humanitats de la Universitat Aut\u00f2noma de Barcelona<\/a>. Comprende una copiosa documentaci\u00f3n: material de prensa, proyectos pol\u00edticos y literarios, cartas con numerosos corresponsales u obras inacabadas e in\u00e9ditas.<\/p>\n\n\n\n<p>El 9 de marzo de 2016 se celebr\u00f3 el <a href=\"http:\/\/grupsderecerca.uab.cat\/getcc\/sites\/grupsderecerca.uab.cat.getcc\/files\/tasis_diptic.pdf\" target=\"_blank\" rel=\"noopener\">I Seminari Rafael Tasis <\/a>en el Institut d&#8217;Estudis Catalans.<\/p>\n\n\n\n<p>El 9 de marzo de 2018 se celebrar\u00e1 el&nbsp;<a href=\"http:\/\/filescat.uab.cat\/filcat\/ii-seminari-rafael-tasis\/\" target=\"_blank\" rel=\"noopener\">II Seminari Rafael Tasis<\/a>&nbsp;en el Institut d&#8217;Estudis Catalans.<\/p>\n\n\n\n<p>Algunas de estas obras han sido editadas recientemente.<\/p>\n\n\n\n<div class=\"wp-block-media-text is-stacked-on-mobile\" style=\"grid-template-columns:33% auto\"><figure class=\"wp-block-media-text__media\"><img loading=\"lazy\" decoding=\"async\" width=\"190\" height=\"265\" src=\"https:\/\/webs.uab.cat\/getcc\/wp-content\/uploads\/sites\/65\/2019\/01\/baixa_0.png\" alt=\"Constel\u00b7laci\u00f3 tasiana: contextos i relacions\" class=\"wp-image-592 size-full\" \/><\/figure><div class=\"wp-block-media-text__content\">\n<p><strong>Rafael Tasis<\/strong><\/p>\n\n\n\n<p><a href=\"http:\/\/filescat.uab.cat\/filcat\/la-societat-catalana-de-llengua-i-literatura-publica-constellacio-tasiana\/\" target=\"_blank\" rel=\"noopener\"><em>Constel\u00b7laci\u00f3 tasiana: contextos i relacions<\/em><\/a><\/p>\n\n\n\n<p>Edici\u00f3n a cargo&nbsp;de Montserrat Bacard\u00ed y&nbsp;Francesc Foguet<\/p>\n\n\n\n<p>Societat Catalana de Llengua i Literatura, filial del IEC&nbsp;<\/p>\n\n\n\n<p>Colecci\u00f3n \u00abTreballs de la Societat Catalana de Llengua i Literatura\u00bb, 16, 2018<\/p>\n\n\n\n<p>ISBN:&nbsp;978-84-9965-429-4<\/p>\n<\/div><\/div>\n\n\n\n<div class=\"wp-block-media-text is-stacked-on-mobile\" style=\"grid-template-columns:34% auto\"><figure class=\"wp-block-media-text__media\"><img loading=\"lazy\" decoding=\"async\" width=\"556\" height=\"800\" src=\"https:\/\/webs.uab.cat\/getcc\/wp-content\/uploads\/sites\/65\/2017\/10\/diari-1922_tasis.jpg\" alt=\"diari-1922_tasis\" class=\"wp-image-589 size-full\" srcset=\"https:\/\/webs.uab.cat\/getcc\/wp-content\/uploads\/sites\/65\/2017\/10\/diari-1922_tasis.jpg 556w, https:\/\/webs.uab.cat\/getcc\/wp-content\/uploads\/sites\/65\/2017\/10\/diari-1922_tasis-209x300.jpg 209w\" sizes=\"auto, (max-width: 556px) 100vw, 556px\" \/><\/figure><div class=\"wp-block-media-text__content\">\n<p><strong>Rafael Tasis<\/strong><\/p>\n\n\n\n<p><em><a href=\"http:\/\/filescat.uab.cat\/filcat\/es-publica-rafael-tasis-1906-1966-cinquanta-anys-despres\/\" target=\"_blank\" rel=\"noopener\">R<\/a><\/em><a href=\"http:\/\/filescat.uab.cat\/filcat\/montserrat-bacardi-i-francesc-foguet-publiquen-diari-1922-de-rafael-tasis\/\" target=\"_blank\" rel=\"noopener\"><em>afael Tasis Diari (1922)<\/em><\/a><\/p>\n\n\n\n<p>Edici\u00f3n a cargo de Montserrat Bacard\u00ed y Francesc Foguet<\/p>\n\n\n\n<p>Publicacions de l&#8217;Abadia de Montserrat<\/p>\n\n\n\n<p>Colecci\u00f3n \u00abBiblioteca Serra d&#8217;Or\u00bb, 497, 2017<\/p>\n\n\n\n<p>ISBN:&nbsp;978-84-9883-921-0<\/p>\n<\/div><\/div>\n\n\n\n<div class=\"wp-block-media-text is-stacked-on-mobile\" style=\"grid-template-columns:34% auto\"><figure class=\"wp-block-media-text__media\"><img loading=\"lazy\" decoding=\"async\" width=\"732\" height=\"1024\" src=\"https:\/\/webs.uab.cat\/getcc\/wp-content\/uploads\/sites\/65\/2017\/01\/tasis_50_anys.jpg\" alt=\"Rafael Tasis (1906-1966), cinquanta anys despr\u00e9s\" class=\"wp-image-586 size-full\" srcset=\"https:\/\/webs.uab.cat\/getcc\/wp-content\/uploads\/sites\/65\/2017\/01\/tasis_50_anys.jpg 732w, https:\/\/webs.uab.cat\/getcc\/wp-content\/uploads\/sites\/65\/2017\/01\/tasis_50_anys-214x300.jpg 214w\" sizes=\"auto, (max-width: 732px) 100vw, 732px\" \/><\/figure><div class=\"wp-block-media-text__content\">\n<p><strong>Rafael Tasis<\/strong><\/p>\n\n\n\n<p><em><a href=\"http:\/\/filescat.uab.cat\/filcat\/es-publica-rafael-tasis-1906-1966-cinquanta-anys-despres\/\" target=\"_blank\" rel=\"noopener\">R<\/a><\/em><a href=\"http:\/\/filescat.uab.cat\/filcat\/es-publica-rafael-tasis-1906-1966-cinquanta-anys-despres\/\" target=\"_blank\" rel=\"noopener\"><em>afael Tasis (1906-1966), cinquanta anys despr\u00e9s<\/em><\/a><\/p>\n\n\n\n<p>Edici\u00f3n a cargo de Montserrat Bacard\u00ed, Francesc Foguet y \u00c0lex Mart\u00edn<\/p>\n\n\n\n<p>Societat Catalana de Llengua i Literatura, filial del IEC<\/p>\n\n\n\n<p>Colecci\u00f3n \u00abTreballs de la Societat Catalana de Llengua i Literatura\u00bb, 12, 2016<\/p>\n\n\n\n<p>ISBN:&nbsp;978-84-9965-338-9<\/p>\n<\/div><\/div>\n\n\n\n<div class=\"wp-block-media-text is-stacked-on-mobile\" style=\"grid-template-columns:34% auto\"><figure class=\"wp-block-media-text__media\"><img loading=\"lazy\" decoding=\"async\" width=\"706\" height=\"1024\" src=\"https:\/\/webs.uab.cat\/getcc\/wp-content\/uploads\/sites\/65\/2016\/10\/LecturesTasis.jpg\" alt=\"Rafael Tasis -\nLectures de postguerra\" class=\"wp-image-583 size-full\" srcset=\"https:\/\/webs.uab.cat\/getcc\/wp-content\/uploads\/sites\/65\/2016\/10\/LecturesTasis.jpg 706w, https:\/\/webs.uab.cat\/getcc\/wp-content\/uploads\/sites\/65\/2016\/10\/LecturesTasis-207x300.jpg 207w\" sizes=\"auto, (max-width: 706px) 100vw, 706px\" \/><\/figure><div class=\"wp-block-media-text__content\">\n<p><strong>Rafael Tasis<\/strong><\/p>\n\n\n\n<p><a href=\"http:\/\/filescat.uab.cat\/filcat\/index.php\/lectures-de-postguerra-de-rafael-tasis\/\" target=\"_blank\" rel=\"noopener\"><em>Lectures de postguerra<\/em><\/a><\/p>\n\n\n\n<p>Edici\u00f3n a cargo de Montserrat Bacard\u00ed y Francesc Foguet<\/p>\n\n\n\n<p>Publicacions de l&#8217;Abadia de Montserrat<\/p>\n\n\n\n<p>Colecci\u00f3n \u00abBiblioteca Serra d&#8217;Or\u00bb, 491, 2016<\/p>\n\n\n\n<p>ISBN:&nbsp;978-84-9883-841-1<\/p>\n\n\n\n<p>360 p.<\/p>\n<\/div><\/div>\n\n\n\n<div class=\"wp-block-media-text is-stacked-on-mobile\" style=\"grid-template-columns:34% auto\"><figure class=\"wp-block-media-text__media\"><img loading=\"lazy\" decoding=\"async\" width=\"729\" height=\"1024\" src=\"https:\/\/webs.uab.cat\/getcc\/wp-content\/uploads\/sites\/65\/2016\/10\/Muntaner-4.png\" alt=\"Muntaner 4\" class=\"wp-image-574 size-full\" srcset=\"https:\/\/webs.uab.cat\/getcc\/wp-content\/uploads\/sites\/65\/2016\/10\/Muntaner-4.png 729w, https:\/\/webs.uab.cat\/getcc\/wp-content\/uploads\/sites\/65\/2016\/10\/Muntaner-4-214x300.png 214w\" sizes=\"auto, (max-width: 729px) 100vw, 729px\" \/><\/figure><div class=\"wp-block-media-text__content\">\n<p><strong>Rafael Tasis<\/strong><\/p>\n\n\n\n<p><a href=\"http:\/\/filescat.uab.cat\/filcat\/index.php\/ensiola-publica-muntaner-4\/\" target=\"_blank\" rel=\"noopener\"><em>Muntaner, 4<\/em><\/a><\/p>\n\n\n\n<p>Edici\u00f3n a cargo de Montserrat Bacard\u00ed y Francesc Foguet<\/p>\n\n\n\n<p>Editorial Ensiola<\/p>\n\n\n\n<p>Colecci\u00f3n \u00abEnsiola Narrativa\u00bb, 28, 2015<\/p>\n\n\n\n<p>ISBN:&nbsp;978-84-942075-7-0<\/p>\n\n\n\n<p>232 p.<\/p>\n<\/div><\/div>\n\n\n\n<div class=\"wp-block-media-text is-stacked-on-mobile\" style=\"grid-template-columns:35% auto\"><figure class=\"wp-block-media-text__media\"><img loading=\"lazy\" decoding=\"async\" width=\"235\" height=\"338\" src=\"https:\/\/webs.uab.cat\/getcc\/wp-content\/uploads\/sites\/65\/2016\/10\/Coberta-reculons.jpg\" alt=\"Coberta-reculons\" class=\"wp-image-1004 size-full\" srcset=\"https:\/\/webs.uab.cat\/getcc\/wp-content\/uploads\/sites\/65\/2016\/10\/Coberta-reculons.jpg 235w, https:\/\/webs.uab.cat\/getcc\/wp-content\/uploads\/sites\/65\/2016\/10\/Coberta-reculons-209x300.jpg 209w\" sizes=\"auto, (max-width: 235px) 100vw, 235px\" \/><\/figure><div class=\"wp-block-media-text__content\">\n<p><strong>Rafael Tasis<\/strong><\/p>\n\n\n\n<p><a href=\"http:\/\/www.cossetania.com\/a-reculons-1797\" target=\"_blank\" rel=\"noopener\"><em>A reculons<\/em><\/a><\/p>\n\n\n\n<p>Edici\u00f3n a cargo de Montserrat Bacard\u00ed y Francesc Foguet<\/p>\n\n\n\n<p>Cosset\u00e0nia Edicions<\/p>\n\n\n\n<p>Colecci\u00f3n \u00abBiblioteca de Tots colors\u00bb, 9, 2015<\/p>\n\n\n\n<p>ISBN:&nbsp;978-84-9034-374-6<\/p>\n\n\n\n<p>136 p.<\/p>\n<\/div><\/div>\n\n\n\n<div class=\"wp-block-media-text is-stacked-on-mobile\" style=\"grid-template-columns:35% auto\"><figure class=\"wp-block-media-text__media\"><img loading=\"lazy\" decoding=\"async\" width=\"200\" height=\"314\" src=\"https:\/\/webs.uab.cat\/getcc\/wp-content\/uploads\/sites\/65\/2016\/10\/El-revulsiu-del-catalanisme.jpg\" alt=\"El revulsiu del catalanisme\" class=\"wp-image-568 size-full\" srcset=\"https:\/\/webs.uab.cat\/getcc\/wp-content\/uploads\/sites\/65\/2016\/10\/El-revulsiu-del-catalanisme.jpg 200w, https:\/\/webs.uab.cat\/getcc\/wp-content\/uploads\/sites\/65\/2016\/10\/El-revulsiu-del-catalanisme-191x300.jpg 191w\" sizes=\"auto, (max-width: 200px) 100vw, 200px\" \/><\/figure><div class=\"wp-block-media-text__content\">\n<p><strong>Rafael Tasis<\/strong><\/p>\n\n\n\n<p><em><a href=\"http:\/\/www.cossetania.com\/el-revulsiu-del-catalanisme-1765\" target=\"_blank\" rel=\"noopener\">El revulsiu del catalanisme<\/a><\/em><\/p>\n\n\n\n<p>Edici\u00f3n a cargo de Montserrat Bacard\u00ed y Francesc Foguet<\/p>\n\n\n\n<p>&nbsp; Cosset\u00e0nia Edicions<\/p>\n\n\n\n<p>&nbsp; Colecci\u00f3n \u00abMem\u00f2ria del Segle XX\u00bb, 27, 2015<\/p>\n\n\n\n<p>&nbsp; ISBN: 978-84-9034-341-8<\/p>\n\n\n\n<p>&nbsp; 254 p.<\/p>\n<\/div><\/div>\n\n\n\n<div class=\"wp-block-media-text is-stacked-on-mobile\" style=\"grid-template-columns:35% auto\"><figure class=\"wp-block-media-text__media\"><img loading=\"lazy\" decoding=\"async\" width=\"280\" height=\"410\" src=\"https:\/\/webs.uab.cat\/getcc\/wp-content\/uploads\/sites\/65\/2016\/10\/Huxley2.jpg\" alt=\"Huxley2\" class=\"wp-image-550 size-full\" srcset=\"https:\/\/webs.uab.cat\/getcc\/wp-content\/uploads\/sites\/65\/2016\/10\/Huxley2.jpg 280w, https:\/\/webs.uab.cat\/getcc\/wp-content\/uploads\/sites\/65\/2016\/10\/Huxley2-205x300.jpg 205w\" sizes=\"auto, (max-width: 280px) 100vw, 280px\" \/><\/figure><div class=\"wp-block-media-text__content\">\n<p>&nbsp;<strong>Aldous Huxley<\/strong><\/p>\n\n\n\n<p><em><a href=\"http:\/\/www.adesiaraeditorial.cat\/ficha.aspx?cod=ACI000037\" target=\"_blank\" rel=\"noopener\">Carretera enll\u00e0<\/a><\/em><\/p>\n\n\n\n<p>Traducci\u00f3n de Rafael Tasis<\/p>\n\n\n\n<p>Edici\u00f3n a cargo de Dolors Udina<\/p>\n\n\n\n<p>Editorial Adesiara<\/p>\n\n\n\n<p>Colecci\u00f3n \u00abD&#8217;ac\u00ed i d&#8217;all\u00e0\u00bb, 37, 2014<\/p>\n\n\n\n<p>ISBN: 978-84-92405-74-9<\/p>\n\n\n\n<p>224 p.<\/p>\n<\/div><\/div>\n\n\n\n<div class=\"wp-block-media-text is-stacked-on-mobile\" style=\"grid-template-columns:35% auto\"><figure class=\"wp-block-media-text__media\"><img loading=\"lazy\" decoding=\"async\" width=\"662\" height=\"1024\" src=\"https:\/\/webs.uab.cat\/getcc\/wp-content\/uploads\/sites\/65\/2016\/10\/joglar1-662x1024.jpg\" alt=\"joglar1\" class=\"wp-image-565 size-full\" srcset=\"https:\/\/webs.uab.cat\/getcc\/wp-content\/uploads\/sites\/65\/2016\/10\/joglar1-662x1024.jpg 662w, https:\/\/webs.uab.cat\/getcc\/wp-content\/uploads\/sites\/65\/2016\/10\/joglar1-194x300.jpg 194w, https:\/\/webs.uab.cat\/getcc\/wp-content\/uploads\/sites\/65\/2016\/10\/joglar1-768x1188.jpg 768w, https:\/\/webs.uab.cat\/getcc\/wp-content\/uploads\/sites\/65\/2016\/10\/joglar1-993x1536.jpg 993w, https:\/\/webs.uab.cat\/getcc\/wp-content\/uploads\/sites\/65\/2016\/10\/joglar1-1324x2048.jpg 1324w, https:\/\/webs.uab.cat\/getcc\/wp-content\/uploads\/sites\/65\/2016\/10\/joglar1-1200x1856.jpg 1200w, https:\/\/webs.uab.cat\/getcc\/wp-content\/uploads\/sites\/65\/2016\/10\/joglar1-1980x3063.jpg 1980w, https:\/\/webs.uab.cat\/getcc\/wp-content\/uploads\/sites\/65\/2016\/10\/joglar1-scaled.jpg 1655w\" sizes=\"auto, (max-width: 662px) 100vw, 662px\" \/><\/figure><div class=\"wp-block-media-text__content\">\n<p><strong>John Millington Synge<\/strong><\/p>\n\n\n\n<p><a href=\"http:\/\/www.editorialpunctum.com\/coeditors\/getcc\/el-joglar-del-mon-occidental\/\" target=\"_blank\" rel=\"noopener\"><em>El joglar del m\u00f3n occidental<\/em><\/a><\/p>\n\n\n\n<p>Traducci\u00f3n de Rafael Tasis<\/p>\n\n\n\n<p>Edici\u00f3n a cargo de Dolors Udina<\/p>\n\n\n\n<p>Editorial Punctum<\/p>\n\n\n\n<p>Colecci\u00f3n \u00abVersions\u00bb, 2, 2012<\/p>\n\n\n\n<p>ISBN: 978-84-940694-1-3<\/p>\n\n\n\n<p>76 p.<\/p>\n<\/div><\/div>\n\n\n\n<div class=\"wp-block-media-text is-stacked-on-mobile\" style=\"grid-template-columns:35% auto\"><figure class=\"wp-block-media-text__media\"><img loading=\"lazy\" decoding=\"async\" width=\"669\" height=\"1024\" src=\"https:\/\/webs.uab.cat\/getcc\/wp-content\/uploads\/sites\/65\/2016\/10\/tasis1-669x1024.jpg\" alt=\"tasis1\" class=\"wp-image-553 size-full\" srcset=\"https:\/\/webs.uab.cat\/getcc\/wp-content\/uploads\/sites\/65\/2016\/10\/tasis1-669x1024.jpg 669w, https:\/\/webs.uab.cat\/getcc\/wp-content\/uploads\/sites\/65\/2016\/10\/tasis1-196x300.jpg 196w, https:\/\/webs.uab.cat\/getcc\/wp-content\/uploads\/sites\/65\/2016\/10\/tasis1-768x1176.jpg 768w, https:\/\/webs.uab.cat\/getcc\/wp-content\/uploads\/sites\/65\/2016\/10\/tasis1.jpg 792w\" sizes=\"auto, (max-width: 669px) 100vw, 669px\" \/><\/figure><div class=\"wp-block-media-text__content\">\n<p><strong>Rafael Tasis<\/strong><\/p>\n\n\n\n<p><em><a href=\"http:\/\/www.cossetania.com\/les-raons-de-exili-1265\" target=\"_blank\" rel=\"noopener\">Les raons de l&#8217;exili<\/a><\/em><\/p>\n\n\n\n<p>Edici\u00f3n a cargo de Montserrat Bacard\u00ed y Francesc Foguet<\/p>\n\n\n\n<p>Editorial Cosset\u00e0nia<\/p>\n\n\n\n<p>Colecci\u00f3n \u00abMem\u00f2ria del segle XX\u00bb, 19, 2012<\/p>\n\n\n\n<p>ISBN: 978-84-15456-43-8<\/p>\n\n\n\n<p>304 p., 13,3 x 21 cm<\/p>\n<\/div><\/div>\n\n\n\n<div class=\"wp-block-media-text is-stacked-on-mobile\" style=\"grid-template-columns:35% auto\"><figure class=\"wp-block-media-text__media\"><img loading=\"lazy\" decoding=\"async\" width=\"695\" height=\"1024\" src=\"https:\/\/webs.uab.cat\/getcc\/wp-content\/uploads\/sites\/65\/2016\/10\/calders1-695x1024.jpg\" alt=\"calders1\" class=\"wp-image-559 size-full\" srcset=\"https:\/\/webs.uab.cat\/getcc\/wp-content\/uploads\/sites\/65\/2016\/10\/calders1-695x1024.jpg 695w, https:\/\/webs.uab.cat\/getcc\/wp-content\/uploads\/sites\/65\/2016\/10\/calders1-204x300.jpg 204w, https:\/\/webs.uab.cat\/getcc\/wp-content\/uploads\/sites\/65\/2016\/10\/calders1-768x1131.jpg 768w, https:\/\/webs.uab.cat\/getcc\/wp-content\/uploads\/sites\/65\/2016\/10\/calders1.jpg 804w\" sizes=\"auto, (max-width: 695px) 100vw, 695px\" \/><\/figure><div class=\"wp-block-media-text__content\">\n<p><strong>Pere Calders<\/strong><\/p>\n\n\n\n<p><em>Fe de vida. Cartes a Rafael Tasis<\/em><\/p>\n\n\n\n<p>Edici\u00f3n a cargo de Montserrat Bacard\u00ed y Francesc Foguet<\/p>\n\n\n\n<p>Editorial Acontravent<\/p>\n\n\n\n<p>Colecci\u00f3n \u00abAbans d&#8217;ara\u00bb, 27, 2012<\/p>\n\n\n\n<p>ISBN:&nbsp;9788415720034<\/p>\n\n\n\n<p>230 p.<\/p>\n<\/div><\/div>\n\n\n\n<div class=\"wp-block-media-text is-stacked-on-mobile\" style=\"grid-template-columns:35% auto\"><figure class=\"wp-block-media-text__media\"><img loading=\"lazy\" decoding=\"async\" width=\"688\" height=\"1024\" src=\"https:\/\/webs.uab.cat\/getcc\/wp-content\/uploads\/sites\/65\/2016\/10\/tasis_bo-688x1024.jpg\" alt=\"tasis_bo\" class=\"wp-image-544 size-full\" srcset=\"https:\/\/webs.uab.cat\/getcc\/wp-content\/uploads\/sites\/65\/2016\/10\/tasis_bo-688x1024.jpg 688w, https:\/\/webs.uab.cat\/getcc\/wp-content\/uploads\/sites\/65\/2016\/10\/tasis_bo-202x300.jpg 202w, https:\/\/webs.uab.cat\/getcc\/wp-content\/uploads\/sites\/65\/2016\/10\/tasis_bo-768x1143.jpg 768w, https:\/\/webs.uab.cat\/getcc\/wp-content\/uploads\/sites\/65\/2016\/10\/tasis_bo-1032x1536.jpg 1032w, https:\/\/webs.uab.cat\/getcc\/wp-content\/uploads\/sites\/65\/2016\/10\/tasis_bo.jpg 1075w\" sizes=\"auto, (max-width: 688px) 100vw, 688px\" \/><\/figure><div class=\"wp-block-media-text__content\">\n<p><strong>Rafael Tasis<\/strong><\/p>\n\n\n\n<p><em>Diari \u00edntim. Escrits autobiogr\u00e0fics<\/em><\/p>\n\n\n\n<p>Edici\u00f3n a cargo de Montserrat Bacard\u00ed y Francesc Foguet<\/p>\n\n\n\n<p>Editorial Acontravent<\/p>\n\n\n\n<p>Colecci\u00f3n \u00abAbans d&#8217;ara\u00bb, 21, 2012<\/p>\n\n\n\n<p>ISBN: 9788493972202<\/p>\n\n\n\n<p>428 p., 21 cm<\/p>\n<\/div><\/div>\n\n\n\n<div class=\"wp-block-media-text is-stacked-on-mobile\" style=\"grid-template-columns:35% auto\"><figure class=\"wp-block-media-text__media\"><img loading=\"lazy\" decoding=\"async\" width=\"188\" height=\"269\" src=\"https:\/\/webs.uab.cat\/getcc\/wp-content\/uploads\/sites\/65\/2016\/10\/desert.jpg\" alt=\"desert\" class=\"wp-image-556 size-full\" \/><\/figure><div class=\"wp-block-media-text__content\">\n<p><strong>Rafael Tasis i Ramon Xuriguera <\/strong><\/p>\n\n\n\n<p><em><a href=\"http:\/\/books.google.es\/books?id=n3-tyg7dq_sC&amp;lpg=PA3&amp;ots=e9RnoVSTPs&amp;dq=l'espant%C3%B3s%20%C3%A9s%20el%20buit%20el%20desert%20abadia%20montserrat&amp;hl=ca&amp;pg=PP1#v=onepage&amp;q=l'espant%C3%B3s%20%C3%A9s%20el%20buit%20el%20desert%20abadia%20montserrat&amp;f=false\" target=\"_blank\" rel=\"noopener\">L&#8217;espant\u00f3s \u00e9s el buit, el desert<\/a><\/em><\/p>\n\n\n\n<p>Edici\u00f3n a cargo de Josep Camps i Arb\u00f3s<\/p>\n\n\n\n<p>Publicacions de l&#8217;Abadia de Montserrat, 2010<\/p>\n\n\n\n<p>ISBN:&nbsp;9788498833232<\/p>\n\n\n\n<p>264 p.<\/p>\n<\/div><\/div>\n\n\n\n<p>&nbsp;<\/p>\n\n\n\n<p><\/p>\n","protected":false},"excerpt":{"rendered":"<p>Rafael Tasis Marca (Barcelona, 1906 \u2013 Par\u00eds, 1966) desempe\u00f1\u00f3 una prol\u00edfica actividad literaria como periodista, cr\u00edtico, novelista, dramaturgo, historiador y traductor. Dirigente de Acci\u00f3 Catalana Republicana, se implic\u00f3 en la administraci\u00f3n de la Generalitat de Catalunya durante la guerra y, en calidad de secretario general de este partido, en la pol\u00edtica oficial del primer exilio. [&hellip;]<\/p>\n","protected":false},"author":20,"featured_media":0,"parent":0,"menu_order":0,"comment_status":"closed","ping_status":"closed","template":"","meta":{"footnotes":""},"class_list":["post-593","page","type-page","status-publish","hentry"],"_links":{"self":[{"href":"https:\/\/webs.uab.cat\/getcc\/es\/wp-json\/wp\/v2\/pages\/593","targetHints":{"allow":["GET"]}}],"collection":[{"href":"https:\/\/webs.uab.cat\/getcc\/es\/wp-json\/wp\/v2\/pages"}],"about":[{"href":"https:\/\/webs.uab.cat\/getcc\/es\/wp-json\/wp\/v2\/types\/page"}],"author":[{"embeddable":true,"href":"https:\/\/webs.uab.cat\/getcc\/es\/wp-json\/wp\/v2\/users\/20"}],"replies":[{"embeddable":true,"href":"https:\/\/webs.uab.cat\/getcc\/es\/wp-json\/wp\/v2\/comments?post=593"}],"version-history":[{"count":6,"href":"https:\/\/webs.uab.cat\/getcc\/es\/wp-json\/wp\/v2\/pages\/593\/revisions"}],"predecessor-version":[{"id":2575,"href":"https:\/\/webs.uab.cat\/getcc\/es\/wp-json\/wp\/v2\/pages\/593\/revisions\/2575"}],"wp:attachment":[{"href":"https:\/\/webs.uab.cat\/getcc\/es\/wp-json\/wp\/v2\/media?parent=593"}],"curies":[{"name":"wp","href":"https:\/\/api.w.org\/{rel}","templated":true}]}}