{"id":618,"date":"2014-12-09T11:27:48","date_gmt":"2014-12-09T11:27:48","guid":{"rendered":"https:\/\/webs.uab.cat\/getcc\/pep-sanz-datzira-2\/"},"modified":"2025-03-07T14:14:15","modified_gmt":"2025-03-07T14:14:15","slug":"pep-sanz-datzira-2","status":"publish","type":"page","link":"https:\/\/webs.uab.cat\/getcc\/es\/pep-sanz-datzira-2\/","title":{"rendered":"Pep Sanz Datzira"},"content":{"rendered":"\n<blockquote class=\"wp-block-quote is-layout-flow wp-block-quote-is-layout-flow\">\n<p>Universitat Aut\u00f2noma&nbsp;de Barcelona<\/p>\n\n\n\n<p>josep.sanz@uab.cat<\/p>\n\n\n\n<p>ORCID iD:&nbsp;0000-0002-2832-2365<\/p>\n<\/blockquote>\n\n\n\n<p>Doctor en Traducci\u00f3n y Estudios Interculturales y Licenciado en Filolog\u00eda Catalana por la UAB. Ha cursado un m\u00e1ster en Estudios Rom\u00e1nicos en la Universidad de la Sorbona, donde ha sido lector de lengua y literatura catalanas. Ha sido profesor en la Universidad de Toulouse-Jean Jaur\u00e8s e investigador en formaci\u00f3n en el Departamento de Traducci\u00f3n e Interpretaci\u00f3n de la UAB. Ha publicado <em>Andr\u00e9 Gide a Catalunya (1900-1939)<\/em> (2021), as\u00ed como estudios y ediciones sobre literatura catalana contempor\u00e1nea, la mayor\u00eda dedicados a la recepci\u00f3n de autores extranjeros y a las relaciones interculturales. Es profesor lector del Departamento de Filolog\u00eda Catalana de la Universitat Aut\u00f2noma de Barcelona y miembro del consejo de redacci\u00f3n de la revista <em>Els Marges<\/em>.    <\/p>\n\n\n\n<p>&nbsp;<\/p>\n\n\n\n<h2 class=\"wp-block-heading\"><strong>Publicaciones<\/strong><\/h2>\n\n\n\n<p>2026 \u00ab<em>Postmodernisme\u00a0<\/em>franc\u00e8s i\u00a0<em>postmodernismo\u00a0<\/em>itali\u00e0: traduccions i recepcions\u00bb, dins Jordi Marrugat, V\u00edctor Mart\u00ednez-Gil &amp; N\u00faria Santamaria (eds.),\u00a0<em>Literatura catalana de la postmodernitat (del 1968 al segle XXI)<\/em>, Barcelona: Edicions de la UB. [en prensa]<\/p>\n\n\n\n<p>2025 Quim Torra,&nbsp;<em>Armand Obiols, d\u2019una fredor que crema. L\u2019intel\u00b7lectual que es va perdre<\/em>.&nbsp;<em>Llengua &amp; Literatura,<\/em>&nbsp;35, p. 162-165 [en prensa].<\/p>\n\n\n\n<p>2024 Italo Calvino,<a href=\"https:\/\/revistes.uab.cat\/quadernsitalia\/article\/view\/v29-sanz\/616\" target=\"_blank\" rel=\"noreferrer noopener\">&nbsp;<\/a><em><a href=\"https:\/\/revistes.uab.cat\/quadernsitalia\/article\/view\/v29-sanz\/616\" target=\"_blank\" rel=\"noreferrer noopener\">L\u2019\u00faltim \u00e9s el corb<\/a><\/em>. Traducci\u00f3n de Pau Vidal.&nbsp;<em>Quaderns d\u2019Itali\u00e0,<\/em>&nbsp;29, p. 311-314.<\/p>\n\n\n\n<p>2024<em> Illes afortunades. Homenatge a Montserrat Franquesa <\/em>. Edici\u00f3n y presentaci\u00f3n a cargo de Josefina Caball, Lara Estany y Pep Sanz.  Ma\u00f3: Punctum.<\/p>\n\n\n\n<p>2024&nbsp;\u00abJoan Oliver i Jordi Castellanos: cr\u00edtica i construcci\u00f3 cultural\u00bb, <em>Els Marges<\/em>, 133, p. 74-90.<\/p>\n\n\n\n<p>2024 <a href=\"https:\/\/www.visat.cat\/newsletter\/article\/37\/SXRhbG8gQ2FsdmlubyBpIG5vc2FsdHJlcw==\/0\">\u00abItalo Calvino i nosaltres\u00bb<\/a>, <em>Visat, la revista de literatura i traducci\u00f3 del PEN catal\u00e0<\/em>, n\u00fam. 37. <\/p>\n\n\n\n<p>2024 \u00abDe R\u00fassia al Baix Cinca: Ser\u00e9s tradu\u00eft\u00bb, en &nbsp;<em>Francesc Ser\u00e9s: la pell de la realitat<\/em>. Edici\u00f3n a cargo de Josep Camps y Maria Dasca. Barcelona: Societat Catalana de Llengua i Literatura, filial del Institut d\u2019Estudis Catalans.  <\/p>\n\n\n\n<p>2023&nbsp;\u00abPresentaci\u00f3\u00bb, dossier \u00abAfectes mutus i camins diversos. La traducci\u00f3 liter\u00e0ria entre el catal\u00e0 i el castell\u00e0\u00bb, <em>Quaderns. Revista de traducci\u00f3<\/em>, vol. 30, p. 7-10. <\/p>\n\n\n\n<p>2022&nbsp;\u00abSobre Dom\u00e8nec Guans\u00e9: fer-se escriptor\u00bb, <em>Els Marges<\/em>, 127, p. 116-118.<\/p>\n\n\n\n<p>2022 \u00abTraducci\u00f3n y capital simb\u00f3lico: Andr\u00e9 Gide en la literatura catalana de entreguerras\u00bb. <em>Bulletin Hispanique<\/em>, 125 [en premsa].<\/p>\n\n\n\n<p>2021&nbsp;<em><a href=\"https:\/\/www.pamsa.cat\/andre-gide-a-catalunya-19001939-9788491911951\/\" target=\"_blank\" rel=\"noopener\">Andr\u00e9 Gide a Catalunya (1900-1939)<\/a><\/em>. Barcelona: Publicacions de l&#8217;Abadia de Montserrat. <\/p>\n\n\n\n<p>2021&nbsp;\u00abNavegar per l&#8217;aiguamoll: Llu\u00eds Calvo.&nbsp;<em>Els llegats. Una lectura contempr\u00e0nia de la tradici\u00f3 <\/em>\u00bb.&nbsp;<em>Els Marges<\/em>, 126&nbsp;(oto\u00f1o de 2021), p. 119-122.<\/p>\n\n\n\n<p>2021&nbsp;\u00abEls or\u00edgens literaris de Josep Palau i Fabre\u00bb.&nbsp;En: Gregori,&nbsp;Carme; Rossell\u00f3,&nbsp;Ramon X. (eds.).&nbsp;<em>Literatura catalana contempor\u00e0nia: transformacions, imitacions i altres formes de reescriptura.<\/em>&nbsp;Barcelona: Institut d&#8217;Estudis Catalans, p. 209-226.<\/p>\n\n\n\n<p>2021&nbsp;\u00abSimposi La Colla de Sabadell. Joan Oliver, Francesc Trabal i Armand Obiols\u00bb.&nbsp;<em>Estudis Rom\u00e0nics<\/em>, XLIII, p. 605-606.<\/p>\n\n\n\n<p>2020 \u00abMite i reconstrucci\u00f3 d&#8217;Armand Obiols\u00bb.&nbsp;En:&nbsp;<em>L&#8217;humor constructiu. Vindicaci\u00f3 de la Colla de Sabadell:&nbsp;Joan Oliver, Francesc Trabal i Armand Obiols <\/em>.\nBarcelona: Abadia de Montserrat, p. 97-118. <\/p>\n\n\n\n<p>2019&nbsp;<a href=\"https:\/\/www.raco.cat\/index.php\/AnuariTrilcat\/article\/view\/361766\" target=\"_blank\" rel=\"noopener\">\u00ab\u00bbDe la influe\u0300ncia en literatura\u00bb: Andre\u0301 Gide a Pe\u0300l Ploma\u00bb<\/a>. <em>Anuari Trilcat<\/em>, 9, p. 104-126.<\/p>\n\n\n\n<p>2019&nbsp;<a href=\"https:\/\/www.cervantesvirtual.com\/obra\/cafe-central-barcelona-1989--semblanza-952792\/\">\u00abSemblanza de Caf\u00e8 Central (Barcelona, 1989- )\u00bb<\/a>.&nbsp;<em>Biblioteca Virtual Miguel de Cervantes &#8211; Portal Editores y Editoriales Iberoamericanos (siglos XIX-XXI) &#8211; EDI-RED.<\/em><\/p>\n\n\n\n<p>2018&nbsp;<em>L&#8217;esclat que ara m&#8217;ofrenes<\/em> (ed).&nbsp;Girona: Curbet Edicions.<\/p>\n\n\n\n<p>2018&nbsp;\u00abApunts sobre un prol\u00edfic escriptor quasi in\u00e8dit\u00bb (ed.). En: <em>L&#8217;esclat que ara m&#8217;ofrenes<\/em>. Girona: Curbet Edicions.  <\/p>\n\n\n\n<p>2018 \u00abVicen\u00e7 Pag\u00e8s Jord\u00e0. Robinson\u00bb.&nbsp;<em>Els Marges<\/em>, 115, p. 121-122.<\/p>\n\n\n\n<p>2018 \u00abDe l\u2019Empord\u00e0 \u2018chic\u2019 a l\u2019Empord\u00e0 \u2018choc\u2019: mirades a banda i banda de la frontera\u00bb. <em>I Congr\u00e9s internacional sobre literatura i corrents territorials: la construcci\u00f3 liter\u00e0ria del territori<\/em>. Girona: Publicacions de l&#8217;Institut de Llengua i Cultura Catalanes, p. 117-134. &nbsp;<\/p>\n\n\n\n<p>2018&nbsp;\u00abAlexandre Plana, escriptor prol\u00edfic i traductor ocasional\u00bb. <em>Visat. Revista Digital de Literatura i Traducci\u00f3 del PEN Catal\u00e0 <\/em>, 21.<\/p>\n\n\n\n<p>2017 \u00abNotes sobre la introducci\u00f3 de Rabindran\u0101th Tagore a Catalunya\u00bb.&nbsp;<em>Els Marges<\/em>, 113, p. 35-54.<\/p>\n\n\n\n<p>2017 <a href=\"https:\/\/crimic-sorbonne.fr\/wp-content\/uploads\/2018\/01\/Catalonia-21-Sanz-Datzira.pdf\" target=\"_blank\" rel=\"noopener\">\u00abUn \u00abempelt d\u2019immoralisme\u00bb: Miquel Llor i Les caves del Vatic\u00e0\u00bb<\/a>.&nbsp;Universit\u00e9 Paris-Sorbonne: <em>Catalonia<\/em>, 21.&nbsp;<\/p>\n\n\n\n<p>2017&nbsp;<em><a href=\"https:\/\/www.editorialpunctum.com\/coeditors\/getcc\/epistolari-jordi-arbones-antoni-clapes\/\" target=\"_blank\" rel=\"noopener\">Epistolari Jordi Arbon\u00e8s  Antoni Clap\u00e9s<\/a>&nbsp;<\/em>(ed). Lleida: Punctum. <\/p>\n\n\n\n<p>2016&nbsp;<a href=\"https:\/\/quadern.fundacioars.org\/de-quan-com-i-per-que-un-escriptor-fa-nosa-en-record-de-robert-ferrer\/\" target=\"_blank\" rel=\"noopener\">\u00abDe quan, com i per qu\u00e8 un escriptor fa nosa\u00bb<\/a>. <em>Quadern de les Idees, les Arts i les Lletres<\/em>, 207, p.&nbsp;75-77.<\/p>\n\n\n\n<p>2016&nbsp;\u00abMiquel Adam.<em>Torero d&#8217;hivern<\/em>\u00bb.&nbsp;<em>Els Marges<\/em>, 110, p.&nbsp;121-122.<\/p>\n\n\n\n<p>2016&nbsp;<a href=\"https:\/\/www.visat.cat\/newsletter\/article_2016.php?id=21&amp;idArt=6\" target=\"_blank\" rel=\"noopener\">\u00abSobre Andr\u00e9 Gide\u00bb<\/a>.&nbsp;<em>Visat<\/em>. <em>Revista Digital de Literatura i Traducci\u00f3 del PEN Catal\u00e0<\/em>, 21.<\/p>\n\n\n\n<p>2016&nbsp;\u00abRamon Erra. <em>Far West gitano<\/em>\u00bb.&nbsp;<em>Els Marges<\/em>, 108, p, 124-125.<\/p>\n\n\n\n<p>2015&nbsp;\u00abFrancesc Ser\u00e9s. <em>La pell de la frontera<\/em>\u00bb.&nbsp;<em>Els Marges<\/em>, 106, p. 118-119.<\/p>\n\n\n\n<p>2015&nbsp;<a href=\"https:\/\/ddd.uab.cat\/search?ln=en&amp;sc=1&amp;p=sanz+datzira&amp;f=&amp;action_search=Search&amp;c=matcur&amp;c=llicol&amp;c=docrec&amp;c=pubper&amp;c=artinf&amp;c=jorcon&amp;c=docgra&amp;c=multimedia&amp;c=fonper\" target=\"_blank\" rel=\"noopener\">\u00abIvan Garcia (ed.), <em>La traducci\u00f3 indirecta en la literatura catalana<\/em>\u00bb<\/a>.<em> Quaderns. Revista de Traducci\u00f3, 22,&nbsp;<\/em>p. 420-422.<\/p>\n\n\n\n<p>2015<em>&nbsp;<\/em><a href=\"https:\/\/raco.cat\/index.php\/RevistaGirona\/article\/view\/296051\/384771\"><\/a><a href=\"https:\/\/raco.cat\/index.php\/RevistaGirona\/article\/view\/296051\/384771\">\u00ab<\/a><a href=\"https:\/\/raco.cat\/index.php\/RevistaGirona\/article\/view\/296051\/384771\" target=\"_blank\" rel=\"noopener\"><em>Pla, nord enll\u00e0. Sobre dues traduccions del <em>Quadern gris<\/em>\u00bb<\/em> <\/a>.&nbsp;<em>Revista de Girona, <\/em>291, p. 38-39.<\/p>\n\n\n\n<p>2014&nbsp;\u00abRep\u00fablica<em> quiche<\/em>\u00bb. <em>Revista de Catalunya<\/em>, 288, p. 151-158.<\/p>\n\n\n\n<p>2014 \u00abA Catalunya, la pol\u00edtica s&#8217;ho menja tot: Joseph Kessel i els fets d\u2019octubre de 1934\u00bb. <em>L\u2019Aven\u00e7<\/em>, 405, p. 20-26.<\/p>\n\n\n\n<p>2014&nbsp;\u00abVicen\u00e7 Pag\u00e8s Jord\u00e0. <em>Dies de frontera<\/em>\u00bb. <em>Revista de Catalunya<\/em>, 287, p. 275-277.<\/p>\n\n\n\n<p>2014&nbsp;\u00abJoan Francesc Mira. <em>El tramvia groc<\/em>\u00bb. <em>Els Marges<\/em>, 103, p. 207-208. Reed. <em>Quaderns Divulgatius, 51. <\/em><em>Premis de la Cr\u00edtica de l\u2019AELC 2014<\/em>, p. 99-101. <\/p>\n\n\n\n<p>2014&nbsp;\u00abFerran S\u00e1ez Mateu. <em>Les ombres errants<\/em>\u00bb. <em>Revista de Catalunya<\/em>, 285, p. 271-273.<\/p>\n\n\n\n<p>2013&nbsp;\u00abJosep M. Trabal tradueix Joan Oliver: edici\u00f3 i presentaci\u00f3 de <em>Le vrai drame du paradis<\/em>\u00bb. <em>Anuari Trilcat<\/em>, 3. Universitat Pompeu Fabra &#8211; TRILCAT, p. 105-151. <\/p>\n\n\n\n<p>2013&nbsp;<a href=\"https:\/\/raco.cat\/index.php\/RevistaGirona\/article\/view\/264661\/352315\" target=\"_blank\" rel=\"noopener\">\u00abDal\u00ed al Pompidou: segon assalt\u00bb<\/a>. <em>Revista de Girona<\/em>, 278, p. 81-83.<\/p>\n\n\n\n<p>2013&nbsp;<a href=\"https:\/\/raco.cat\/index.php\/Marges\/article\/view\/295811\/384487\" target=\"_blank\" rel=\"noopener\">\u00abIsabel Olesti. <em>La pell de l&#8217;aigua<\/em>\u00bb<\/a>. <em>Els Marges<\/em>, 99, p. 123-124.<\/p>\n\n\n\n<p>2012&nbsp;\u00abFrancesc Trabal. <em>Els contracops de l&#8217;enyoran\u00e7a. <\/em>Edici\u00f3n y pr\u00f3logo de Maria Campillo\u00bb.<em> Sirvent\u00e8s. Revista Digital de Cultura i Pensament <\/em>, 1.<\/p>\n\n\n\n<p>2012&nbsp;<a href=\"https:\/\/raco.cat\/index.php\/Marges\/article\/view\/295703\/384387\" target=\"_blank\" rel=\"noopener\">\u00abBorja Baguny\u00e0. <em>Plantes d&#8217;interior<\/em>\u00bb<\/a>. <em>Els Marges<\/em>, 96, p. 129-130.<\/p>\n\n\n\n<p>2011&nbsp;<a href=\"https:\/\/raco.cat\/index.php\/Marges\/article\/view\/295675\/384360\" target=\"_blank\" rel=\"noopener\">\u00abJean-Claude Morera. <em>Huit si\u00e8cles de po\u00e9sie catalane. <\/em><\/a><em><a href=\"https:\/\/raco.cat\/index.php\/Marges\/article\/view\/295675\/384360\" target=\"_blank\" rel=\"noopener\">Anthologie<\/a><\/em><a href=\"https:\/\/raco.cat\/index.php\/Marges\/article\/view\/295675\/384360\" target=\"_blank\" rel=\"noopener\">\u00bb<\/a><em>.<\/em> <em>Els Marges<\/em>, 94, p. 124-126.<\/p>\n\n\n\n<p>2011&nbsp;\u00abFerran Torrent. <em>Bulevard dels Francesos\u00bb<\/em>. <em>Els Marges<\/em>, 93, p. 118-119.<\/p>\n\n\n\n<p>2010&nbsp;<em>Quadernari<\/em>: <em>els Quaderns d&#8217;Arxiu, 1961-2005<\/em>. Sabadell: Fundaci\u00f3 Bosch i Cardellach . <\/p>\n\n\n\n<p>2010&nbsp;\u00abFrancesc Ser\u00e9s. <em>Contes russos<\/em>\u00bb. <em>Els Marges<\/em>, 90, p. 123-124.<\/p>\n\n\n\n<p>2008&nbsp;\u00abL\u2019exili\u00bb (en<em>Literatura<\/em>). Ara Llibres &#8211; Portal Culturcat.cat. <\/p>\n\n\n\n<p>2007&nbsp;\u00abMaria Barbal. <em>Pa\u00eds \u00edntim<\/em>\u00bb. <em>Els Marges<\/em>, 81, p. 121-122.<\/p>\n\n\n\n<h2 class=\"wp-block-heading\"><strong>Traducciones<\/strong><\/h2>\n\n\n\n<p>2017 Abadi, Ariel.&nbsp;<em>Un rei de ves a saber on<\/em>. Bilbao: A Fin de Cuentos. <\/p>\n\n\n\n<p>2007 Sala-Valldaura, Josep Maria;&nbsp;Montero, Anna; Maillard, Maurice; R\u00e9gimbald, Diane; Daoust, Jean-Paul.&nbsp;<em>Finestres obertes. Fen\u00eatres ouvertes. Poetes catalans i quebequesos.  &nbsp;<\/em>Vic \/ Barcelona: Emboscall : Caf\u00e8 Central.<\/p>\n\n\n\n<p>&nbsp;<\/p>\n\n\n\n<h2 class=\"wp-block-heading\"><strong>Comunicaciones y ponencias<\/strong><\/h2>\n\n\n\n<p>2024&nbsp;\u00ab\u201dEl m\u00e1s grave error novelesco\u201d:&nbsp; Miquel Llor als anys quaranta\u00bb. XX Col\u00b7loqui Internacional de Llengua i Literatura Catalanes (Pozna\u0144, Universitat Adam Mickiewicz). <\/p>\n\n\n\n<p>2024&nbsp;\u00ab\u201dCalvinistes radicals\u201d a la literatura catalana: una aproximaci\u00f3\u00bb. Simposio Internazionale Le Declinazioni di Italo Calvino (Barcelona, Universitat de Barcelona). <\/p>\n\n\n\n<p>2023&nbsp;\u00ab<em>Postmodernisme<\/em> franc\u00e8s i <em>postmodernismo<\/em> itali\u00e0: notes sobre traducci\u00f3 i recepci\u00f3 \u00bb. 1968-2023: I Congr\u00e9s Internacional Literatura Catalana de la Postmodernitat (Barcelona, Universitat de Barcelona). <\/p>\n\n\n\n<p>2023&nbsp;\u00abDe R\u00fassia al Baix Cinca: Ser\u00e9s tradu\u00eft\u00bb. Simposi Francesc Ser\u00e9s: la pell de la realitat (Barcelona, Institut d\u2019Estudis Catalans). <\/p>\n\n\n\n<p>2022 \u00abJoan Fuster: textos i contextos\u00bb, Aula d\u2019Extensi\u00f3 Universit\u00e0ria de Castellbisbal.<\/p>\n\n\n\n<p>2022 28\u00e8 Col\u00b7loqui Germanocatal\u00e0 \u00abEntre difer\u00e8ncia i semblan\u00e7a\u00bb (Universidad de Berna). <em>Josep Palau i Fabre i el redre\u00e7ament cultural de l&#8217;exili<\/em>.<\/p>\n\n\n\n<p>2022&nbsp;Congreso Internacional \u00abPasado, presente y futuro del hispanismo en el mundo. Avances y retos\u00bb&nbsp;(Universidad de Belgrado, Serbia).&nbsp;<em>La traducci\u00f3 i el talent individual: reescriptures en la literatura catalana de postguerra<\/em>.<\/p>\n\n\n\n<p>2022 V Jornades d&#8217;Hist\u00f2ria de l&#8217;Edici\u00f3, organitzades pel Grup d&#8217;Estudi del Patrimoni Bibliogr\u00e0fic i Documental, en el marc del projecte Saberes conectados: redes de venta y circulaci\u00f3n de impresos en Espa\u00f1a y Latinoam\u00e9rica. Proyecto I+D. HAR2017-84335-P&nbsp;(Universitat de Barcelona).  &nbsp;<em>Resist\u00e8ncia cultural i difusi\u00f3 liter\u00e0ria: l&#8217;actuaci\u00f3 de Josep Palau i Fabre<\/em>.&nbsp;<\/p>\n\n\n\n<p>2022 Seminari Permanent de Recerca i Doctorat,&nbsp;Facultat de Traducci\u00f3 i d&#8217;Interpretaci\u00f3&nbsp;(Universitat Aut\u00f2noma de Barcelona). <em>Recerca sobre hist\u00f2ria de la traducci\u00f3 i recepci\u00f3 liter\u00e0ria: una aproximaci\u00f3<\/em>.&nbsp;<\/p>\n\n\n\n<p>2021 Escola d&#8217;Estiu de Doctorat,&nbsp;Facultat de Traducci\u00f3 i d&#8217;Interpretaci\u00f3&nbsp;(Universitat Aut\u00f2noma de Barcelona).&nbsp;<em>Argumentaci\u00f3 i presentaci\u00f3 de la recerca<\/em>.&nbsp;<\/p>\n\n\n\n<p>2021&nbsp;II Congreso internacional Literatura y franquismo: ortodoxias y heterodoxias&nbsp;(Universidad de Alcal\u00e1).&nbsp;<em>Miquel Llor: la obra de posguerra.<\/em><\/p>\n\n\n\n<p>2020&nbsp;V Jornada LitCat de grups de recerca de literatura catalana contempor\u00e0nia: Literatura Catalana Contempor\u00e0nia: transformacions, imitacions i altres formes de reescriptura, (Universitat de Val\u00e8ncia). <em>Els or\u00edgens literaris de Josep Palau i Fabre<\/em>.<\/p>\n\n\n\n<p>2019&nbsp;La Colla de Sabadell. Joan Oliver, Francesc Trabal i Armand Obiols (Casal Pere Quart, Sabadell).  <em>Mite i reconstrucci\u00f3 d&#8217;Armand Obiols.<\/em><\/p>\n\n\n\n<p>2018 Josep Palau i Fabre: confluences po\u00e9tiques et artistiques&nbsp;(Universit\u00e9 Paris IV-Sorbonne). <em>Palau i Fabre, cr\u00edtic literari als anys trenta<\/em>.<\/p>\n\n\n\n<p>2017&nbsp;S\u00e9minaire d&#8217;\u00c9tudes Catalanes (Universit\u00e9 Paris IV-Sorbonne).&nbsp;<em>Miquel Llor, traductor d&#8217;Edicions Proa<\/em>.&nbsp;<\/p>\n\n\n\n<p>2017 16th International Colloquium of the North American Catalan Society. Catalan Studies&nbsp;(Indiana University, Bloomington)  <em>Les traduccions de Henry Miller a Catalunya. Els anys de la democr\u00e0cia <\/em>&nbsp;[amb Maria Dasca].<\/p>\n\n\n\n<p>2016 I Congr\u00e9s Internacional: La (pol\u00edtica de) traducci\u00f3 (de la pol\u00edtica). (Universitat de les Illes Balears) &nbsp;<em>Traduir per assemblar-se: noucentisme i literatura europea<\/em>.<\/p>\n\n\n\n<p>2016 Jornada Laboratori Internacional de Traducci\u00f3. Traducci\u00f3 i censura&nbsp;(Universitat de Perpiny\u00e0 Via Domicia). <em>Els Quaderns Literaris de la Rosa dels Vents: cl\u00e0ssics i moderns.<\/em> <\/p>\n\n\n\n<p>2016 S\u00e9minaire d&#8217;\u00c9tudes Catalanes (Universit\u00e9 Paris IV-Sorbonne).<em> La Nouvelle Revue Fran\u00e7aise i els escriptors noucentistes.&nbsp;<\/em><\/p>\n\n\n\n<p>2016 Seminari Permanent de Recerca i Doctorat. Departament de Traducci\u00f3, Interpretaci\u00f3 i Estudis de l&#8217;\u00c0sia Oriental (UAB). &nbsp;<em>Les traduccions d&#8217;Andr\u00e9 Gide al catal\u00e0 (1900-1939).<\/em>&nbsp;<\/p>\n\n\n\n<p>2016&nbsp;I Seminari de Doctorat d&#8217;Estudis Literaris (UOC). <em>La recepci\u00f3 d&#8217;Andr\u00e9 Gide a Catalunya (1900-1939)<\/em>.&nbsp;<\/p>\n\n\n\n<p>2015 The 61st Annual Anglo-Catalan Society Conference (University of Glasgow). <em>Andr\u00e9 Gide a Catalunya: dels primers passos al silenci de la dictadura<\/em>.<\/p>\n\n\n\n<p>2015 I Congr\u00e9s internacional sobre literatura i corrents territorials: la construcci\u00f3 liter\u00e0ria del territori (Universitat de Girona). <em>De l\u2019Empord\u00e0 \u2018chic\u2019 a l\u2019Empord\u00e0 \u2018choc\u2019: mirades a banda i banda de la frontera<\/em>.<\/p>\n\n\n\n<p>2015 VI Simposi Internacional de Joves Investigadors en Traducci\u00f3, Interpretaci\u00f3, Estudis Interculturals i Estudis de l&#8217;\u00c0sia Oriental&nbsp;(UAB). <em>Traduir en temps de guerra: Andr\u00e9 Gide en catal\u00e0 (1936-1939)<\/em>.<\/p>\n\n\n\n<p>2015 I Col\u00b7loqui Internacional Lleng\u00fces i cultures en contacte: el catal\u00e1 i l\u2019Europa d\u2019avui. Di\u00e0legs culturals mitjan\u00e7ant traduccions liter\u00e0ries&nbsp;(Universidad de Bucarest). <em>Josep Jan\u00e9s i Oliv\u00e9, editor i traductor d&#8217;Andr\u00e9 Gide<\/em>. <\/p>\n\n\n\n<h2 class=\"wp-block-heading\"><strong>Premios<\/strong><\/h2>\n\n\n\n<p>Premi Extraordinari de Doctorat, Universitat Aut\u00f2noma de Barcelona.<\/p>\n","protected":false},"excerpt":{"rendered":"<p>Universitat Aut\u00f2noma&nbsp;de Barcelona josep.sanz@uab.cat ORCID iD:&nbsp;0000-0002-2832-2365 Doctor en Traducci\u00f3n y Estudios Interculturales y Licenciado en Filolog\u00eda Catalana por la UAB. Ha cursado un m\u00e1ster en Estudios Rom\u00e1nicos en la Universidad de la Sorbona, donde ha sido lector de lengua y literatura catalanas. Ha sido profesor en la Universidad de Toulouse-Jean Jaur\u00e8s e investigador en formaci\u00f3n [&hellip;]<\/p>\n","protected":false},"author":20,"featured_media":0,"parent":0,"menu_order":0,"comment_status":"closed","ping_status":"closed","template":"","meta":{"footnotes":""},"class_list":["post-618","page","type-page","status-publish","hentry"],"_links":{"self":[{"href":"https:\/\/webs.uab.cat\/getcc\/es\/wp-json\/wp\/v2\/pages\/618","targetHints":{"allow":["GET"]}}],"collection":[{"href":"https:\/\/webs.uab.cat\/getcc\/es\/wp-json\/wp\/v2\/pages"}],"about":[{"href":"https:\/\/webs.uab.cat\/getcc\/es\/wp-json\/wp\/v2\/types\/page"}],"author":[{"embeddable":true,"href":"https:\/\/webs.uab.cat\/getcc\/es\/wp-json\/wp\/v2\/users\/20"}],"replies":[{"embeddable":true,"href":"https:\/\/webs.uab.cat\/getcc\/es\/wp-json\/wp\/v2\/comments?post=618"}],"version-history":[{"count":6,"href":"https:\/\/webs.uab.cat\/getcc\/es\/wp-json\/wp\/v2\/pages\/618\/revisions"}],"predecessor-version":[{"id":2308,"href":"https:\/\/webs.uab.cat\/getcc\/es\/wp-json\/wp\/v2\/pages\/618\/revisions\/2308"}],"wp:attachment":[{"href":"https:\/\/webs.uab.cat\/getcc\/es\/wp-json\/wp\/v2\/media?parent=618"}],"curies":[{"name":"wp","href":"https:\/\/api.w.org\/{rel}","templated":true}]}}