{"id":66,"date":"2010-12-14T10:36:15","date_gmt":"2010-12-14T10:36:15","guid":{"rendered":"https:\/\/webs.uab.cat\/getcc\/la-traduccion-catalana-despues-de-1975\/"},"modified":"2010-12-14T10:36:15","modified_gmt":"2010-12-14T10:36:15","slug":"la-traduccion-catalana-despues-de-1975","status":"publish","type":"page","link":"https:\/\/webs.uab.cat\/getcc\/es\/la-traduccion-catalana-despues-de-1975\/","title":{"rendered":"La Traducci\u00f3n Catalana despu\u00e9s de 1975"},"content":{"rendered":"<div>\n<p class=\"rtejustify\">&nbsp;<\/p>\n<p class=\"rtejustify\">Una de las bases del grupo es que est\u00e1 constituido por algunos de los traductores en activo m\u00e1s prestigiosos del pa\u00eds, cuya obra, ya extensa, ha sido reconocida con diversos premios. Al mismo tiempo, en calidad de docentes y de investigadores, se han interesado por el estudio de las aportaciones de sus predecesores o coet\u00e1neos. Josefina Caball, por las de Jordi Arbon\u00e8s; Elena Carn\u00e9, por las de Montserrat Abell\u00f3; Ramon Farr\u00e9s, por las versiones de Elias Canetti o de Paul Celan, y Dolors Udina, por las de Maria-Merc\u00e8 Mar\u00e7al. Por otro lado, el proyecto del volumen monogr\u00e1fico <em>La impossibilitat possible. La traducci\u00f3 als Pa\u00efsos Catalans (1975-2005)<\/em> constituye un hito importante en el estudio de la traducci\u00f3n al catal\u00e1n de los \u00faltimos treinta a\u00f1os, un \u00e1mbito en el cual har\u00e1 falta profundizar con otras contribuciones.<\/p>\n<p>&nbsp;<\/p>\n<\/div>\n","protected":false},"excerpt":{"rendered":"<p>&nbsp; Una de las bases del grupo es que est\u00e1 constituido por algunos de los traductores en activo m\u00e1s prestigiosos del pa\u00eds, cuya obra, ya extensa, ha sido reconocida con diversos premios. Al mismo tiempo, en calidad de docentes y de investigadores, se han interesado por el estudio de las aportaciones de sus predecesores o [&hellip;]<\/p>\n","protected":false},"author":20,"featured_media":0,"parent":0,"menu_order":0,"comment_status":"closed","ping_status":"closed","template":"","meta":{"footnotes":""},"class_list":["post-66","page","type-page","status-publish","hentry"],"_links":{"self":[{"href":"https:\/\/webs.uab.cat\/getcc\/es\/wp-json\/wp\/v2\/pages\/66","targetHints":{"allow":["GET"]}}],"collection":[{"href":"https:\/\/webs.uab.cat\/getcc\/es\/wp-json\/wp\/v2\/pages"}],"about":[{"href":"https:\/\/webs.uab.cat\/getcc\/es\/wp-json\/wp\/v2\/types\/page"}],"author":[{"embeddable":true,"href":"https:\/\/webs.uab.cat\/getcc\/es\/wp-json\/wp\/v2\/users\/20"}],"replies":[{"embeddable":true,"href":"https:\/\/webs.uab.cat\/getcc\/es\/wp-json\/wp\/v2\/comments?post=66"}],"version-history":[{"count":0,"href":"https:\/\/webs.uab.cat\/getcc\/es\/wp-json\/wp\/v2\/pages\/66\/revisions"}],"wp:attachment":[{"href":"https:\/\/webs.uab.cat\/getcc\/es\/wp-json\/wp\/v2\/media?parent=66"}],"curies":[{"name":"wp","href":"https:\/\/api.w.org\/{rel}","templated":true}]}}