{"id":668,"date":"2011-02-10T17:13:53","date_gmt":"2011-02-10T17:13:53","guid":{"rendered":"https:\/\/webs.uab.cat\/getcc\/proyectos\/"},"modified":"2026-01-26T09:49:02","modified_gmt":"2026-01-26T09:49:02","slug":"proyectos","status":"publish","type":"page","link":"https:\/\/webs.uab.cat\/getcc\/es\/proyectos\/","title":{"rendered":"Proyectos"},"content":{"rendered":"\n<h2 class=\"wp-block-heading\"><strong>Proyectos de investigaci\u00f3n dirigidos por miembros del GETCC:<\/strong><\/h2>\n\n\n\n<p><em><em>La traducci\u00f3n catalana en el siglo XXI: la construcci\u00f3n de un nuevo canon literario y cultural<\/em><\/em><br>Investigadora principal: Montserrat Bacard\u00ed<br>Referencia:\u00a0PID2024-156306NB-C21\u00a0<br>Duraci\u00f3n: septiembre 2025 &#8211; septiembre 2029<\/p>\n\n\n\n<p><em>La traducci\u00f3n catalana contempor\u00e1nea: censura y pol\u00edticas editoriales, g\u00e9nero e ideolog\u00eda (1939-2000)<\/em><br>Investigador principal: Montserrat Bacard\u00ed<br>Referencia:&nbsp;FFI2014-52989-C2-1-P<br>Duraci\u00f3n: enero 2015 &#8211; diciembre 2017<\/p>\n\n\n\n<p><em>La traducci\u00f3n en el sistema literario catal\u00e1n: exilio, g\u00e9nero e ideolog\u00eda (1939-2000)<\/em><br>Investigador principal:&nbsp;Montserrat Bacard\u00ed<br>Referencia:&nbsp;FFI2010-19851-C2-1-P<br>Duraci\u00f3n:&nbsp;enero 2011 &#8211; diciembre 2013<\/p>\n\n\n\n<h2 class=\"wp-block-heading\"><strong>Proyectos&nbsp;de investigaci\u00f3n en los que colaboran&nbsp;miembros&nbsp;del GETCC:<\/strong><\/h2>\n\n\n\n<p><em>Red de estudios y datos sobre la edici\u00f3n iberoamericana y transnacional (RED-EDIT)\u200b<\/em><br>Investigadora principal: Pura Fern\u00e1ndez Rodr\u00edguez (CSIC)<br>Investigadora del grup:&nbsp;Montserrat Bacard\u00ed<br>Refer\u00e8ncia:&nbsp;RED2018-102343-T<br>Durada: gener 2020 &#8211; desembre 2021<\/p>\n\n\n\n<h2 class=\"wp-block-heading\"><strong><strong>Reconocimiento de la&nbsp;<\/strong>Ag\u00e8ncia de Gesti\u00f3 d\u2019Ajuts Universitaris i de Recerca (AGAUR):<\/strong><\/h2>\n\n\n\n<p>Grup d\u2019Estudi de la Traducci\u00f3 Catalana Contempor\u00e0nia<br>Investigador principal: Montserrat Bacard\u00ed<br>Referencia: 2021 SGR 00016<br>Duraci\u00f3n: enero 2022 \u2013 diciembre 2024<\/p>\n\n\n\n<p>Grup d&#8217;Estudi de la Traducci\u00f3 Catalana Contempor\u00e0nia&nbsp;<br>Investigador principal:&nbsp;Montserrat Bacard\u00ed<br>Referencia:&nbsp;2017 SGR 1155<br>Duraci\u00f3n: enero 2017 &#8211; diciembre 2021<\/p>\n\n\n\n<p>Grup d&#8217;Estudi de la Traducci\u00f3 Catalana Contempor\u00e0nia&nbsp;<br>Investigador principal:&nbsp;Montserrat Bacard\u00ed<br>Referencia:&nbsp;2014 SGR 285<br>Duraci\u00f3n: enero 2014 &#8211; diciembre 2016<\/p>\n\n\n\n<p>Grup d&#8217;Estudi de la Traducci\u00f3 Catalana Contempor\u00e0nia&nbsp;<br>Investigador principal:&nbsp;Montserrat Bacard\u00ed<br>Referencia:&nbsp;2009 SGR 1294<br>Duraci\u00f3n: enero 2009 &#8211; diciembre 2013<\/p>\n","protected":false},"excerpt":{"rendered":"<p>Proyectos de investigaci\u00f3n dirigidos por miembros del GETCC: La traducci\u00f3n catalana en el siglo XXI: la construcci\u00f3n de un nuevo canon literario y culturalInvestigadora principal: Montserrat Bacard\u00edReferencia:\u00a0PID2024-156306NB-C21\u00a0Duraci\u00f3n: septiembre 2025 &#8211; septiembre 2029 La traducci\u00f3n catalana contempor\u00e1nea: censura y pol\u00edticas editoriales, g\u00e9nero e ideolog\u00eda (1939-2000)Investigador principal: Montserrat Bacard\u00edReferencia:&nbsp;FFI2014-52989-C2-1-PDuraci\u00f3n: enero 2015 &#8211; diciembre 2017 La traducci\u00f3n en [&hellip;]<\/p>\n","protected":false},"author":20,"featured_media":0,"parent":0,"menu_order":0,"comment_status":"closed","ping_status":"closed","template":"","meta":{"footnotes":""},"class_list":["post-668","page","type-page","status-publish","hentry"],"_links":{"self":[{"href":"https:\/\/webs.uab.cat\/getcc\/es\/wp-json\/wp\/v2\/pages\/668","targetHints":{"allow":["GET"]}}],"collection":[{"href":"https:\/\/webs.uab.cat\/getcc\/es\/wp-json\/wp\/v2\/pages"}],"about":[{"href":"https:\/\/webs.uab.cat\/getcc\/es\/wp-json\/wp\/v2\/types\/page"}],"author":[{"embeddable":true,"href":"https:\/\/webs.uab.cat\/getcc\/es\/wp-json\/wp\/v2\/users\/20"}],"replies":[{"embeddable":true,"href":"https:\/\/webs.uab.cat\/getcc\/es\/wp-json\/wp\/v2\/comments?post=668"}],"version-history":[{"count":6,"href":"https:\/\/webs.uab.cat\/getcc\/es\/wp-json\/wp\/v2\/pages\/668\/revisions"}],"predecessor-version":[{"id":2954,"href":"https:\/\/webs.uab.cat\/getcc\/es\/wp-json\/wp\/v2\/pages\/668\/revisions\/2954"}],"wp:attachment":[{"href":"https:\/\/webs.uab.cat\/getcc\/es\/wp-json\/wp\/v2\/media?parent=668"}],"curies":[{"name":"wp","href":"https:\/\/api.w.org\/{rel}","templated":true}]}}