{"id":672,"date":"2016-11-17T19:20:34","date_gmt":"2016-11-17T19:20:34","guid":{"rendered":"https:\/\/webs.uab.cat\/getcc\/lidia-arumi-cardoner-2\/"},"modified":"2016-11-17T19:20:34","modified_gmt":"2016-11-17T19:20:34","slug":"lidia-arumi-cardoner-2","status":"publish","type":"page","link":"https:\/\/webs.uab.cat\/getcc\/es\/lidia-arumi-cardoner-2\/","title":{"rendered":"L\u00eddia Arum\u00ed Cardoner"},"content":{"rendered":"<p class=\"rtejustify\">&nbsp;<\/p>\n<p class=\"rtejustify\">Universitat Aut\u00f2noma de Barcelona<\/p>\n<p class=\"rtejustify\"><a href=\"mailto:Lidia.Arumi@uab.cat\">Lidia.Arumi@uab.cat<\/a><\/p>\n<p class=\"rtejustify\">Licenciada en Traducci\u00f3n e Interpretaci\u00f3n (catal\u00e1n-ingl\u00e9s-franc\u00e9s) por la Universitat Aut\u00f2noma de Barcelona, con premio extraordinario de titulaci\u00f3n&nbsp;(2011). M\u00e1ster oficial de Traducci\u00f3n, Interpretaci\u00f3n y Estudios Interculturales (especialidad: Traductolog\u00eda y Estudios Interculturales) por la misma universidad (2012).<\/p>\n<p class=\"rtejustify\">Ha sido becaria de colaboraci\u00f3n en la C\u00e1tedra Jordi Arbon\u00e8s (2010-2011) y becaria PIF (Personal Investigador en Formaci\u00f3n) del Departamento de Traducci\u00f3n e Interpretaci\u00f3n de la Universitat Aut\u00f2noma de Barcelona. Ha impartido&nbsp;la asignatura Introducci\u00f3n a las Tecnolog\u00edas de la Traducci\u00f3n y de la Interpretaci\u00f3n (curso 2011-2012), para estudiantes de intercambio, y&nbsp;la asignatura Traducci\u00f3n A-A (catal\u00e1n-castellano\/castellano-catal\u00e1n) (curso 2012-2013) en la Facultad&nbsp;de Traducci\u00f3n e Interpretaci\u00f3n de la UAB.<\/p>\n<p class=\"rtejustify\">Su inter\u00e9s de investigaci\u00f3n se centra en las l\u00edneas de Historia de la traducci\u00f3n y de Traducci\u00f3n de textos literarios del Departamento de Traducci\u00f3n e Interpretaci\u00f3n de la UAB. Estudia la traducci\u00f3n teatral en la posguerra y los modelos de lengua utilizados, a partir de la obra del traductor teatral de Reus Bonaventura Vallespinosa i Salvat. Fue miembro del GETCC desde abril de&nbsp;2012 hasta agosto de 2013.<\/p>\n<p>&nbsp;<\/p>\n","protected":false},"excerpt":{"rendered":"<p>&nbsp; Universitat Aut\u00f2noma de Barcelona Lidia.Arumi@uab.cat Licenciada en Traducci\u00f3n e Interpretaci\u00f3n (catal\u00e1n-ingl\u00e9s-franc\u00e9s) por la Universitat Aut\u00f2noma de Barcelona, con premio extraordinario de titulaci\u00f3n&nbsp;(2011). M\u00e1ster oficial de Traducci\u00f3n, Interpretaci\u00f3n y Estudios Interculturales (especialidad: Traductolog\u00eda y Estudios Interculturales) por la misma universidad (2012). Ha sido becaria de colaboraci\u00f3n en la C\u00e1tedra Jordi Arbon\u00e8s (2010-2011) y becaria PIF [&hellip;]<\/p>\n","protected":false},"author":20,"featured_media":0,"parent":0,"menu_order":0,"comment_status":"closed","ping_status":"closed","template":"","meta":{"footnotes":""},"class_list":["post-672","page","type-page","status-publish","hentry"],"_links":{"self":[{"href":"https:\/\/webs.uab.cat\/getcc\/es\/wp-json\/wp\/v2\/pages\/672","targetHints":{"allow":["GET"]}}],"collection":[{"href":"https:\/\/webs.uab.cat\/getcc\/es\/wp-json\/wp\/v2\/pages"}],"about":[{"href":"https:\/\/webs.uab.cat\/getcc\/es\/wp-json\/wp\/v2\/types\/page"}],"author":[{"embeddable":true,"href":"https:\/\/webs.uab.cat\/getcc\/es\/wp-json\/wp\/v2\/users\/20"}],"replies":[{"embeddable":true,"href":"https:\/\/webs.uab.cat\/getcc\/es\/wp-json\/wp\/v2\/comments?post=672"}],"version-history":[{"count":0,"href":"https:\/\/webs.uab.cat\/getcc\/es\/wp-json\/wp\/v2\/pages\/672\/revisions"}],"wp:attachment":[{"href":"https:\/\/webs.uab.cat\/getcc\/es\/wp-json\/wp\/v2\/media?parent=672"}],"curies":[{"name":"wp","href":"https:\/\/api.w.org\/{rel}","templated":true}]}}