{"id":676,"date":"2016-11-17T21:25:05","date_gmt":"2016-11-17T21:25:05","guid":{"rendered":"https:\/\/webs.uab.cat\/getcc\/m-elena-carne\/"},"modified":"2016-11-17T21:25:05","modified_gmt":"2016-11-17T21:25:05","slug":"m-elena-carne","status":"publish","type":"page","link":"https:\/\/webs.uab.cat\/getcc\/es\/m-elena-carne\/","title":{"rendered":"M. Elena Carn\u00e9"},"content":{"rendered":"<div>&nbsp;<\/div>\n<div class=\"rtejustify\">Universitat Aut\u00f2noma de Barcelona<\/div>\n<div>\n<p class=\"rtejustify\"><a href=\"mailto:MariaElena.Carne@uab.cat\">MariaElena.Carne@uab.cat<\/a><\/p>\n<div class=\"rtejustify\">Maria Elena Carn\u00e9 (1952-2014), licenciada en Traducci\u00f3n e&nbsp;Interpretaci\u00f3n por la Universitat Aut\u00f2noma de Barcelona (2006), fue doctoranda en Traducci\u00f3n y Estudios Interculturales por la misma universidad. Desde octubre de 2007 fue profesora de traducci\u00f3n en la Facultad&nbsp;de Traducci\u00f3n e Interpretaci\u00f3n de la Universitat Aut\u00f2noma de Barcelona. Trabaj\u00f3 tambi\u00e9n como traductora y correctora&nbsp;de textos.<\/div>\n<div class=\"rtejustify\">&nbsp;<\/div>\n<div>\n<p class=\"rtejustify\">Sus intereses de investigaci\u00f3n se centraban en el estudio de la traducci\u00f3n literaria catalana contempor\u00e1nea, especialmente la de los traductores Jordi Arbon\u00e8s y Montserrat Abell\u00f3. Formaba parte de la C\u00e0tedra Jordi Arbon\u00e8s, y edit\u00f3 el epistolario&nbsp;<em>Jordi Arbon\u00e8s \u2013 Manuel de Pedrolo<\/em>, publicado&nbsp;en enero de 2011&nbsp;por la editorial Punctum y el grupo de investigaci\u00f3n GETCC de la Facultad&nbsp;de Traducci\u00f3n e Interpretaci\u00f3n.<\/p>\n<p class=\"rtejustify\"><a href=\"http:\/\/www.nuvol.com\/noticies\/lentusiasme-es-deia-elena\/\">Ha mort la nostra companya Elena Carn\u00e9<\/a> (05\/03\/2014)<\/p>\n<p class=\"rtejustify\"><a href=\"http:\/\/actualitat.traces.uab.cat\/butlletins\/06_2014-03.html#toc_item_5\">Elena Carn\u00e9 al butllet\u00ed d&#8217;actualitat de <em>Traces<\/em><\/a> (12\/03\/2014)<\/p>\n<p class=\"rtejustify\">&nbsp;<\/p>\n<\/div>\n<\/div>\n","protected":false},"excerpt":{"rendered":"<p>&nbsp; Universitat Aut\u00f2noma de Barcelona MariaElena.Carne@uab.cat Maria Elena Carn\u00e9 (1952-2014), licenciada en Traducci\u00f3n e&nbsp;Interpretaci\u00f3n por la Universitat Aut\u00f2noma de Barcelona (2006), fue doctoranda en Traducci\u00f3n y Estudios Interculturales por la misma universidad. Desde octubre de 2007 fue profesora de traducci\u00f3n en la Facultad&nbsp;de Traducci\u00f3n e Interpretaci\u00f3n de la Universitat Aut\u00f2noma de Barcelona. Trabaj\u00f3 tambi\u00e9n como [&hellip;]<\/p>\n","protected":false},"author":20,"featured_media":0,"parent":0,"menu_order":0,"comment_status":"closed","ping_status":"closed","template":"","meta":{"footnotes":""},"class_list":["post-676","page","type-page","status-publish","hentry"],"_links":{"self":[{"href":"https:\/\/webs.uab.cat\/getcc\/es\/wp-json\/wp\/v2\/pages\/676","targetHints":{"allow":["GET"]}}],"collection":[{"href":"https:\/\/webs.uab.cat\/getcc\/es\/wp-json\/wp\/v2\/pages"}],"about":[{"href":"https:\/\/webs.uab.cat\/getcc\/es\/wp-json\/wp\/v2\/types\/page"}],"author":[{"embeddable":true,"href":"https:\/\/webs.uab.cat\/getcc\/es\/wp-json\/wp\/v2\/users\/20"}],"replies":[{"embeddable":true,"href":"https:\/\/webs.uab.cat\/getcc\/es\/wp-json\/wp\/v2\/comments?post=676"}],"version-history":[{"count":0,"href":"https:\/\/webs.uab.cat\/getcc\/es\/wp-json\/wp\/v2\/pages\/676\/revisions"}],"wp:attachment":[{"href":"https:\/\/webs.uab.cat\/getcc\/es\/wp-json\/wp\/v2\/media?parent=676"}],"curies":[{"name":"wp","href":"https:\/\/api.w.org\/{rel}","templated":true}]}}