{"id":680,"date":"2017-05-29T12:55:11","date_gmt":"2017-05-29T12:55:11","guid":{"rendered":"https:\/\/webs.uab.cat\/getcc\/blai-guarne-2\/"},"modified":"2024-09-11T07:01:17","modified_gmt":"2024-09-11T07:01:17","slug":"blai-guarne-2","status":"publish","type":"page","link":"https:\/\/webs.uab.cat\/getcc\/es\/blai-guarne-2\/","title":{"rendered":"Blai Guarn\u00e9"},"content":{"rendered":"<blockquote class=\"wp-block-quote\">Universitat Aut\u00f2noma de Barcelona Blai.Guarne@uab.cat <\/blockquote><!-- \/wp:post-content --> Dr. Blai Guarn\u00e9 es profesor agregado (titular) y coordinador del Grado de Estudios de Asia Oriental en la Universitat Aut\u00f2noma de Barcelona (UAB), donde es tambi\u00e9n secretario del CERAO (Centro de Estudios e Investigaci\u00f3n sobre Asia Oriental). Previamente, ha sido investigador Juan de la Cierva (MINECO) en el Departamento de Traducci\u00f3n e Interpretaci\u00f3n y de Estudios de Asia Oriental (UAB), investigador visitante en el National Museum of Ethnology in Japan (Minpaku) (Jap\u00f3n), investigador postdoctoral (AGAUR-DURSI) en el Department of Anthropology de la Stanford University (EE.UU.), e investigador visitante (Monbukagakush\u014d) en el Department of Cultural Anthropology de la University of Tokyo (Jap\u00f3n). Es convener de la Media Studies Section en la EAJS (European Association for Japanese Studies), miembro de la junta directiva del JAWS (Japan Anthropology Workshop), miembro de la Comisi\u00f3n Universidad-Investigaci\u00f3n del <a href=\"http:\/\/exteriors.gencat.cat\/ca\/ambits-dactuacio\/afers_exteriors\/relacions_bilaterals\/pla-catalunya-japo\" target=\"_blank\" rel=\"noopener\">Pla Jap\u00f3 2016-2019<\/a> (Generalitat de Catalunya), y director de la Colecci\u00f3n Editorial Biblioteca de Estudios Japoneses (CERAO-UAB, Ediciones Bellaterra) que cuenta con el patrocinio de Fundaci\u00f3n Jap\u00f3n (Gobierno de Jap\u00f3n). <strong>Publicaciones (Selecci\u00f3n)<\/strong> 2016 \u00abOralidad y escritura: tecnolog\u00edas del intelecto\u00bb. En: L\u00f3pez, Daniel (ed.). <em>Tecnolog\u00edas sociales de la comunicaci\u00f3n<\/em>. Barcelona: Universitat Oberta de Catalunya, p. 1-74. 2015 \u00abCultural Intersections: Ambivalence and Hybridity in Japanese <em>Katakana<\/em>\u00bb. En: Ertl, J. <em>et al.<\/em> (eds.). <em>Reframing Diversity in the Anthropology of Japan. <\/em>Kanazawa University Center for Cultural Resource Studie<em>s<\/em>, p. 165-181. 2015 <a href=\"http:\/\/www.minpaku.ac.jp\/english\/research\/activity\/publication\/periodical\/bulletin\/40_1\" target=\"_blank\" rel=\"noopener\">\u00abJapan in Global Circulation: Transnational Migration and Multicultural Politics\u00bb<\/a> (ed.). <em>Kokuritsu Minzokugaku Hakubutsukan kenky\u016b h\u014dkoku<\/em> \u56fd\u7acb\u6c11\u65cf\u5b66\u535a\u7269\u9928\u7814\u7a76\u5831\u544a National Museum of Ethnology (Minpaku) in Japan, Special Issue, 40 (1) [amb Shinji Yamashita]. 2014 \u00abIm\u00e1genes de la diferencia. Alteridad, discurso y representaci\u00f3n\u00bb. En: Ard\u00e8vol, E. &amp; Munta\u00f1ola, N. (eds.). <em>Representacion y cultura audiovisual en la sociedad contempor\u00e1nea<\/em>. Barcelona: Editorial UOC, p. 47-127. 2014 \u00abOralidad, escritura y tecnolog\u00edas modernas de la comunicaci\u00f3n\u00bb. En: Gil, A. (ed.). <em>Tecnologias sociales de la comunicaci\u00f3n<\/em>. Barcelona: Editorial UOC, p. 43-138. 2013 <a href=\"https:\/\/sede.educacion.gob.es\/publiventa\/detalle.action?cod=14519C\" target=\"_blank\" rel=\"noopener\">\u00abConfiguraciones socio-espaciales japonesas: Aproximaci\u00f3n tentativa a la polaridad uchi-soto\u00bb<\/a>. <em>Anales del Museo Nacional de Antropolog\u00eda XV\/2013<\/em>. Museo Nacional de Antropolog\u00eda, Ministerio de Educaci\u00f3n, Cultura y Deporte, p. 102-119. 2012-2013 \u00abEscaping Japan: Inside and Outside\u00bb. <em>PAN-JAPAN: The International Journal of Japanese Diaspora<\/em>. Illinois State University, 8 (1-2) &amp; 9 (1-2) [amb Paul Hansen]. 2012 \u00abThe World is a Room: Beyond Centers and Peripheries in the Global Production of Anthropological Knowledge\u00bb. <em>Focaal: Journal of Global and Historical Anthropology<\/em>, 63: 8-19. 2010 \u00abThe Japanese Oxymoron: A Historical Approach to the Orientalist Representation of Japan\u00bb. En: Lopez-Calvo, I. (ed.). <em>One World Periphery Reads the Other: Knowing the \u201cOriental\u201d in the Americas and the Iberian Peninsula<\/em>. Cambridge Scholars Publishing, p. 309-329. 2006 <a href=\"http:\/\/www.raco.cat\/index.php\/RevistaEtnologia\/issue\/view\/4633\/showToc\" target=\"_blank\" rel=\"noopener\">\u00abIdentitat i representaci\u00f3 cultural: perspectives des del Jap\u00f3\u00bb<\/a>. <em>Revista d&#8217;Etnologia de Catalunya<\/em>, 29. <strong>Comunicaciones y ponencias (Selecci\u00f3n)<\/strong> 2016 5\u00ba Foro Espa\u00f1ol de Investigaci\u00f3n en Asia-Pac\u00edfico (Barcelona). <em>Editar sobre Estudios de Asia Oriental en espa\u00f1ol<\/em>. 2016 Fundaci\u00f3 CIDOB (Barcelona Center for International Affairs), Consulat General de Jap\u00f3 a Barcelona, CERAO (Centro de Estudios e Investigaci\u00f3n sobre Asia Oriental), Universitat Aut\u00f2noma de Barcelona (Bellaterra). <em>Challenges of Japan\u2019s Foreign Policy in Asia Pacific<\/em>. 2015 Taller Internacional de Recerca \u00abTrabajo de campo en Asia: experiencias y reflexiones\u00bb. Institut Catal\u00e0 d\u2019Antropologia, Grupo de Investigaci\u00f3n InterAsia, Universitat Aut\u00f2noma de Barcelona. <em>Reflexions sobre un treball de camp a Jap\u00f3<\/em>. 2015 JAWS 2015 (Japan Anthropology Workshop) Conference, Istanbul (Turquia). <em>Juxtaposing Sites: The Anthropology of Japan and the Anthropology of the Mediterranean in the Production of Anthropological Knowledge<\/em>. 2015 Seminari Internacional \u00abEl impacto de Asia Oriental en el contexto espa\u00f1ol: producci\u00f3n cultural, pol\u00edtica(s) y sociedad\u00bb. Grup de Recerca InterAsia (Universitat Aut\u00f2noma de Barcelona), Fundaci\u00f3n CIDOB (Barcelona Center for International Affairs). <em>Circulaci\u00f3n y recepci\u00f3n del discurso antropol\u00f3gico en la construcci\u00f3n del Mediterr\u00e1neo y Jap\u00f3n como campos etnogr\u00e1ficos<\/em>.<!-- \/wp:freeform -->","protected":false},"excerpt":{"rendered":"<p>Universitat Aut\u00f2noma de Barcelona Blai.Guarne@uab.cat Dr. Blai Guarn\u00e9 es profesor agregado (titular) y coordinador del Grado de Estudios de Asia Oriental en la Universitat Aut\u00f2noma de Barcelona (UAB), donde es tambi\u00e9n secretario del CERAO (Centro de Estudios e Investigaci\u00f3n sobre Asia Oriental). Previamente, ha sido investigador Juan de la Cierva (MINECO) en el Departamento de [&hellip;]<\/p>\n","protected":false},"author":20,"featured_media":0,"parent":0,"menu_order":0,"comment_status":"closed","ping_status":"closed","template":"","meta":{"footnotes":""},"class_list":["post-680","page","type-page","status-publish","hentry"],"_links":{"self":[{"href":"https:\/\/webs.uab.cat\/getcc\/es\/wp-json\/wp\/v2\/pages\/680","targetHints":{"allow":["GET"]}}],"collection":[{"href":"https:\/\/webs.uab.cat\/getcc\/es\/wp-json\/wp\/v2\/pages"}],"about":[{"href":"https:\/\/webs.uab.cat\/getcc\/es\/wp-json\/wp\/v2\/types\/page"}],"author":[{"embeddable":true,"href":"https:\/\/webs.uab.cat\/getcc\/es\/wp-json\/wp\/v2\/users\/20"}],"replies":[{"embeddable":true,"href":"https:\/\/webs.uab.cat\/getcc\/es\/wp-json\/wp\/v2\/comments?post=680"}],"version-history":[{"count":3,"href":"https:\/\/webs.uab.cat\/getcc\/es\/wp-json\/wp\/v2\/pages\/680\/revisions"}],"predecessor-version":[{"id":2056,"href":"https:\/\/webs.uab.cat\/getcc\/es\/wp-json\/wp\/v2\/pages\/680\/revisions\/2056"}],"wp:attachment":[{"href":"https:\/\/webs.uab.cat\/getcc\/es\/wp-json\/wp\/v2\/media?parent=680"}],"curies":[{"name":"wp","href":"https:\/\/api.w.org\/{rel}","templated":true}]}}