{"id":682,"date":"2017-05-29T13:03:54","date_gmt":"2017-05-29T13:03:54","guid":{"rendered":"https:\/\/webs.uab.cat\/getcc\/ferran-vargas-2\/"},"modified":"2017-05-29T13:03:54","modified_gmt":"2017-05-29T13:03:54","slug":"ferran-vargas-2","status":"publish","type":"page","link":"https:\/\/webs.uab.cat\/getcc\/es\/ferran-vargas-2\/","title":{"rendered":"Ferran Vargas"},"content":{"rendered":"<p>&nbsp;<\/p>\n<p>Universitat Aut\u00f2noma de Barcelona<\/p>\n<p>Ferran.Devargas@uab.cat<\/p>\n<p>Es licenciado en Ciencias Pol\u00edticas y de la Administraci\u00f3n (2013) por la Universitat de Barcelona y&nbsp;m\u00e1ster en Estudios de China y Jap\u00f3n (2015) por la Universitat Oberta de Catalunya (Premio Extraordinario al mejor expediente acad\u00e9mico de la promoci\u00f3n). Centra su investigaci\u00f3n en las correlaciones entre la producci\u00f3n cultural y la ideolog\u00eda en el Jap\u00f3n moderno, y trabaja en profundizar el conocimiento de la cultura nipona en el contexto catal\u00e1n.<\/p>\n<p>&nbsp;<\/p>\n<p><strong>PUBLICACIONES (Selecci\u00f3n)<\/strong><\/p>\n<p>2014&nbsp;<em>Aware <\/em>(V Premi de Poesia Josep Maria Benet i Capar\u00e0).<\/p>\n<p>2014&nbsp;\u00abLa Restauraci\u00f3n Meiji\u00bb.&nbsp;<em>Eikyo: Influencias japonesas,&nbsp;<\/em>13, p. 50-52.<\/p>\n<p>2014&nbsp;\u00abQuan la felicitat es lloga\u00bb.&nbsp;<em>La Directa <\/em>, 2 d&#8217;abril de 2014.<\/p>\n<p>2013&nbsp;\u00abEl \u00faltimo samur\u00e1i\u00bb.&nbsp;<em>Eikyo: Influencias japonesas,&nbsp;<\/em>11, p. 42-43.<\/p>\n<p>2013&nbsp;\u00abLa <em>N\u016bberu B\u0101gu<\/em>\u00bb.&nbsp;<em>Eikyo: Influencias japonesas,&nbsp;<\/em>10, p. 34-36.<\/p>\n<p>2013&nbsp;\u00abSan-ryu-scha. Los rezagados del Pac\u00edfico\u00bb.&nbsp;<em>Eikyo: influencias japonesas,&nbsp;<\/em>9, p. 20-21.<\/p>\n<p>2013&nbsp;\u00abEl d\u00eda que muri\u00f3 Mishima\u00bb.&nbsp;<em>Eikyo: influencias japonesas<\/em>,<em>&nbsp;<\/em>8, p. 24-25.<\/p>\n<p>2012&nbsp;\u00abMayo del \u201968 japon\u00e9s\u00bb.&nbsp;<em>Eikyo: Influencias japonesas,&nbsp;<\/em>7, p. 22-26.<\/p>\n<p>&nbsp;<\/p>\n","protected":false},"excerpt":{"rendered":"<p>&nbsp; Universitat Aut\u00f2noma de Barcelona Ferran.Devargas@uab.cat Es licenciado en Ciencias Pol\u00edticas y de la Administraci\u00f3n (2013) por la Universitat de Barcelona y&nbsp;m\u00e1ster en Estudios de China y Jap\u00f3n (2015) por la Universitat Oberta de Catalunya (Premio Extraordinario al mejor expediente acad\u00e9mico de la promoci\u00f3n). Centra su investigaci\u00f3n en las correlaciones entre la producci\u00f3n cultural y [&hellip;]<\/p>\n","protected":false},"author":20,"featured_media":0,"parent":0,"menu_order":0,"comment_status":"closed","ping_status":"closed","template":"","meta":{"footnotes":""},"class_list":["post-682","page","type-page","status-publish","hentry"],"_links":{"self":[{"href":"https:\/\/webs.uab.cat\/getcc\/es\/wp-json\/wp\/v2\/pages\/682","targetHints":{"allow":["GET"]}}],"collection":[{"href":"https:\/\/webs.uab.cat\/getcc\/es\/wp-json\/wp\/v2\/pages"}],"about":[{"href":"https:\/\/webs.uab.cat\/getcc\/es\/wp-json\/wp\/v2\/types\/page"}],"author":[{"embeddable":true,"href":"https:\/\/webs.uab.cat\/getcc\/es\/wp-json\/wp\/v2\/users\/20"}],"replies":[{"embeddable":true,"href":"https:\/\/webs.uab.cat\/getcc\/es\/wp-json\/wp\/v2\/comments?post=682"}],"version-history":[{"count":0,"href":"https:\/\/webs.uab.cat\/getcc\/es\/wp-json\/wp\/v2\/pages\/682\/revisions"}],"wp:attachment":[{"href":"https:\/\/webs.uab.cat\/getcc\/es\/wp-json\/wp\/v2\/media?parent=682"}],"curies":[{"name":"wp","href":"https:\/\/api.w.org\/{rel}","templated":true}]}}