{"id":757,"date":"2021-07-17T11:14:40","date_gmt":"2021-07-17T11:14:40","guid":{"rendered":"https:\/\/webs.uab.cat\/getcc\/alexis-llobet-3\/"},"modified":"2024-09-11T06:50:39","modified_gmt":"2024-09-11T06:50:39","slug":"alexis-llobet-3","status":"publish","type":"page","link":"https:\/\/webs.uab.cat\/getcc\/es\/alexis-llobet-3\/","title":{"rendered":"Alexis Llobet"},"content":{"rendered":"\n<blockquote class=\"wp-block-quote is-layout-flow wp-block-quote-is-layout-flow\">\n<p>Universitat Aut\u00f2noma de Barcelona<\/p>\n\n\n\n<p><a href=\"mailto:Alexis.Llobet@uab.cat\">Alexis.Llobet@uab.cat<\/a><\/p>\n\n\n\n<p>ORCID iD: 0000-0003-1476-8267<\/p>\n<\/blockquote>\n\n\n\n<p>Licenciado en Traducci\u00f3n e Interpretaci\u00f3n (2007) y doctor en Filolog\u00eda Catalana (2014) por la Universitat Aut\u00f2noma de Barcelona con la tesis \u00abAlbert Manent, corrector de Josep Carner. La tercera edici\u00f3 d\u2019<em>Al\u00edcia en terra de meravelles<\/em>\u00bb, es profesor asociado del Departamento de Filolog\u00eda Catalana de la UAB, con docencia en la Facultad de Traducci\u00f3n e Interpretaci\u00f3n. Combina esta tarea con la revisi\u00f3n y la correcci\u00f3n de materiales acad\u00e9micos.<\/p>\n\n\n\n<p>Se dedica a investigar los modelos de lengua literaria a partir del siglo xx y, espec\u00edficamente, la lengua de las traducciones y las retraducciones.<\/p>\n\n\n\n<h2 class=\"wp-block-heading\"><strong>Publicaciones<\/strong><\/h2>\n\n\n\n<p>2022 \u00abEduard Artells i la normativa: prescripci\u00f3 i \u00fas\u00bb. <em>Estudis rom\u00e0nics<\/em>.<\/p>\n\n\n\n<p>2021 \u00abL\u2019Al\u00edcia de Carner (1919-2020). Hist\u00f2ria i recepci\u00f3\u00bb. <em>Quaderns. Revista de Traducci\u00f3<\/em>.<\/p>\n\n\n\n<p>2017 \u00abRamon Solsona i la llengua liter\u00e0ria\u00bb. <em>Quaderns. Revista de Traducci\u00f3<\/em>, 24, p. 219-226.<\/p>\n\n\n\n<p>2017 \u00abSobre models de llengua i registres\u00bb. <em>Visat<\/em>, 24, p. 17.<\/p>\n\n\n\n<p>2016 \u00abM\u00e0rius Serra: creaci\u00f3, traducci\u00f3, joc\u00bb. <em>Quaderns. Revista de Traducci\u00f3<\/em>, 23, p. 157-169.<\/p>\n\n\n\n<p>2015 \u00abEntrevista a Marta Rojals\u00bb. <em>Visat<\/em>, 20.<\/p>\n\n\n\n<p>2015 \u00abEntrevista a Andreu Rossinyol\u00bb. <em>L\u2019Espill<\/em>, 49, p. 155-170.&nbsp;&nbsp;&nbsp;<\/p>\n\n\n\n<p>2015 \u00abCatalan Bibliography\u00bb. En: <em>Alice in a World of Wonderlands: the Translations of Lewis Carroll\u2019s Masterpiece<\/em>, v. 3. Delaware: Oak Knoll Press [amb Francesc Parcerisas].<\/p>\n\n\n\n<p>2013 \u00abAlbert Manent, corrector de Josep Carner\u00bb. <em>Quaderns. Revista de Traducci\u00f3<\/em>, 20, p. 269-276.<\/p>\n\n\n\n<p>2012 \u00abEntrevista a Francesc Vallverd\u00fa\u00bb. <em>Quaderns. Revista de Traducci\u00f3<\/em>, 19, p. 397-410.<\/p>\n","protected":false},"excerpt":{"rendered":"<p>Universitat Aut\u00f2noma de Barcelona Alexis.Llobet@uab.cat ORCID iD: 0000-0003-1476-8267 Licenciado en Traducci\u00f3n e Interpretaci\u00f3n (2007) y doctor en Filolog\u00eda Catalana (2014) por la Universitat Aut\u00f2noma de Barcelona con la tesis \u00abAlbert Manent, corrector de Josep Carner. La tercera edici\u00f3 d\u2019Al\u00edcia en terra de meravelles\u00bb, es profesor asociado del Departamento de Filolog\u00eda Catalana de la UAB, con [&hellip;]<\/p>\n","protected":false},"author":20,"featured_media":0,"parent":0,"menu_order":0,"comment_status":"closed","ping_status":"closed","template":"","meta":{"footnotes":""},"class_list":["post-757","page","type-page","status-publish","hentry"],"_links":{"self":[{"href":"https:\/\/webs.uab.cat\/getcc\/es\/wp-json\/wp\/v2\/pages\/757","targetHints":{"allow":["GET"]}}],"collection":[{"href":"https:\/\/webs.uab.cat\/getcc\/es\/wp-json\/wp\/v2\/pages"}],"about":[{"href":"https:\/\/webs.uab.cat\/getcc\/es\/wp-json\/wp\/v2\/types\/page"}],"author":[{"embeddable":true,"href":"https:\/\/webs.uab.cat\/getcc\/es\/wp-json\/wp\/v2\/users\/20"}],"replies":[{"embeddable":true,"href":"https:\/\/webs.uab.cat\/getcc\/es\/wp-json\/wp\/v2\/comments?post=757"}],"version-history":[{"count":3,"href":"https:\/\/webs.uab.cat\/getcc\/es\/wp-json\/wp\/v2\/pages\/757\/revisions"}],"predecessor-version":[{"id":2048,"href":"https:\/\/webs.uab.cat\/getcc\/es\/wp-json\/wp\/v2\/pages\/757\/revisions\/2048"}],"wp:attachment":[{"href":"https:\/\/webs.uab.cat\/getcc\/es\/wp-json\/wp\/v2\/media?parent=757"}],"curies":[{"name":"wp","href":"https:\/\/api.w.org\/{rel}","templated":true}]}}