{"id":100,"date":"2011-02-10T17:05:20","date_gmt":"2011-02-10T17:05:20","guid":{"rendered":"https:\/\/webs.uab.cat\/getcc\/traduccio-i-exili\/"},"modified":"2011-02-10T17:05:20","modified_gmt":"2011-02-10T17:05:20","slug":"traduccio-i-exili","status":"publish","type":"page","link":"https:\/\/webs.uab.cat\/getcc\/traduccio-i-exili\/","title":{"rendered":"Traducci\u00f3 i exili"},"content":{"rendered":"<div style=\"text-align: justify;\">\n<p>&nbsp;<\/p>\n<p>Gr\u00e0cies sobretot a la documentaci\u00f3 aportada pel fons Arbon\u00e8s, el grup ja fa temps que investiga les possibilitats de recerca d\u2019un camp que, fins ara, semblava m\u00e9s aviat erm. Aix\u00ed, Montserrat Bacard\u00ed ha ofert la primera aproximaci\u00f3 de conjunt a \u201cLa traducci\u00f3 catalana a l\u2019exili\u201d, a m\u00e9s d\u2019aproximar-se a la tasca d\u2019Agust\u00ed Bartra, Francesc Arn\u00f3, Anna Muri\u00e0 o Ramon Xuriguera; Ramon Farr\u00e9s, a la de Jordi Arbon\u00e8s o Antoni Pous; Judit Fontcuberta, a la de Joan Oliver; Francesc Parcerisas, a la de Carles Riba, i Dolors Udina, a la d\u2019Anna Muri\u00e0 o Josep Palau i Fabre.<\/p>\n<p>&nbsp;<\/p>\n<\/div>\n","protected":false},"excerpt":{"rendered":"<p>&nbsp; Gr\u00e0cies sobretot a la documentaci\u00f3 aportada pel fons Arbon\u00e8s, el grup ja fa temps que investiga les possibilitats de recerca d\u2019un camp que, fins ara, semblava m\u00e9s aviat erm. Aix\u00ed, Montserrat Bacard\u00ed ha ofert la primera aproximaci\u00f3 de conjunt a \u201cLa traducci\u00f3 catalana a l\u2019exili\u201d, a m\u00e9s d\u2019aproximar-se a la tasca d\u2019Agust\u00ed Bartra, Francesc [&hellip;]<\/p>\n","protected":false},"author":20,"featured_media":0,"parent":0,"menu_order":0,"comment_status":"closed","ping_status":"closed","template":"","meta":{"footnotes":""},"class_list":["post-100","page","type-page","status-publish","hentry"],"_links":{"self":[{"href":"https:\/\/webs.uab.cat\/getcc\/wp-json\/wp\/v2\/pages\/100","targetHints":{"allow":["GET"]}}],"collection":[{"href":"https:\/\/webs.uab.cat\/getcc\/wp-json\/wp\/v2\/pages"}],"about":[{"href":"https:\/\/webs.uab.cat\/getcc\/wp-json\/wp\/v2\/types\/page"}],"author":[{"embeddable":true,"href":"https:\/\/webs.uab.cat\/getcc\/wp-json\/wp\/v2\/users\/20"}],"replies":[{"embeddable":true,"href":"https:\/\/webs.uab.cat\/getcc\/wp-json\/wp\/v2\/comments?post=100"}],"version-history":[{"count":0,"href":"https:\/\/webs.uab.cat\/getcc\/wp-json\/wp\/v2\/pages\/100\/revisions"}],"wp:attachment":[{"href":"https:\/\/webs.uab.cat\/getcc\/wp-json\/wp\/v2\/media?parent=100"}],"curies":[{"name":"wp","href":"https:\/\/api.w.org\/{rel}","templated":true}]}}