{"id":104,"date":"2011-02-10T17:13:53","date_gmt":"2011-02-10T17:13:53","guid":{"rendered":"https:\/\/webs.uab.cat\/getcc\/projectes\/"},"modified":"2026-01-26T09:48:42","modified_gmt":"2026-01-26T09:48:42","slug":"projectes","status":"publish","type":"page","link":"https:\/\/webs.uab.cat\/getcc\/projectes\/","title":{"rendered":"Projectes"},"content":{"rendered":"\n<h2 class=\"wp-block-heading\"><strong>Projectes de recerca dirigits per membres del GETCC:<\/strong><\/h2>\n\n\n\n<p><em><em>La traducci\u00f3n catalana en el siglo XXI: la construcci\u00f3n de un nuevo canon literario y cultural <\/em><\/em><br>Investigadora principal: Montserrat Bacard\u00ed<br>Refer\u00e8ncia:\u00a0PID2024-156306NB-C21\u00a0<br>Durada: setembre 2025 &#8211; setembre 2029<\/p>\n\n\n\n<p><em>La traducci\u00f3n catalana contempor\u00e1nea: censura y pol\u00edticas editoriales, g\u00e9nero e ideolog\u00eda (1939-2000)<\/em><br>Investigadora principal: Montserrat Bacard\u00ed<br>Refer\u00e8ncia:&nbsp;FFI2014-52989-C2-1-P<br>Durada: gener 2015 &#8211; desembre 2017<\/p>\n\n\n\n<p><em>La traducci\u00f3n en el sistema literario catal\u00e1n: exilio, g\u00e9nero e ideolog\u00eda (1939-2000)<\/em><br>Investigadora principal:&nbsp;Montserrat Bacard\u00ed<br>Refer\u00e8ncia:&nbsp;FFI2010-19851-C2-1-P<br>Durada:&nbsp;gener 2011 &#8211; desembre 2013<\/p>\n\n\n\n<h2 class=\"wp-block-heading\"><strong>Projectes de recerca en els quals hi col\u00b7laboren membres del GETCC:<\/strong><\/h2>\n\n\n\n<p><em>Red de estudios y datos sobre la edici\u00f3n iberoamericana y transnacional (RED-EDIT)\u200b<\/em><br>Investigadora principal: Pura Fern\u00e1ndez Rodr\u00edguez (CSIC)<br>Investigadora del grup:&nbsp;Montserrat Bacard\u00ed<br>Refer\u00e8ncia:&nbsp;RED2018-102343-T<br>Durada: gener 2020 &#8211; desembre 2021<\/p>\n\n\n\n<h2 class=\"wp-block-heading\"><strong><strong>Reconeixement de&nbsp;<\/strong>l\u2019Ag\u00e8ncia de Gesti\u00f3 d\u2019Ajuts Universitaris i de Recerca (AGAUR):<\/strong><\/h2>\n\n\n\n<p>Grup d\u2019Estudi de la Traducci\u00f3 Catalana Contempor\u00e0nia<br>Investigador responsable: Montserrat Bacard\u00ed<br>Refer\u00e8ncia: 2021 SGR 00016<br>Durada: gener 2022 \u2013 desembre 2024<\/p>\n\n\n\n<p>Grup d&#8217;Estudi de la Traducci\u00f3 Catalana Contempor\u00e0nia&nbsp;<br>Investigador responsable:&nbsp;Montserrat Bacard\u00ed<br>Refer\u00e8ncia:&nbsp;2017 SGR 1155<br>Durada: gener 2017 &#8211; desembre 2021<\/p>\n\n\n\n<p>Grup d&#8217;Estudi de la Traducci\u00f3 Catalana Contempor\u00e0nia&nbsp;<br>Investigador responsable:&nbsp;Montserrat Bacard\u00ed<br>Refer\u00e8ncia:&nbsp;2014 SGR 285<br>Durada: gener 2014 &#8211; desembre 2016<\/p>\n\n\n\n<p>Grup d&#8217;Estudi de la Traducci\u00f3 Catalana Contempor\u00e0nia&nbsp;<br>Investigador responsable:&nbsp;Montserrat Bacard\u00ed<br>Refer\u00e8ncia:&nbsp;2009 SGR 1294<br>Durada: gener 2009 &#8211; desembre 2013<\/p>\n","protected":false},"excerpt":{"rendered":"<p>Projectes de recerca dirigits per membres del GETCC: La traducci\u00f3n catalana en el siglo XXI: la construcci\u00f3n de un nuevo canon literario y cultural Investigadora principal: Montserrat Bacard\u00edRefer\u00e8ncia:\u00a0PID2024-156306NB-C21\u00a0Durada: setembre 2025 &#8211; setembre 2029 La traducci\u00f3n catalana contempor\u00e1nea: censura y pol\u00edticas editoriales, g\u00e9nero e ideolog\u00eda (1939-2000)Investigadora principal: Montserrat Bacard\u00edRefer\u00e8ncia:&nbsp;FFI2014-52989-C2-1-PDurada: gener 2015 &#8211; desembre 2017 La traducci\u00f3n [&hellip;]<\/p>\n","protected":false},"author":20,"featured_media":0,"parent":0,"menu_order":0,"comment_status":"closed","ping_status":"closed","template":"","meta":{"footnotes":""},"class_list":["post-104","page","type-page","status-publish","hentry"],"_links":{"self":[{"href":"https:\/\/webs.uab.cat\/getcc\/wp-json\/wp\/v2\/pages\/104","targetHints":{"allow":["GET"]}}],"collection":[{"href":"https:\/\/webs.uab.cat\/getcc\/wp-json\/wp\/v2\/pages"}],"about":[{"href":"https:\/\/webs.uab.cat\/getcc\/wp-json\/wp\/v2\/types\/page"}],"author":[{"embeddable":true,"href":"https:\/\/webs.uab.cat\/getcc\/wp-json\/wp\/v2\/users\/20"}],"replies":[{"embeddable":true,"href":"https:\/\/webs.uab.cat\/getcc\/wp-json\/wp\/v2\/comments?post=104"}],"version-history":[{"count":8,"href":"https:\/\/webs.uab.cat\/getcc\/wp-json\/wp\/v2\/pages\/104\/revisions"}],"predecessor-version":[{"id":2953,"href":"https:\/\/webs.uab.cat\/getcc\/wp-json\/wp\/v2\/pages\/104\/revisions\/2953"}],"wp:attachment":[{"href":"https:\/\/webs.uab.cat\/getcc\/wp-json\/wp\/v2\/media?parent=104"}],"curies":[{"name":"wp","href":"https:\/\/api.w.org\/{rel}","templated":true}]}}