{"id":116,"date":"2012-02-06T11:37:07","date_gmt":"2012-02-06T11:37:07","guid":{"rendered":"https:\/\/webs.uab.cat\/getcc\/fondo-jordi-arbones\/"},"modified":"2025-03-27T08:18:18","modified_gmt":"2025-03-27T08:18:18","slug":"fondo-jordi-arbones","status":"publish","type":"page","link":"https:\/\/webs.uab.cat\/getcc\/fondo-jordi-arbones\/","title":{"rendered":"Fons Jordi Arbon\u00e8s"},"content":{"rendered":"\n<div class=\"wp-block-media-text is-stacked-on-mobile\" style=\"grid-template-columns:29% auto\"><figure class=\"wp-block-media-text__media\"><img loading=\"lazy\" decoding=\"async\" width=\"164\" height=\"250\" src=\"https:\/\/webs.uab.cat\/getcc\/wp-content\/uploads\/sites\/65\/2016\/10\/Jordi-arbones-2_1.jpg\" alt=\"Jordi Arbon\u00e8s\" class=\"wp-image-894 size-full\" \/><\/figure><div class=\"wp-block-media-text__content\">\n<p>Jordi Arbon\u00e8s i Montull (Barcelona, 1929 &#8211; Bernal, Argentina, 2001) va traduir al catal\u00e0 i al castell\u00e0 m\u00e9s de 140 t\u00edtols, quasi tots de la narrativa i el teatre anglesos i nord-americans dels segles XIX i XX. A m\u00e9s de la seva activitat traductora, va escriure poesia, narrativa i teatre, i \u00e9s autor de diversos assajos, especialment sobre teatre i sobre l&#8217;obra de Manuel de Pedrolo, aix\u00ed com d&#8217;una gran quantitat d&#8217;articles sobre traducci\u00f3 i de pr\u00f2legs d&#8217;obres cabdals de molts dels autors als quals es va apropar. <\/p>\n<\/div><\/div>\n\n\n\n<p>Des de l&#8217;Argentina, on va viure des del 1956 fins a la seva mort, va col\u00b7laborar amb revistes com&nbsp;<em>Catalunya<\/em>,&nbsp;<em>Ressorgiment<\/em>,&nbsp;<em>Serra d&#8217;Or<\/em>&nbsp;i&nbsp;<em>Revista de Catalunya<\/em>.<\/p>\n\n\n\n<p>La fam\u00edlia de Jordi Arbon\u00e8s, conscient de la import\u00e0ncia de la difusi\u00f3 i l&#8217;estudi d&#8217;una de les obres m\u00e9s extenses en el camp de la traducci\u00f3 de la segona meitat del segle XX, va cedir el llegat del traductor a la Universitat Aut\u00f2noma de Barcelona.<\/p>\n\n\n\n<p>Aquest llegat consisteix en un gran nombre de traduccions pr\u00f2pies o originals editats i tamb\u00e9 en la seva biblioteca particular, en la qual, entre altres materials, hi ha llibres que destaquen pel valor de ser dedicats per autors rellevants o per se primeres edicions o edicions molt antigues; tamb\u00e9 inclou una gran quantitat de manuscrits in\u00e8dits (narrativa, poesia, assaig, traduccions&#8230;) i una copiosa correspond\u00e8ncia que va mantenir al llarg de la seva vida amb nombroses personalitats de les lletres i la cultura catalanes; a m\u00e9s, hi ha abundant material de premsa (articles, cr\u00edtiques, entrevistes, etc.) de gran valor testimonial.<\/p>\n\n\n\n<p>El <a href=\"https:\/\/www.bib.uab.cat\/human\/fonspersonals\/arbones\/\" target=\"_blank\" rel=\"noreferrer noopener\">fons Jordi Arbon\u00e8s<\/a> es conserva a la Biblioteca d&#8217;Humanitats de la Universitat Aut\u00f2noma de Barcelona.<\/p>\n\n\n\n<p><a href=\"https:\/\/www.rac1.cat\/programes\/via-lliure\/20191205\/472066663853\/jordi-arbones-juli-albaladejo-cartes-gloria-arbones-marta-albaladejo.html\" target=\"_blank\" rel=\"noreferrer noopener\">Entrevista a Gl\u00f2ria Arbon\u00e8s i a Marta Albaladejo sobre la correspond\u00e8ncia dels seus pares a RAC1.<\/a><\/p>\n\n\n\n<div class=\"wp-block-media-text is-stacked-on-mobile\" style=\"grid-template-columns:32% auto\"><figure class=\"wp-block-media-text__media\"><img loading=\"lazy\" decoding=\"async\" width=\"182\" height=\"277\" src=\"https:\/\/webs.uab.cat\/getcc\/wp-content\/uploads\/sites\/65\/2016\/10\/Berlin.jpg\" alt=\"Berl\u00edn\" class=\"wp-image-147 size-full\" \/><\/figure><div class=\"wp-block-media-text__content\">\n<h2 class=\"wp-block-heading\"><strong>Christopher Isherwood<\/strong><\/h2>\n\n\n\n<p><em>&nbsp; Ad\u00e9u a Berl\u00edn<\/em><\/p>\n\n\n\n<p>Traducci\u00f3 de Jordi Arbon\u00e8s i Josep Cornudella i Defis<\/p>\n\n\n\n<p>Viena Edicions<\/p>\n\n\n\n<p>Col\u00b7lecci\u00f3&nbsp;\u00abEl Cercle de Viena\u00bb, 56, 2016<\/p>\n\n\n\n<p>289 p., 22 cm<\/p>\n\n\n\n<p>ISBN:&nbsp;978-84-8330-898-1<\/p>\n<\/div><\/div>\n\n\n\n<div class=\"wp-block-media-text is-stacked-on-mobile\" style=\"grid-template-columns:33% auto\"><figure class=\"wp-block-media-text__media\"><img loading=\"lazy\" decoding=\"async\" width=\"554\" height=\"810\" src=\"https:\/\/webs.uab.cat\/getcc\/wp-content\/uploads\/sites\/65\/2016\/10\/VellPont.png\" alt=\"VellPont\" class=\"wp-image-141 size-full\" srcset=\"https:\/\/webs.uab.cat\/getcc\/wp-content\/uploads\/sites\/65\/2016\/10\/VellPont.png 554w, https:\/\/webs.uab.cat\/getcc\/wp-content\/uploads\/sites\/65\/2016\/10\/VellPont-205x300.png 205w\" sizes=\"auto, (max-width: 554px) 100vw, 554px\" \/><\/figure><div class=\"wp-block-media-text__content\">\n<h2 class=\"wp-block-heading\"><strong>Ernest Hemingway<\/strong><\/h2>\n\n\n\n<p><em>&nbsp; El vell al pont<\/em><\/p>\n\n\n\n<p>Traducci\u00f3 de Jordi Arbon\u00e8s<\/p>\n\n\n\n<p>Ep\u00edleg d&#8217;Ian Gibson; il\u00b7lustracions de Pere Ginard<\/p>\n\n\n\n<p>Libros del Zorro Rojo, 2016<\/p>\n\n\n\n<p>45 p., 25 cm<\/p>\n\n\n\n<p>ISBN:&nbsp;978-84-9449-427-7<\/p>\n<\/div><\/div>\n\n\n\n<div class=\"wp-block-media-text is-stacked-on-mobile\" style=\"grid-template-columns:33% auto\"><figure class=\"wp-block-media-text__media\"><img loading=\"lazy\" decoding=\"async\" width=\"318\" height=\"448\" src=\"https:\/\/webs.uab.cat\/getcc\/wp-content\/uploads\/sites\/65\/2016\/10\/Laperla.jpg\" alt=\"Laperla\" class=\"wp-image-135 size-full\" srcset=\"https:\/\/webs.uab.cat\/getcc\/wp-content\/uploads\/sites\/65\/2016\/10\/Laperla.jpg 318w, https:\/\/webs.uab.cat\/getcc\/wp-content\/uploads\/sites\/65\/2016\/10\/Laperla-213x300.jpg 213w\" sizes=\"auto, (max-width: 318px) 100vw, 318px\" \/><\/figure><div class=\"wp-block-media-text__content\">\n<h2 class=\"wp-block-heading\"><strong>John Steinbeck<\/strong><\/h2>\n\n\n\n<p><em>&nbsp; La perla<\/em><\/p>\n\n\n\n<p>Traducci\u00f3 de Jordi Arbon\u00e8s<\/p>\n\n\n\n<p>Introducci\u00f3 i notes de Francisco Ant\u00f3n<\/p>\n\n\n\n<p>Vicens Vives<\/p>\n\n\n\n<p>Col\u00b7lecci\u00f3&nbsp;\u00abAula de Lletres Vicens Vives\u00bb, 1, 2015<\/p>\n\n\n\n<p>115 p., 20 cm<\/p>\n\n\n\n<p>ISBN:&nbsp;978-84-6822-854-9<\/p>\n<\/div><\/div>\n\n\n\n<div class=\"wp-block-media-text is-stacked-on-mobile\" style=\"grid-template-columns:33% auto\"><figure class=\"wp-block-media-text__media\"><img loading=\"lazy\" decoding=\"async\" width=\"680\" height=\"1024\" src=\"https:\/\/webs.uab.cat\/getcc\/wp-content\/uploads\/sites\/65\/2016\/10\/Dickens-680x1024.jpg\" alt=\"Dickens\" class=\"wp-image-132 size-full\" srcset=\"https:\/\/webs.uab.cat\/getcc\/wp-content\/uploads\/sites\/65\/2016\/10\/Dickens-680x1024.jpg 680w, https:\/\/webs.uab.cat\/getcc\/wp-content\/uploads\/sites\/65\/2016\/10\/Dickens-199x300.jpg 199w, https:\/\/webs.uab.cat\/getcc\/wp-content\/uploads\/sites\/65\/2016\/10\/Dickens-768x1156.jpg 768w, https:\/\/webs.uab.cat\/getcc\/wp-content\/uploads\/sites\/65\/2016\/10\/Dickens.jpg 910w\" sizes=\"auto, (max-width: 680px) 100vw, 680px\" \/><\/figure><div class=\"wp-block-media-text__content\">\n<h2 class=\"wp-block-heading\"><strong>Charles Dickens<\/strong><\/h2>\n\n\n\n<p><em>&nbsp; Una hist\u00f2ria de dues ciutats. Una novel\u00b7la de la Revoluci\u00f3 Francesa<\/em><\/p>\n\n\n\n<p>Traducci\u00f3 de Jordi Arbon\u00e8s<\/p>\n\n\n\n<p>L&#8217;Aven\u00e7<\/p>\n\n\n\n<p>Col\u00b7lecci\u00f3&nbsp;\u00abLiteratures\u00bb, 2015<\/p>\n\n\n\n<p>423 p., 24 cm<\/p>\n\n\n\n<p>ISBN:&nbsp;978-84-8883-986-2<\/p>\n<\/div><\/div>\n\n\n\n<div class=\"wp-block-media-text is-stacked-on-mobile\" style=\"grid-template-columns:32% auto\"><figure class=\"wp-block-media-text__media\"><img loading=\"lazy\" decoding=\"async\" width=\"413\" height=\"600\" src=\"https:\/\/webs.uab.cat\/getcc\/wp-content\/uploads\/sites\/65\/2016\/10\/antologia.jpg\" alt=\"antologia\" class=\"wp-image-126 size-full\" srcset=\"https:\/\/webs.uab.cat\/getcc\/wp-content\/uploads\/sites\/65\/2016\/10\/antologia.jpg 413w, https:\/\/webs.uab.cat\/getcc\/wp-content\/uploads\/sites\/65\/2016\/10\/antologia-207x300.jpg 207w\" sizes=\"auto, (max-width: 413px) 100vw, 413px\" \/><\/figure><div class=\"wp-block-media-text__content\">\n<h2 class=\"wp-block-heading\"><strong>Edici\u00f3 a c\u00e0rrec de J. Santamar\u00eda i P. Alonso<\/strong><\/h2>\n\n\n\n<p><em>Antologia del relat polic\u00edac<\/em><\/p>\n\n\n\n<p>Traducci\u00f3 de Jordi Arbon\u00e8s<\/p>\n\n\n\n<p>Vicens Vives<\/p>\n\n\n\n<p>Col\u00b7lecci\u00f3&nbsp;\u00abAula Liter\u00e0ria Vicens Vives\u00bb, 17, 2015<\/p>\n\n\n\n<p>XXXIV p., 237p., 28 p., 20 cm<\/p>\n\n\n\n<p>ISBN:&nbsp;978-84-6823-503-5<\/p>\n<\/div><\/div>\n\n\n\n<div class=\"wp-block-media-text is-stacked-on-mobile\" style=\"grid-template-columns:32% auto\"><figure class=\"wp-block-media-text__media\"><img loading=\"lazy\" decoding=\"async\" width=\"654\" height=\"1024\" src=\"https:\/\/webs.uab.cat\/getcc\/wp-content\/uploads\/sites\/65\/2016\/10\/la-taronja-mecanica-654x1024.jpg\" alt=\"la-taronja-mecanica\" class=\"wp-image-117 size-full\" srcset=\"https:\/\/webs.uab.cat\/getcc\/wp-content\/uploads\/sites\/65\/2016\/10\/la-taronja-mecanica-654x1024.jpg 654w, https:\/\/webs.uab.cat\/getcc\/wp-content\/uploads\/sites\/65\/2016\/10\/la-taronja-mecanica-192x300.jpg 192w, https:\/\/webs.uab.cat\/getcc\/wp-content\/uploads\/sites\/65\/2016\/10\/la-taronja-mecanica-768x1203.jpg 768w, https:\/\/webs.uab.cat\/getcc\/wp-content\/uploads\/sites\/65\/2016\/10\/la-taronja-mecanica-981x1536.jpg 981w, https:\/\/webs.uab.cat\/getcc\/wp-content\/uploads\/sites\/65\/2016\/10\/la-taronja-mecanica-1307x2048.jpg 1307w, https:\/\/webs.uab.cat\/getcc\/wp-content\/uploads\/sites\/65\/2016\/10\/la-taronja-mecanica-1200x1880.jpg 1200w, https:\/\/webs.uab.cat\/getcc\/wp-content\/uploads\/sites\/65\/2016\/10\/la-taronja-mecanica-1980x3102.jpg 1980w, https:\/\/webs.uab.cat\/getcc\/wp-content\/uploads\/sites\/65\/2016\/10\/la-taronja-mecanica-scaled.jpg 1634w\" sizes=\"auto, (max-width: 654px) 100vw, 654px\" \/><\/figure><div class=\"wp-block-media-text__content\">\n<h2 class=\"wp-block-heading\"><strong>Anthony Burgess<\/strong><\/h2>\n\n\n\n<p><em>&nbsp;&nbsp;<a href=\"https:\/\/www.grup62.cat\/llibre-la-taronja-mecanica\/118989\">La taronja mec\u00e0nica<\/a><\/em><\/p>\n\n\n\n<p>Traducci\u00f3 de Jordi Arbon\u00e8s<\/p>\n\n\n\n<p>Pr\u00f2leg de Quim Monz\u00f3<\/p>\n\n\n\n<p>Edicions Proa<\/p>\n\n\n\n<p>Col\u00b7lecci\u00f3&nbsp;\u00abLabutxaca\u00bb, 2014<\/p>\n\n\n\n<p>269 p., 18 cm<\/p>\n\n\n\n<p>ISBN:&nbsp;978-84-9930-846-3<\/p>\n<\/div><\/div>\n\n\n\n<div class=\"wp-block-media-text is-stacked-on-mobile\" style=\"grid-template-columns:32% auto\"><figure class=\"wp-block-media-text__media\"><img loading=\"lazy\" decoding=\"async\" width=\"280\" height=\"391\" src=\"https:\/\/webs.uab.cat\/getcc\/wp-content\/uploads\/sites\/65\/2016\/10\/Narnia.jpg\" alt=\"Narnia\" class=\"wp-image-123 size-full\" srcset=\"https:\/\/webs.uab.cat\/getcc\/wp-content\/uploads\/sites\/65\/2016\/10\/Narnia.jpg 280w, https:\/\/webs.uab.cat\/getcc\/wp-content\/uploads\/sites\/65\/2016\/10\/Narnia-215x300.jpg 215w\" sizes=\"auto, (max-width: 280px) 100vw, 280px\" \/><\/figure><div class=\"wp-block-media-text__content\">\n<h2 class=\"wp-block-heading\"><strong>C. S. Lewis<\/strong><\/h2>\n\n\n\n<p><em>&nbsp; El nebot del mag<\/em><\/p>\n\n\n\n<p>Traducci\u00f3 de Jordi Arbon\u00e8s; il\u00b7lustracions de Pauline Baynes<\/p>\n\n\n\n<p>Estrella Polar<\/p>\n\n\n\n<p>Col\u00b7lecci\u00f3&nbsp;\u00abLes cr\u00f2niques de N\u00e0rnia\u00bb, 1, 2014<\/p>\n\n\n\n<p>251 p., 21 cm<\/p>\n\n\n\n<p>ISBN:&nbsp;978-84-9057-652-6<\/p>\n<\/div><\/div>\n\n\n\n<div class=\"wp-block-media-text is-stacked-on-mobile\" style=\"grid-template-columns:33% auto\"><figure class=\"wp-block-media-text__media\"><img loading=\"lazy\" decoding=\"async\" width=\"455\" height=\"675\" src=\"https:\/\/webs.uab.cat\/getcc\/wp-content\/uploads\/sites\/65\/2016\/10\/JardiDeus.jpg\" alt=\"JardiDeus\" class=\"wp-image-120 size-full\" srcset=\"https:\/\/webs.uab.cat\/getcc\/wp-content\/uploads\/sites\/65\/2016\/10\/JardiDeus.jpg 455w, https:\/\/webs.uab.cat\/getcc\/wp-content\/uploads\/sites\/65\/2016\/10\/JardiDeus-202x300.jpg 202w\" sizes=\"auto, (max-width: 455px) 100vw, 455px\" \/><\/figure><div class=\"wp-block-media-text__content\">\n<h2 class=\"wp-block-heading\"><strong>Gerald Durrell<\/strong><\/h2>\n\n\n\n<p><em>&nbsp; El jard\u00ed dels d\u00e9us<\/em><\/p>\n\n\n\n<p>Traducci\u00f3 de Jordi Arbon\u00e8s<\/p>\n\n\n\n<p>Viena Edicions<\/p>\n\n\n\n<p>Col\u00b7lecci\u00f3 \u00abEl Cercle de Viena\u00bb, 44, 2014<\/p>\n\n\n\n<p>264 p., 18 cm<\/p>\n\n\n\n<p>ISBN: 978-84-8330-811-0<\/p>\n<\/div><\/div>\n","protected":false},"excerpt":{"rendered":"<p>Jordi Arbon\u00e8s i Montull (Barcelona, 1929 &#8211; Bernal, Argentina, 2001) va traduir al catal\u00e0 i al castell\u00e0 m\u00e9s de 140 t\u00edtols, quasi tots de la narrativa i el teatre anglesos i nord-americans dels segles XIX i XX. A m\u00e9s de la seva activitat traductora, va escriure poesia, narrativa i teatre, i \u00e9s autor de diversos [&hellip;]<\/p>\n","protected":false},"author":20,"featured_media":0,"parent":0,"menu_order":0,"comment_status":"closed","ping_status":"closed","template":"","meta":{"footnotes":""},"class_list":["post-116","page","type-page","status-publish","hentry"],"_links":{"self":[{"href":"https:\/\/webs.uab.cat\/getcc\/wp-json\/wp\/v2\/pages\/116","targetHints":{"allow":["GET"]}}],"collection":[{"href":"https:\/\/webs.uab.cat\/getcc\/wp-json\/wp\/v2\/pages"}],"about":[{"href":"https:\/\/webs.uab.cat\/getcc\/wp-json\/wp\/v2\/types\/page"}],"author":[{"embeddable":true,"href":"https:\/\/webs.uab.cat\/getcc\/wp-json\/wp\/v2\/users\/20"}],"replies":[{"embeddable":true,"href":"https:\/\/webs.uab.cat\/getcc\/wp-json\/wp\/v2\/comments?post=116"}],"version-history":[{"count":10,"href":"https:\/\/webs.uab.cat\/getcc\/wp-json\/wp\/v2\/pages\/116\/revisions"}],"predecessor-version":[{"id":2515,"href":"https:\/\/webs.uab.cat\/getcc\/wp-json\/wp\/v2\/pages\/116\/revisions\/2515"}],"wp:attachment":[{"href":"https:\/\/webs.uab.cat\/getcc\/wp-json\/wp\/v2\/media?parent=116"}],"curies":[{"name":"wp","href":"https:\/\/api.w.org\/{rel}","templated":true}]}}