{"id":158,"date":"2012-07-19T10:55:40","date_gmt":"2012-07-19T10:55:40","guid":{"rendered":"https:\/\/webs.uab.cat\/getcc\/jornades-2012\/"},"modified":"2025-04-02T10:33:33","modified_gmt":"2025-04-02T10:33:33","slug":"jornades-2012","status":"publish","type":"page","link":"https:\/\/webs.uab.cat\/getcc\/jornades-2012\/","title":{"rendered":"V Jornades sobre Traducci\u00f3 i Literatura. Traducci\u00f3 i censura. 17 i 18 d&#8217;octubre de 2012"},"content":{"rendered":"\n<p><strong>18 d&#8217;octubre<\/strong><\/p>\n\n\n\n<div class=\"wp-block-media-text is-stacked-on-mobile\"><figure class=\"wp-block-media-text__media\"><img loading=\"lazy\" decoding=\"async\" width=\"1022\" height=\"1024\" src=\"https:\/\/webs.uab.cat\/getcc\/wp-content\/uploads\/sites\/65\/2016\/10\/Jornades_1_0_0-1022x1024.jpg\" alt=\"Jornades_1_0_0\" class=\"wp-image-910 size-full\" srcset=\"https:\/\/webs.uab.cat\/getcc\/wp-content\/uploads\/sites\/65\/2016\/10\/Jornades_1_0_0-1022x1024.jpg 1022w, https:\/\/webs.uab.cat\/getcc\/wp-content\/uploads\/sites\/65\/2016\/10\/Jornades_1_0_0-300x300.jpg 300w, https:\/\/webs.uab.cat\/getcc\/wp-content\/uploads\/sites\/65\/2016\/10\/Jornades_1_0_0-150x150.jpg 150w, https:\/\/webs.uab.cat\/getcc\/wp-content\/uploads\/sites\/65\/2016\/10\/Jornades_1_0_0-768x770.jpg 768w, https:\/\/webs.uab.cat\/getcc\/wp-content\/uploads\/sites\/65\/2016\/10\/Jornades_1_0_0-1533x1536.jpg 1533w, https:\/\/webs.uab.cat\/getcc\/wp-content\/uploads\/sites\/65\/2016\/10\/Jornades_1_0_0-2044x2048.jpg 2044w, https:\/\/webs.uab.cat\/getcc\/wp-content\/uploads\/sites\/65\/2016\/10\/Jornades_1_0_0-1200x1202.jpg 1200w, https:\/\/webs.uab.cat\/getcc\/wp-content\/uploads\/sites\/65\/2016\/10\/Jornades_1_0_0-1980x1984.jpg 1980w\" sizes=\"auto, (max-width: 1022px) 100vw, 1022px\" \/><\/figure><div class=\"wp-block-media-text__content\">\n<p><strong>17 d&#8217;octubre<\/strong><\/p>\n\n\n\n<p>10.30 h Inauguraci\u00f3 i presentaci\u00f3<br>10.45 h La traducci\u00f3 i la censura franquista: la meva experi\u00e8ncia a Edicions 62. Francesc Vallverd\u00fa<br>11.30 h Pausa caf\u00e8<br>12.00 h La traducci\u00f3n al gallego y la censura franquista. Xos\u00e9 Manuel Dasilva<br>12.30 h Censura(s) en la traducci\u00f3n al\/del vasco. Ibon Uribarri<br>13.00 h La persist\u00e8ncia de la censura: traducci\u00f3 i pol\u00edtiques editorials dels anys 60 en\u00e7\u00e0. Jordi Cornell\u00e0-Detrell<\/p>\n<\/div><\/div>\n\n\n\n<p>10.00 h Autarquia i localisme: les traduccions a la immediata postguerra. Maria Josepa Gallofr\u00e9<br>10.45 h Pausa caf\u00e8<br>11.15 h Censura de l&#8217;<em>amoralitat femenina<\/em> d&#8217;una pe\u00e7a teatral de postguerra. Eusebi Coromina<br>11.45 h <em>A la paret escrit amb guix<\/em>: una antologia de poesia alemanya de combat censurada. Ramon Farr\u00e9s<br>12.15 h Traduir teatre sota la f\u00e8rula de la moral i la censura franquistes. Enric Gall\u00e9n<br>12.45 h Narrativa alemanya de postguerra: autors tradu\u00efts i censura. Jordi Jan\u00e9-Llig\u00e9<br>13.15 h Sota sospita. Les traduccions d&#8217;Edicions 62 vistes per la censura (1963-1977). Mireia Sopena<\/p>\n\n\n\n<p><a href=\"https:\/\/webs.uab.cat\/getcc\/wp-content\/uploads\/sites\/65\/2016\/10\/V_Jornades_Trad_Censura.pdf\" target=\"_blank\" rel=\"noreferrer noopener\">Programa de les V Jornades&nbsp;<\/a><\/p>\n\n\n\n<h2 class=\"wp-block-heading\">V\u00eddeos de les V Jornades sobre Traducci\u00f3 i Literatura. Traducci\u00f3 i censura<\/h2>\n\n\n\n<figure class=\"wp-block-table\"><table><tbody><tr><td><a href=\"http:\/\/fmstream.uab.cat\/serim\/conferencies\/VJornadesTraduccio2012-001.html\" target=\"_blank\" rel=\"noreferrer noopener\"><img loading=\"lazy\" decoding=\"async\" width=\"399\" height=\"322\" class=\"wp-image-926\" style=\"width: 150px\" src=\"https:\/\/webs.uab.cat\/getcc\/wp-content\/uploads\/sites\/65\/2016\/10\/video1.jpg\" alt=\"video1\" srcset=\"https:\/\/webs.uab.cat\/getcc\/wp-content\/uploads\/sites\/65\/2016\/10\/video1.jpg 399w, https:\/\/webs.uab.cat\/getcc\/wp-content\/uploads\/sites\/65\/2016\/10\/video1-300x242.jpg 300w\" sizes=\"auto, (max-width: 399px) 100vw, 399px\" \/><\/a> <p><strong>Traducci\u00f3 i censura. Acte inaugural i presentaci\u00f3 de les jornades.<\/strong><br>Marisa Presas, Albert Branchadell i Francesc Parcerisas.<\/p> <p><strong>Confer\u00e8ncia &#8220;La traducci\u00f3 i la censura franquista: La meva experi\u00e8ncia a Edicions 62&#8221;<\/strong><br>Francesc Vallverd\u00fa.<\/p> <p><strong>Autor:&nbsp;<\/strong>SERIM<br><strong>Data:&nbsp;<\/strong>Octubre&nbsp;2012<br><strong>Durada:&nbsp;<\/strong>00:59:45&nbsp;<\/p><\/td><td><a href=\"http:\/\/fmstream.uab.cat\/serim\/conferencies\/VJornadesTraduccio2012-003.html\" target=\"_blank\" rel=\"noreferrer noopener\"><img loading=\"lazy\" decoding=\"async\" width=\"399\" height=\"322\" class=\"wp-image-934\" style=\"width: 150px\" src=\"https:\/\/webs.uab.cat\/getcc\/wp-content\/uploads\/sites\/65\/2016\/10\/video3.jpg\" alt=\"video3\" srcset=\"https:\/\/webs.uab.cat\/getcc\/wp-content\/uploads\/sites\/65\/2016\/10\/video3.jpg 399w, https:\/\/webs.uab.cat\/getcc\/wp-content\/uploads\/sites\/65\/2016\/10\/video3-300x242.jpg 300w\" sizes=\"auto, (max-width: 399px) 100vw, 399px\" \/><\/a> <p><strong>Autarquia i localisme: les traduccions a la immediata postguerra.<\/strong><br>Maria Josepa Gallofr\u00e9<\/p> <p><strong>Autor:&nbsp;<\/strong>SERIM<br><strong>Data:&nbsp;<\/strong>Octubre 2012<br><strong>Durada:&nbsp;<\/strong>00:44:04<\/p><\/td><\/tr><tr><td><a href=\"http:\/\/fmstream.uab.cat\/serim\/conferencies\/VJornadesTraduccio2012-002.html\" target=\"_blank\" rel=\"noreferrer noopener\"><img loading=\"lazy\" decoding=\"async\" width=\"399\" height=\"322\" class=\"wp-image-930\" style=\"width: 150px\" src=\"https:\/\/webs.uab.cat\/getcc\/wp-content\/uploads\/sites\/65\/2016\/10\/video2.jpg\" alt=\"video2\" srcset=\"https:\/\/webs.uab.cat\/getcc\/wp-content\/uploads\/sites\/65\/2016\/10\/video2.jpg 399w, https:\/\/webs.uab.cat\/getcc\/wp-content\/uploads\/sites\/65\/2016\/10\/video2-300x242.jpg 300w\" sizes=\"auto, (max-width: 399px) 100vw, 399px\" \/><\/a> <p><strong>La traducci\u00f3n al gallego y la censura franquista.&nbsp;<\/strong><br>Xos\u00e9 Manuel Dasilva<\/p> <p><strong>Censura(s) en la traducci\u00f3n al\/del vasco.<\/strong><br>Ibon Uribarri<\/p> <p><strong>La persist\u00e8ncia de la censura: traducci\u00f3 i pol\u00edtiques editorials dels anys 60 en\u00e7\u00e0.&nbsp;<\/strong><br>Jordi Cornell\u00e0-Detrell<\/p> <p><strong>Autor:&nbsp;<\/strong>SERIM<br><strong>Data:&nbsp;<\/strong>Octubre&nbsp;2012<br><strong>Durada:&nbsp;<\/strong>01:58:35<\/p><\/td><td><a href=\"http:\/\/fmstream.uab.cat\/serim\/conferencies\/VJornadesTraduccio2012-004.html\" target=\"_blank\" rel=\"noreferrer noopener\"><img loading=\"lazy\" decoding=\"async\" width=\"399\" height=\"322\" class=\"wp-image-938\" style=\"width: 150px\" src=\"https:\/\/webs.uab.cat\/getcc\/wp-content\/uploads\/sites\/65\/2016\/10\/video4.jpg\" alt=\"video4\" srcset=\"https:\/\/webs.uab.cat\/getcc\/wp-content\/uploads\/sites\/65\/2016\/10\/video4.jpg 399w, https:\/\/webs.uab.cat\/getcc\/wp-content\/uploads\/sites\/65\/2016\/10\/video4-300x242.jpg 300w\" sizes=\"auto, (max-width: 399px) 100vw, 399px\" \/><\/a> <p><strong>Censura de l&#8217;<em>amoralitat femenina<\/em>&nbsp;d&#8217;una pe\u00e7a teatral de postguerra.&nbsp;<\/strong><br>Eusebi Coromina<\/p> <p><strong><em>A la paret escrit amb guix<\/em>: una antologia de poesia alemanya de combat censurada.<\/strong><br>Ramon Farr\u00e9s<\/p> <p><strong>Traduir teatre sota la f\u00e8rula de la moral i la censura franquistes.<\/strong><br>Enric Gall\u00e9n<\/p> <p><strong>Narrativa alemanya de postguerra: autors tradu\u00efts i censura.&nbsp;<\/strong><br>Jordi Jan\u00e9-Llig\u00e9<\/p> <p><strong>Sota sospita. Les traduccions d&#8217;Edicions 62 vistes per la censura (1963-1977).<\/strong><br>Mireia Sopena<\/p> <p><strong>Autor:&nbsp;<\/strong>SERIM<br><strong>Data:&nbsp;<\/strong>Octubre&nbsp;2012<br><strong>Durada:&nbsp;<\/strong>02:25:40<\/p><\/td><\/tr><\/tbody><\/table><\/figure>\n\n\n\n<p><\/p>\n","protected":false},"excerpt":{"rendered":"<p>18 d&#8217;octubre 17 d&#8217;octubre 10.30 h Inauguraci\u00f3 i presentaci\u00f310.45 h La traducci\u00f3 i la censura franquista: la meva experi\u00e8ncia a Edicions 62. Francesc Vallverd\u00fa11.30 h Pausa caf\u00e812.00 h La traducci\u00f3n al gallego y la censura franquista. Xos\u00e9 Manuel Dasilva12.30 h Censura(s) en la traducci\u00f3n al\/del vasco. Ibon Uribarri13.00 h La persist\u00e8ncia de la censura: traducci\u00f3 [&hellip;]<\/p>\n","protected":false},"author":20,"featured_media":0,"parent":0,"menu_order":0,"comment_status":"closed","ping_status":"closed","template":"","meta":{"footnotes":""},"class_list":["post-158","page","type-page","status-publish","hentry"],"_links":{"self":[{"href":"https:\/\/webs.uab.cat\/getcc\/wp-json\/wp\/v2\/pages\/158","targetHints":{"allow":["GET"]}}],"collection":[{"href":"https:\/\/webs.uab.cat\/getcc\/wp-json\/wp\/v2\/pages"}],"about":[{"href":"https:\/\/webs.uab.cat\/getcc\/wp-json\/wp\/v2\/types\/page"}],"author":[{"embeddable":true,"href":"https:\/\/webs.uab.cat\/getcc\/wp-json\/wp\/v2\/users\/20"}],"replies":[{"embeddable":true,"href":"https:\/\/webs.uab.cat\/getcc\/wp-json\/wp\/v2\/comments?post=158"}],"version-history":[{"count":5,"href":"https:\/\/webs.uab.cat\/getcc\/wp-json\/wp\/v2\/pages\/158\/revisions"}],"predecessor-version":[{"id":2630,"href":"https:\/\/webs.uab.cat\/getcc\/wp-json\/wp\/v2\/pages\/158\/revisions\/2630"}],"wp:attachment":[{"href":"https:\/\/webs.uab.cat\/getcc\/wp-json\/wp\/v2\/media?parent=158"}],"curies":[{"name":"wp","href":"https:\/\/api.w.org\/{rel}","templated":true}]}}