{"id":2998,"date":"2026-03-14T10:48:48","date_gmt":"2026-03-14T10:48:48","guid":{"rendered":"https:\/\/webs.uab.cat\/getcc\/?page_id=2998"},"modified":"2026-03-14T11:20:33","modified_gmt":"2026-03-14T11:20:33","slug":"helena-borrell","status":"publish","type":"page","link":"https:\/\/webs.uab.cat\/getcc\/helena-borrell\/","title":{"rendered":"Helena Borrell"},"content":{"rendered":"\n<blockquote class=\"wp-block-quote is-layout-flow wp-block-quote-is-layout-flow\">\n<p>Helena Borrell Carreras<\/p>\n\n\n\n<p><a href=\"helena.borrell@uab.cat\">helena.borrell@uab.cat<\/a><\/p>\n\n\n\n<p>ORCID iD: 0000-0001-8346-4369<\/p>\n<\/blockquote>\n\n\n\n<p>Llicenciada en Filologia Catalana i postgraduada en Llengua Catalana: Correcci\u00f3 de Textos Orals i Escrits per la Universitat de Girona, es va doctorar en Lleng\u00fces Modernes per la Universitat d\u2019Exeter, al Regne Unit, amb una tesi interdisciplin\u00e0ria que aborda la traducci\u00f3 del registre col\u00b7loquial de l\u2019angl\u00e8s al catal\u00e0. Va rebre el Premi d\u2019Assaig Irla 2023 per l\u2019assaig <em>Fem que soni b\u00e9: Les conseq\u00fc\u00e8ncies de la minoritzaci\u00f3 del catal\u00e0 i propostes per a un col\u00b7loquial de qualitat<\/em> (Angle, 2023). Els seus interessos de recerca s\u00f3n la socioling\u00fc\u00edstica i la traducci\u00f3. Ha publicat traduccions d&#8217;assaig al catal\u00e0 i ha treballat com a traductora i revisora de textos aut\u00f2noma en diferents \u00e0mbits. Actualment \u00e9s professora lectora a la Facultat de Traducci\u00f3 i Interpretaci\u00f3 de la UAB. Anteriorment va ser professora a la UOC, la Universitat de Cardiff, la Universitat d\u2019Exeter i la Universitat de Calif\u00f2rnia-Santa Barbara.<\/p>\n\n\n\n<h2 class=\"wp-block-heading\">Publicacions<\/h2>\n\n\n\n<p>2026 \u00abLa qualitat de la llengua de la interpretaci\u00f3 simult\u00e0nia en catal\u00e0 als mitjans de comunicaci\u00f3: una proposta d\u2019an\u00e0lisi i avaluaci\u00f3\u00bb. <em>Quaderns. Revista de Traducci\u00f3<\/em>, 23 (en premsa).<\/p>\n\n\n\n<p>2026 \u00abBuilding authority through linguistic purism in digital media: the rise of a Catalan language influencer\u00bb. <em>Sociolinguistica. European Journal of Sociolinguistics<\/em>, 40 (1) (en premsa).<\/p>\n\n\n\n<p>2026 <a href=\"https:\/\/raco.cat\/index.php\/LlenguaLiteratura\/article\/view\/980000006312\">\u00abLa interpretaci\u00f3 de la normativa en la GIEC: un cas pr\u00e0ctic\u00bb<\/a>. <em>Llengua i Literatura<\/em>, 36, p. 31-46.<\/p>\n\n\n\n<p>2026 <a href=\"https:\/\/eapc-rld.blog.gencat.cat\/2026\/02\/19\/els-correctors-automatics-quin-impacte-tenen-en-com-escrivim-helena-borrell-carreras\/\">\u00abEls correctors autom\u00e0tics: quin impacte tenen en com escrivim?\u00bb<\/a>. <em>RDL blog<\/em>.<\/p>\n\n\n\n<p>2026 <a href=\"https:\/\/aalhe.scholasticahq.com\/article\/154166-combining-automated-writing-evaluation-with-metalinguistic-reflection-to-develop-language-skills\">\u00abCombining automated writing evaluation with metalinguistic reflection to develop language skills\u00bb<\/a>. <em>Intersection: A Journal at the Intersection of Assessment and Learning<\/em>.<\/p>\n\n\n\n<p>2025 <a href=\"https:\/\/doi.org\/10.58992\/rld.i84.2025.4432\">\u00abEls correctors autom\u00e0tics en l\u00ednia de llengua catalana com a difusors de la normativa i la seva contribuci\u00f3 en la configuraci\u00f3 de l\u2019est\u00e0ndard\u00bb<\/a>. Revista de Llengua i Dret, 84, p. 277\u2013290.<\/p>\n\n\n\n<p>2025 <a href=\"https:\/\/publicacions.uab.cat\/llibres\/mirada-al-passat-al-present-al-futur-correccio-lassessorament-linguistic-en-catala\"><em>Una mirada al passat, al present i al futur de la correcci\u00f3 i l\u2019assessorament ling\u00fc\u00edstic en catal\u00e0<\/em><\/a>. Cerdanyola del Vall\u00e8s: Edicions de la UAB (Col\u00b7lecci\u00f3 el Postgrau, 5).<\/p>\n\n\n\n<p>2025 <a href=\"https:\/\/doi.org\/10.7203\/caplletra.78.30271\">\u00abAnnabel Gr\u00e0cia Damas (2023). Aquesta llengua que estimo: La vinculaci\u00f3 emocional dels nord-occidentals amb la seua varietat ling\u00fc\u00edstica\u00bb<\/a>. <em>Caplletra,<\/em> 78, p. 289-291.<\/p>\n\n\n\n<p>2023 <a href=\"https:\/\/lafinestralectora.cat\/fem-que-soni-be\/\"><em>Fem que soni b\u00e9. Les conseq\u00fc\u00e8ncies de la minoritzaci\u00f3 del catal\u00e0 i propostes per a un col\u00b7loquial de qualitat<\/em><\/a><em>. <\/em>Barcelona: Angle (El fil d&#8217;Ariadna, 135).<\/p>\n\n\n\n<p>2021 <a href=\"https:\/\/lafinestralectora.cat\/100-paraules-de-lemporda-2\/\"><em>100 paraules de l&#8217;Empord\u00e0 i part de l&#8217;estranger<\/em><\/a><em>. <\/em>Valls: Cosset\u00e0nia (De 100 en 100, 69).<\/p>\n\n\n\n<p>2019 <a href=\"https:\/\/raco.cat\/index.php\/TSC\/article\/view\/103515\">\u00abEl paper de la premsa en la implantaci\u00f3 de la reforma de l\u2019ortografia catalana\u00bb<\/a>. <em>Treballs de socioling\u00fc\u00edstica catalana<\/em>, 29, p. 119-132.<\/p>\n\n\n\n<p>2018 <a href=\"https:\/\/doi.org\/10.1080\/01434632.2018.1441853\">\u00abTranslating non-canonised texts from a minority culture into a hegemonic culture: a case study in Catalonia\u00bb<\/a>. <em>Journal of Multilingual and Multicultural Development<\/em>, 39, p. 740-751.<\/p>\n\n\n\n<h2 class=\"wp-block-heading\">Traduccions<\/h2>\n\n\n\n<p>2025 Spivak, Gayatri Chakravorty. <a href=\"https:\/\/manifestllibres.cat\/products\/poden-parlar-els-subalterns\"><em>Poden parlar els subalterns?<\/em><\/a>. Barcelona: Manifest (tradu\u00eft conjuntament amb Maria Comas Carreras).<\/p>\n\n\n\n<p>2023 Even-Zohar, Itamar; Torres Feij\u00f3, El\u00edas; Monegal, Antonio. <a href=\"https:\/\/hdl.handle.net\/10550\/102396\">\u00abLa fi de la literatura, o quines finalitats t\u00e9 encara?\u00bb<\/a>. <em>L&#8217;Espill<\/em>, 73, p. 93-117.<\/p>\n\n\n\n<p>2021 MacDonald, Pat; Torner, Carles. <a href=\"https:\/\/hdl.handle.net\/10550\/85123\">\u00abDrets ling\u00fc\u00edstics: conversa amb Carles Torner\u00bb<\/a>. <em>L&#8217;Espill<\/em>, 66, p. 159-175.<\/p>\n\n\n\n<p>2021 Watkins, Susan. <a href=\"https:\/\/hdl.handle.net\/10550\/85127\">\u00abQuins feminismes?\u00bb<\/a>. <em>L&#8217;Espill<\/em>, 65, p. 23-56.<\/p>\n\n\n\n<p>2020 Spivak, Gayatri Chakravorty. <a href=\"https:\/\/hdl.handle.net\/10550\/85182\">\u00abPoden parlar els subalterns?\u00bb<\/a>. <em>L&#8217;Espill<\/em>, 63-64, p. 177-233 (tradu\u00eft conjuntament amb Maria Comas Carreras).<\/p>\n\n\n\n<p>2019 \u00abFer front a la viol\u00e8ncia\u00bb Devy, Ganesh. <em>L&#8217;Espill<\/em>, 61, p. 32-48.<\/p>\n\n\n\n<p>2019 \u010cander, Mitja; Dolar, Mladen. <a href=\"https:\/\/hdl.handle.net\/10550\/85609\">\u00ab\u201cUna lluita pol\u00edtica no \u00e9s mai una lluita per una identitat, sin\u00f3 una lluita per l&#8217;emancipaci\u00f3 universal\u201d. Conversa amb Mladen Dolar\u00bb<\/a>. <em>L&#8217;Espill<\/em>, 59, p. 333-352.<\/p>\n\n\n\n<h2 class=\"wp-block-heading\">Comunicacions i pon\u00e8ncies<\/h2>\n\n\n\n<p>2026 XXV Seminari de Qualitat Ling\u00fc\u00edstica als Mitjans de Comunicaci\u00f3<\/p>\n\n\n\n<p>(GALMIC-UIB). <em>El paper dels correctors autom\u00e0tics en l\u00ednia i de les xarxes socials en la difusi\u00f3 de la normativa<\/em>.<\/p>\n\n\n\n<p>2025 Cloenda del Postgrau de Correcci\u00f3 i Assessorament Ling\u00fc\u00edstic de la UAB. <em>Vint-i-cinc anys del Postgrau: passat, present i futur de la correcci\u00f3 i l\u2019assessorament ling\u00fc\u00edstic en catal\u00e0<\/em>.<\/p>\n\n\n\n<p>2025 Simposi \u201cExperi\u00e8ncies pr\u00e0ctiques de l&#8217;\u00fas de la intel\u00b7lig\u00e8ncia artificial en la doc\u00e8ncia universit\u00e0ria\u201d (UAB). <em>Eines d&#8217;IA aplicades a l&#8217;ensenyament de lleng\u00fces i la correcci\u00f3<\/em>.<\/p>\n\n\n\n<p>2024 Posa-hi tu l\u2019accent (Festival de dialectes), Casal de l\u2019Espluga de Francol\u00ed. <em>La import\u00e0ncia dels dialectes per al col\u00b7loquial<\/em>.<\/p>\n\n\n\n<p>2023 Escola Nacional de Formaci\u00f3 de les Joventuts d\u2019Esquerra Republicana. <em>La relaci\u00f3 entre l&#8217;est\u00e0ndard i els dialectes<\/em>.<\/p>\n\n\n\n<p>2022 Taula rodona \u00abEl parlar de l\u2019Empord\u00e0\u00bb, Museu de la Mediterr\u00e0nia de Torroella de Montgr\u00ed.<\/p>\n\n\n\n<p>2011 New Research in Translation and Interpreting Studies (Universitat Rovira i Virgili). <em>When normalisation isn\u2019t normal: translating colloquial registers in Catalan<\/em>.<\/p>\n\n\n\n<p>2011 ELALT: English Language and Anglophone Literatures Today (Universitat de Novi Sad, S\u00e8rbia). <em>When normalisation isn\u2019t normal: translating colloquial registers in Catalan<\/em>.<\/p>\n\n\n\n<p>2009 Lost in Translation: Mediation, Adaptation and Translation, (Universitat de Leicester, Regne Unit). <em>Analysis of the translation of Fear and Loathing in Las Vegas into Catalan: the domestication of cultural aspects and the problem of taboo language<\/em>.<\/p>\n\n\n\n<h2 class=\"wp-block-heading\">Premis<\/h2>\n\n\n\n<p>2025 <a href=\"https:\/\/www.irmu.org\/news\/6053\">X Beca Joan Veny<\/a> (Institut Ramon Muntaner). Projecte: \u00abEl subdialecte giron\u00ed: desdialectalitzaci\u00f3 en la parla col\u00b7loquial i permeabilitat en l&#8217;est\u00e0ndard\u00bb.<\/p>\n\n\n\n<p>2023 <a href=\"https:\/\/irla.cat\/premis-i-beques\/helena-borrell\/\">Premi Irla d&#8217;Assaig Breu<\/a>, de la Fundaci\u00f3 Josep Irla, per l&#8217;assaig <em>Per qu\u00e8 no sona b\u00e9. Les conseq\u00fc\u00e8ncies de la minoritzaci\u00f3 del catal\u00e0 per al registre col\u00b7loquial i algunes propostes.<\/em><\/p>\n","protected":false},"excerpt":{"rendered":"<p>Helena Borrell Carreras helena.borrell@uab.cat ORCID iD: 0000-0001-8346-4369 Llicenciada en Filologia Catalana i postgraduada en Llengua Catalana: Correcci\u00f3 de Textos Orals i Escrits per la Universitat de Girona, es va doctorar en Lleng\u00fces Modernes per la Universitat d\u2019Exeter, al Regne Unit, amb una tesi interdisciplin\u00e0ria que aborda la traducci\u00f3 del registre col\u00b7loquial de l\u2019angl\u00e8s al catal\u00e0. [&hellip;]<\/p>\n","protected":false},"author":68,"featured_media":0,"parent":0,"menu_order":0,"comment_status":"closed","ping_status":"closed","template":"","meta":{"footnotes":""},"class_list":["post-2998","page","type-page","status-publish","hentry"],"_links":{"self":[{"href":"https:\/\/webs.uab.cat\/getcc\/wp-json\/wp\/v2\/pages\/2998","targetHints":{"allow":["GET"]}}],"collection":[{"href":"https:\/\/webs.uab.cat\/getcc\/wp-json\/wp\/v2\/pages"}],"about":[{"href":"https:\/\/webs.uab.cat\/getcc\/wp-json\/wp\/v2\/types\/page"}],"author":[{"embeddable":true,"href":"https:\/\/webs.uab.cat\/getcc\/wp-json\/wp\/v2\/users\/68"}],"replies":[{"embeddable":true,"href":"https:\/\/webs.uab.cat\/getcc\/wp-json\/wp\/v2\/comments?post=2998"}],"version-history":[{"count":4,"href":"https:\/\/webs.uab.cat\/getcc\/wp-json\/wp\/v2\/pages\/2998\/revisions"}],"predecessor-version":[{"id":3016,"href":"https:\/\/webs.uab.cat\/getcc\/wp-json\/wp\/v2\/pages\/2998\/revisions\/3016"}],"wp:attachment":[{"href":"https:\/\/webs.uab.cat\/getcc\/wp-json\/wp\/v2\/media?parent=2998"}],"curies":[{"name":"wp","href":"https:\/\/api.w.org\/{rel}","templated":true}]}}