{"id":340,"date":"2012-10-27T19:40:05","date_gmt":"2012-10-27T19:40:05","guid":{"rendered":"https:\/\/webs.uab.cat\/getcc\/membres-del-grup\/"},"modified":"2026-03-16T07:45:05","modified_gmt":"2026-03-16T07:45:05","slug":"membres-del-grup","status":"publish","type":"page","link":"https:\/\/webs.uab.cat\/getcc\/membres-del-grup\/","title":{"rendered":"Membres del grup"},"content":{"rendered":"\n<div class=\"wp-block-columns is-layout-flex wp-container-core-columns-is-layout-9d6595d7 wp-block-columns-is-layout-flex\">\n<div class=\"wp-block-column is-layout-flow wp-block-column-is-layout-flow\">\n<p><a href=\"https:\/\/webs.uab.cat\/getcc\/merce-altimir\/\">Merc\u00e8 Altimir<\/a><\/p>\n\n\n\n<p><a href=\"https:\/\/webs.uab.cat\/getcc\/montserrat-bacardi\/\" data-type=\"page\" data-id=\"36\">Montserrat Bacard\u00ed<\/a><\/p>\n\n\n\n<p><a href=\"https:\/\/webs.uab.cat\/getcc\/carles-biosca\/\" data-type=\"page\" data-id=\"43\">Carles Biosca<\/a><\/p>\n\n\n\n<p><a href=\"https:\/\/webs.uab.cat\/getcc\/helena-borrell\/\" target=\"_blank\" rel=\"noreferrer noopener\">Helena Borrell<\/a><\/p>\n\n\n\n<p><a href=\"https:\/\/webs.uab.cat\/getcc\/josefina-caball\/\" data-type=\"page\" data-id=\"44\">Josefina Caball<\/a><\/p>\n\n\n\n<p><a href=\"https:\/\/webs.uab.cat\/getcc\/caterina-calafat\/\" data-type=\"page\" data-id=\"692\">Caterina Calafat<\/a><\/p>\n\n\n\n<p><a href=\"https:\/\/webs.uab.cat\/getcc\/carles-castellanos\/\" data-type=\"page\" data-id=\"46\">Carles Castellanos<\/a><\/p>\n\n\n\n<p><a href=\"https:\/\/webs.uab.cat\/getcc\/jordi-cornella-detrell\/\" data-type=\"page\" data-id=\"515\">Jordi Cornell\u00e0-Detrell<\/a><\/p>\n\n\n\n<p><a href=\"https:\/\/webs.uab.cat\/getcc\/lara-estany-freire\/\" data-type=\"page\" data-id=\"653\">Lara Estany Freire<\/a><\/p>\n\n\n\n<p><a href=\"https:\/\/webs.uab.cat\/getcc\/ramon-farres\/\" data-type=\"page\" data-id=\"50\">Ramon Farr\u00e9s<\/a><\/p>\n\n\n\n<p><a href=\"https:\/\/webs.uab.cat\/getcc\/joan-ferrarons\/\">Joan Ferrarons<\/a><\/p>\n\n\n\n<p><a href=\"https:\/\/webs.uab.cat\/getcc\/judit-fontcuberta\/\" data-type=\"page\" data-id=\"51\">Judit Fontcuberta<\/a><\/p>\n\n\n\n<p><a href=\"https:\/\/webs.uab.cat\/getcc\/valeria-gaillard\/\" data-type=\"page\" data-id=\"758\">Val\u00e8ria Gaillard<\/a><\/p>\n\n\n\n<p><a href=\"https:\/\/webs.uab.cat\/getcc\/francesc-galera\/\" data-type=\"page\" data-id=\"701\">Francesc Galera<\/a><\/p>\n<\/div>\n\n\n\n<div class=\"wp-block-column is-layout-flow wp-block-column-is-layout-flow\">\n<p><a href=\"https:\/\/webs.uab.cat\/getcc\/joaquim-gesti\/\" data-type=\"page\" data-id=\"704\">Joaquim Gest\u00ed<\/a><\/p>\n\n\n\n<p><a href=\"https:\/\/webs.uab.cat\/getcc\/pau-joan-hernandez\/\" data-type=\"page\" data-id=\"707\">Pau Joan Hern\u00e0ndez<\/a><\/p>\n\n\n\n<p><a href=\"https:\/\/webs.uab.cat\/getcc\/jordi-jane-llige\/\" data-type=\"page\" data-id=\"110\">Jordi Jan\u00e9-Llig\u00e9<\/a><\/p>\n\n\n\n<p><a href=\"https:\/\/webs.uab.cat\/getcc\/adria-martin\/\" data-type=\"link\" data-id=\"https:\/\/webs.uab.cat\/getcc\/adria-martin\/\" target=\"_blank\" rel=\"noreferrer noopener\">Adri\u00e0 Mart\u00edn<\/a><\/p>\n\n\n\n<p><a href=\"https:\/\/webs.uab.cat\/getcc\/jordi-mas\/\" data-type=\"page\" data-id=\"614\">Jordi Mas&nbsp;L\u00f3pez<\/a><\/p>\n\n\n\n<p><a href=\"https:\/\/webs.uab.cat\/getcc\/francesc-parcerisas\/\" data-type=\"page\" data-id=\"53\">Francesc Parcerisas<\/a><\/p>\n\n\n\n<p><a href=\"https:\/\/webs.uab.cat\/getcc\/josep-miquel-ramis\/\" target=\"_blank\" rel=\"noreferrer noopener\">Josep Miquel Ramis<\/a><\/p>\n\n\n\n<p><a href=\"https:\/\/webs.uab.cat\/getcc\/joaquim-sala-sanahuja\/\" data-type=\"page\" data-id=\"516\">Joaquim Sala-Sanahuja<\/a><\/p>\n\n\n\n<p><a href=\"https:\/\/webs.uab.cat\/getcc\/pep-sanz-datzira\/\" data-type=\"page\" data-id=\"616\">Pep Sanz Datzira<\/a><\/p>\n\n\n\n<p><a href=\"https:\/\/webs.uab.cat\/getcc\/alla-shyrokova-manno\/\">Alla Shyrokova Manno<\/a><\/p>\n\n\n\n<p><a href=\"https:\/\/webs.uab.cat\/getcc\/simona-skrabec\/\" data-type=\"page\" data-id=\"710\">Simona \u0160krabec<\/a><\/p>\n\n\n\n<p><a href=\"https:\/\/webs.uab.cat\/getcc\/mireia-sopena\/\" data-type=\"page\" data-id=\"520\">Mireia Sopena<\/a><\/p>\n\n\n\n<p><a href=\"https:\/\/webs.uab.cat\/getcc\/dolors-udina\/\" data-type=\"page\" data-id=\"52\">Dolors Udina<\/a><\/p>\n\n\n\n<p><a href=\"https:\/\/webs.uab.cat\/getcc\/bai-zhimeng\/\" data-type=\"link\" data-id=\"https:\/\/webs.uab.cat\/getcc\/bai-zhimeng\/\" target=\"_blank\" rel=\"noreferrer noopener\">Bai Zhimeng<\/a><\/p>\n<\/div>\n<\/div>\n\n\n\n<p><\/p>\n","protected":false},"excerpt":{"rendered":"<p>Merc\u00e8 Altimir Montserrat Bacard\u00ed Carles Biosca Helena Borrell Josefina Caball Caterina Calafat Carles Castellanos Jordi Cornell\u00e0-Detrell Lara Estany Freire Ramon Farr\u00e9s Joan Ferrarons Judit Fontcuberta Val\u00e8ria Gaillard Francesc Galera Joaquim Gest\u00ed Pau Joan Hern\u00e0ndez Jordi Jan\u00e9-Llig\u00e9 Adri\u00e0 Mart\u00edn Jordi Mas&nbsp;L\u00f3pez Francesc Parcerisas Josep Miquel Ramis Joaquim Sala-Sanahuja Pep Sanz Datzira Alla Shyrokova Manno Simona \u0160krabec [&hellip;]<\/p>\n","protected":false},"author":20,"featured_media":0,"parent":0,"menu_order":0,"comment_status":"closed","ping_status":"closed","template":"","meta":{"footnotes":""},"class_list":["post-340","page","type-page","status-publish","hentry"],"_links":{"self":[{"href":"https:\/\/webs.uab.cat\/getcc\/wp-json\/wp\/v2\/pages\/340","targetHints":{"allow":["GET"]}}],"collection":[{"href":"https:\/\/webs.uab.cat\/getcc\/wp-json\/wp\/v2\/pages"}],"about":[{"href":"https:\/\/webs.uab.cat\/getcc\/wp-json\/wp\/v2\/types\/page"}],"author":[{"embeddable":true,"href":"https:\/\/webs.uab.cat\/getcc\/wp-json\/wp\/v2\/users\/20"}],"replies":[{"embeddable":true,"href":"https:\/\/webs.uab.cat\/getcc\/wp-json\/wp\/v2\/comments?post=340"}],"version-history":[{"count":11,"href":"https:\/\/webs.uab.cat\/getcc\/wp-json\/wp\/v2\/pages\/340\/revisions"}],"predecessor-version":[{"id":3048,"href":"https:\/\/webs.uab.cat\/getcc\/wp-json\/wp\/v2\/pages\/340\/revisions\/3048"}],"wp:attachment":[{"href":"https:\/\/webs.uab.cat\/getcc\/wp-json\/wp\/v2\/media?parent=340"}],"curies":[{"name":"wp","href":"https:\/\/api.w.org\/{rel}","templated":true}]}}