{"id":341,"date":"2012-10-27T21:08:50","date_gmt":"2012-10-27T21:08:50","guid":{"rendered":"https:\/\/webs.uab.cat\/getcc\/antics-membres\/"},"modified":"2025-12-09T15:35:12","modified_gmt":"2025-12-09T15:35:12","slug":"antics-membres","status":"publish","type":"page","link":"https:\/\/webs.uab.cat\/getcc\/antics-membres\/","title":{"rendered":"Antics membres"},"content":{"rendered":"\n<p><a href=\"https:\/\/webs.uab.cat\/getcc\/lidia-arumi-cardoner\/\" data-type=\"page\" data-id=\"343\">L\u00eddia Arum\u00ed<\/a><\/p>\n\n\n\n<p><a href=\"https:\/\/webs.uab.cat\/getcc\/eduard-bartoll\/\" target=\"_blank\" rel=\"noreferrer noopener\">Eduard Bartoll<\/a><\/p>\n\n\n\n<p><a href=\"https:\/\/webs.uab.cat\/getcc\/caterina-briguglia\/\" data-type=\"page\" data-id=\"95\">Caterina Briguglia<\/a><\/p>\n\n\n\n<p><a href=\"https:\/\/webs.uab.cat\/getcc\/elena-carne\/\" data-type=\"page\" data-id=\"45\">M. Elena Carn\u00e9<\/a><\/p>\n\n\n\n<p><a href=\"https:\/\/webs.uab.cat\/getcc\/montserrat-franquesa-godia\/\" data-type=\"page\" data-id=\"342\">Montserrat Franquesa<\/a><\/p>\n\n\n\n<p><a href=\"https:\/\/webs.uab.cat\/getcc\/teresa-iribarren\/\" data-type=\"page\" data-id=\"486\">Teresa Iribarren<\/a><\/p>\n\n\n\n<p><a href=\"https:\/\/webs.uab.cat\/getcc\/alexis-llobet\/\">Alexis Llobet<\/a><\/p>\n","protected":false},"excerpt":{"rendered":"<p>L\u00eddia Arum\u00ed Eduard Bartoll Caterina Briguglia M. Elena Carn\u00e9 Montserrat Franquesa Teresa Iribarren Alexis Llobet<\/p>\n","protected":false},"author":20,"featured_media":0,"parent":0,"menu_order":0,"comment_status":"closed","ping_status":"closed","template":"","meta":{"footnotes":""},"class_list":["post-341","page","type-page","status-publish","hentry"],"_links":{"self":[{"href":"https:\/\/webs.uab.cat\/getcc\/wp-json\/wp\/v2\/pages\/341","targetHints":{"allow":["GET"]}}],"collection":[{"href":"https:\/\/webs.uab.cat\/getcc\/wp-json\/wp\/v2\/pages"}],"about":[{"href":"https:\/\/webs.uab.cat\/getcc\/wp-json\/wp\/v2\/types\/page"}],"author":[{"embeddable":true,"href":"https:\/\/webs.uab.cat\/getcc\/wp-json\/wp\/v2\/users\/20"}],"replies":[{"embeddable":true,"href":"https:\/\/webs.uab.cat\/getcc\/wp-json\/wp\/v2\/comments?post=341"}],"version-history":[{"count":3,"href":"https:\/\/webs.uab.cat\/getcc\/wp-json\/wp\/v2\/pages\/341\/revisions"}],"predecessor-version":[{"id":2827,"href":"https:\/\/webs.uab.cat\/getcc\/wp-json\/wp\/v2\/pages\/341\/revisions\/2827"}],"wp:attachment":[{"href":"https:\/\/webs.uab.cat\/getcc\/wp-json\/wp\/v2\/media?parent=341"}],"curies":[{"name":"wp","href":"https:\/\/api.w.org\/{rel}","templated":true}]}}