{"id":398,"date":"2013-01-10T17:04:36","date_gmt":"2013-01-10T17:04:36","guid":{"rendered":"https:\/\/webs.uab.cat\/getcc\/fons-josep-pedreira\/"},"modified":"2025-04-01T08:41:42","modified_gmt":"2025-04-01T08:41:42","slug":"fons-josep-pedreira","status":"publish","type":"page","link":"https:\/\/webs.uab.cat\/getcc\/fons-josep-pedreira\/","title":{"rendered":"Fons Josep Pedreira"},"content":{"rendered":"\n<div class=\"wp-block-media-text is-stacked-on-mobile\" style=\"grid-template-columns:38% auto\"><figure class=\"wp-block-media-text__media\"><img loading=\"lazy\" decoding=\"async\" width=\"360\" height=\"289\" src=\"https:\/\/webs.uab.cat\/getcc\/wp-content\/uploads\/sites\/65\/2016\/10\/pedreira.jpg\" alt=\"pedreira\" class=\"wp-image-399 size-full\" srcset=\"https:\/\/webs.uab.cat\/getcc\/wp-content\/uploads\/sites\/65\/2016\/10\/pedreira.jpg 360w, https:\/\/webs.uab.cat\/getcc\/wp-content\/uploads\/sites\/65\/2016\/10\/pedreira-300x241.jpg 300w\" sizes=\"auto, (max-width: 360px) 100vw, 360px\" \/><\/figure><div class=\"wp-block-media-text__content\">\n<p>Josep Pedreira i Fern\u00e1ndez (Barcelona, 1917-2003) va n\u00e9ixer al si d\u2019una fam\u00edlia gallega establerta al barri de Sants. Va estudiar comer\u00e7 i lletres i va lluitar al front republic\u00e0 durant la guerra civil espanyola. En la postguerra va formar part del Front Nacional de Catalunya, va treballar amb l\u2019editor Josep Jan\u00e9s i el 1949 va crear \u201cEls Llibres de l&#8217;\u00d3ssa Menor\u201d, una col\u00b7lecci\u00f3 de poesia catalana en la qual van publicar Salvador Espriu, Miquel Mart\u00ed i Pol, Joan Oliver, Carles Riba i Joan Vinyoli, entre d\u2019altres, que Pedreira va dirigir fins al 1966, en qu\u00e8 va passar al cat\u00e0leg d\u2019Edicions Proa.<\/p>\n<\/div><\/div>\n\n\n\n<p>La col\u00b7lecci\u00f3 fou complementada des del 1950 amb el Premi \u00d3ssa Menor de poesia, que a partir del 1959 va passar a denominar-se Premi Carles Riba. Aquest mateix any, Pedreira va iniciar la col\u00b7lecci\u00f3 \u201cLes Quatre Estacions\u201d, de poesia i assaig, en qu\u00e8 van sortir a llum obres de Gabriel Ferrater, Mari\u00e0 Manent, Josep Palau i Fabre o Francesc Parcerisas. Del 1981 al 1983, fou bibliotecari de l&#8217;Ateneu Barcelon\u00e8s. El 1985 va rebre la Creu de Sant Jordi de la Generalitat de Catalunya pel seu impuls a la poesia catalana de la postguerra i, m\u00e9s tard, el Premi Jaume I d&#8217;Actuaci\u00f3 C\u00edvica Catalana. Va publicar el poemari <em>El llibre dels verns<\/em> (1985) i el llibre de records <em>Soldats catalans a la Roja i Negra (1936-1939)<\/em>, sobre les seves experi\u00e8ncies al front (2003).<\/p>\n\n\n\n<h2 class=\"wp-block-heading\"><strong>Llegat<\/strong><\/h2>\n\n\n\n<p>El llegat que els fills de Josep Pedreira han donat a la C\u00e0tedra Jordi Arbon\u00e8s inclou documentaci\u00f3 personal i professional. Pel que fa a la documentaci\u00f3 professional, sobresurt la referida a la seva gran empresa editorial, \u201cEls Llibres de l\u2019\u00d3ssa Menor\u201d (1949-1966), en la qual va publicar 52 t\u00edtols dels principals poetes del moment: Jaume Agelet i Garriga, Vicent Andr\u00e9s Estell\u00e9s, Clementina Arderiu, Agust\u00ed Bartra, Blai Bonet, Salvador Espriu, Tom\u00e0s Garc\u00e9s, Rosa Leveroni, Miquel Mart\u00ed i Pol, Joan Perucho, Jordi Sarsanedas, Carles Riba, Joan Teixidor, Joan Vinyoli o Mari\u00e0 Villang\u00f3mez. Amb tots, va mantenir-hi correspond\u00e8ncia, molt ben conservada: les cartes originals, diversos jocs de c\u00f2pies i un projecte de llibre amb les lletres \u201ceditades\u201d per ell mateix, encap\u00e7alades per una nota biogr\u00e0fica en la qual comenta la seva relaci\u00f3 amb cadascun. Aix\u00ed mateix, es conserva un valu\u00f3s arxiu de premsa sobre els llibres i els poetes publicats.<\/p>\n\n\n\n<p>Quant a la documentaci\u00f3 personal, cal destacar-ne nombrosos manuscrits i mecanoscrits d\u2019obra pr\u00f2pia: reculls de narracions (l\u2019in\u00e8dit <em>M\u00fasica per a Bela Bart\u00f3k<\/em>), de poesia (a part d\u2019<em>El llibre dels verns<\/em>, publicat el 1985), diversos dietaris i llibres de records i de mem\u00f2ries (a part de <em>Soldats catalans a la Roja i Negra (1936-1939)<\/em>, publicat el 2003), en estats d\u2019elaboraci\u00f3 diferents: des dels m\u00e9s incipients fins als considerats conclosos. Cal fer esment de dos llibres de car\u00e0cter memorial\u00edstic conclosos: <em>Els set colors de l\u2019arc<\/em> i <em>Llibre dels invents<\/em>.<\/p>\n\n\n\n<p>El <a href=\"https:\/\/www.bib.uab.cat\/human\/fonspersonals\/pedreira\/personal.php?num=1.3\" target=\"_blank\" rel=\"noreferrer noopener\">fons personal de Josep Pedreira<\/a> es troba a la Biblioteca d&#8217;Humanitats de la Universitat Aut\u00f2noma de Barcelona.<\/p>\n\n\n\n<p>La consulta d&#8217;aquest fons ha inspirat aquesta publicaci\u00f3 de Mireia Sopena<\/p>\n\n\n\n<div class=\"wp-block-media-text is-stacked-on-mobile\" style=\"grid-template-columns:36% auto\"><figure class=\"wp-block-media-text__media\"><img loading=\"lazy\" decoding=\"async\" width=\"235\" height=\"338\" src=\"https:\/\/webs.uab.cat\/getcc\/wp-content\/uploads\/sites\/65\/2016\/10\/pedreira_sopena.jpg\" alt=\"pedreira_sopena\" class=\"wp-image-982 size-full\" srcset=\"https:\/\/webs.uab.cat\/getcc\/wp-content\/uploads\/sites\/65\/2016\/10\/pedreira_sopena.jpg 235w, https:\/\/webs.uab.cat\/getcc\/wp-content\/uploads\/sites\/65\/2016\/10\/pedreira_sopena-209x300.jpg 209w\" sizes=\"auto, (max-width: 235px) 100vw, 235px\" \/><\/figure><div class=\"wp-block-media-text__content\">\n<p><strong>Mireia Sopena<\/strong><\/p>\n\n\n\n<p><em><a href=\"https:\/\/www.grup62.cat\/llibre-josep-pedreira-un-editor-en-terra-de-naufragis\/93847\" target=\"_blank\" rel=\"noreferrer noopener\">Josep Pedreira, un editor en terra de naufragis<\/a><\/em><\/p>\n\n\n\n<p><em><a href=\"https:\/\/www.grup62.cat\/coleccio-ossa-menor\/G620000264\" target=\"_blank\" rel=\"noreferrer noopener\">Els Llibres de l&#8217;\u00d3ssa Menor, 1949-1963<\/a><\/em>\u00a0 \u00a0 \u00a0 \u00a0 \u00a0 \u00a0 \u00a0 \u00a0 \u00a0 \u00a0 \u00a0 \u00a0 \u00a0 \u00a0 \u00a0 \u00a0 \u00a0 \u00a0 \u00a0 \u00a0 \u00a0 \u00a0\u00a0<\/p>\n\n\n\n<p>Premi Carles Rahola d&#8217;assaig 2011<\/p>\n\n\n\n<p>Editorial Proa<\/p>\n\n\n\n<p>Col\u00b7lecci\u00f3 \u00abLa Mirada\u00bb, 87, 2011<\/p>\n\n\n\n<p>ISBN: 978-84-7588-274-1<\/p>\n\n\n\n<p>336 p., 21,50 x 13,20 cm<\/p>\n<\/div><\/div>\n\n\n\n<p><\/p>\n","protected":false},"excerpt":{"rendered":"<p>Josep Pedreira i Fern\u00e1ndez (Barcelona, 1917-2003) va n\u00e9ixer al si d\u2019una fam\u00edlia gallega establerta al barri de Sants. Va estudiar comer\u00e7 i lletres i va lluitar al front republic\u00e0 durant la guerra civil espanyola. En la postguerra va formar part del Front Nacional de Catalunya, va treballar amb l\u2019editor Josep Jan\u00e9s i el 1949 va [&hellip;]<\/p>\n","protected":false},"author":20,"featured_media":0,"parent":0,"menu_order":0,"comment_status":"closed","ping_status":"closed","template":"","meta":{"footnotes":""},"class_list":["post-398","page","type-page","status-publish","hentry"],"_links":{"self":[{"href":"https:\/\/webs.uab.cat\/getcc\/wp-json\/wp\/v2\/pages\/398","targetHints":{"allow":["GET"]}}],"collection":[{"href":"https:\/\/webs.uab.cat\/getcc\/wp-json\/wp\/v2\/pages"}],"about":[{"href":"https:\/\/webs.uab.cat\/getcc\/wp-json\/wp\/v2\/types\/page"}],"author":[{"embeddable":true,"href":"https:\/\/webs.uab.cat\/getcc\/wp-json\/wp\/v2\/users\/20"}],"replies":[{"embeddable":true,"href":"https:\/\/webs.uab.cat\/getcc\/wp-json\/wp\/v2\/comments?post=398"}],"version-history":[{"count":8,"href":"https:\/\/webs.uab.cat\/getcc\/wp-json\/wp\/v2\/pages\/398\/revisions"}],"predecessor-version":[{"id":2619,"href":"https:\/\/webs.uab.cat\/getcc\/wp-json\/wp\/v2\/pages\/398\/revisions\/2619"}],"wp:attachment":[{"href":"https:\/\/webs.uab.cat\/getcc\/wp-json\/wp\/v2\/media?parent=398"}],"curies":[{"name":"wp","href":"https:\/\/api.w.org\/{rel}","templated":true}]}}