{"id":44,"date":"2010-12-13T12:33:41","date_gmt":"2010-12-13T12:33:41","guid":{"rendered":"https:\/\/webs.uab.cat\/getcc\/josefina-caball\/"},"modified":"2024-12-02T19:12:01","modified_gmt":"2024-12-02T19:12:01","slug":"josefina-caball","status":"publish","type":"page","link":"https:\/\/webs.uab.cat\/getcc\/josefina-caball\/","title":{"rendered":"Josefina Caball"},"content":{"rendered":"\n<blockquote class=\"wp-block-quote is-layout-flow wp-block-quote-is-layout-flow\">\n<p>Universitat Aut\u00f2noma de Barcelona<\/p>\n\n\n\n<p><a href=\"mailto:Josefa.Caball@uab.cat\">Josefa.Caball@uab.cat<\/a><\/p>\n\n\n\n<p>ORCID iD:&nbsp;0000-0002-2498-2964<\/p>\n<\/blockquote>\n\n\n\n<p>Diplomada (1986) i llicenciada (1995) en Traducci\u00f3 i Interpretaci\u00f3 per la Universitat Aut\u00f2noma de Barcelona. Ha fet estada com a lectora de llengua espanyola a la Universtitat de Carolina de Sud, Estats Units (1986-1987). Ha participat en els tallers de traducci\u00f3 angl\u00e8s-catal\u00e0, en col\u00b7laboraci\u00f3 amb els autors dels originals, en el marc de les Jornades de Traducci\u00f3 Liter\u00e0ria celebrades a Tarassona (FTI-UAB) el maig del 2003, i tamb\u00e9 als tallers de traducci\u00f3 liter\u00e0ria, al curs d\u2019estiu de 2004, a la Universitat d\u2019East Anglia, Norwich, Gran Bretanya, organitzats pel British Center for Literary Translation. Ha impartit classes al curs de postgrau de Traducci\u00f3 Liter\u00e0ria de la Facultat de Traducci\u00f3 i d\u2019Interpretaci\u00f3 de la Universitat Aut\u00f2noma de Barcelona, en tallers de traducci\u00f3 de literatura juvenil i infantil (angl\u00e8s-catal\u00e0), 2002-2005. Des del 2007 \u00e9s membre del consell de redacci\u00f3 de la revista&nbsp;<em>Quaderns: revista de t<\/em><em>raducci\u00f3<\/em>. \u00c9s professora associada a la Facultat de Traducci\u00f3 i d\u2019Interpretaci\u00f3, Universitat Aut\u00f2noma de Barcelona des del 1998; i traductora professional des del 1987.<\/p>\n\n\n\n<p>El seu inter\u00e8s de recerca \u00e9s l\u2019estudi de la traducci\u00f3 a la llengua catalana a l\u2019\u00e8poca contempor\u00e0nia, com a membre de la C\u00e0tedra Jordi Arbon\u00e8s (des del 2003) i actualment del Grup d\u2019Estudi de la Traducci\u00f3 Catalana Contempor\u00e0nia (GETCC). Ha participat en la preparaci\u00f3 de les quatre jornades sobre traducci\u00f3 catalana organitzades per la C\u00e0tedra.<\/p>\n\n\n\n<h2 class=\"wp-block-heading\"><strong>Publicacions (Selecci\u00f3)<\/strong><\/h2>\n\n\n\n<p>2023 La traducci\u00f3 <a href=\"https:\/\/visat.cat\/newsletter\/article_2016.php?id=36&amp;idArt=245\" target=\"_blank\" rel=\"noreferrer noopener\">d&#8217;<\/a><em><a href=\"https:\/\/www.visat.cat\/index.php\/newsletter\/article\/36\/PHA+TGEgdHJhZHVjY2kmb2FjdXRlOyBkJiMzOTs8ZW0+RWwgY29sb3IgcG9ycHJhPC9lbT4sIGQmIzM5O0FsaWNlIFdhbGtlcjwvcD4NCiA=\/0\">El Color Porpra<\/a><\/em>, d&#8217;Alice Walker. <em><em>Visat<\/em><\/em>, 36 (tardor).<\/p>\n\n\n\n<p>2017&nbsp;<a rel=\"noreferrer noopener\" href=\"http:\/\/www.visat.cat\/newsletter\/article_2016.php?id=23&amp;idArt=29\" target=\"_blank\">\u00abTraduir Ngugi waThiong&#8217;o\u00bb<\/a>.&nbsp;<em>Visat<\/em>, 23.<\/p>\n\n\n\n<p>2012&nbsp;<em><a href=\"http:\/\/www.editorialpunctum.com\/coeditors\/getcc\/epistolari-jordi-arbones-matthew-tree\/\" target=\"_blank\" rel=\"noreferrer noopener\">Epistolari Jordi Arbon\u00e8s &amp; Matthew Tree<\/a><\/em>&nbsp;(ed.). Lleida: Punctum.<\/p>\n\n\n\n<p>2008 Les Segones Jornades sobre Traducci\u00f3 i Literatura:&nbsp;<a href=\"http:\/\/www.raco.cat\/index.php\/Estudis\/article\/view\/249423\/333768\" target=\"_blank\" rel=\"noreferrer noopener\">\u00abTraduir contra el franquisme: Maria Aur\u00e8lia Capmany i Manuel de Pedrolo\u00bb<\/a>.&nbsp;<em>Estudis Rom\u00e0nics<\/em>, vol. XXX, p. 588-593.<\/p>\n\n\n\n<h2 class=\"wp-block-heading\"><strong>Traduccions (Selecci\u00f3)<\/strong><\/h2>\n\n\n\n<p>2024 Magee, Audrey.&nbsp;<em>La col\u00f2nia.&nbsp;<\/em>Barcelona: Edicions del Periscopi.<\/p>\n\n\n\n<p>2024 Fuller, Claire.&nbsp;<em>La mem\u00f2ria dels animals<\/em>. Sant Cugat del Vall\u00e8s: Editorial Les Hores.<\/p>\n\n\n\n<p>2024 Ward, Jesmyn.&nbsp;<em>Aquest m\u00f3n sense llum<\/em>. Barcelona: Edicions del Periscopi.<\/p>\n\n\n\n<p>2023 D\u00edaz, Hern\u00e1n.&nbsp;<em>Fortuna<\/em>. Barcelona: Edicions del Periscopi.<\/p>\n\n\n\n<p>2023 Fuller, Claire.&nbsp;<em>Terra inestable<\/em>. Barcelona: Editorial Les Hores.<\/p>\n\n\n\n<p>2023 Olufemi, Lola.&nbsp;<em>Feminisme Interromput.&nbsp;<\/em>Barcelona: Raig Verd.<\/p>\n\n\n\n<p>2022 Hooks, Bell.&nbsp;<em>Ensenyar pensament cr\u00edtic.&nbsp;<\/em>Barcelona: Raig Verd.<\/p>\n\n\n\n<p>2022 Walker, Alice.&nbsp;<em>El color porpra<\/em>. Barcelona: Proa.<\/p>\n\n\n\n<p>2021 Ng\u0169g\u0129, wa Thiong\u2019o.&nbsp;<em>El diable a la creu.<\/em>&nbsp;Barcelona: Raig Verd.<\/p>\n\n\n\n<p>2021 Washburn, Kawai Strong.&nbsp;<em>Taurons en temps de salvadors.<\/em>&nbsp;Barcelona: Edicions del Periscopi.<\/p>\n\n\n\n<p>2021&nbsp;Penelople Lively.&nbsp;<em>Moon Tiger.&nbsp;<\/em>Barcelona:&nbsp;L&#8217;Altra Editorial.<\/p>\n\n\n\n<p>2020Ng\u0169g\u0129&nbsp;wa Thiong&#8217;o.&nbsp;<em>Neix un teixidor de somnis.&nbsp;<\/em>Barcelona: Raig Verd.<\/p>\n\n\n\n<p>2020&nbsp;D\u00edaz, Hern\u00e1n.&nbsp;<em>A l&#8217;horitz\u00f3<\/em>. Barcelona: Edicions del Periscopi.<\/p>\n\n\n\n<p>2020&nbsp;Bouchani, Behrouz.&nbsp;<em>Cap altre amic que les muntanyes<\/em>. Barcelona: Raig Verd.<\/p>\n\n\n\n<p>2020 Ibram X.&nbsp;<em>Com ser antiracista<\/em>. Kendi (cotraducci\u00f3 amb Blanca Busquets). Barcelona: Raig Verd.<\/p>\n\n\n\n<p>2019 Burns, Anna.&nbsp;<em>Milkman<\/em>. Barcelona: Edicions de 1984.<\/p>\n\n\n\n<p>2019 Ng\u0169g\u0129&nbsp;wa Thiong&#8217;o.&nbsp;<em>La revoluci\u00f3 vertical<\/em>. Barcelona: Raig Verd.<\/p>\n\n\n\n<p>2019 Diverses autores (Vanda Shiva, Maria Mies, Yayo Herrero&#8230;).&nbsp;<em>Per qu\u00e8 les dones salvaran el planeta<\/em>. Barcelona: Raig Verd.<\/p>\n\n\n\n<p>2019 Egan, Jennifer.&nbsp;<em>Manhattan Beach<\/em>. Barcelona: Edicions de 1984.<\/p>\n\n\n\n<p>2018 Ford, Richard.&nbsp;<em>Entre ells dos<\/em>. Barcelona: Editorial Emp\u00faries.<\/p>\n\n\n\n<p>2018&nbsp;Ng\u0169g\u0129&nbsp;wa Thiong&#8217;o.&nbsp;<em>Lluitar amb el diable<\/em>. Barcelona: Raig Verd.<\/p>\n\n\n\n<p>2018 Ward, Jesmyn.&nbsp;<em>Canteu, esperits, canteu<\/em>. Barcelona: Edicions del Periscopi.&nbsp;<\/p>\n\n\n\n<p>2018 Berlin,Lucia.&nbsp;<em>Un vespre al parad\u00eds<\/em>. Barcelona: L&#8217;Altra Editorial.<\/p>\n\n\n\n<p>2017 Flanagan, Richard.&nbsp;<em>Desig<\/em>. Barcelona: Raig Verd.&nbsp;<\/p>\n\n\n\n<p>2017 Gornkick, Vivian.&nbsp;<em>Vincles ferotges\/La dona singular i la ciutat.<\/em>&nbsp;Barcelona: L\u2019Altra Editorial.<\/p>\n\n\n\n<p>2016&nbsp;Flanagan,&nbsp;Richard.&nbsp;<em>L\u2019estret cam\u00ed cap al nord profund.<\/em>&nbsp;Barcelona: Raig Verd.<\/p>\n\n\n\n<p>2016&nbsp;Ng\u0169g\u0129&nbsp;wa Thiong&#8217;o.&nbsp;<em>Somnis en temps de guerra<\/em>. Barcelona: Raig Verd.<\/p>\n\n\n\n<p>2016 Bauman,&nbsp;Zygmunt.&nbsp;<em>Desconeguts a la porta de casa<\/em>. Barcelona: Arc\u00e0dia.<\/p>\n\n\n\n<p>2016 Coates,&nbsp;Ta-Nehisi.&nbsp;<em>Entre el m\u00f3n i jo.<\/em>&nbsp;Barcelona: Emp\u00faries.<\/p>\n\n\n\n<p>2015&nbsp;Flanagan,&nbsp;Richard.&nbsp;<em>Mort d\u2019un guia de riu<\/em>. Barcelona: Raig Verd.<\/p>\n\n\n\n<p>2015 Barber, Benjamin.&nbsp;<em>Si els alcaldes governessin el m\u00f3n<\/em>. Barcelona: Arc\u00e0dia.<\/p>\n\n\n\n<p>2015 Burton, Jessie.&nbsp;<em>La casa de les miniatures.<\/em>Barcelona: Amsterdam\/Ara Llibres.<\/p>\n\n\n\n<p>2014 Bauman, Zygmunt.&nbsp;<em>La riquesa d&#8217;uns quants beneficia a tothom?<\/em>&nbsp;Barcelona: Arc\u00e0dia.<\/p>\n\n\n\n<p>2013 Gray, Alasdair.&nbsp;<em>Hist\u00f2ries inversemblants, en general<\/em>. Barcelona: Raig Verd.<\/p>\n\n\n\n<p>2013 Harbach, Chad.&nbsp;<em>L\u2019art de la defensa<\/em>. Barcelona: Columna.<\/p>\n\n\n\n<p>2013 Ford, Richard.&nbsp;<em>Canad\u00e0<\/em>. Barcelona: Emp\u00faries.<\/p>\n\n\n\n<p>2013 Steiner, George.&nbsp;<em>Fragments (d&#8217;un pergam\u00ed malm\u00e8s pel foc)<\/em>. Barcelona: Arc\u00e0dia.<\/p>\n\n\n\n<p>2012 Canty, Kevin.&nbsp;<em>Tot<\/em>. Barcelona: Emp\u00faries.<\/p>\n\n\n\n<p>2012 Savage, Sam.&nbsp;<em>Vidre<\/em>. Barcelona: Columna.<\/p>\n\n\n\n<p>2012 Davies, Katie.&nbsp;<em>Alerta m\u00e0xima. Operaci\u00f3 conill<\/em>. Barcelona: Cru\u00eflla.<\/p>\n\n\n\n<p>2012 Diffenbaugh, Vanessa.&nbsp;<em>El llenguatge secret de les flors<\/em>. Barcelona: Edicions 62.<\/p>\n\n\n\n<p>2012 Jahanbegloo, Ramin.&nbsp;<em>L&#8217;hora de Gandhi.<\/em>&nbsp;Barcelona: Gal\u00e0xia Gutenberg\/Cercle de Lectors.<\/p>\n\n\n\n<p>2012 Steiner, George.&nbsp;<em>La poesia del pensament<\/em>. Barcelona: Arc\u00e0dia.<\/p>\n\n\n\n<p>2011 Davies, Katie.&nbsp;<em>La gran matan\u00e7a dels h\u00e0msters<\/em>. Barcelona: Cru\u00eflla.<\/p>\n\n\n\n<p>2011 Franzen, Jonathan.&nbsp;<em>Llibertat<\/em>. Barcelona: Columna.<\/p>\n\n\n\n<p>2011 Savage, Sam.<em>&nbsp;El crit del peres\u00f3s<\/em>. Barcelona: La Butxaca.<\/p>\n\n\n\n<p>2011 Sharpe, Tom.&nbsp;<em>L&#8217;her\u00e8ncia de Wilt<\/em>. Barcelona: Columna.<\/p>\n\n\n\n<p>2011 Wroblewski, David.&nbsp;<em>La hist\u00f2ria d&#8217;Edgar Sawtelle<\/em>. Barcelona: La Butxaca.<\/p>\n\n\n\n<p>2010 Bauman, Zygmunt<strong>.&nbsp;<\/strong><em>El temps no espera.<\/em>&nbsp;Barcelona: Arc\u00e0dia.<\/p>\n\n\n\n<p>2009 DeLillo, Don.&nbsp;<em>L\u2019home del salt<\/em>. Barcelona: Edicions 62.<\/p>\n\n\n\n<p>2009 Gaiman, Neil.&nbsp;<em>El llibre del cementiri.<\/em>&nbsp;Barcelona: Estrella Polar.<\/p>\n\n\n\n<p>2009 Pullman, Philip<strong><em>.&nbsp;<\/em><\/strong><em>El pont trencat<\/em>. Barcelona: Estrella Polar.<\/p>\n\n\n\n<p>2009 Welty, Eudora.&nbsp;<em>La filla de l\u2019optimista<\/em>. Barcelona: Edicions 62.<\/p>\n\n\n\n<p>2009 Sharpe, Tom.<em>&nbsp;Els Grope<\/em>. Barcelona: Columna.<\/p>\n\n\n\n<p>2008 Rieff, David<strong>.<\/strong>&nbsp;<em>En un mar de mort.<\/em>&nbsp;Barcelona: La Magrana.<\/p>\n\n\n\n<p>2007 Yates, Richard.&nbsp;<em>Revolutionary Road<\/em>&nbsp;. Barcelona: Proa.<\/p>\n\n\n\n<p>2005 McCaughrean, Geraldine.&nbsp;<em>No \u00e9s la fi del m\u00f3n<\/em>. Barcelona: Cru\u00eflla.<\/p>\n\n\n\n<p>2005 Rees, Laurence.&nbsp;<em>Auschwitz, la Soluci\u00f3 Final<\/em>. Barcelona: Columna.<\/p>\n\n\n\n<p>1999 Beyer, Landon E.;&nbsp;Liston, Daniel P.&nbsp;<em>El curr\u00edculo en conflicto<\/em>. Madrid: Akal Ediciones.<\/p>\n\n\n\n<p>1993 Lamb, Charles i Mary<strong>.<\/strong><em>&nbsp;Contes de Shakespeare<\/em>. Barcelona: Barcanova.<\/p>\n\n\n\n<p>1991 Dickens, Charles.&nbsp;<em>Can\u00e7\u00f3 de Nadal<\/em>. Barcelona: Barcanova.<\/p>\n\n\n\n<p>1988-1989 Blyton, Enid. Col.lecci\u00f3 \u00abLes bessones O\u2019Sullivan\u00bb. Barcelona: Molino (cinc volums).<\/p>\n\n\n\n<p>1988 Sharpe, Tom<strong>.&nbsp;<\/strong><em>El bastard<\/em>. Barcelona: Columna.<\/p>\n","protected":false},"excerpt":{"rendered":"<p>Universitat Aut\u00f2noma de Barcelona Josefa.Caball@uab.cat ORCID iD:&nbsp;0000-0002-2498-2964 Diplomada (1986) i llicenciada (1995) en Traducci\u00f3 i Interpretaci\u00f3 per la Universitat Aut\u00f2noma de Barcelona. Ha fet estada com a lectora de llengua espanyola a la Universtitat de Carolina de Sud, Estats Units (1986-1987). Ha participat en els tallers de traducci\u00f3 angl\u00e8s-catal\u00e0, en col\u00b7laboraci\u00f3 amb els autors dels [&hellip;]<\/p>\n","protected":false},"author":20,"featured_media":0,"parent":0,"menu_order":0,"comment_status":"closed","ping_status":"closed","template":"","meta":{"footnotes":""},"class_list":["post-44","page","type-page","status-publish","hentry"],"_links":{"self":[{"href":"https:\/\/webs.uab.cat\/getcc\/wp-json\/wp\/v2\/pages\/44","targetHints":{"allow":["GET"]}}],"collection":[{"href":"https:\/\/webs.uab.cat\/getcc\/wp-json\/wp\/v2\/pages"}],"about":[{"href":"https:\/\/webs.uab.cat\/getcc\/wp-json\/wp\/v2\/types\/page"}],"author":[{"embeddable":true,"href":"https:\/\/webs.uab.cat\/getcc\/wp-json\/wp\/v2\/users\/20"}],"replies":[{"embeddable":true,"href":"https:\/\/webs.uab.cat\/getcc\/wp-json\/wp\/v2\/comments?post=44"}],"version-history":[{"count":6,"href":"https:\/\/webs.uab.cat\/getcc\/wp-json\/wp\/v2\/pages\/44\/revisions"}],"predecessor-version":[{"id":2209,"href":"https:\/\/webs.uab.cat\/getcc\/wp-json\/wp\/v2\/pages\/44\/revisions\/2209"}],"wp:attachment":[{"href":"https:\/\/webs.uab.cat\/getcc\/wp-json\/wp\/v2\/media?parent=44"}],"curies":[{"name":"wp","href":"https:\/\/api.w.org\/{rel}","templated":true}]}}