{"id":45,"date":"2010-12-13T12:34:44","date_gmt":"2010-12-13T12:34:44","guid":{"rendered":"https:\/\/webs.uab.cat\/getcc\/elena-carne\/"},"modified":"2010-12-13T12:34:44","modified_gmt":"2010-12-13T12:34:44","slug":"elena-carne","status":"publish","type":"page","link":"https:\/\/webs.uab.cat\/getcc\/elena-carne\/","title":{"rendered":"M. Elena Carn\u00e9"},"content":{"rendered":"<div>&nbsp;<\/div>\n<div class=\"rtejustify\">Universitat Aut\u00f2noma de Barcelona<\/div>\n<div>\n<p class=\"rtejustify\"><a href=\"mailto:MariaElena.Carne@uab.cat\">MariaElena.Carne@uab.cat<\/a><\/p>\n<div class=\"rtejustify\">Maria Elena Carn\u00e9 (1952-2014), llicenciada en Traducci\u00f3 i Interpretaci\u00f3 per la Universitat Aut\u00f2noma de Barcelona (2006), va ser doctoranda en Traducci\u00f3 i Estudis Interculturals per la mateixa universitat. Des de l\u2019octubre de 2007 va ser professora de traducci\u00f3 a la Facultat de Traducci\u00f3 i d\u2019Interpretaci\u00f3 de la Universitat Aut\u00f2noma de Barcelona. Va treballar en traducci\u00f3 i correcci\u00f3 de textos.<\/div>\n<div class=\"rtejustify\">&nbsp;<\/div>\n<div>\n<p class=\"rtejustify\">Els seus interessos de recerca se centraven en l\u2019estudi de la traducci\u00f3 liter\u00e0ria catalana contempor\u00e0nia, especialment la dels traductors Jordi Arbon\u00e8s i Montserrat Abell\u00f3. Formava part de la C\u00e0tedra Jordi Arbon\u00e8s de Traducci\u00f3, i va ser l&#8217;editora de l\u2019epistolari <em>Jordi Arbon\u00e8s \u2013 Manuel de Pedrolo<\/em>, publicat el gener de 2011&nbsp;per l\u2019editorial Punctum i el grup de recerca GETCC de la Facultat de Traducci\u00f3 i d\u2019Interpretaci\u00f3.<\/p>\n<p class=\"rtejustify\"><a href=\"http:\/\/www.nuvol.com\/noticies\/lentusiasme-es-deia-elena\/\">Ha mort la nostra companya Elena Carn\u00e9<\/a> (05\/03\/2014)<\/p>\n<p class=\"rtejustify\"><a href=\"http:\/\/actualitat.traces.uab.cat\/butlletins\/06_2014-03.html#toc_item_5\">Elena Carn\u00e9 al butllet\u00ed d&#8217;actualitat de <em>Traces<\/em><\/a> (12\/03\/2014)<\/p>\n<p class=\"rtejustify\">&nbsp;<\/p>\n<\/div>\n<\/div>\n","protected":false},"excerpt":{"rendered":"<p>&nbsp; Universitat Aut\u00f2noma de Barcelona MariaElena.Carne@uab.cat Maria Elena Carn\u00e9 (1952-2014), llicenciada en Traducci\u00f3 i Interpretaci\u00f3 per la Universitat Aut\u00f2noma de Barcelona (2006), va ser doctoranda en Traducci\u00f3 i Estudis Interculturals per la mateixa universitat. Des de l\u2019octubre de 2007 va ser professora de traducci\u00f3 a la Facultat de Traducci\u00f3 i d\u2019Interpretaci\u00f3 de la Universitat Aut\u00f2noma [&hellip;]<\/p>\n","protected":false},"author":20,"featured_media":0,"parent":0,"menu_order":0,"comment_status":"closed","ping_status":"closed","template":"","meta":{"footnotes":""},"class_list":["post-45","page","type-page","status-publish","hentry"],"_links":{"self":[{"href":"https:\/\/webs.uab.cat\/getcc\/wp-json\/wp\/v2\/pages\/45","targetHints":{"allow":["GET"]}}],"collection":[{"href":"https:\/\/webs.uab.cat\/getcc\/wp-json\/wp\/v2\/pages"}],"about":[{"href":"https:\/\/webs.uab.cat\/getcc\/wp-json\/wp\/v2\/types\/page"}],"author":[{"embeddable":true,"href":"https:\/\/webs.uab.cat\/getcc\/wp-json\/wp\/v2\/users\/20"}],"replies":[{"embeddable":true,"href":"https:\/\/webs.uab.cat\/getcc\/wp-json\/wp\/v2\/comments?post=45"}],"version-history":[{"count":0,"href":"https:\/\/webs.uab.cat\/getcc\/wp-json\/wp\/v2\/pages\/45\/revisions"}],"wp:attachment":[{"href":"https:\/\/webs.uab.cat\/getcc\/wp-json\/wp\/v2\/media?parent=45"}],"curies":[{"name":"wp","href":"https:\/\/api.w.org\/{rel}","templated":true}]}}