{"id":538,"date":"2014-03-31T11:55:03","date_gmt":"2014-03-31T11:55:03","guid":{"rendered":"https:\/\/webs.uab.cat\/getcc\/fons-rafael-tasis\/"},"modified":"2025-04-01T08:46:01","modified_gmt":"2025-04-01T08:46:01","slug":"fons-rafael-tasis","status":"publish","type":"page","link":"https:\/\/webs.uab.cat\/getcc\/fons-rafael-tasis\/","title":{"rendered":"Fons Rafael Tasis"},"content":{"rendered":"\n<div class=\"wp-block-media-text is-stacked-on-mobile\" style=\"grid-template-columns:36% auto\"><figure class=\"wp-block-media-text__media\"><img loading=\"lazy\" decoding=\"async\" width=\"699\" height=\"1024\" src=\"https:\/\/webs.uab.cat\/getcc\/wp-content\/uploads\/sites\/65\/2016\/10\/foto1-699x1024.jpg\" alt=\"foto1\" class=\"wp-image-560 size-full\" srcset=\"https:\/\/webs.uab.cat\/getcc\/wp-content\/uploads\/sites\/65\/2016\/10\/foto1-699x1024.jpg 699w, https:\/\/webs.uab.cat\/getcc\/wp-content\/uploads\/sites\/65\/2016\/10\/foto1-205x300.jpg 205w, https:\/\/webs.uab.cat\/getcc\/wp-content\/uploads\/sites\/65\/2016\/10\/foto1-768x1125.jpg 768w, https:\/\/webs.uab.cat\/getcc\/wp-content\/uploads\/sites\/65\/2016\/10\/foto1-1048x1536.jpg 1048w, https:\/\/webs.uab.cat\/getcc\/wp-content\/uploads\/sites\/65\/2016\/10\/foto1-1398x2048.jpg 1398w, https:\/\/webs.uab.cat\/getcc\/wp-content\/uploads\/sites\/65\/2016\/10\/foto1-1200x1759.jpg 1200w, https:\/\/webs.uab.cat\/getcc\/wp-content\/uploads\/sites\/65\/2016\/10\/foto1.jpg 1403w\" sizes=\"auto, (max-width: 699px) 100vw, 699px\" \/><\/figure><div class=\"wp-block-media-text__content\">\n<p>Rafael Tasis i Marca (Barcelona, 1906 \u2013 Par\u00eds, 1966) va desplegar una prol\u00edfica activitat liter\u00e0ria com a periodista, cr\u00edtic, novel\u00b7lista, dramaturg, historiador i traductor. Dirigent d\u2019Acci\u00f3 Catalana Republicana, es va implicar en l\u2019administraci\u00f3 de la Generalitat de Catalunya durant la guerra i, en qualitat de secretari general d\u2019aquest partit, en la pol\u00edtica oficial del primer exili. De formaci\u00f3 autodidacta, va comen\u00e7ar a escriure a la revista infantil <em>La Mainada<\/em> i, com a articulista i cr\u00edtic literari, a les publicacions de preguerra de m\u00e9s prestigi (<em>La Publicitat<\/em>, <em>Mirador <\/em>o <em>Revista de Catalunya<\/em>). <\/p>\n<\/div><\/div>\n\n\n\n<p>Es va donar a con\u00e8ixer com a novel\u00b7lista amb <em>Vint anys <\/em>(1931).<\/p>\n\n\n\n<p>De retorn de l\u2019exili parisenc el 1948, va col\u00b7laborar de manera ass\u00eddua en les revistes de la di\u00e0spora i va participar activament en la resist\u00e8ncia antifranquista. Tamb\u00e9 va treballar en diversos fronts literaris. Com a novel\u00b7lista, va publicar <em>Sol ponent <\/em>(1953), <em>Abans d\u2019ahir <\/em>(1956) i <em>Tres <\/em>(1962), i fou pioner en el g\u00e8nere polic\u00edac amb <em>La B\u00edblia valenciana <\/em>(1955), <em>\u00c9s hora de plegar <\/em>(1956) i <em>Un crim al Paral\u00b7lel <\/em>(1960). Com a dramaturg, va estrenar <em>Un home entre herois <\/em>(1956), <em>Gulliver i els gegants <\/em>(1952) i <em>La maleta <\/em>(1960). Interessat per la divulgaci\u00f3 hist\u00f2rica, va endinsar-se en l\u2019estudi de <em>La vida del rei en Pere III <\/em>(1954) o de <em>Joan I, rei, ca\u00e7ador i m\u00fasic <\/em>(1958). \u00c9s autor de diversos assaigs literaris, com <em>Una visi\u00f3 de conjunt de la novel\u00b7la catalana <\/em>(1935) o <em>La novel\u00b7la catalana <\/em>(1954), a m\u00e9s d\u2019una <em>Hist\u00f2ria de la premsa catalana <\/em>(1966), en col\u00b7laboraci\u00f3 amb Joan Torrent.<\/p>\n\n\n\n<p>Els anys trenta va traduir <em>El retrat de Dorian Gray<\/em>, l\u2019\u00fanica novel\u00b7la d\u2019Oscar Wilde, <em>La nimfa constant<\/em>, un \u00e8xit d\u2019abast europeu de Margaret Kennedy, i la <em>nouvelle El somriure de la Gioconda<\/em>,d\u2019Aldous Huxley, escriptor que coneixia i apreciava especialment, i del qual va deixar en premsa un any abans de morir la versi\u00f3 d\u2019<em>After Many A Summer<\/em>. \u00c0vid lector de novel\u00b7la polic\u00edaca, als anys seixanta, per a la col\u00b7lecci\u00f3 La Cua de Palla, va traslladar-hi alguns cl\u00e0ssics, com ara <em>La clau de vidre<\/em> (1963), de Dashiell Hammett. Tamb\u00e9 va conrear la traducci\u00f3 teatral, amb una celebrada adaptaci\u00f3 lliure del <em>Volpone<\/em> (1957) de Ben Jonson i una com\u00e8dia de Graham Greene, <em>La sala d\u2019estar<\/em> (1962). Va deixar in\u00e8dites les traduccions d\u2019<em>El joglar del m\u00f3n occidental<\/em>, de J. M. Synge&nbsp; (editada el 2014 per Dolors Udina), <em>L\u2019Apol\u00b7lo de Bellac<\/em>, de Jean Giraudoux (representada per l\u2019Agrupaci\u00f3 Dram\u00e0tica de Barcelona), <em>Les maletes del senyor Vernet<\/em>, una com\u00e8dia de Claude Megnier, i <em>Assaigs d\u2019un bi\u00f2leg<\/em>, de Julian Huxley.<\/p>\n\n\n\n<p>El fons Rafael Tasis, donat per la fam\u00edlia, es conserva a la <a href=\"http:\/\/www.bib.uab.cat\/human\/fonspersonals\/tasis\/\" target=\"_blank\" rel=\"noopener\">Biblioteca d&#8217;Humanitats de la Universitat Aut\u00f2noma de Barcelona<\/a>. Compr\u00e8n una copiosa documentaci\u00f3: material de premsa, projectes pol\u00edtics i literaris, cartes amb nombrosos corresponsals o obres inacabades i in\u00e8dites.<\/p>\n\n\n\n<p>El 9 de mar\u00e7 de 2016 va celebrar-se el <a href=\"https:\/\/filcat.uab.cat\/i-seminari-rafael-tasis\/\" target=\"_blank\" rel=\"noreferrer noopener\">I Seminari Rafael Tasis<\/a> a l&#8217;Institut d&#8217;Estudis Catalans.<\/p>\n\n\n\n<p>El 9 de mar\u00e7 de 2018 va celebrar-se el <a href=\"http:\/\/filescat.uab.cat\/filcat\/ii-seminari-rafael-tasis\/\" target=\"_blank\" rel=\"noopener\">II Seminari Rafael Tasis<\/a> a&nbsp;l&#8217;Institut d&#8217;Estudis Catalans.<\/p>\n\n\n\n<p>Algunes d\u2019aquestes obres han estat editades recentment.<\/p>\n\n\n\n<div class=\"wp-block-media-text is-stacked-on-mobile\" style=\"grid-template-columns:33% auto\"><figure class=\"wp-block-media-text__media\"><img loading=\"lazy\" decoding=\"async\" width=\"190\" height=\"265\" src=\"https:\/\/webs.uab.cat\/getcc\/wp-content\/uploads\/sites\/65\/2019\/01\/baixa_0.png\" alt=\"Constel\u00b7laci\u00f3 tasiana: contextos i relacions\" class=\"wp-image-590 size-full\" \/><\/figure><div class=\"wp-block-media-text__content\">\n<p><strong>Rafael Tasis<\/strong><\/p>\n\n\n\n<p><a href=\"http:\/\/filescat.uab.cat\/filcat\/la-societat-catalana-de-llengua-i-literatura-publica-constellacio-tasiana\/\" target=\"_blank\" rel=\"noopener\"><em>Constel\u00b7laci\u00f3 tasiana: contextos i relacions<\/em><\/a><\/p>\n\n\n\n<p>Edici\u00f3 a cura de Montserrat Bacard\u00ed i Francesc Foguet<\/p>\n\n\n\n<p>Societat Catalana de Llengua i Literatura, filial de l&#8217;IEC&nbsp;<\/p>\n\n\n\n<p>Col\u00b7lecci\u00f3 \u00abTreballs de la Societat Catalana de Llengua i Literatura\u00bb, 16, 2018<\/p>\n\n\n\n<p>ISBN:&nbsp;978-84-9965-429-4<\/p>\n<\/div><\/div>\n\n\n\n<div class=\"wp-block-media-text is-stacked-on-mobile\" style=\"grid-template-columns:34% auto\"><figure class=\"wp-block-media-text__media\"><img loading=\"lazy\" decoding=\"async\" width=\"556\" height=\"800\" src=\"https:\/\/webs.uab.cat\/getcc\/wp-content\/uploads\/sites\/65\/2017\/10\/diari-1922_tasis.jpg\" alt=\"diari-1922_tasis\" class=\"wp-image-587 size-full\" srcset=\"https:\/\/webs.uab.cat\/getcc\/wp-content\/uploads\/sites\/65\/2017\/10\/diari-1922_tasis.jpg 556w, https:\/\/webs.uab.cat\/getcc\/wp-content\/uploads\/sites\/65\/2017\/10\/diari-1922_tasis-209x300.jpg 209w\" sizes=\"auto, (max-width: 556px) 100vw, 556px\" \/><\/figure><div class=\"wp-block-media-text__content\">\n<p><strong>Rafael Tasis<\/strong><\/p>\n\n\n\n<p><em><a href=\"http:\/\/filescat.uab.cat\/filcat\/es-publica-rafael-tasis-1906-1966-cinquanta-anys-despres\/\" target=\"_blank\" rel=\"noopener\">R<\/a><\/em><a href=\"http:\/\/filescat.uab.cat\/filcat\/montserrat-bacardi-i-francesc-foguet-publiquen-diari-1922-de-rafael-tasis\/\" target=\"_blank\" rel=\"noopener\"><em>afael Tasis Diari (1922)<\/em><\/a><\/p>\n\n\n\n<p>Edici\u00f3 a cura de Montserrat Bacard\u00ed i Francesc Foguet<\/p>\n\n\n\n<p>Publicacions de l&#8217;Abadia de Montserrat<\/p>\n\n\n\n<p>Col\u00b7lecci\u00f3 \u00abBiblioteca Serra d&#8217;Or\u00bb, 497, 2017<\/p>\n\n\n\n<p>ISBN:&nbsp;978-84-9883-921-0<\/p>\n<\/div><\/div>\n\n\n\n<div class=\"wp-block-media-text is-stacked-on-mobile\" style=\"grid-template-columns:34% auto\"><figure class=\"wp-block-media-text__media\"><img loading=\"lazy\" decoding=\"async\" width=\"732\" height=\"1024\" src=\"https:\/\/webs.uab.cat\/getcc\/wp-content\/uploads\/sites\/65\/2017\/01\/tasis_50_anys.jpg\" alt=\"Rafael Tasis (1906-1966), cinquanta anys despr\u00e9s\" class=\"wp-image-584 size-full\" srcset=\"https:\/\/webs.uab.cat\/getcc\/wp-content\/uploads\/sites\/65\/2017\/01\/tasis_50_anys.jpg 732w, https:\/\/webs.uab.cat\/getcc\/wp-content\/uploads\/sites\/65\/2017\/01\/tasis_50_anys-214x300.jpg 214w\" sizes=\"auto, (max-width: 732px) 100vw, 732px\" \/><\/figure><div class=\"wp-block-media-text__content\">\n<p><strong>Rafael Tasis<\/strong><\/p>\n\n\n\n<p><em><a href=\"http:\/\/filescat.uab.cat\/filcat\/es-publica-rafael-tasis-1906-1966-cinquanta-anys-despres\/\" target=\"_blank\" rel=\"noopener\">R<\/a><\/em><a href=\"http:\/\/filescat.uab.cat\/filcat\/es-publica-rafael-tasis-1906-1966-cinquanta-anys-despres\/\" target=\"_blank\" rel=\"noopener\"><em>afael Tasis (1906-1966), cinquanta anys despr\u00e9s<\/em><\/a><\/p>\n\n\n\n<p>Edici\u00f3 a cura de Montserrat Bacard\u00ed, Francesc Foguet i \u00c0lex Mart\u00edn<\/p>\n\n\n\n<p>Societat Catalana de Llengua i Literatura, filial de l&#8217;IEC<\/p>\n\n\n\n<p>Col\u00b7lecci\u00f3 \u00abTreballs de la Societat Catalana de Llengua i Literatura\u00bb, 12, 2016<\/p>\n\n\n\n<p>ISBN:&nbsp;978-84-9965-338-9<\/p>\n<\/div><\/div>\n\n\n\n<div class=\"wp-block-media-text is-stacked-on-mobile\" style=\"grid-template-columns:34% auto\"><figure class=\"wp-block-media-text__media\"><img loading=\"lazy\" decoding=\"async\" width=\"706\" height=\"1024\" src=\"https:\/\/webs.uab.cat\/getcc\/wp-content\/uploads\/sites\/65\/2016\/10\/LecturesTasis.jpg\" alt=\"Rafael Tasis -\nLectures de postguerra\" class=\"wp-image-581 size-full\" srcset=\"https:\/\/webs.uab.cat\/getcc\/wp-content\/uploads\/sites\/65\/2016\/10\/LecturesTasis.jpg 706w, https:\/\/webs.uab.cat\/getcc\/wp-content\/uploads\/sites\/65\/2016\/10\/LecturesTasis-207x300.jpg 207w\" sizes=\"auto, (max-width: 706px) 100vw, 706px\" \/><\/figure><div class=\"wp-block-media-text__content\">\n<p><strong>Rafael Tasis<\/strong><\/p>\n\n\n\n<p><a href=\"http:\/\/filescat.uab.cat\/filcat\/index.php\/lectures-de-postguerra-de-rafael-tasis\/\" target=\"_blank\" rel=\"noopener\"><em>Lectures de postguerra<\/em><\/a><\/p>\n\n\n\n<p>Edici\u00f3 a cura de Montserrat Bacard\u00ed i Francesc Foguet<\/p>\n\n\n\n<p>Publicacions de l&#8217;Abadia de Montserrat<\/p>\n\n\n\n<p>Col\u00b7lecci\u00f3 \u00abBiblioteca Serra d&#8217;Or\u00bb, 491, 2016<\/p>\n\n\n\n<p>ISBN:&nbsp;978-84-9883-841-1<\/p>\n\n\n\n<p>360 p.<\/p>\n<\/div><\/div>\n\n\n\n<div class=\"wp-block-media-text is-stacked-on-mobile\" style=\"grid-template-columns:34% auto\"><figure class=\"wp-block-media-text__media\"><img loading=\"lazy\" decoding=\"async\" width=\"729\" height=\"1024\" src=\"https:\/\/webs.uab.cat\/getcc\/wp-content\/uploads\/sites\/65\/2016\/10\/Muntaner-4.png\" alt=\"Muntaner 4\" class=\"wp-image-572 size-full\" srcset=\"https:\/\/webs.uab.cat\/getcc\/wp-content\/uploads\/sites\/65\/2016\/10\/Muntaner-4.png 729w, https:\/\/webs.uab.cat\/getcc\/wp-content\/uploads\/sites\/65\/2016\/10\/Muntaner-4-214x300.png 214w\" sizes=\"auto, (max-width: 729px) 100vw, 729px\" \/><\/figure><div class=\"wp-block-media-text__content\">\n<p><strong>Rafael Tasis<\/strong><\/p>\n\n\n\n<p><a href=\"http:\/\/filescat.uab.cat\/filcat\/index.php\/ensiola-publica-muntaner-4\/\" target=\"_blank\" rel=\"noopener\"><em>Muntaner, 4<\/em><\/a><\/p>\n\n\n\n<p>Edici\u00f3 a cura de Montserrat Bacard\u00ed i Francesc Foguet<\/p>\n\n\n\n<p>Editorial Ensiola<\/p>\n\n\n\n<p>Col\u00b7lecci\u00f3 \u00abEnsiola Narrativa\u00bb, 28, 2015<\/p>\n\n\n\n<p>ISBN:&nbsp;978-84-942075-7-0<\/p>\n\n\n\n<p>232 p.<\/p>\n<\/div><\/div>\n\n\n\n<div class=\"wp-block-media-text is-stacked-on-mobile\" style=\"grid-template-columns:35% auto\"><figure class=\"wp-block-media-text__media\"><img loading=\"lazy\" decoding=\"async\" width=\"235\" height=\"338\" src=\"https:\/\/webs.uab.cat\/getcc\/wp-content\/uploads\/sites\/65\/2016\/10\/Coberta-reculons.jpg\" alt=\"Coberta-reculons\" class=\"wp-image-1002 size-full\" srcset=\"https:\/\/webs.uab.cat\/getcc\/wp-content\/uploads\/sites\/65\/2016\/10\/Coberta-reculons.jpg 235w, https:\/\/webs.uab.cat\/getcc\/wp-content\/uploads\/sites\/65\/2016\/10\/Coberta-reculons-209x300.jpg 209w\" sizes=\"auto, (max-width: 235px) 100vw, 235px\" \/><\/figure><div class=\"wp-block-media-text__content\">\n<p><strong>Rafael Tasis<\/strong><\/p>\n\n\n\n<p><a href=\"http:\/\/www.cossetania.com\/a-reculons-1797\" target=\"_blank\" rel=\"noopener\"><em>A reculons<\/em><\/a><\/p>\n\n\n\n<p>Edici\u00f3 a cura de Montserrat Bacard\u00ed i Francesc Foguet<\/p>\n\n\n\n<p>Cosset\u00e0nia Edicions<\/p>\n\n\n\n<p>Col\u00b7lecci\u00f3 \u00abBiblioteca de Tots colors\u00bb, 9, 2015<\/p>\n\n\n\n<p>ISBN:&nbsp;978-84-9034-374-6<\/p>\n\n\n\n<p>136 p.<\/p>\n<\/div><\/div>\n\n\n\n<div class=\"wp-block-media-text is-stacked-on-mobile\" style=\"grid-template-columns:35% auto\"><figure class=\"wp-block-media-text__media\"><img loading=\"lazy\" decoding=\"async\" width=\"200\" height=\"314\" src=\"https:\/\/webs.uab.cat\/getcc\/wp-content\/uploads\/sites\/65\/2016\/10\/El-revulsiu-del-catalanisme.jpg\" alt=\"El revulsiu del catalanisme\" class=\"wp-image-566 size-full\" srcset=\"https:\/\/webs.uab.cat\/getcc\/wp-content\/uploads\/sites\/65\/2016\/10\/El-revulsiu-del-catalanisme.jpg 200w, https:\/\/webs.uab.cat\/getcc\/wp-content\/uploads\/sites\/65\/2016\/10\/El-revulsiu-del-catalanisme-191x300.jpg 191w\" sizes=\"auto, (max-width: 200px) 100vw, 200px\" \/><\/figure><div class=\"wp-block-media-text__content\">\n<p><strong>Rafael Tasis<\/strong><\/p>\n\n\n\n<p><em>&nbsp; <a href=\"http:\/\/www.cossetania.com\/el-revulsiu-del-catalanisme-1765\" target=\"_blank\" rel=\"noopener\">El revulsiu del catalanisme<\/a><\/em><\/p>\n\n\n\n<p>&nbsp; Edici\u00f3 a cura de Montserrat Bacard\u00ed i Francesc Foguet<\/p>\n\n\n\n<p>&nbsp; Cosset\u00e0nia Edicions<\/p>\n\n\n\n<p>&nbsp; Col\u00b7lecci\u00f3 \u00abMem\u00f2ria del Segle XX\u00bb, 27, 2015<\/p>\n\n\n\n<p>&nbsp; ISBN: 978-84-9034-341-8<\/p>\n\n\n\n<p>&nbsp; 254 p.<\/p>\n<\/div><\/div>\n\n\n\n<div class=\"wp-block-media-text is-stacked-on-mobile\" style=\"grid-template-columns:35% auto\"><figure class=\"wp-block-media-text__media\"><img loading=\"lazy\" decoding=\"async\" width=\"280\" height=\"410\" src=\"https:\/\/webs.uab.cat\/getcc\/wp-content\/uploads\/sites\/65\/2016\/10\/Huxley2.jpg\" alt=\"Huxley2\" class=\"wp-image-548 size-full\" srcset=\"https:\/\/webs.uab.cat\/getcc\/wp-content\/uploads\/sites\/65\/2016\/10\/Huxley2.jpg 280w, https:\/\/webs.uab.cat\/getcc\/wp-content\/uploads\/sites\/65\/2016\/10\/Huxley2-205x300.jpg 205w\" sizes=\"auto, (max-width: 280px) 100vw, 280px\" \/><\/figure><div class=\"wp-block-media-text__content\">\n<p>&nbsp;<strong>Aldous Huxley<\/strong><\/p>\n\n\n\n<p><em><a href=\"https:\/\/www.adesiaraeditorial.cat\/llibre\/carretera-enlla\/\" data-type=\"link\" data-id=\"https:\/\/www.adesiaraeditorial.cat\/llibre\/carretera-enlla\/\" target=\"_blank\" rel=\"noreferrer noopener\">Carretera enll\u00e0<\/a><\/em><\/p>\n\n\n\n<p>Traducci\u00f3 de Rafael Tasis<\/p>\n\n\n\n<p>Edici\u00f3 a cura de Dolors Udina<\/p>\n\n\n\n<p>Editorial Adesiara<\/p>\n\n\n\n<p>Col\u00b7lecci\u00f3 \u00abD&#8217;ac\u00ed i d&#8217;all\u00e0\u00bb, 37, 2014<\/p>\n\n\n\n<p>ISBN: 978-84-92405-74-9<\/p>\n\n\n\n<p>224 p.<\/p>\n<\/div><\/div>\n\n\n\n<div class=\"wp-block-media-text is-stacked-on-mobile\" style=\"grid-template-columns:35% auto\"><figure class=\"wp-block-media-text__media\"><img loading=\"lazy\" decoding=\"async\" width=\"662\" height=\"1024\" src=\"https:\/\/webs.uab.cat\/getcc\/wp-content\/uploads\/sites\/65\/2016\/10\/joglar1-662x1024.jpg\" alt=\"joglar1\" class=\"wp-image-563 size-full\" srcset=\"https:\/\/webs.uab.cat\/getcc\/wp-content\/uploads\/sites\/65\/2016\/10\/joglar1-662x1024.jpg 662w, https:\/\/webs.uab.cat\/getcc\/wp-content\/uploads\/sites\/65\/2016\/10\/joglar1-194x300.jpg 194w, https:\/\/webs.uab.cat\/getcc\/wp-content\/uploads\/sites\/65\/2016\/10\/joglar1-768x1188.jpg 768w, https:\/\/webs.uab.cat\/getcc\/wp-content\/uploads\/sites\/65\/2016\/10\/joglar1-993x1536.jpg 993w, https:\/\/webs.uab.cat\/getcc\/wp-content\/uploads\/sites\/65\/2016\/10\/joglar1-1324x2048.jpg 1324w, https:\/\/webs.uab.cat\/getcc\/wp-content\/uploads\/sites\/65\/2016\/10\/joglar1-1200x1856.jpg 1200w, https:\/\/webs.uab.cat\/getcc\/wp-content\/uploads\/sites\/65\/2016\/10\/joglar1-1980x3063.jpg 1980w, https:\/\/webs.uab.cat\/getcc\/wp-content\/uploads\/sites\/65\/2016\/10\/joglar1-scaled.jpg 1655w\" sizes=\"auto, (max-width: 662px) 100vw, 662px\" \/><\/figure><div class=\"wp-block-media-text__content\">\n<p><strong>John Millington Synge<\/strong><\/p>\n\n\n\n<p><a href=\"http:\/\/www.editorialpunctum.com\/coeditors\/getcc\/el-joglar-del-mon-occidental\/\" target=\"_blank\" rel=\"noopener\"><em>El joglar del m\u00f3n occidental<\/em><\/a><\/p>\n\n\n\n<p>Traducci\u00f3 de Rafael Tasis<\/p>\n\n\n\n<p>Edici\u00f3 a cura de Dolors Udina<\/p>\n\n\n\n<p>Editorial Punctum<\/p>\n\n\n\n<p>Col\u00b7lecci\u00f3 \u00abVersions\u00bb, 2, 2012<\/p>\n\n\n\n<p>ISBN: 978-84-940694-1-3<\/p>\n\n\n\n<p>76 p.<\/p>\n<\/div><\/div>\n\n\n\n<div class=\"wp-block-media-text is-stacked-on-mobile\" style=\"grid-template-columns:35% auto\"><figure class=\"wp-block-media-text__media\"><img loading=\"lazy\" decoding=\"async\" width=\"669\" height=\"1024\" src=\"https:\/\/webs.uab.cat\/getcc\/wp-content\/uploads\/sites\/65\/2016\/10\/tasis1-669x1024.jpg\" alt=\"tasis1\" class=\"wp-image-551 size-full\" srcset=\"https:\/\/webs.uab.cat\/getcc\/wp-content\/uploads\/sites\/65\/2016\/10\/tasis1-669x1024.jpg 669w, https:\/\/webs.uab.cat\/getcc\/wp-content\/uploads\/sites\/65\/2016\/10\/tasis1-196x300.jpg 196w, https:\/\/webs.uab.cat\/getcc\/wp-content\/uploads\/sites\/65\/2016\/10\/tasis1-768x1176.jpg 768w, https:\/\/webs.uab.cat\/getcc\/wp-content\/uploads\/sites\/65\/2016\/10\/tasis1.jpg 792w\" sizes=\"auto, (max-width: 669px) 100vw, 669px\" \/><\/figure><div class=\"wp-block-media-text__content\">\n<p><strong>Rafael Tasis<\/strong><\/p>\n\n\n\n<p><em><a href=\"http:\/\/www.cossetania.com\/les-raons-de-exili-1265\" target=\"_blank\" rel=\"noopener\">Les raons de l&#8217;exili<\/a><\/em><\/p>\n\n\n\n<p>Edici\u00f3 a cura de Montserrat Bacard\u00ed i Francesc Foguet<\/p>\n\n\n\n<p>Editorial Cosset\u00e0nia<\/p>\n\n\n\n<p>Col\u00b7lecci\u00f3 \u00abMem\u00f2ria del segle XX\u00bb, 19, 2012<\/p>\n\n\n\n<p>ISBN: 978-84-15456-43-8<\/p>\n\n\n\n<p>304 p., 13,3 x 21 cm<\/p>\n<\/div><\/div>\n\n\n\n<div class=\"wp-block-media-text is-stacked-on-mobile\" style=\"grid-template-columns:35% auto\"><figure class=\"wp-block-media-text__media\"><img loading=\"lazy\" decoding=\"async\" width=\"695\" height=\"1024\" src=\"https:\/\/webs.uab.cat\/getcc\/wp-content\/uploads\/sites\/65\/2016\/10\/calders1-695x1024.jpg\" alt=\"calders1\" class=\"wp-image-557 size-full\" srcset=\"https:\/\/webs.uab.cat\/getcc\/wp-content\/uploads\/sites\/65\/2016\/10\/calders1-695x1024.jpg 695w, https:\/\/webs.uab.cat\/getcc\/wp-content\/uploads\/sites\/65\/2016\/10\/calders1-204x300.jpg 204w, https:\/\/webs.uab.cat\/getcc\/wp-content\/uploads\/sites\/65\/2016\/10\/calders1-768x1131.jpg 768w, https:\/\/webs.uab.cat\/getcc\/wp-content\/uploads\/sites\/65\/2016\/10\/calders1.jpg 804w\" sizes=\"auto, (max-width: 695px) 100vw, 695px\" \/><\/figure><div class=\"wp-block-media-text__content\">\n<p><strong>Pere Calders<\/strong><\/p>\n\n\n\n<p><em>Fe de vida. Cartes a Rafael Tasis<\/em><\/p>\n\n\n\n<p>Edici\u00f3 a cura de Montserrat Bacard\u00ed i Francesc Foguet<\/p>\n\n\n\n<p>Editorial Acontravent<\/p>\n\n\n\n<p>Col\u00b7lecci\u00f3 \u00abAbans d&#8217;ara\u00bb, 27, 2012<\/p>\n\n\n\n<p>ISBN:&nbsp;9788415720034<\/p>\n\n\n\n<p>230 p.<\/p>\n<\/div><\/div>\n\n\n\n<div class=\"wp-block-media-text is-stacked-on-mobile\" style=\"grid-template-columns:35% auto\"><figure class=\"wp-block-media-text__media\"><img loading=\"lazy\" decoding=\"async\" width=\"688\" height=\"1024\" src=\"https:\/\/webs.uab.cat\/getcc\/wp-content\/uploads\/sites\/65\/2016\/10\/tasis_bo-688x1024.jpg\" alt=\"tasis_bo\" class=\"wp-image-542 size-full\" srcset=\"https:\/\/webs.uab.cat\/getcc\/wp-content\/uploads\/sites\/65\/2016\/10\/tasis_bo-688x1024.jpg 688w, https:\/\/webs.uab.cat\/getcc\/wp-content\/uploads\/sites\/65\/2016\/10\/tasis_bo-202x300.jpg 202w, https:\/\/webs.uab.cat\/getcc\/wp-content\/uploads\/sites\/65\/2016\/10\/tasis_bo-768x1143.jpg 768w, https:\/\/webs.uab.cat\/getcc\/wp-content\/uploads\/sites\/65\/2016\/10\/tasis_bo-1032x1536.jpg 1032w, https:\/\/webs.uab.cat\/getcc\/wp-content\/uploads\/sites\/65\/2016\/10\/tasis_bo.jpg 1075w\" sizes=\"auto, (max-width: 688px) 100vw, 688px\" \/><\/figure><div class=\"wp-block-media-text__content\">\n<p><strong>Rafael Tasis<\/strong><\/p>\n\n\n\n<p><em>Diari \u00edntim. Escrits autobiogr\u00e0fics<\/em><\/p>\n\n\n\n<p>Edici\u00f3 a cura de Montserrat Bacard\u00ed i Francesc Foguet<\/p>\n\n\n\n<p>Editorial Acontravent<\/p>\n\n\n\n<p>Col\u00b7lecci\u00f3 \u00abAbans d&#8217;ara\u00bb, 21, 2012<\/p>\n\n\n\n<p>ISBN: 9788493972202<\/p>\n\n\n\n<p>428 p., 21 cm<\/p>\n<\/div><\/div>\n\n\n\n<div class=\"wp-block-media-text is-stacked-on-mobile\" style=\"grid-template-columns:35% auto\"><figure class=\"wp-block-media-text__media\"><img loading=\"lazy\" decoding=\"async\" width=\"188\" height=\"269\" src=\"https:\/\/webs.uab.cat\/getcc\/wp-content\/uploads\/sites\/65\/2016\/10\/desert.jpg\" alt=\"desert\" class=\"wp-image-554 size-full\" \/><\/figure><div class=\"wp-block-media-text__content\">\n<p><strong>Rafael Tasis i Ramon Xuriguera <\/strong><\/p>\n\n\n\n<p><em><a href=\"http:\/\/books.google.es\/books?id=n3-tyg7dq_sC&amp;lpg=PA3&amp;ots=e9RnoVSTPs&amp;dq=l'espant%C3%B3s%20%C3%A9s%20el%20buit%20el%20desert%20abadia%20montserrat&amp;hl=ca&amp;pg=PP1#v=onepage&amp;q=l'espant%C3%B3s%20%C3%A9s%20el%20buit%20el%20desert%20abadia%20montserrat&amp;f=false\" target=\"_blank\" rel=\"noopener\">L&#8217;espant\u00f3s \u00e9s el buit, el desert<\/a><\/em><\/p>\n\n\n\n<p>Edici\u00f3 a cura de Josep Camps i Arb\u00f3s<\/p>\n\n\n\n<p>Publicacions de l&#8217;Abadia de Montserrat, 2010<\/p>\n\n\n\n<p>ISBN:&nbsp;9788498833232<\/p>\n\n\n\n<p>264 p.<\/p>\n<\/div><\/div>\n\n\n\n<p><\/p>\n","protected":false},"excerpt":{"rendered":"<p>Rafael Tasis i Marca (Barcelona, 1906 \u2013 Par\u00eds, 1966) va desplegar una prol\u00edfica activitat liter\u00e0ria com a periodista, cr\u00edtic, novel\u00b7lista, dramaturg, historiador i traductor. Dirigent d\u2019Acci\u00f3 Catalana Republicana, es va implicar en l\u2019administraci\u00f3 de la Generalitat de Catalunya durant la guerra i, en qualitat de secretari general d\u2019aquest partit, en la pol\u00edtica oficial del primer [&hellip;]<\/p>\n","protected":false},"author":20,"featured_media":0,"parent":0,"menu_order":0,"comment_status":"closed","ping_status":"closed","template":"","meta":{"footnotes":""},"class_list":["post-538","page","type-page","status-publish","hentry"],"_links":{"self":[{"href":"https:\/\/webs.uab.cat\/getcc\/wp-json\/wp\/v2\/pages\/538","targetHints":{"allow":["GET"]}}],"collection":[{"href":"https:\/\/webs.uab.cat\/getcc\/wp-json\/wp\/v2\/pages"}],"about":[{"href":"https:\/\/webs.uab.cat\/getcc\/wp-json\/wp\/v2\/types\/page"}],"author":[{"embeddable":true,"href":"https:\/\/webs.uab.cat\/getcc\/wp-json\/wp\/v2\/users\/20"}],"replies":[{"embeddable":true,"href":"https:\/\/webs.uab.cat\/getcc\/wp-json\/wp\/v2\/comments?post=538"}],"version-history":[{"count":4,"href":"https:\/\/webs.uab.cat\/getcc\/wp-json\/wp\/v2\/pages\/538\/revisions"}],"predecessor-version":[{"id":2621,"href":"https:\/\/webs.uab.cat\/getcc\/wp-json\/wp\/v2\/pages\/538\/revisions\/2621"}],"wp:attachment":[{"href":"https:\/\/webs.uab.cat\/getcc\/wp-json\/wp\/v2\/media?parent=538"}],"curies":[{"name":"wp","href":"https:\/\/api.w.org\/{rel}","templated":true}]}}