{"id":595,"date":"2014-11-12T10:58:24","date_gmt":"2014-11-12T10:58:24","guid":{"rendered":"https:\/\/webs.uab.cat\/getcc\/vi-jornades-sobre-traduccio-i-literatura-traduir-teatre-la-postguerra-josep-maria-poblet-i\/"},"modified":"2025-04-02T10:48:03","modified_gmt":"2025-04-02T10:48:03","slug":"vi-jornades-sobre-traduccio-i-literatura-traduir-teatre-la-postguerra-josep-maria-poblet-i","status":"publish","type":"page","link":"https:\/\/webs.uab.cat\/getcc\/vi-jornades-sobre-traduccio-i-literatura-traduir-teatre-la-postguerra-josep-maria-poblet-i\/","title":{"rendered":"VI Jornades sobre Traducci\u00f3 i Literatura. Traduir teatre a la postguerra: Josep Maria Poblet i Bonaventura Vallespinosa. 15 i 16 d&#8217;octubre de 2014"},"content":{"rendered":"\n<figure class=\"wp-block-image size-large\"><img loading=\"lazy\" decoding=\"async\" width=\"1024\" height=\"1024\" src=\"https:\/\/webs.uab.cat\/getcc\/wp-content\/uploads\/sites\/65\/2016\/10\/VI_Jornades_2014_Green-page-001-1024x1024.jpg\" alt=\"VI_Jornades_2014_Green-page-001\" class=\"wp-image-596\" srcset=\"https:\/\/webs.uab.cat\/getcc\/wp-content\/uploads\/sites\/65\/2016\/10\/VI_Jornades_2014_Green-page-001-1024x1024.jpg 1024w, https:\/\/webs.uab.cat\/getcc\/wp-content\/uploads\/sites\/65\/2016\/10\/VI_Jornades_2014_Green-page-001-300x300.jpg 300w, https:\/\/webs.uab.cat\/getcc\/wp-content\/uploads\/sites\/65\/2016\/10\/VI_Jornades_2014_Green-page-001-150x150.jpg 150w, https:\/\/webs.uab.cat\/getcc\/wp-content\/uploads\/sites\/65\/2016\/10\/VI_Jornades_2014_Green-page-001-768x768.jpg 768w, https:\/\/webs.uab.cat\/getcc\/wp-content\/uploads\/sites\/65\/2016\/10\/VI_Jornades_2014_Green-page-001-1200x1200.jpg 1200w, https:\/\/webs.uab.cat\/getcc\/wp-content\/uploads\/sites\/65\/2016\/10\/VI_Jornades_2014_Green-page-001.jpg 1240w\" sizes=\"auto, (max-width: 1024px) 100vw, 1024px\" \/><\/figure>\n\n\n\n<p><strong>15 d&#8217;octubre. Josep Maria Poblet<\/strong><\/p>\n\n\n\n<p>10.00 h Inauguraci\u00f3 i presentaci\u00f3<\/p>\n\n\n\n<p>10.15 h Josep Maria Poblet i Bonaventura Vallespinosa, el gust i la necessitat. Margarida Aritzeta<strong>&nbsp; &nbsp;&nbsp;<\/strong><\/p>\n\n\n\n<p>11.00 h Pausa caf\u00e8<\/p>\n\n\n\n<p>11.30 h Josep Maria Poblet, comedi\u00f2graf i traductor de teatre.&nbsp;Jaume Ferrer<\/p>\n\n\n\n<p>12.00 h Josep M. Poblet, Moli\u00e8re i el vodevil: sobre l\u2019adaptaci\u00f3 d\u2019<em>El malalt imaginari<\/em>:&nbsp;<em>El senyor Ribot est\u00e0 malalt<\/em>. &nbsp; Marta Gin\u00e9 Janer<\/p>\n\n\n\n<p>12.30 h Com\u00e8dies d\u2019exili: Maruxa Vilalta i Eduard Borr\u00e0s.Teresa Julio<\/p>\n\n\n\n<p>13.00 h Poblet adapta Simenon: una tria \u00e8tica.&nbsp;Pau Joan Hern\u00e0ndez<\/p>\n\n\n\n<p><strong>Dia 16. Bonaventura Vallespinosa<\/strong><\/p>\n\n\n\n<p>10.00 h Reconstrucci\u00f3 i reescriptura del teatre: les traduccions teatrals.&nbsp;Rossend Arqu\u00e9s<\/p>\n\n\n\n<p>10.45 h Pausa caf\u00e8&nbsp;<\/p>\n\n\n\n<p>11.15 h Les traduccions de Pirandello.&nbsp;Miquel Edo<\/p>\n\n\n\n<p>11.45 h El teatre cl\u00e0ssic franc\u00e8s: Moli\u00e8re i Racine.&nbsp;Joaquim Sala-Sanahuja<\/p>\n\n\n\n<p>12.15 h La contemporane\u00eftat com a imponderable:&nbsp;Vallespinosa traductor de Ionesco, Cocteau, Anouilh, Camus i Sartre.&nbsp;Ramon Llad\u00f3<\/p>\n\n\n\n<p>12.45 h Lectura dramatitzada a c\u00e0rrec de Marta Juanhuix&nbsp;<\/p>\n\n\n\n<p>&nbsp;<a href=\"https:\/\/webs.uab.cat\/getcc\/wp-content\/uploads\/sites\/65\/2016\/10\/VI_Jornades_2014_Green.pdf\" target=\"_blank\" rel=\"noreferrer noopener\">Programa de les VI Jornades<\/a><\/p>\n\n\n\n<p><\/p>\n\n\n\n<p><span style=\"font-size: large\"><strong>Trobada de traductors al Centre de lectura de Reus<\/strong><\/span><\/p>\n\n\n\n<figure class=\"wp-block-image size-large is-resized\"><img loading=\"lazy\" decoding=\"async\" width=\"955\" height=\"1024\" src=\"https:\/\/webs.uab.cat\/getcc\/wp-content\/uploads\/sites\/65\/2016\/10\/image-0001-1-955x1024.jpg\" alt=\"image-0001-1\" class=\"wp-image-602\" style=\"aspect-ratio:1;width:700px;height:auto\" srcset=\"https:\/\/webs.uab.cat\/getcc\/wp-content\/uploads\/sites\/65\/2016\/10\/image-0001-1-955x1024.jpg 955w, https:\/\/webs.uab.cat\/getcc\/wp-content\/uploads\/sites\/65\/2016\/10\/image-0001-1-280x300.jpg 280w, https:\/\/webs.uab.cat\/getcc\/wp-content\/uploads\/sites\/65\/2016\/10\/image-0001-1-768x823.jpg 768w, https:\/\/webs.uab.cat\/getcc\/wp-content\/uploads\/sites\/65\/2016\/10\/image-0001-1-1433x1536.jpg 1433w, https:\/\/webs.uab.cat\/getcc\/wp-content\/uploads\/sites\/65\/2016\/10\/image-0001-1-1911x2048.jpg 1911w, https:\/\/webs.uab.cat\/getcc\/wp-content\/uploads\/sites\/65\/2016\/10\/image-0001-1-1200x1286.jpg 1200w, https:\/\/webs.uab.cat\/getcc\/wp-content\/uploads\/sites\/65\/2016\/10\/image-0001-1-1980x2122.jpg 1980w\" sizes=\"auto, (max-width: 955px) 100vw, 955px\" \/><\/figure>\n\n\n\n<figure class=\"wp-block-image size-large is-resized\"><img loading=\"lazy\" decoding=\"async\" width=\"955\" height=\"1024\" src=\"https:\/\/webs.uab.cat\/getcc\/wp-content\/uploads\/sites\/65\/2016\/10\/image-0002-955x1024.jpg\" alt=\"image-0002\" class=\"wp-image-605\" style=\"aspect-ratio:1;width:700px;height:auto\" srcset=\"https:\/\/webs.uab.cat\/getcc\/wp-content\/uploads\/sites\/65\/2016\/10\/image-0002-955x1024.jpg 955w, https:\/\/webs.uab.cat\/getcc\/wp-content\/uploads\/sites\/65\/2016\/10\/image-0002-280x300.jpg 280w, https:\/\/webs.uab.cat\/getcc\/wp-content\/uploads\/sites\/65\/2016\/10\/image-0002-768x823.jpg 768w, https:\/\/webs.uab.cat\/getcc\/wp-content\/uploads\/sites\/65\/2016\/10\/image-0002-1433x1536.jpg 1433w, https:\/\/webs.uab.cat\/getcc\/wp-content\/uploads\/sites\/65\/2016\/10\/image-0002-1911x2048.jpg 1911w, https:\/\/webs.uab.cat\/getcc\/wp-content\/uploads\/sites\/65\/2016\/10\/image-0002-1200x1286.jpg 1200w, https:\/\/webs.uab.cat\/getcc\/wp-content\/uploads\/sites\/65\/2016\/10\/image-0002-1980x2122.jpg 1980w\" sizes=\"auto, (max-width: 955px) 100vw, 955px\" \/><\/figure>\n\n\n\n<p><\/p>\n","protected":false},"excerpt":{"rendered":"<p>15 d&#8217;octubre. Josep Maria Poblet 10.00 h Inauguraci\u00f3 i presentaci\u00f3 10.15 h Josep Maria Poblet i Bonaventura Vallespinosa, el gust i la necessitat. Margarida Aritzeta&nbsp; &nbsp;&nbsp; 11.00 h Pausa caf\u00e8 11.30 h Josep Maria Poblet, comedi\u00f2graf i traductor de teatre.&nbsp;Jaume Ferrer 12.00 h Josep M. Poblet, Moli\u00e8re i el vodevil: sobre l\u2019adaptaci\u00f3 d\u2019El malalt imaginari:&nbsp;El [&hellip;]<\/p>\n","protected":false},"author":20,"featured_media":0,"parent":0,"menu_order":0,"comment_status":"closed","ping_status":"closed","template":"","meta":{"footnotes":""},"class_list":["post-595","page","type-page","status-publish","hentry"],"_links":{"self":[{"href":"https:\/\/webs.uab.cat\/getcc\/wp-json\/wp\/v2\/pages\/595","targetHints":{"allow":["GET"]}}],"collection":[{"href":"https:\/\/webs.uab.cat\/getcc\/wp-json\/wp\/v2\/pages"}],"about":[{"href":"https:\/\/webs.uab.cat\/getcc\/wp-json\/wp\/v2\/types\/page"}],"author":[{"embeddable":true,"href":"https:\/\/webs.uab.cat\/getcc\/wp-json\/wp\/v2\/users\/20"}],"replies":[{"embeddable":true,"href":"https:\/\/webs.uab.cat\/getcc\/wp-json\/wp\/v2\/comments?post=595"}],"version-history":[{"count":5,"href":"https:\/\/webs.uab.cat\/getcc\/wp-json\/wp\/v2\/pages\/595\/revisions"}],"predecessor-version":[{"id":2650,"href":"https:\/\/webs.uab.cat\/getcc\/wp-json\/wp\/v2\/pages\/595\/revisions\/2650"}],"wp:attachment":[{"href":"https:\/\/webs.uab.cat\/getcc\/wp-json\/wp\/v2\/media?parent=595"}],"curies":[{"name":"wp","href":"https:\/\/api.w.org\/{rel}","templated":true}]}}