{"id":656,"date":"2016-09-27T12:12:43","date_gmt":"2016-09-27T12:12:43","guid":{"rendered":"https:\/\/webs.uab.cat\/getcc\/vii-jornades-sobre-traduccio-i-literatura-els-llibres-del-mall-1973-1988-un-cataleg-de\/"},"modified":"2025-04-02T10:51:58","modified_gmt":"2025-04-02T10:51:58","slug":"vii-jornades-sobre-traduccio-i-literatura-els-llibres-del-mall-1973-1988-un-cataleg-de","status":"publish","type":"page","link":"https:\/\/webs.uab.cat\/getcc\/vii-jornades-sobre-traduccio-i-literatura-els-llibres-del-mall-1973-1988-un-cataleg-de\/","title":{"rendered":"VII Jornades sobre Traducci\u00f3 i Literatura. Els Llibres del Mall (1973-1988). Un cat\u00e0leg de poesia amb mires europees. 19 i 20 d&#8217;octubre de 2016"},"content":{"rendered":"\n<figure class=\"wp-block-image size-full\"><img loading=\"lazy\" decoding=\"async\" width=\"458\" height=\"800\" src=\"https:\/\/webs.uab.cat\/getcc\/wp-content\/uploads\/sites\/65\/2017\/01\/jornades-traduccio-literatura_2016_p.jpg\" alt=\"jornades-traduccio-literatura_2016_p\" class=\"wp-image-660\" srcset=\"https:\/\/webs.uab.cat\/getcc\/wp-content\/uploads\/sites\/65\/2017\/01\/jornades-traduccio-literatura_2016_p.jpg 458w, https:\/\/webs.uab.cat\/getcc\/wp-content\/uploads\/sites\/65\/2017\/01\/jornades-traduccio-literatura_2016_p-172x300.jpg 172w\" sizes=\"auto, (max-width: 458px) 100vw, 458px\" \/><\/figure>\n\n\n\n<p><strong>&nbsp; &nbsp; &nbsp; &nbsp; &nbsp; &nbsp; &nbsp; &nbsp; &nbsp; 19 d&#8217;octubre<\/strong><\/p>\n\n\n\n<p>&nbsp; &nbsp; &nbsp; &nbsp; &nbsp; &nbsp; &nbsp; &nbsp; &nbsp; 9.30 h Inauguraci\u00f3 i presentaci\u00f3<\/p>\n\n\n\n<p>&nbsp; &nbsp; &nbsp; &nbsp; &nbsp; &nbsp; &nbsp; &nbsp; &nbsp; 10.00 h L&#8217;aportaci\u00f3 del Mall al sistema literari i editorial.&nbsp;Pere Ballart<\/p>\n\n\n\n<p>&nbsp; &nbsp; &nbsp; &nbsp; &nbsp; &nbsp; &nbsp; &nbsp; &nbsp; 11.00 h Pausa caf\u00e8<\/p>\n\n\n\n<p>&nbsp; &nbsp; &nbsp; &nbsp; &nbsp; &nbsp; &nbsp; &nbsp; &nbsp; 11.30 h Taula rodona: Traductors editors i lectors<br>&nbsp; &nbsp; &nbsp; &nbsp; &nbsp; &nbsp; &nbsp; &nbsp; &nbsp; &nbsp; &nbsp; &nbsp; &nbsp; &nbsp; &nbsp; Ramon Balasch, Miquel Desclot i Jordi Llavina &nbsp;<\/p>\n\n\n\n<p><strong>&nbsp; &nbsp; &nbsp; &nbsp; &nbsp; &nbsp; &nbsp; &nbsp; &nbsp; &nbsp;20 d&#8217;octubre<\/strong><\/p>\n\n\n\n<p>&nbsp; &nbsp; &nbsp; &nbsp; &nbsp; &nbsp; &nbsp; &nbsp; &nbsp; &nbsp;9.30 h Una pol\u00edtica de traduccions.&nbsp;Joaquim Sala-Sanahuja<\/p>\n\n\n\n<p>&nbsp; &nbsp; &nbsp; &nbsp; &nbsp; &nbsp; &nbsp; &nbsp; &nbsp; &nbsp;10.15 h Les traduccions de l&#8217;angl\u00e8s.&nbsp;Jordi Mas L\u00f3pez<\/p>\n\n\n\n<p>&nbsp; &nbsp; &nbsp; &nbsp; &nbsp; &nbsp; &nbsp; &nbsp; &nbsp; &nbsp;11.00 h Pausa caf\u00e8<\/p>\n\n\n\n<p>&nbsp; &nbsp; &nbsp; &nbsp; &nbsp; &nbsp; &nbsp; &nbsp; &nbsp; &nbsp;11.30 h Les traduccions del franc\u00e8s.&nbsp;Maria Dasca<\/p>\n\n\n\n<p>&nbsp; &nbsp; &nbsp; &nbsp; &nbsp; &nbsp; &nbsp; &nbsp; &nbsp; &nbsp;12.15 h Les traduccions del rus.&nbsp;Ivan Garcia<\/p>\n\n\n\n<p>&nbsp; &nbsp; &nbsp; &nbsp; &nbsp; &nbsp; &nbsp; &nbsp; &nbsp; &nbsp;13.00 h Recital po\u00e8tic a c\u00e0rrec d&#8217;Anna Maluquer<\/p>\n\n\n\n<p>&nbsp; &nbsp; &nbsp; &nbsp; &nbsp; &nbsp; &nbsp; &nbsp; &nbsp; &nbsp;<a href=\"https:\/\/webs.uab.cat\/getcc\/wp-content\/uploads\/sites\/65\/2016\/10\/diptic-arbones-2016-.pdf\" target=\"_blank\" rel=\"noreferrer noopener\">Programa de les VII Jornades<\/a><\/p>\n","protected":false},"excerpt":{"rendered":"<p>&nbsp; &nbsp; &nbsp; &nbsp; &nbsp; &nbsp; &nbsp; &nbsp; &nbsp; 19 d&#8217;octubre &nbsp; &nbsp; &nbsp; &nbsp; &nbsp; &nbsp; &nbsp; &nbsp; &nbsp; 9.30 h Inauguraci\u00f3 i presentaci\u00f3 &nbsp; &nbsp; &nbsp; &nbsp; &nbsp; &nbsp; &nbsp; &nbsp; &nbsp; 10.00 h L&#8217;aportaci\u00f3 del Mall al sistema literari i editorial.&nbsp;Pere Ballart &nbsp; &nbsp; &nbsp; &nbsp; &nbsp; &nbsp; &nbsp; &nbsp; &nbsp; 11.00 [&hellip;]<\/p>\n","protected":false},"author":20,"featured_media":0,"parent":0,"menu_order":0,"comment_status":"closed","ping_status":"closed","template":"","meta":{"footnotes":""},"class_list":["post-656","page","type-page","status-publish","hentry"],"_links":{"self":[{"href":"https:\/\/webs.uab.cat\/getcc\/wp-json\/wp\/v2\/pages\/656","targetHints":{"allow":["GET"]}}],"collection":[{"href":"https:\/\/webs.uab.cat\/getcc\/wp-json\/wp\/v2\/pages"}],"about":[{"href":"https:\/\/webs.uab.cat\/getcc\/wp-json\/wp\/v2\/types\/page"}],"author":[{"embeddable":true,"href":"https:\/\/webs.uab.cat\/getcc\/wp-json\/wp\/v2\/users\/20"}],"replies":[{"embeddable":true,"href":"https:\/\/webs.uab.cat\/getcc\/wp-json\/wp\/v2\/comments?post=656"}],"version-history":[{"count":3,"href":"https:\/\/webs.uab.cat\/getcc\/wp-json\/wp\/v2\/pages\/656\/revisions"}],"predecessor-version":[{"id":2657,"href":"https:\/\/webs.uab.cat\/getcc\/wp-json\/wp\/v2\/pages\/656\/revisions\/2657"}],"wp:attachment":[{"href":"https:\/\/webs.uab.cat\/getcc\/wp-json\/wp\/v2\/media?parent=656"}],"curies":[{"name":"wp","href":"https:\/\/api.w.org\/{rel}","templated":true}]}}