{"id":677,"date":"2017-05-29T12:55:11","date_gmt":"2017-05-29T12:55:11","guid":{"rendered":"https:\/\/webs.uab.cat\/getcc\/blai-guarne\/"},"modified":"2024-01-14T13:06:09","modified_gmt":"2024-01-14T13:06:09","slug":"blai-guarne","status":"publish","type":"page","link":"https:\/\/webs.uab.cat\/getcc\/blai-guarne\/","title":{"rendered":"Blai Guarn\u00e9"},"content":{"rendered":"\n<blockquote class=\"wp-block-quote is-layout-flow wp-block-quote-is-layout-flow\">\n<p>Universitat Aut\u00f2noma de Barcelona<\/p>\n\n\n\n<p>Blai.Guarne@uab.cat<\/p>\n<\/blockquote>\n\n\n\n<p>Blai Guarn\u00e9 \u00e9s professor agregat i coordinador del Grau d\u2019Estudis d\u2019\u00c0sia Oriental a la Universitat Aut\u00f2noma de Barcelona (UAB), on \u00e9s tamb\u00e9 secretari del CERAO (Centre d\u2019Estudis i Recerca sobre \u00c0sia Oriental). Pr\u00e8viament, ha estat investigador Juan de la Cierva (MINECO) al Departament de Traducci\u00f3 i d\u2019Interpretaci\u00f3 i d\u2019Estudis de l\u2019\u00c0sia Oriental (UAB), investigador visitant al National Museum of Ethnology in Japan (Minpaku) (Jap\u00f3), investigador postdoctoral (AGAUR-DURSI) al Department of Anthropology de la Stanford University (EE.UU.), i investigador visitant (Monbukagakush\u014d) al Department of Cultural Anthropology de la University of Tokyo (Jap\u00f3). \u00c9s convener de la Media Studies Section a la EAJS (European Association for Japanese Studies), membre de la junta directiva del JAWS (Japan Anthropology Workshop), membre de la Comissi\u00f3 d\u2019Universitat-Recerca del\u00a0<a rel=\"noreferrer noopener\" href=\"http:\/\/exteriors.gencat.cat\/ca\/ambits-dactuacio\/afers_exteriors\/relacions_bilaterals\/pla-catalunya-japo\" target=\"_blank\">Pla Jap\u00f3 2016-2019<\/a>\u00a0(Generalitat de Catalunya), i director de la Col\u00b7lecci\u00f3 Editorial Biblioteca de Estudios Japoneses (CERAO-UAB, Edicions Bellaterra) que compta amb el patrocini de Fundaci\u00f3n Jap\u00f3n (Govern del Jap\u00f3).<\/p>\n\n\n\n<p><strong>Publicacions (Selecci\u00f3)<\/strong><\/p>\n\n\n\n<p>2016 \u00abOralidad y escritura: tecnolog\u00edas del intelecto\u00bb. A: L\u00f3pez, Daniel (ed.).\u00a0<em>Tecnolog\u00edas sociales de la comunicaci\u00f3n<\/em>. Barcelona: Universitat Oberta de Catalunya, p. 1-74.<\/p>\n\n\n\n<p>2015 \u00abCultural Intersections: Ambivalence and Hybridity in Japanese\u00a0<em>Katakana<\/em>\u00bb. A: Ertl, J.\u00a0<em>et al.<\/em>\u00a0(eds.).\u00a0<em>Reframing Diversity in the Anthropology of Japan.\u00a0<\/em>Kanazawa University Center for Cultural Resource Studie<em>s<\/em>, p. 165-181.<\/p>\n\n\n\n<p>2015&nbsp;<a href=\"http:\/\/www.minpaku.ac.jp\/english\/research\/activity\/publication\/periodical\/bulletin\/40_1\" target=\"_blank\" rel=\"noreferrer noopener\">\u00abJapan in Global Circulation: Transnational Migration and Multicultural Politics\u00bb<\/a>&nbsp;(ed.).&nbsp;<em>Kokuritsu Minzokugaku Hakubutsukan kenky\u016b h\u014dkoku<\/em>&nbsp;\u56fd\u7acb\u6c11\u65cf\u5b66\u535a\u7269\u9928\u7814\u7a76\u5831\u544a National Museum of Ethnology (Minpaku) in Japan, Special Issue, 40 (1) [amb Shinji Yamashita].<\/p>\n\n\n\n<p>2014 \u00abIm\u00e1genes de la diferencia. Alteridad, discurso y representaci\u00f3n\u00bb. A: Ard\u00e8vol, E. &amp; Munta\u00f1ola, N. (eds.).\u00a0<em>Representacion y cultura audiovisual en la sociedad contempor\u00e1nea<\/em>. Barcelona: Editorial UOC, p. 47-127.<\/p>\n\n\n\n<p>2014 \u00abOralidad, escritura y tecnolog\u00edas modernas de la comunicaci\u00f3n\u00bb. A: Gil, A. (ed.).\u00a0<em>Tecnologias sociales de la comunicaci\u00f3n<\/em>. Barcelona: Editorial UOC, p. 43-138.<\/p>\n\n\n\n<p>2013&nbsp;<a href=\"https:\/\/sede.educacion.gob.es\/publiventa\/detalle.action?cod=14519C\" target=\"_blank\" rel=\"noreferrer noopener\">\u00abConfiguraciones socio-espaciales japonesas: Aproximaci\u00f3n tentativa a la polaridad uchi-soto\u00bb<\/a>.&nbsp;<em>Anales del Museo Nacional de Antropolog\u00eda XV\/2013<\/em>. Museo Nacional de Antropolog\u00eda, Ministerio de Educaci\u00f3n, Cultura y Deporte, p. 102-119.<\/p>\n\n\n\n<p>2012-2013 \u00abEscaping Japan: Inside and Outside\u00bb.&nbsp;<em>PAN-JAPAN: The International Journal of Japanese Diaspora<\/em>. Illinois State University, 8 (1-2) &amp; 9 (1-2) [amb Paul Hansen].<\/p>\n\n\n\n<p>2012 \u00abThe World is a Room: Beyond Centers and Peripheries in the Global Production of Anthropological Knowledge\u00bb.&nbsp;<em>Focaal: Journal of Global and Historical Anthropology<\/em>, 63: 8-19.<\/p>\n\n\n\n<p>2010 \u00abThe Japanese Oxymoron: A Historical Approach to the Orientalist Representation of Japan\u00bb. A: Lopez-Calvo, I. (ed.).\u00a0<em>One World Periphery Reads the Other: Knowing the \u201cOriental\u201d in the Americas and the Iberian Peninsula<\/em>. Cambridge Scholars Publishing, p. 309-329.<\/p>\n\n\n\n<p>2006&nbsp;<a href=\"http:\/\/www.raco.cat\/index.php\/RevistaEtnologia\/issue\/view\/4633\/showToc\" target=\"_blank\" rel=\"noreferrer noopener\">\u00abIdentitat i representaci\u00f3 cultural: perspectives des del Jap\u00f3\u00bb<\/a>.&nbsp;<em>Revista d\u2019Etnologia de Catalunya<\/em>, 29.<\/p>\n\n\n\n<p><strong>Comunicacions i pon\u00e8ncies (Selecci\u00f3)<\/strong><\/p>\n\n\n\n<p>2016 5\u00ba Foro Espa\u00f1ol de Investigaci\u00f3n en Asia-Pac\u00edfico (Barcelona).&nbsp;<em>Editar sobre Estudios de Asia Oriental en espa\u00f1ol<\/em>.<\/p>\n\n\n\n<p>2016 Fundaci\u00f3 CIDOB (Barcelona Center for International Affairs), Consulat General de Jap\u00f3 a Barcelona, CERAO (Centro de Estudios e Investigaci\u00f3n sobre Asia Oriental), Universitat Aut\u00f2noma de Barcelona (Bellaterra).&nbsp;<em>Challenges of Japan\u2019s Foreign Policy in Asia Pacific<\/em>.<\/p>\n\n\n\n<p>2015 Taller Internacional de Recerca \u00abTrabajo de campo en Asia: experiencias y reflexiones\u00bb. Institut Catal\u00e0 d\u2019Antropologia, Grupo de Investigaci\u00f3n InterAsia, Universitat Aut\u00f2noma de Barcelona.&nbsp;<em>Reflexions sobre un treball de camp a Jap\u00f3<\/em>.<\/p>\n\n\n\n<p>2015 JAWS 2015 (Japan Anthropology Workshop) Conference, Istanbul (Turquia).&nbsp;<em>Juxtaposing Sites: The Anthropology of Japan and the Anthropology of the Mediterranean in the Production of Anthropological Knowledge<\/em>.<\/p>\n\n\n\n<p>2015 Seminari Internacional \u00abEl impacto de Asia Oriental en el contexto espa\u00f1ol: producci\u00f3n cultural, pol\u00edtica(s) y sociedad\u00bb. Grup de Recerca InterAsia (Universitat Aut\u00f2noma de Barcelona), Fundaci\u00f3n CIDOB (Barcelona Center for International Affairs).&nbsp;<em>Circulaci\u00f3n y recepci\u00f3n del discurso antropol\u00f3gico en la construcci\u00f3n del Mediterr\u00e1neo y Jap\u00f3n como campos etnogr\u00e1ficos<\/em>.<\/p>\n","protected":false},"excerpt":{"rendered":"<p>Universitat Aut\u00f2noma de Barcelona Blai.Guarne@uab.cat Blai Guarn\u00e9 \u00e9s professor agregat i coordinador del Grau d\u2019Estudis d\u2019\u00c0sia Oriental a la Universitat Aut\u00f2noma de Barcelona (UAB), on \u00e9s tamb\u00e9 secretari del CERAO (Centre d\u2019Estudis i Recerca sobre \u00c0sia Oriental). Pr\u00e8viament, ha estat investigador Juan de la Cierva (MINECO) al Departament de Traducci\u00f3 i d\u2019Interpretaci\u00f3 i d\u2019Estudis de [&hellip;]<\/p>\n","protected":false},"author":20,"featured_media":0,"parent":0,"menu_order":0,"comment_status":"closed","ping_status":"closed","template":"","meta":{"footnotes":""},"class_list":["post-677","page","type-page","status-publish","hentry"],"_links":{"self":[{"href":"https:\/\/webs.uab.cat\/getcc\/wp-json\/wp\/v2\/pages\/677","targetHints":{"allow":["GET"]}}],"collection":[{"href":"https:\/\/webs.uab.cat\/getcc\/wp-json\/wp\/v2\/pages"}],"about":[{"href":"https:\/\/webs.uab.cat\/getcc\/wp-json\/wp\/v2\/types\/page"}],"author":[{"embeddable":true,"href":"https:\/\/webs.uab.cat\/getcc\/wp-json\/wp\/v2\/users\/20"}],"replies":[{"embeddable":true,"href":"https:\/\/webs.uab.cat\/getcc\/wp-json\/wp\/v2\/comments?post=677"}],"version-history":[{"count":4,"href":"https:\/\/webs.uab.cat\/getcc\/wp-json\/wp\/v2\/pages\/677\/revisions"}],"predecessor-version":[{"id":1989,"href":"https:\/\/webs.uab.cat\/getcc\/wp-json\/wp\/v2\/pages\/677\/revisions\/1989"}],"wp:attachment":[{"href":"https:\/\/webs.uab.cat\/getcc\/wp-json\/wp\/v2\/media?parent=677"}],"curies":[{"name":"wp","href":"https:\/\/api.w.org\/{rel}","templated":true}]}}