{"id":75,"date":"2010-12-14T10:41:50","date_gmt":"2010-12-14T10:41:50","guid":{"rendered":"https:\/\/webs.uab.cat\/getcc\/jornades-2004-2006-i-2008\/"},"modified":"2010-12-14T10:41:50","modified_gmt":"2010-12-14T10:41:50","slug":"jornades-2004-2006-i-2008","status":"publish","type":"page","link":"https:\/\/webs.uab.cat\/getcc\/jornades-2004-2006-i-2008\/","title":{"rendered":"Jornades 2004, 2006 i 2008"},"content":{"rendered":"<p><strong>22 i 23 d&#8217;octubre de 2008<br \/><\/strong><span style=\"line-height: 20px;\">III Jornades sobre Traducci\u00f3 i Literatura. <\/span><strong>&#8220;La traducci\u00f3 a l\u2019exili&#8221;<\/strong><\/p>\n<p>&nbsp;<br \/><strong>18 i 19 d&#8217;octubre de 2006<br \/><\/strong>&nbsp;II Jornades de Traducci\u00f3 i Literatura. <strong>&#8220;Traduir contra el franquisme: Maria Aur\u00e8lia Capmany i Manuel de Pedrolo&#8221;<\/strong><\/p>\n<p>&nbsp;<br \/><strong>20 i 21 d&#8217;octubre de 2004<br \/><\/strong>I Jornades sobre Traducci\u00f3 i Literatura. <strong>&#8220;Traduir de lluny: el llegat de Jordi Arbon\u00e8s&#8221;<\/strong><\/p>\n<p><strong> &nbsp; <br \/><\/strong><\/p>\n<p><strong>&nbsp;&nbsp; <br \/><\/strong><\/p>\n","protected":false},"excerpt":{"rendered":"<p>22 i 23 d&#8217;octubre de 2008III Jornades sobre Traducci\u00f3 i Literatura. &#8220;La traducci\u00f3 a l\u2019exili&#8221; &nbsp;18 i 19 d&#8217;octubre de 2006&nbsp;II Jornades de Traducci\u00f3 i Literatura. &#8220;Traduir contra el franquisme: Maria Aur\u00e8lia Capmany i Manuel de Pedrolo&#8221; &nbsp;20 i 21 d&#8217;octubre de 2004I Jornades sobre Traducci\u00f3 i Literatura. &#8220;Traduir de lluny: el llegat de Jordi [&hellip;]<\/p>\n","protected":false},"author":20,"featured_media":0,"parent":0,"menu_order":0,"comment_status":"closed","ping_status":"closed","template":"","meta":{"footnotes":""},"class_list":["post-75","page","type-page","status-publish","hentry"],"_links":{"self":[{"href":"https:\/\/webs.uab.cat\/getcc\/wp-json\/wp\/v2\/pages\/75","targetHints":{"allow":["GET"]}}],"collection":[{"href":"https:\/\/webs.uab.cat\/getcc\/wp-json\/wp\/v2\/pages"}],"about":[{"href":"https:\/\/webs.uab.cat\/getcc\/wp-json\/wp\/v2\/types\/page"}],"author":[{"embeddable":true,"href":"https:\/\/webs.uab.cat\/getcc\/wp-json\/wp\/v2\/users\/20"}],"replies":[{"embeddable":true,"href":"https:\/\/webs.uab.cat\/getcc\/wp-json\/wp\/v2\/comments?post=75"}],"version-history":[{"count":0,"href":"https:\/\/webs.uab.cat\/getcc\/wp-json\/wp\/v2\/pages\/75\/revisions"}],"wp:attachment":[{"href":"https:\/\/webs.uab.cat\/getcc\/wp-json\/wp\/v2\/media?parent=75"}],"curies":[{"name":"wp","href":"https:\/\/api.w.org\/{rel}","templated":true}]}}