{"id":755,"date":"2021-07-17T11:14:40","date_gmt":"2021-07-17T11:14:40","guid":{"rendered":"https:\/\/webs.uab.cat\/getcc\/alexis-llobet-2\/"},"modified":"2024-01-10T14:44:12","modified_gmt":"2024-01-10T14:44:12","slug":"alexis-llobet-2","status":"publish","type":"page","link":"https:\/\/webs.uab.cat\/getcc\/alexis-llobet-2\/","title":{"rendered":"Alexis Llobet"},"content":{"rendered":"\n<blockquote class=\"wp-block-quote is-layout-flow wp-block-quote-is-layout-flow\">\n<p>Universitat Aut\u00f2noma de Barcelona<\/p>\n\n\n\n<p><a href=\"mailto:Alexis.Llobet@uab.cat\">Alexis.Llobet@uab.cat<\/a><\/p>\n\n\n\n<p>ORCID iD: 0000-0003-1476-8267<\/p>\n<\/blockquote>\n\n\n\n<p>Llicenciat en Traducci\u00f3 i Interpretaci\u00f3 (2007) i doctor en Filologia Catalana (2014) per la Universitat Aut\u00f2noma de Barcelona amb la tesi \u00abAlbert Manent, corrector de Josep Carner. La tercera edici\u00f3 d\u2019<em>Al\u00edcia en terra de meravelles<\/em>\u00bb, \u00e9s professor associat del Departament de Filologia Catalana de la UAB, amb doc\u00e8ncia a la Facultat de Traducci\u00f3 i Interpretaci\u00f3. Combina aquesta feina amb la revisi\u00f3 i la correcci\u00f3 de materials acad\u00e8mics.<\/p>\n\n\n\n<p>Es dedica a investigar els models de llengua liter\u00e0ria del segle xx en\u00e7\u00e0 i, espec\u00edficament, la llengua de les traduccions i les retraduccions.<\/p>\n\n\n\n<h2 class=\"wp-block-heading\"><strong>Publicacions<\/strong><\/h2>\n\n\n\n<p>2022 \u00abEduard Artells i la normativa: prescripci\u00f3 i \u00fas\u00bb. <em>Estudis rom\u00e0nics<\/em>.<\/p>\n\n\n\n<p>2021 \u00abL\u2019Al\u00edcia de Carner (1919-2020). Hist\u00f2ria i recepci\u00f3\u00bb. <em>Quaderns. Revista de Traducci\u00f3<\/em>.<\/p>\n\n\n\n<p>2017 \u00abRamon Solsona i la llengua liter\u00e0ria\u00bb. <em>Quaderns. Revista de Traducci\u00f3<\/em>, 24, p. 219-226.<\/p>\n\n\n\n<p>2017 \u00abSobre models de llengua i registres\u00bb. <em>Visat<\/em>, 24, p. 17.<\/p>\n\n\n\n<p>2016 \u00abM\u00e0rius Serra: creaci\u00f3, traducci\u00f3, joc\u00bb. <em>Quaderns. Revista de Traducci\u00f3<\/em>, 23, p. 157-169.<\/p>\n\n\n\n<p>2015 \u00abEntrevista a Marta Rojals\u00bb. <em>Visat<\/em>, 20.<\/p>\n\n\n\n<p>2015 \u00abEntrevista a Andreu Rossinyol\u00bb. <em>L\u2019Espill<\/em>, 49, p. 155-170.&nbsp;&nbsp;&nbsp;<\/p>\n\n\n\n<p>2015 \u00abCatalan Bibliography\u00bb. A: <em>Alice in a World of Wonderlands: the Translations of Lewis Carroll\u2019s Masterpiece<\/em>, v. 3. Delaware: Oak Knoll Press [amb Francesc Parcerisas].<\/p>\n\n\n\n<p>2013 \u00abAlbert Manent, corrector de Josep Carner\u00bb. <em>Quaderns. Revista de Traducci\u00f3<\/em>, 20, p. 269-276.<\/p>\n\n\n\n<p>2012 \u00abEntrevista a Francesc Vallverd\u00fa\u00bb. <em>Quaderns. Revista de Traducci\u00f3<\/em>, 19, p. 397-410.<\/p>\n","protected":false},"excerpt":{"rendered":"<p>Universitat Aut\u00f2noma de Barcelona Alexis.Llobet@uab.cat ORCID iD: 0000-0003-1476-8267 Llicenciat en Traducci\u00f3 i Interpretaci\u00f3 (2007) i doctor en Filologia Catalana (2014) per la Universitat Aut\u00f2noma de Barcelona amb la tesi \u00abAlbert Manent, corrector de Josep Carner. La tercera edici\u00f3 d\u2019Al\u00edcia en terra de meravelles\u00bb, \u00e9s professor associat del Departament de Filologia Catalana de la UAB, amb [&hellip;]<\/p>\n","protected":false},"author":20,"featured_media":0,"parent":0,"menu_order":0,"comment_status":"closed","ping_status":"closed","template":"","meta":{"footnotes":""},"class_list":["post-755","page","type-page","status-publish","hentry"],"_links":{"self":[{"href":"https:\/\/webs.uab.cat\/getcc\/wp-json\/wp\/v2\/pages\/755","targetHints":{"allow":["GET"]}}],"collection":[{"href":"https:\/\/webs.uab.cat\/getcc\/wp-json\/wp\/v2\/pages"}],"about":[{"href":"https:\/\/webs.uab.cat\/getcc\/wp-json\/wp\/v2\/types\/page"}],"author":[{"embeddable":true,"href":"https:\/\/webs.uab.cat\/getcc\/wp-json\/wp\/v2\/users\/20"}],"replies":[{"embeddable":true,"href":"https:\/\/webs.uab.cat\/getcc\/wp-json\/wp\/v2\/comments?post=755"}],"version-history":[{"count":2,"href":"https:\/\/webs.uab.cat\/getcc\/wp-json\/wp\/v2\/pages\/755\/revisions"}],"predecessor-version":[{"id":1928,"href":"https:\/\/webs.uab.cat\/getcc\/wp-json\/wp\/v2\/pages\/755\/revisions\/1928"}],"wp:attachment":[{"href":"https:\/\/webs.uab.cat\/getcc\/wp-json\/wp\/v2\/media?parent=755"}],"curies":[{"name":"wp","href":"https:\/\/api.w.org\/{rel}","templated":true}]}}