{"id":89,"date":"2010-12-14T10:49:09","date_gmt":"2010-12-14T10:49:09","guid":{"rendered":"https:\/\/webs.uab.cat\/getcc\/enllacos-0\/"},"modified":"2025-04-01T08:49:28","modified_gmt":"2025-04-01T08:49:28","slug":"enllacos-0","status":"publish","type":"page","link":"https:\/\/webs.uab.cat\/getcc\/enllacos-0\/","title":{"rendered":"Enlla\u00e7os"},"content":{"rendered":"<p><a href=\"http:\/\/www.escriptors.cat\/\" target=\"_blank\" rel=\"noopener\">Associaci\u00f3 d&#8217;Escriptors en Llengua Catalana\u00a0(AELC)<\/a><\/p>\n<p><a href=\"https:\/\/webs.uab.cat\/catedrajordiarbones\/\" target=\"_blank\" rel=\"noopener\">C\u00e0tedra Jordi Arbon\u00e8s<\/a><\/p>\n<p><a href=\"http:\/\/mon.uvic.cat\/estudisdegenere\/\" target=\"_blank\" rel=\"noopener\">Grup de recerca en Estudis de G\u00e8nere: Traducci\u00f3, Literatura, Hist\u00f2ria i Comunicaci\u00f3<\/a><\/p>\n<p><em><a href=\"http:\/\/ddd.uab.cat\/record\/40\" target=\"_blank\" rel=\"noopener\">Quaderns. Revista de Traducci\u00f3<\/a><\/em><\/p>\n<p><a href=\"http:\/\/www.visat.cat\/\" target=\"_blank\" rel=\"noopener\"><em>Visat. Revista Digital de Literatura i Traducci\u00f3<\/em> <em>del PEN Catal\u00e0<\/em><\/a><\/p>\n","protected":false},"excerpt":{"rendered":"<p>Associaci\u00f3 d&#8217;Escriptors en Llengua Catalana\u00a0(AELC) C\u00e0tedra Jordi Arbon\u00e8s Grup de recerca en Estudis de G\u00e8nere: Traducci\u00f3, Literatura, Hist\u00f2ria i Comunicaci\u00f3 Quaderns. Revista de Traducci\u00f3 Visat. Revista Digital de Literatura i Traducci\u00f3 del PEN Catal\u00e0<\/p>\n","protected":false},"author":20,"featured_media":0,"parent":0,"menu_order":0,"comment_status":"closed","ping_status":"closed","template":"","meta":{"footnotes":""},"class_list":["post-89","page","type-page","status-publish","hentry"],"_links":{"self":[{"href":"https:\/\/webs.uab.cat\/getcc\/wp-json\/wp\/v2\/pages\/89","targetHints":{"allow":["GET"]}}],"collection":[{"href":"https:\/\/webs.uab.cat\/getcc\/wp-json\/wp\/v2\/pages"}],"about":[{"href":"https:\/\/webs.uab.cat\/getcc\/wp-json\/wp\/v2\/types\/page"}],"author":[{"embeddable":true,"href":"https:\/\/webs.uab.cat\/getcc\/wp-json\/wp\/v2\/users\/20"}],"replies":[{"embeddable":true,"href":"https:\/\/webs.uab.cat\/getcc\/wp-json\/wp\/v2\/comments?post=89"}],"version-history":[{"count":2,"href":"https:\/\/webs.uab.cat\/getcc\/wp-json\/wp\/v2\/pages\/89\/revisions"}],"predecessor-version":[{"id":2622,"href":"https:\/\/webs.uab.cat\/getcc\/wp-json\/wp\/v2\/pages\/89\/revisions\/2622"}],"wp:attachment":[{"href":"https:\/\/webs.uab.cat\/getcc\/wp-json\/wp\/v2\/media?parent=89"}],"curies":[{"name":"wp","href":"https:\/\/api.w.org\/{rel}","templated":true}]}}