{"id":96,"date":"2011-02-10T16:17:26","date_gmt":"2011-02-10T16:17:26","guid":{"rendered":"https:\/\/webs.uab.cat\/getcc\/contacte\/"},"modified":"2011-02-10T16:17:26","modified_gmt":"2011-02-10T16:17:26","slug":"contacte","status":"publish","type":"page","link":"https:\/\/webs.uab.cat\/getcc\/contacte\/","title":{"rendered":"Contacte"},"content":{"rendered":"<p>&nbsp;<\/p>\n<p><strong>Grup d&#8217;Estudi de la Traducci\u00f3 Catalana Contempor\u00e0nia<\/strong><br \/>\nDepartament de Traducci\u00f3 i d&#8217;Interpretaci\u00f3<br \/>\nFacultat de Traducci\u00f3 i d&#8217;Interpretaci\u00f3<br \/>\nEdifici K. Universitat Aut\u00f2noma de Barcelona<br \/>\nCampus de Bellaterra 08190 Bellaterra (Cerdanyola del Vall\u00e8s)<\/p>\n<p>gr.getcc@uab.cat<\/p>\n<p>&nbsp;<\/p>\n","protected":false},"excerpt":{"rendered":"<p>&nbsp; Grup d&#8217;Estudi de la Traducci\u00f3 Catalana Contempor\u00e0nia Departament de Traducci\u00f3 i d&#8217;Interpretaci\u00f3 Facultat de Traducci\u00f3 i d&#8217;Interpretaci\u00f3 Edifici K. Universitat Aut\u00f2noma de Barcelona Campus de Bellaterra 08190 Bellaterra (Cerdanyola del Vall\u00e8s) gr.getcc@uab.cat &nbsp;<\/p>\n","protected":false},"author":20,"featured_media":0,"parent":0,"menu_order":0,"comment_status":"closed","ping_status":"closed","template":"","meta":{"footnotes":""},"class_list":["post-96","page","type-page","status-publish","hentry"],"_links":{"self":[{"href":"https:\/\/webs.uab.cat\/getcc\/wp-json\/wp\/v2\/pages\/96","targetHints":{"allow":["GET"]}}],"collection":[{"href":"https:\/\/webs.uab.cat\/getcc\/wp-json\/wp\/v2\/pages"}],"about":[{"href":"https:\/\/webs.uab.cat\/getcc\/wp-json\/wp\/v2\/types\/page"}],"author":[{"embeddable":true,"href":"https:\/\/webs.uab.cat\/getcc\/wp-json\/wp\/v2\/users\/20"}],"replies":[{"embeddable":true,"href":"https:\/\/webs.uab.cat\/getcc\/wp-json\/wp\/v2\/comments?post=96"}],"version-history":[{"count":0,"href":"https:\/\/webs.uab.cat\/getcc\/wp-json\/wp\/v2\/pages\/96\/revisions"}],"wp:attachment":[{"href":"https:\/\/webs.uab.cat\/getcc\/wp-json\/wp\/v2\/media?parent=96"}],"curies":[{"name":"wp","href":"https:\/\/api.w.org\/{rel}","templated":true}]}}