{"id":146,"date":"2009-05-25T13:20:37","date_gmt":"2009-05-25T11:20:37","guid":{"rendered":"https:\/\/webs.uab.cat\/getp\/research\/"},"modified":"2010-01-21T13:44:24","modified_gmt":"2010-01-21T11:44:24","slug":"research","status":"publish","type":"page","link":"https:\/\/webs.uab.cat\/getp\/en\/research\/","title":{"rendered":"Team"},"content":{"rendered":"<p><strong>Coordination<\/strong>:&nbsp;<a href=\"http:\/\/gent.uab.cat\/annapiella\/\">Anna Piella Vila&nbsp;<\/a>i&nbsp;<a href=\"https:\/\/gent.uab.cat\/jordigrau\/\">Jordi Grau Rebollo<\/a>.<\/p>\n<p><strong>Current&nbsp;Researchers<\/strong>:<\/p>\n<ul>\n<li><a href=\"http:\/\/gent.uab.cat\/auroragonzalezechevarria\/\">Aurora Gonz\u00e1lez Echevarr\u00eda<\/a>.<\/li>\n<li><a href=\"http:\/\/gent.uab.cat\/annapiella\/\">Anna Piella Vila<\/a><\/li>\n<li>Virginia Fons Renaudon<\/li>\n<li><a href=\"https:\/\/jordigrau2.wixsite.com\/jordigrau\">Jordi Grau Rebollo<\/a><\/li>\n<li>Mar\u00eda Vald\u00e9s G\u00e1zquez<\/li>\n<li>Clara Guzm\u00e1n Vilaboy.<\/li>\n<\/ul>\n<p><strong>Associate&nbsp;Rsearchers:<\/strong><\/p>\n<ul>\n<li>Irina Casado Aij\u00f3n.<\/li>\n<li><a href=\"https:\/\/www.researchgate.net\/profile\/Sarah_Lazare_Boix\">Sarah Boix L\u00e1zare<\/a>.<\/li>\n<li>Clara Carme Parram\u00f3n.<\/li>\n<\/ul>\n","protected":false},"excerpt":{"rendered":"<p>Coordination:&nbsp;Anna Piella Vila&nbsp;i&nbsp;Jordi Grau Rebollo. Current&nbsp;Researchers: Aurora Gonz\u00e1lez Echevarr\u00eda. Anna Piella Vila Virginia Fons Renaudon Jordi Grau Rebollo Mar\u00eda Vald\u00e9s G\u00e1zquez Clara Guzm\u00e1n Vilaboy. Associate&nbsp;Rsearchers: Irina Casado Aij\u00f3n. Sarah Boix L\u00e1zare. Clara Carme Parram\u00f3n.<\/p>\n","protected":false},"author":20,"featured_media":0,"parent":0,"menu_order":0,"comment_status":"closed","ping_status":"closed","template":"","meta":{"footnotes":""},"class_list":["post-146","page","type-page","status-publish","hentry"],"_links":{"self":[{"href":"https:\/\/webs.uab.cat\/getp\/en\/wp-json\/wp\/v2\/pages\/146","targetHints":{"allow":["GET"]}}],"collection":[{"href":"https:\/\/webs.uab.cat\/getp\/en\/wp-json\/wp\/v2\/pages"}],"about":[{"href":"https:\/\/webs.uab.cat\/getp\/en\/wp-json\/wp\/v2\/types\/page"}],"author":[{"embeddable":true,"href":"https:\/\/webs.uab.cat\/getp\/en\/wp-json\/wp\/v2\/users\/20"}],"replies":[{"embeddable":true,"href":"https:\/\/webs.uab.cat\/getp\/en\/wp-json\/wp\/v2\/comments?post=146"}],"version-history":[{"count":0,"href":"https:\/\/webs.uab.cat\/getp\/en\/wp-json\/wp\/v2\/pages\/146\/revisions"}],"wp:attachment":[{"href":"https:\/\/webs.uab.cat\/getp\/en\/wp-json\/wp\/v2\/media?parent=146"}],"curies":[{"name":"wp","href":"https:\/\/api.w.org\/{rel}","templated":true}]}}