{"id":152,"date":"2009-05-25T13:22:03","date_gmt":"2009-05-25T11:22:03","guid":{"rendered":"https:\/\/webs.uab.cat\/getp\/rd-projects\/"},"modified":"2026-02-05T17:07:58","modified_gmt":"2026-02-05T15:07:58","slug":"rd-projects","status":"publish","type":"page","link":"https:\/\/webs.uab.cat\/getp\/en\/rd-projects\/","title":{"rendered":"Projects"},"content":{"rendered":"\n<p><strong>Current Research Projects&nbsp; <\/strong><\/p>\n\n\n\n<p class=\"has-blanc-coco-color has-verd-tropic-background-color has-text-color has-background has-link-color wp-elements-a53ffa74e73f8946070f7f1829e9089e\"><a href=\"https:\/\/webs.uab.cat\/afronta\/\">Vulnerable childhoods in current multi-crisis contexts: institutional mechanisms, family resources and community coping strategies. (AFRONTA)<\/a>. <em>PID2022-139502OB-I00)<\/em>.<\/p>\n\n\n\n<p>Jordi Grau Rebollo (IP),&nbsp;Anna Piella Vila, Aurora Gonz\u00e1lez Echevarr\u00eda, Mar\u00eda Vald\u00e9s G\u00e1zquez, Nicol\u00e1s Lorite Garc\u00eda, Irina Casado Aij\u00f3n, Luc\u00eda Sanjuan N\u00fa\u00f1ez, Beatriz Garc\u00eda Garc\u00eda, Lourdes Garc\u00eda Tugas (UOC), Miryam Navarro Rup\u00e9rez, Clara Guzm\u00e1n Vilaboy, Jaume Garc\u00eda Hern\u00e1ndez, Amina Coucous, Sandra Castillejos Raluy.<\/p>\n\n\n\n<p>This project is aligned with goals 1 (targets 1.3. and 1.5.) and 10 (targets 10.2 and 10.3) of the Sustainable Development Goals (Agenda for Sustainable Development, EU 2030) and aims to move towards the search for solutions to the challenges of society presented by the consequences they have on vulnerable families and in particular on the upbringing of their children: (a) the concurrence of various crises (economic, energy, environmental, health and information reliability), (b) the possible chronicity of structural conditions of inequality, as well as the emergence of supervening circumstances that aggravate their vulnerability, (c) the existence of gaps and barriers of various kinds (socio-technological and resource, gender or digital, in addition to those that impose an inadequate understanding -and consequent management- of diversity and the obstacles resulting from insufficient technological and informational competence in relations with entities and administrations that are potential providers of welfare).<\/p>\n\n\n\n<p class=\"has-blanc-coco-color has-verd-tropic-background-color has-text-color has-background has-link-color wp-elements-463e3035432b9dbd24a3896650b6b7a9\"><strong><a href=\"http:\/\/webs.uab.cat\/vulneras\/en\">VulneraS Project: Childrearing, Abandonment and Sociocultural Vulnerability. Situational Analysis and Intervention Proposals. (CSO2017-83101-C2-1-R).<\/a><\/strong><\/p>\n\n\n\n<p>Anna Piella Vila (IP),&nbsp; Jordi Grau Rebollo (IP),&nbsp;Aurora Gonz\u00e1lez Echevarr\u00eda, Mar\u00eda Vald\u00e9s G\u00e1zquez, Nicol\u00e1s Lorite Garc\u00eda, Irina Casado Aij\u00f3n, Luc\u00eda Sanjuan N\u00fa\u00f1ez, Beatriz Garc\u00eda Garc\u00eda, Sarah L\u00e1zareh Boix, Eva Bretones Peregrina, &nbsp;Lourdes Garc\u00eda Tugas (UOC), Carmen de Jes\u00fas Garc\u00eda Garc\u00eda (University of Granada). Assistant ethnographers: Miryam Navarro Rup\u00e9rez and Clara Guzm\u00e1n Vilaboy<\/p>\n\n\n\n<p>MAIN RESULTS:<\/p>\n\n\n\n<ul class=\"wp-block-list\">\n<li>The critical analysis of the genealogy and the disciplinary and interdisciplinary uses of concepts such as &#8220;vulnerability&#8221; or &#8220;vulnerable&#8221;, which made it possible to differentiate four different types of vulnerability (biological, psychological, social and symbolic) and to establish a relationship of specific situations of vulnerability that affect agents and parental structures that manifest themselves in contexts of upbringing, which provides a framework of analysis that allows the identification of situations of risk and make it easier for them to cope. <\/li>\n\n\n\n<li>To propose an alternative to indicators, based on the generalization of ethnographed experiences of vulnerability. Identify indicators of vulnerability in specific ethnographic contexts that, from specific ethnographic constructions, can be extended to other research contexts through successive comparisons. <\/li>\n\n\n\n<li>Detect supervening factors of vulnerability triggered in the course of institutional interventions or by specific confluences of certain less visible risk indicators. <\/li>\n\n\n\n<li>Delineate coping resources and cooperation strategies in areas of parenting among particularly vulnerable groups, both in terms of formal and informal support. Detection and identification of social reconfigurations of informal support in the pandemic context. <\/li>\n\n\n\n<li>Design training actions (audiovisual materials, workshops), informative (scientific documentary) and awareness-raising (advertising campaign), with a transformative vocation, integrating academic and professional strata.<\/li>\n<\/ul>\n\n\n\n<p class=\"has-blanc-coco-color has-verd-tropic-background-color has-text-color has-background has-link-color wp-elements-639e801317abea4c9d7fadbb55e197d0\"><strong>Kinship: Forms of Parenting and Disciplinary Joints<\/strong>. (CSO2012-39041-C02-01). (2013-2016) (Ministry of Economy and Competitiveness).<\/p>\n\n\n\n<p><br>Anna Piella Vila (IP), Aurora Gonz\u00e1lez Echevarr\u00eda, Jordi Grau, Mar\u00eda Vald\u00e9s, Virginia Fons, Carme Parram\u00f3n, J\u00falia Vich, Irina Casado, Sarah L\u00e1zare, Meritxell S\u00e1ez, Gloria Urtasun, Aurelio D\u00edaz, Luc\u00eda Sanjuan, Eva Bretones, Oscar L\u00f3pez. External researchers: Carmen Garc\u00eda (UGR), Elixabete Imaz (UPV-EHU), Lourdes Garc\u00eda (IGenus Foundation). Research Advisors: Margarita Lagarde (UNAM, Mexico), Teresa del Valle (UPV-EHU), Teresa San Rom\u00e1n (UAB).<\/p>\n\n\n\n<p>MAIN RESULTS:<\/p>\n\n\n\n<ol class=\"wp-block-list\">\n<li>To establish the uses of the concept of parenting and propose a definition of parenting, as well as analyze the different general elements of the domain of kinship underlying some of the current ways of exercising parenting (child movement, translocal parenting, shared parenting by relatives with or without descendants, identity uses of parenting).<\/li>\n\n\n\n<li>To contribute to the study of the intersections of the domains of Anthropology referring to: kinship and health, kinship and education and, kinship and gender (concept of person and body and maternal and child health, articulations between educational institutions and conceptualizations of parenting, gender configurations in certain parental figures).<\/li>\n\n\n\n<li>To advance in the study of interdisciplinary intersections between Anthropology and Medicine (sexual and reproductive health), Biology and Anthropology (sex \/ gender systems and kinship systems) and, Biology, Anthropology, Psychology and Psychoanalysis (forms of parenting).<\/li>\n<\/ol>\n\n\n\n<p><strong>Coordinated project <\/strong>of the getp-GRAFO with the GIAS Research Group of the Public University of Navarra, UPNA (Ministry of Economy and Competitiveness) CSO2012-39041-C02-00 (2013-2016), &#8216;Parenting. Anthropological Approaches and Interdisciplinary Connections&#8217;. Anna Piella Vila, IP Coord. The members mentioned in the previous project are joined by Jos\u00e9 M. Uribe (IP of the GIAS project), Paloma Fern\u00e1ndez Rasines and Mercedes Bogino.<br><\/p>\n\n\n\n<p class=\"has-blanc-coco-color has-verd-tropic-background-color has-text-color has-background has-link-color wp-elements-6ff67d4e9a8ec5e302c642880c484881\"><strong>Cross-cultural theory of human group reproduction. The Anthropology of kinship as a study of the sociocultural models of procreation and parenting<\/strong>. (SEJ2006-10864). 2006-2010. <\/p>\n\n\n\n<p>Aurora Gonz\u00e1lez Echevarr\u00eda (IP), Anna Piella, Jordi Grau, Dan rodriguez, Hugo Valenzuela, Virginia Fons, Mar\u00eda Vald\u00e9s, Pepi Soto, Irina Casado, Carmen Parram\u00f3n, Teresa San Rom\u00e1n, Aurora Reparato, Gustavo Indurain (FPU Fellow) and J\u00falia Vich (FPI Fellow).<br>RESULTS:<\/p>\n\n\n\n<ul class=\"wp-block-list\">\n<li>Development of a proposal to define the domain of Kinship Anthropology. It starts from the critique of a lax use of the term kinship, clearly differentiating its theoretical meaning as a domain of the Anthropology of Kinship and its folk use, as a concept of Western culture: &#8220;The domain of the &#8216;Anthropology of Kinship would be constituted by sociocultural phenomena as, and only while, we see them from the perspective of the replacement of human beings who make up a group through the conceptualization and regulation of the generation, circulation and care of boys and girls, the attribution of the ultimate responsibility for their socialization and enculturation to social maturity and the relationships that are created and institutionalized in the processes of procreative reproduction and develop throughout their lives. &#8220;<\/li>\n\n\n\n<li>Development of a detailed script for taking ethnographic data on the items that make up the domain of Kinship Anthropology. Script that has already been used in different fieldwork.<\/li>\n\n\n\n<li>Development of ethnographic and procreative models (ndow\u00e9 of Equatorial Guinea, dyirbal of Australia, native Norwegian urban population, Malay fishing population of Pulau Tuba and immigrant populations in Catalonia: Pakistanis, Amazigh, Romanians, Roma and Dominicans. Procreational model of Chinese immigrants in Canada, a paradigmatic case of translocal kinship.<\/li>\n<\/ul>\n\n\n\n<p>The domain definition results have been published in Gonz\u00e1lez Echevarr\u00eda et al. (2010), Gonz\u00e1lez Echevarr\u00eda (2010, 2011) and M. Vald\u00e9s G\u00e1zquez (2011). The construction of ethnographic and comparative models has been collected in J. Grau, H. Valenzuela and D. Rodr\u00edguez (2011).<\/p>\n\n\n\n<p class=\"has-blanc-coco-color has-verd-tropic-background-color has-text-color has-background has-link-color wp-elements-9b122ef45833ec839e2563d5d73db225\"><strong>The theoretical cross-cultural domain of procreation. Conception of the person, control of sexuality, organization of reproduction, parenting and configuration of models<\/strong>. (BSO2000-0478). 2000-2003. <\/p>\n\n\n\n<p>Aurora Gonz\u00e1lez Echevarr\u00eda (IP), Anna Piella, Jordi Grau, Dan Rodr\u00edguez, Hugo Valenzuela (FPI Fellow).<br>RESULTS: Epistemological and methodological foundations of the theoretical cross-cultural domain of procreation. Fieldwork in Barcelona (adoptive families), Australia (continuities and changes in Aboriginal kinship in Jambun, Queensland), Catalonia and Gambia (inbreeding, exogamy and interethnic relations between Senegambian immigrants in Catalonia and their families of origin) and Malaysia (technological innovation and kinship relations on the island of Pulau Tuba).<br>\u00a0<\/p>\n\n\n\n<p class=\"has-blanc-coco-color has-verd-tropic-background-color has-text-color has-background has-link-color wp-elements-4b3cd6744365187e9c1f422174e1d1ea\"><strong>Towards an Anthropology of Procreation<\/strong>. (DGICYT PS94-0115). 1995-98. <\/p>\n\n\n\n<p>A. Gonz\u00e1lez Echevarr\u00eda (IP), A. Piella. J.Grau (FPI).<br>RESULTS: Comparative work with HRAF and Research on scientific and hermeneutic methods in Anthropology. Bibliographic work on the anthropological approach to kinship relations and ethnic identity in the case of Australian Aborigines. Analysis of the insertion of audiovisual media in anthropological research using kinship as a substantive reference.<\/p>\n","protected":false},"excerpt":{"rendered":"<p>Current Research Projects&nbsp; Vulnerable childhoods in current multi-crisis contexts: institutional mechanisms, family resources and community coping strategies. (AFRONTA). PID2022-139502OB-I00). Jordi Grau Rebollo (IP),&nbsp;Anna Piella Vila, Aurora Gonz\u00e1lez Echevarr\u00eda, Mar\u00eda Vald\u00e9s G\u00e1zquez, Nicol\u00e1s Lorite Garc\u00eda, Irina Casado Aij\u00f3n, Luc\u00eda Sanjuan N\u00fa\u00f1ez, Beatriz Garc\u00eda Garc\u00eda, Lourdes Garc\u00eda Tugas (UOC), Miryam Navarro Rup\u00e9rez, Clara Guzm\u00e1n Vilaboy, Jaume Garc\u00eda [&hellip;]<\/p>\n","protected":false},"author":20,"featured_media":0,"parent":0,"menu_order":0,"comment_status":"closed","ping_status":"closed","template":"","meta":{"footnotes":""},"class_list":["post-152","page","type-page","status-publish","hentry"],"_links":{"self":[{"href":"https:\/\/webs.uab.cat\/getp\/en\/wp-json\/wp\/v2\/pages\/152","targetHints":{"allow":["GET"]}}],"collection":[{"href":"https:\/\/webs.uab.cat\/getp\/en\/wp-json\/wp\/v2\/pages"}],"about":[{"href":"https:\/\/webs.uab.cat\/getp\/en\/wp-json\/wp\/v2\/types\/page"}],"author":[{"embeddable":true,"href":"https:\/\/webs.uab.cat\/getp\/en\/wp-json\/wp\/v2\/users\/20"}],"replies":[{"embeddable":true,"href":"https:\/\/webs.uab.cat\/getp\/en\/wp-json\/wp\/v2\/comments?post=152"}],"version-history":[{"count":4,"href":"https:\/\/webs.uab.cat\/getp\/en\/wp-json\/wp\/v2\/pages\/152\/revisions"}],"predecessor-version":[{"id":647,"href":"https:\/\/webs.uab.cat\/getp\/en\/wp-json\/wp\/v2\/pages\/152\/revisions\/647"}],"wp:attachment":[{"href":"https:\/\/webs.uab.cat\/getp\/en\/wp-json\/wp\/v2\/media?parent=152"}],"curies":[{"name":"wp","href":"https:\/\/api.w.org\/{rel}","templated":true}]}}