{"id":258,"date":"2022-03-09T18:00:09","date_gmt":"2022-03-09T16:00:09","guid":{"rendered":"https:\/\/webs.uab.cat\/getp\/research-team\/"},"modified":"2026-02-05T17:02:37","modified_gmt":"2026-02-05T15:02:37","slug":"research-team","status":"publish","type":"page","link":"https:\/\/webs.uab.cat\/getp\/en\/research-team\/","title":{"rendered":"Research team"},"content":{"rendered":"<p><strong>Coordination<\/strong>:\u00a0<a href=\"http:\/\/gent.uab.cat\/annapiella\/\">Anna Piella Vila <\/a>&amp; <a href=\"https:\/\/jordigrau2.wixsite.com\/jordigrau\">Jordi Grau Rebollo<\/a>.<\/p>\n<p><strong>Current Research Team<\/strong>:<\/p>\n<ul>\n<li><a href=\"http:\/\/gent.uab.cat\/auroragonzalezechevarria\/\">Aurora Gonz\u00e1lez Echevarr\u00eda<\/a>.<\/li>\n<li><a href=\"http:\/\/gent.uab.cat\/annapiella\/\">Anna Piella Vila<\/a><\/li>\n<li><a href=\"https:\/\/jordigrau2.wixsite.com\/jordigrau\">Jordi Grau Rebollo<\/a><\/li>\n<li>Mar\u00eda Vald\u00e9s G\u00e1zquez<\/li>\n<\/ul>\n<p><strong>Associate\u00a0Researchers:<\/strong><\/p>\n<ul>\n<li>Jaume Garc\u00eda Hern\u00e1ndez.<\/li>\n<li>Lourdes Garc\u00eda Tugas<\/li>\n<li>Amina Coucous<\/li>\n<li>Beatriz Garc\u00eda Garc\u00eda<\/li>\n<li>Sandra Castillejos Raluy<\/li>\n<li>Miryam Navarro Rup\u00e9rez<\/li>\n<li>Luc\u00eda Sanju\u00e1n N\u00fa\u00f1ez<\/li>\n<\/ul>\n\n\n<p><strong>Former Researchers<\/strong>:<\/p>\n\n\n\n<ul class=\"wp-block-list\">\n<li>Virg\u00ednia&nbsp;Fons\u200b Renaudon<\/li>\n\n\n\n<li>Irina Casado Aij\u00f3n<\/li>\n\n\n\n<li>Clara Guzm\u00e1n Vilaboy<\/li>\n\n\n\n<li>Sarah Boix L\u00e1zare.<\/li>\n\n\n\n<li>Hugo Valenzuela\u200b Garc\u00eda<\/li>\n\n\n\n<li>Dan Rodr\u00edguez\u200b Garc\u00eda<\/li>\n\n\n\n<li>Carme&nbsp;Parramon\u200b Homs<\/li>\n\n\n\n<li>J\u00falia Vich\u200b Bertran<\/li>\n\n\n\n<li>Gloria Urtasun Recalde<\/li>\n\n\n\n<li>Gustavo Indur\u00e1in Mathieu<\/li>\n\n\n\n<li>Aurora Reparato (temporary collaboration)<\/li>\n<\/ul>\n","protected":false},"excerpt":{"rendered":"<p>Coordination:\u00a0Anna Piella Vila &amp; Jordi Grau Rebollo. Current Research Team: Aurora Gonz\u00e1lez Echevarr\u00eda. Anna Piella Vila Jordi Grau Rebollo Mar\u00eda Vald\u00e9s G\u00e1zquez Associate\u00a0Researchers: Jaume Garc\u00eda Hern\u00e1ndez. Lourdes Garc\u00eda Tugas Amina Coucous Beatriz Garc\u00eda Garc\u00eda Sandra Castillejos Raluy Miryam Navarro Rup\u00e9rez Luc\u00eda Sanju\u00e1n N\u00fa\u00f1ez Former Researchers:<\/p>\n","protected":false},"author":20,"featured_media":0,"parent":0,"menu_order":0,"comment_status":"closed","ping_status":"closed","template":"","meta":{"footnotes":""},"class_list":["post-258","page","type-page","status-publish","hentry"],"_links":{"self":[{"href":"https:\/\/webs.uab.cat\/getp\/en\/wp-json\/wp\/v2\/pages\/258","targetHints":{"allow":["GET"]}}],"collection":[{"href":"https:\/\/webs.uab.cat\/getp\/en\/wp-json\/wp\/v2\/pages"}],"about":[{"href":"https:\/\/webs.uab.cat\/getp\/en\/wp-json\/wp\/v2\/types\/page"}],"author":[{"embeddable":true,"href":"https:\/\/webs.uab.cat\/getp\/en\/wp-json\/wp\/v2\/users\/20"}],"replies":[{"embeddable":true,"href":"https:\/\/webs.uab.cat\/getp\/en\/wp-json\/wp\/v2\/comments?post=258"}],"version-history":[{"count":5,"href":"https:\/\/webs.uab.cat\/getp\/en\/wp-json\/wp\/v2\/pages\/258\/revisions"}],"predecessor-version":[{"id":643,"href":"https:\/\/webs.uab.cat\/getp\/en\/wp-json\/wp\/v2\/pages\/258\/revisions\/643"}],"wp:attachment":[{"href":"https:\/\/webs.uab.cat\/getp\/en\/wp-json\/wp\/v2\/media?parent=258"}],"curies":[{"name":"wp","href":"https:\/\/api.w.org\/{rel}","templated":true}]}}