{"id":145,"date":"2009-05-25T13:07:54","date_gmt":"2009-05-25T11:07:54","guid":{"rendered":"https:\/\/webs.uab.cat\/getp\/inicio\/"},"modified":"2024-01-30T09:45:59","modified_gmt":"2024-01-30T07:45:59","slug":"inicio","status":"publish","type":"page","link":"https:\/\/webs.uab.cat\/getp\/es\/","title":{"rendered":"Inicio"},"content":{"rendered":"\n<p class=\"has-blanc-coco-color has-verd-tropic-background-color has-text-color has-background\">Bienvenidos y bienvenidas al sitio web del equipo de investigaci\u00f3n getp-GRAFO, unidad de investigaci\u00f3n que forma parte del Grupo de Investigaci\u00f3n en Antropolog\u00eda Fundamental y Orientada (<a href=\"https:\/\/webs.uab.cat\/grafo\/\">GRAFO<\/a>), reconocido por la Agencia de Gesti\u00f3n de Ayudas Universitarias y de Investigaci\u00f3n (AGAUR) del <a href=\"https:\/\/www.uab.cat\/ca\/antropologia\">Departamento de Antropolog\u00eda Social y Cultural<\/a> de la UAB.<\/p>\n\n\n\n<p><\/p>\n\n\n\n<p>El equipo se centra en el an\u00e1lisis del contenido y la variabilidad de las relaciones de parentesco desde una perspectiva transcultural, que permita una mejor comprensi\u00f3n de la diversidad de valores y pr\u00e1cticas vinculadas a los distintos modelos socioculturales de procreaci\u00f3n y crianza. Un an\u00e1lisis orientado desde la cr\u00edtica metodol\u00f3gica y te\u00f3rica y desde la reflexi\u00f3n sobre los datos etnogr\u00e1ficos obtenidos en las investigaciones de campo.<\/p>\n\n\n\n<p>Actualmente est\u00e1 coordinado por la <strong>Dra.<\/strong> <strong>Anna Piella Vila<\/strong> y el<strong> Dr. Jordi Grau Rebollo<\/strong>.<\/p>\n\n\n\n<h2 class=\"wp-block-heading\">INTER\u00c9S PRINCIPAL<\/h2>\n\n\n\n<p>Desde su creaci\u00f3n en 1994, por parte de la<strong> Dra. Aurora Gonz\u00e1lez Echevarr\u00eda<\/strong>, uno de sus principales objetivos ha sido contribuir a la fundamentaci\u00f3n te\u00f3rica de la Antropolog\u00eda, desarrollando una propuesta anal\u00edtica y transcultural del dominio de la Antropolog\u00eda del Parente que tiene como contenidos espec\u00edficos las ideas respecto a la formaci\u00f3n de la persona, la sexualidad reproductiva, el cuidado y crianza de los ni\u00f1os, los diferentes grupos que intervienen y las relaciones que acontecen a lo largo de la vida.<\/p>\n\n\n\n<div class=\"wp-block-buttons is-content-justification-center is-nowrap is-layout-flex wp-container-core-buttons-is-layout-94bc23d7 wp-block-buttons-is-layout-flex\">\n<div class=\"wp-block-button has-custom-width wp-block-button__width-50 is-style-outline is-style-outline--1\"><a class=\"wp-block-button__link wp-element-button\" href=\"https:\/\/webs.uab.cat\/getp\/es\/equipo\/\">QUIENES SOMOS<\/a><\/div>\n\n\n\n<div class=\"wp-block-button has-custom-width wp-block-button__width-50 is-style-outline is-style-outline--2\"><a class=\"wp-block-button__link wp-element-button\" href=\"https:\/\/webs.uab.cat\/getp\/es\/que-hacemos\/\">Qu\u00c9 HACEMOS<\/a><\/div>\n\n\n\n<div class=\"wp-block-button has-custom-width wp-block-button__width-50 is-style-outline is-style-outline--3\"><a class=\"wp-block-button__link wp-element-button\" href=\"https:\/\/webs.uab.cat\/getp\/es\/donde-encontrarnos\/\">D\u00d3NDE ENCONTRARNOS<\/a><\/div>\n<\/div>\n","protected":false},"excerpt":{"rendered":"<p>Bienvenidos y bienvenidas al sitio web del equipo de investigaci\u00f3n getp-GRAFO, unidad de investigaci\u00f3n que forma parte del Grupo de Investigaci\u00f3n en Antropolog\u00eda Fundamental y Orientada (GRAFO), reconocido por la Agencia de Gesti\u00f3n de Ayudas Universitarias y de Investigaci\u00f3n (AGAUR) del Departamento de Antropolog\u00eda Social y Cultural de la UAB. El equipo se centra en [&hellip;]<\/p>\n","protected":false},"author":20,"featured_media":0,"parent":0,"menu_order":0,"comment_status":"closed","ping_status":"closed","template":"","meta":{"footnotes":""},"class_list":["post-145","page","type-page","status-publish","hentry"],"_links":{"self":[{"href":"https:\/\/webs.uab.cat\/getp\/es\/wp-json\/wp\/v2\/pages\/145","targetHints":{"allow":["GET"]}}],"collection":[{"href":"https:\/\/webs.uab.cat\/getp\/es\/wp-json\/wp\/v2\/pages"}],"about":[{"href":"https:\/\/webs.uab.cat\/getp\/es\/wp-json\/wp\/v2\/types\/page"}],"author":[{"embeddable":true,"href":"https:\/\/webs.uab.cat\/getp\/es\/wp-json\/wp\/v2\/users\/20"}],"replies":[{"embeddable":true,"href":"https:\/\/webs.uab.cat\/getp\/es\/wp-json\/wp\/v2\/comments?post=145"}],"version-history":[{"count":3,"href":"https:\/\/webs.uab.cat\/getp\/es\/wp-json\/wp\/v2\/pages\/145\/revisions"}],"predecessor-version":[{"id":534,"href":"https:\/\/webs.uab.cat\/getp\/es\/wp-json\/wp\/v2\/pages\/145\/revisions\/534"}],"wp:attachment":[{"href":"https:\/\/webs.uab.cat\/getp\/es\/wp-json\/wp\/v2\/media?parent=145"}],"curies":[{"name":"wp","href":"https:\/\/api.w.org\/{rel}","templated":true}]}}